{"id":10531,"date":"2022-04-07T15:06:50","date_gmt":"2022-04-07T13:06:50","guid":{"rendered":"https:\/\/cst.cat\/cst-2\/comunicacion\/publicaciones\/"},"modified":"2025-11-20T18:17:11","modified_gmt":"2025-11-20T17:17:11","slug":"publicaciones","status":"publish","type":"page","link":"https:\/\/cst.cat\/es\/cst-2\/comunicacion\/publicaciones\/","title":{"rendered":"Publicaciones"},"content":{"rendered":"\n<h1 class=\"wp-block-heading\" id=\"comunicacio\">Publicaciones<\/h1>\n\n\n\n<div style=\"height:20px\" aria-hidden=\"true\" class=\"wp-block-spacer\"><\/div>\n\n\n\n<hr id=\"\" class=\"wp-block-separator\">\n\n\n\n<h2 class=\"wp-block-heading has-text-color\" style=\"color:#353f60\"><strong><strong>#CSTDOSPUNTS<\/strong><\/strong><\/h2>\n\n\n\n<div style=\"height:25px\" aria-hidden=\"true\" class=\"wp-block-spacer\"><\/div>\n\n\n\n<figure class=\"wp-block-image size-full\"><a href=\"https:\/\/cst.cat\/es\/cst-2\/cstdospuntos\/\"><img loading=\"lazy\" decoding=\"async\" width=\"760\" height=\"220\" src=\"https:\/\/cst.cat\/wp-content\/uploads\/2024\/06\/CSTDOSPUNTS-1-002.png\" alt=\"\" class=\"wp-image-25423\" srcset=\"https:\/\/cst.cat\/wp-content\/uploads\/2024\/06\/CSTDOSPUNTS-1-002.png 760w, https:\/\/cst.cat\/wp-content\/uploads\/2024\/06\/CSTDOSPUNTS-1-002-600x174.png 600w, https:\/\/cst.cat\/wp-content\/uploads\/2024\/06\/CSTDOSPUNTS-1-002-300x87.png 300w\" sizes=\"auto, (max-width: 760px) 100vw, 760px\" \/><\/a><\/figure>\n\n\n\n<div style=\"height:10px\" aria-hidden=\"true\" class=\"wp-block-spacer\"><\/div>\n\n\n\n<div class=\"wp-block-buttons is-layout-flex wp-block-buttons-is-layout-flex\">\n<div class=\"wp-block-button is-style-button-blau\"><a class=\"wp-block-button__link wp-element-button\" href=\"https:\/\/cst.cat\/es\/cst-2\/cstdospuntos\/\">Accede a #CSTDOSPUNTS<\/a><\/div>\n<\/div>\n\n\n\n<div style=\"height:40px\" aria-hidden=\"true\" class=\"wp-block-spacer\"><\/div>\n\n\n\n<hr id=\"cst-dos-punts\" class=\"wp-block-separator\">\n\n\n\n<h2 class=\"wp-block-heading has-text-color\" style=\"color:#353f60\">Plan estrat\u00e9gico<\/h2>\n\n\n\n<p><\/p>\n\n\n\n<div class=\"wp-block-columns pla-estrategic-taula-botons is-layout-flex wp-container-core-columns-is-layout-9d6595d7 wp-block-columns-is-layout-flex\">\n<div class=\"wp-block-column is-layout-flow wp-block-column-is-layout-flow\" style=\"flex-basis:66.66%\">\n<figure class=\"wp-block-image size-large\"><img loading=\"lazy\" decoding=\"async\" width=\"716\" height=\"152\" src=\"https:\/\/cst.cat\/wp-content\/uploads\/2025\/10\/cst-pla-estrategic-titol.svg\" alt=\"PLA ESTRAT\u00c8GIC 2025-2028\nValorem el que valores\" class=\"wp-image-32847\"\/><\/figure>\n\n\n\n<div style=\"height:40px\" aria-hidden=\"true\" class=\"wp-block-spacer\"><\/div>\n\n\n\n<p class=\"but-content\"><a href=\"https:\/\/cst.cat\/wp-content\/uploads\/2025\/10\/CST-Pla-estrategic-2025-2028.pdf\" target=\"_blank\" rel=\"noreferrer noopener\">Plan&nbsp;Estrat\u00e9gico&nbsp;2025-2028&nbsp;(Catal\u00e1n)<\/a><\/p>\n\n\n\n<p class=\"but-content\"><a href=\"https:\/\/youtu.be\/7NA7boGyOak\" target=\"_blank\" rel=\"noreferrer noopener\">Ver&nbsp;video<\/a><\/p>\n<\/div>\n\n\n\n<div class=\"wp-block-column is-layout-flow wp-block-column-is-layout-flow\" style=\"flex-basis:33.33%\"><div class=\"wp-block-image\">\n<figure class=\"aligncenter size-large\"><img loading=\"lazy\" decoding=\"async\" width=\"348\" height=\"532\" src=\"https:\/\/cst.cat\/wp-content\/uploads\/2025\/10\/cst-pla-estrategic-victoria.svg\" alt=\"OK\" class=\"wp-image-32844\"\/><\/figure>\n<\/div><\/div>\n<\/div>\n\n\n\n<div style=\"height:40px\" aria-hidden=\"true\" class=\"wp-block-spacer\"><\/div>\n\n\n\n<hr class=\"wp-block-separator has-css-opacity\"\/>\n\n\n\n<h2 class=\"wp-block-heading has-text-color\" style=\"color:#353f60\">Cat\u00e1logo Corporativo CST<\/h2>\n\n\n\n<p><\/p>\n\n\n\n<figure class=\"wp-block-image size-full\"><a href=\"https:\/\/cst.cat\/wp-content\/uploads\/2022\/04\/Cataleg-corporatiu-CST.pdf\" target=\"_blank\" rel=\"noopener\"><img loading=\"lazy\" decoding=\"async\" width=\"759\" height=\"253\" src=\"https:\/\/cst.cat\/wp-content\/uploads\/2022\/04\/cataleg-corporatiu.png\" alt=\"\" class=\"wp-image-10562\" srcset=\"https:\/\/cst.cat\/wp-content\/uploads\/2022\/04\/cataleg-corporatiu.png 759w, https:\/\/cst.cat\/wp-content\/uploads\/2022\/04\/cataleg-corporatiu-600x200.png 600w\" sizes=\"auto, (max-width: 759px) 100vw, 759px\" \/><\/a><\/figure>\n\n\n\n<p><a href=\"https:\/\/cst.cat\/wp-content\/uploads\/2022\/04\/Cataleg-corporatiu-CST.pdf\" target=\"_blank\" rel=\"noreferrer noopener\"><strong>Descargar Cat\u00e1logo Corporativo CST<\/strong><\/a> (Catal\u00e1n)<\/p>\n\n\n\n<div class=\"wp-block-group\"><div class=\"wp-block-group__inner-container is-layout-constrained wp-block-group-is-layout-constrained\">\n<hr id=\"cst-dos-punts\" class=\"wp-block-separator\">\n\n\n\n<h2 class=\"wp-block-heading has-text-color\" style=\"color:#353f60\"><strong>Memoria CST <\/strong><\/h2>\n\n\n\n<div style=\"height:25px\" aria-hidden=\"true\" class=\"wp-block-spacer\"><\/div>\n\n\n\n<figure class=\"wp-block-image size-full\"><a href=\"https:\/\/cst.cat\/es\/cst-2\/memoria-cst\/\"><img loading=\"lazy\" decoding=\"async\" width=\"760\" height=\"220\" src=\"https:\/\/cst.cat\/wp-content\/uploads\/2022\/04\/memoria-CST-1.jpg\" alt=\"\" class=\"wp-image-10760\" srcset=\"https:\/\/cst.cat\/wp-content\/uploads\/2022\/04\/memoria-CST-1.jpg 760w, https:\/\/cst.cat\/wp-content\/uploads\/2022\/04\/memoria-CST-1-600x174.jpg 600w\" sizes=\"auto, (max-width: 760px) 100vw, 760px\" \/><\/a><\/figure>\n\n\n\n<div style=\"height:10px\" aria-hidden=\"true\" class=\"wp-block-spacer\"><\/div>\n\n\n\n<div class=\"wp-block-buttons is-layout-flex wp-block-buttons-is-layout-flex\">\n<div class=\"wp-block-button is-style-button-blau\"><a class=\"wp-block-button__link wp-element-button\" href=\"https:\/\/cst.cat\/es\/cst-2\/cstdospuntos\/\">Accede a Memoria CST<\/a><\/div>\n<\/div>\n<\/div><\/div>\n","protected":false},"excerpt":{"rendered":"<p>Publicaciones #CSTDOSPUNTS Plan estrat\u00e9gico Plan&nbsp;Estrat\u00e9gico&nbsp;2025-2028&nbsp;(Catal\u00e1n) Ver&nbsp;video Cat\u00e1logo Corporativo CST Descargar Cat\u00e1logo Corporativo CST (Catal\u00e1n) Memoria CST<\/p>\n","protected":false},"author":2,"featured_media":0,"parent":8735,"menu_order":0,"comment_status":"closed","ping_status":"closed","template":"page-templates\/pagina-menu-lateral.php","meta":{"_acf_changed":false,"footnotes":""},"class_list":["post-10531","page","type-page","status-publish","hentry"],"acf":[],"yoast_head":"<!-- This site is optimized with the Yoast SEO plugin v27.2 - https:\/\/yoast.com\/product\/yoast-seo-wordpress\/ -->\n<title>Publicaciones - CST<\/title>\n<meta name=\"robots\" content=\"index, follow, max-snippet:-1, max-image-preview:large, max-video-preview:-1\" \/>\n<link rel=\"canonical\" href=\"https:\/\/cst.cat\/es\/cst-2\/comunicacion\/publicaciones\/\" \/>\n<meta property=\"og:locale\" content=\"es_ES\" \/>\n<meta property=\"og:type\" content=\"article\" \/>\n<meta property=\"og:title\" content=\"Publicaciones - CST\" \/>\n<meta property=\"og:description\" content=\"Publicaciones #CSTDOSPUNTS Plan estrat\u00e9gico Plan&nbsp;Estrat\u00e9gico&nbsp;2025-2028&nbsp;(Catal\u00e1n) Ver&nbsp;video Cat\u00e1logo Corporativo CST Descargar Cat\u00e1logo Corporativo CST (Catal\u00e1n) Memoria CST\" \/>\n<meta property=\"og:url\" content=\"https:\/\/cst.cat\/es\/cst-2\/comunicacion\/publicaciones\/\" \/>\n<meta property=\"og:site_name\" content=\"CST\" \/>\n<meta property=\"article:modified_time\" content=\"2025-11-20T17:17:11+00:00\" \/>\n<meta property=\"og:image\" content=\"https:\/\/cst.cat\/wp-content\/uploads\/2024\/06\/CSTDOSPUNTS-1-002.png\" \/>\n<meta name=\"twitter:card\" content=\"summary_large_image\" \/>\n<meta name=\"twitter:label1\" content=\"Tiempo de lectura\" \/>\n\t<meta name=\"twitter:data1\" content=\"1 minuto\" \/>\n<script type=\"application\/ld+json\" class=\"yoast-schema-graph\">{\"@context\":\"https:\/\/schema.org\",\"@graph\":[{\"@type\":\"WebPage\",\"@id\":\"https:\/\/cst.cat\/es\/cst-2\/comunicacion\/publicaciones\/\",\"url\":\"https:\/\/cst.cat\/es\/cst-2\/comunicacion\/publicaciones\/\",\"name\":\"Publicaciones - CST\",\"isPartOf\":{\"@id\":\"https:\/\/cst.cat\/es\/#website\"},\"primaryImageOfPage\":{\"@id\":\"https:\/\/cst.cat\/es\/cst-2\/comunicacion\/publicaciones\/#primaryimage\"},\"image\":{\"@id\":\"https:\/\/cst.cat\/es\/cst-2\/comunicacion\/publicaciones\/#primaryimage\"},\"thumbnailUrl\":\"https:\/\/cst.cat\/wp-content\/uploads\/2024\/06\/CSTDOSPUNTS-1-002.png\",\"datePublished\":\"2022-04-07T13:06:50+00:00\",\"dateModified\":\"2025-11-20T17:17:11+00:00\",\"breadcrumb\":{\"@id\":\"https:\/\/cst.cat\/es\/cst-2\/comunicacion\/publicaciones\/#breadcrumb\"},\"inLanguage\":\"es\",\"potentialAction\":[{\"@type\":\"ReadAction\",\"target\":[\"https:\/\/cst.cat\/es\/cst-2\/comunicacion\/publicaciones\/\"]}]},{\"@type\":\"ImageObject\",\"inLanguage\":\"es\",\"@id\":\"https:\/\/cst.cat\/es\/cst-2\/comunicacion\/publicaciones\/#primaryimage\",\"url\":\"https:\/\/cst.cat\/wp-content\/uploads\/2024\/06\/CSTDOSPUNTS-1-002.png\",\"contentUrl\":\"https:\/\/cst.cat\/wp-content\/uploads\/2024\/06\/CSTDOSPUNTS-1-002.png\"},{\"@type\":\"BreadcrumbList\",\"@id\":\"https:\/\/cst.cat\/es\/cst-2\/comunicacion\/publicaciones\/#breadcrumb\",\"itemListElement\":[{\"@type\":\"ListItem\",\"position\":1,\"name\":\"Inici\",\"item\":\"https:\/\/cst.cat\/es\/\"},{\"@type\":\"ListItem\",\"position\":2,\"name\":\"CST\",\"item\":\"https:\/\/cst.cat\/es\/cst-2\/\"},{\"@type\":\"ListItem\",\"position\":3,\"name\":\"Comunicaci\u00f3n y Prensa\",\"item\":\"https:\/\/cst.cat\/es\/cst-2\/comunicacion\/\"},{\"@type\":\"ListItem\",\"position\":4,\"name\":\"Publicaciones\"}]},{\"@type\":\"WebSite\",\"@id\":\"https:\/\/cst.cat\/es\/#website\",\"url\":\"https:\/\/cst.cat\/es\/\",\"name\":\"CST\",\"description\":\"\",\"publisher\":{\"@id\":\"https:\/\/cst.cat\/es\/#organization\"},\"potentialAction\":[{\"@type\":\"SearchAction\",\"target\":{\"@type\":\"EntryPoint\",\"urlTemplate\":\"https:\/\/cst.cat\/es\/?s={search_term_string}\"},\"query-input\":{\"@type\":\"PropertyValueSpecification\",\"valueRequired\":true,\"valueName\":\"search_term_string\"}}],\"inLanguage\":\"es\"},{\"@type\":\"Organization\",\"@id\":\"https:\/\/cst.cat\/es\/#organization\",\"name\":\"Consorci Sanitari de Terrassa\",\"url\":\"https:\/\/cst.cat\/es\/\",\"logo\":{\"@type\":\"ImageObject\",\"inLanguage\":\"es\",\"@id\":\"https:\/\/cst.cat\/es\/#\/schema\/logo\/image\/\",\"url\":\"https:\/\/cst.cat\/wp-content\/uploads\/2021\/09\/logo-header.svg\",\"contentUrl\":\"https:\/\/cst.cat\/wp-content\/uploads\/2021\/09\/logo-header.svg\",\"width\":90,\"height\":32,\"caption\":\"Consorci Sanitari de Terrassa\"},\"image\":{\"@id\":\"https:\/\/cst.cat\/es\/#\/schema\/logo\/image\/\"}}]}<\/script>\n<!-- \/ Yoast SEO plugin. -->","yoast_head_json":{"title":"Publicaciones - CST","robots":{"index":"index","follow":"follow","max-snippet":"max-snippet:-1","max-image-preview":"max-image-preview:large","max-video-preview":"max-video-preview:-1"},"canonical":"https:\/\/cst.cat\/es\/cst-2\/comunicacion\/publicaciones\/","og_locale":"es_ES","og_type":"article","og_title":"Publicaciones - CST","og_description":"Publicaciones #CSTDOSPUNTS Plan estrat\u00e9gico Plan&nbsp;Estrat\u00e9gico&nbsp;2025-2028&nbsp;(Catal\u00e1n) Ver&nbsp;video Cat\u00e1logo Corporativo CST Descargar Cat\u00e1logo Corporativo CST (Catal\u00e1n) Memoria CST","og_url":"https:\/\/cst.cat\/es\/cst-2\/comunicacion\/publicaciones\/","og_site_name":"CST","article_modified_time":"2025-11-20T17:17:11+00:00","og_image":[{"url":"https:\/\/cst.cat\/wp-content\/uploads\/2024\/06\/CSTDOSPUNTS-1-002.png","type":"","width":"","height":""}],"twitter_card":"summary_large_image","twitter_misc":{"Tiempo de lectura":"1 minuto"},"schema":{"@context":"https:\/\/schema.org","@graph":[{"@type":"WebPage","@id":"https:\/\/cst.cat\/es\/cst-2\/comunicacion\/publicaciones\/","url":"https:\/\/cst.cat\/es\/cst-2\/comunicacion\/publicaciones\/","name":"Publicaciones - CST","isPartOf":{"@id":"https:\/\/cst.cat\/es\/#website"},"primaryImageOfPage":{"@id":"https:\/\/cst.cat\/es\/cst-2\/comunicacion\/publicaciones\/#primaryimage"},"image":{"@id":"https:\/\/cst.cat\/es\/cst-2\/comunicacion\/publicaciones\/#primaryimage"},"thumbnailUrl":"https:\/\/cst.cat\/wp-content\/uploads\/2024\/06\/CSTDOSPUNTS-1-002.png","datePublished":"2022-04-07T13:06:50+00:00","dateModified":"2025-11-20T17:17:11+00:00","breadcrumb":{"@id":"https:\/\/cst.cat\/es\/cst-2\/comunicacion\/publicaciones\/#breadcrumb"},"inLanguage":"es","potentialAction":[{"@type":"ReadAction","target":["https:\/\/cst.cat\/es\/cst-2\/comunicacion\/publicaciones\/"]}]},{"@type":"ImageObject","inLanguage":"es","@id":"https:\/\/cst.cat\/es\/cst-2\/comunicacion\/publicaciones\/#primaryimage","url":"https:\/\/cst.cat\/wp-content\/uploads\/2024\/06\/CSTDOSPUNTS-1-002.png","contentUrl":"https:\/\/cst.cat\/wp-content\/uploads\/2024\/06\/CSTDOSPUNTS-1-002.png"},{"@type":"BreadcrumbList","@id":"https:\/\/cst.cat\/es\/cst-2\/comunicacion\/publicaciones\/#breadcrumb","itemListElement":[{"@type":"ListItem","position":1,"name":"Inici","item":"https:\/\/cst.cat\/es\/"},{"@type":"ListItem","position":2,"name":"CST","item":"https:\/\/cst.cat\/es\/cst-2\/"},{"@type":"ListItem","position":3,"name":"Comunicaci\u00f3n y Prensa","item":"https:\/\/cst.cat\/es\/cst-2\/comunicacion\/"},{"@type":"ListItem","position":4,"name":"Publicaciones"}]},{"@type":"WebSite","@id":"https:\/\/cst.cat\/es\/#website","url":"https:\/\/cst.cat\/es\/","name":"CST","description":"","publisher":{"@id":"https:\/\/cst.cat\/es\/#organization"},"potentialAction":[{"@type":"SearchAction","target":{"@type":"EntryPoint","urlTemplate":"https:\/\/cst.cat\/es\/?s={search_term_string}"},"query-input":{"@type":"PropertyValueSpecification","valueRequired":true,"valueName":"search_term_string"}}],"inLanguage":"es"},{"@type":"Organization","@id":"https:\/\/cst.cat\/es\/#organization","name":"Consorci Sanitari de Terrassa","url":"https:\/\/cst.cat\/es\/","logo":{"@type":"ImageObject","inLanguage":"es","@id":"https:\/\/cst.cat\/es\/#\/schema\/logo\/image\/","url":"https:\/\/cst.cat\/wp-content\/uploads\/2021\/09\/logo-header.svg","contentUrl":"https:\/\/cst.cat\/wp-content\/uploads\/2021\/09\/logo-header.svg","width":90,"height":32,"caption":"Consorci Sanitari de Terrassa"},"image":{"@id":"https:\/\/cst.cat\/es\/#\/schema\/logo\/image\/"}}]}},"_links":{"self":[{"href":"https:\/\/cst.cat\/es\/wp-json\/wp\/v2\/pages\/10531","targetHints":{"allow":["GET"]}}],"collection":[{"href":"https:\/\/cst.cat\/es\/wp-json\/wp\/v2\/pages"}],"about":[{"href":"https:\/\/cst.cat\/es\/wp-json\/wp\/v2\/types\/page"}],"author":[{"embeddable":true,"href":"https:\/\/cst.cat\/es\/wp-json\/wp\/v2\/users\/2"}],"replies":[{"embeddable":true,"href":"https:\/\/cst.cat\/es\/wp-json\/wp\/v2\/comments?post=10531"}],"version-history":[{"count":0,"href":"https:\/\/cst.cat\/es\/wp-json\/wp\/v2\/pages\/10531\/revisions"}],"up":[{"embeddable":true,"href":"https:\/\/cst.cat\/es\/wp-json\/wp\/v2\/pages\/8735"}],"wp:attachment":[{"href":"https:\/\/cst.cat\/es\/wp-json\/wp\/v2\/media?parent=10531"}],"curies":[{"name":"wp","href":"https:\/\/api.w.org\/{rel}","templated":true}]}}