{"id":10551,"date":"2022-04-07T15:19:02","date_gmt":"2022-04-07T13:19:02","guid":{"rendered":"https:\/\/cst.cat\/cst-2\/comunicacion\/material-grafico\/"},"modified":"2025-09-02T15:46:05","modified_gmt":"2025-09-02T13:46:05","slug":"material-grafico","status":"publish","type":"page","link":"https:\/\/cst.cat\/es\/cst-2\/comunicacion\/material-grafico\/","title":{"rendered":"Material Gr\u00e1fico"},"content":{"rendered":"\n<h1 class=\"wp-block-heading\" id=\"comunicacio\"><strong>Material Gr\u00e1fico<\/strong><\/h1>\n\n\n\n<div style=\"height:20px\" aria-hidden=\"true\" class=\"wp-block-spacer\"><\/div>\n\n\n\n<p>En esta p\u00e1gina pod\u00e9is descargar los logotipos y im\u00e1genes de los centros del CST. <\/p>\n\n\n\n<div style=\"height:10px\" aria-hidden=\"true\" class=\"wp-block-spacer\"><\/div>\n\n\n\n<hr class=\"wp-block-separator has-css-opacity\"\/>\n\n\n\n<h2 class=\"wp-block-heading has-text-color\" style=\"color:#353f60\">Identidad corporativa<\/h2>\n\n\n\n<div style=\"height:18px\" aria-hidden=\"true\" class=\"wp-block-spacer\"><\/div>\n\n\n\n<p>Descarga las im\u00e1genes de nuestro logo en el formato m\u00e1s adecuado:<\/p>\n\n\n\n<div style=\"height:35px\" aria-hidden=\"true\" class=\"wp-block-spacer\"><\/div>\n\n\n\n<figure class=\"wp-block-image size-large\"><a class=\"download\" href=\"https:\/\/cst.cat\/wp-content\/uploads\/2025\/05\/CST_HU.png\"><img loading=\"lazy\" decoding=\"async\" width=\"1366\" height=\"854\" src=\"https:\/\/cst.cat\/wp-content\/uploads\/2025\/05\/CST_HU-1366x854.png\" alt=\"\" class=\"wp-image-30387\" style=\"object-fit:cover\" srcset=\"https:\/\/cst.cat\/wp-content\/uploads\/2025\/05\/CST_HU-1366x854.png 1366w, https:\/\/cst.cat\/wp-content\/uploads\/2025\/05\/CST_HU-600x375.png 600w, https:\/\/cst.cat\/wp-content\/uploads\/2025\/05\/CST_HU-300x187.png 300w, https:\/\/cst.cat\/wp-content\/uploads\/2025\/05\/CST_HU-768x480.png 768w, https:\/\/cst.cat\/wp-content\/uploads\/2025\/05\/CST_HU-1536x960.png 1536w, https:\/\/cst.cat\/wp-content\/uploads\/2025\/05\/CST_HU.png 1890w\" sizes=\"auto, (max-width: 1366px) 100vw, 1366px\" \/><\/a><\/figure>\n\n\n\n<div style=\"height:20px\" aria-hidden=\"true\" class=\"wp-block-spacer\"><\/div>\n\n\n\n<ul class=\"wp-block-list\">\n<li><a href=\"https:\/\/cst.cat\/wp-content\/uploads\/2025\/05\/CST_HU.png\" target=\"_blank\" rel=\"noreferrer noopener\">Logotipo PNG (transparente)<\/a><\/li>\n<\/ul>\n\n\n\n<div style=\"height:50px\" aria-hidden=\"true\" class=\"wp-block-spacer\"><\/div>\n\n\n<div class=\"wp-block-image is-style-imagen-100-porciento\">\n<figure class=\"alignleft size-large\"><a class=\"download\" href=\"https:\/\/cst.cat\/wp-content\/uploads\/2025\/05\/CST_HU-H.png\"><img loading=\"lazy\" decoding=\"async\" width=\"1366\" height=\"109\" src=\"https:\/\/cst.cat\/wp-content\/uploads\/2025\/05\/CST_HU-H-1366x109.png\" alt=\"\" class=\"wp-image-30393\" style=\"object-fit:cover\" srcset=\"https:\/\/cst.cat\/wp-content\/uploads\/2025\/05\/CST_HU-H-1366x109.png 1366w, https:\/\/cst.cat\/wp-content\/uploads\/2025\/05\/CST_HU-H-600x48.png 600w, https:\/\/cst.cat\/wp-content\/uploads\/2025\/05\/CST_HU-H-300x24.png 300w, https:\/\/cst.cat\/wp-content\/uploads\/2025\/05\/CST_HU-H-768x61.png 768w, https:\/\/cst.cat\/wp-content\/uploads\/2025\/05\/CST_HU-H-1536x122.png 1536w, https:\/\/cst.cat\/wp-content\/uploads\/2025\/05\/CST_HU-H.png 2007w\" sizes=\"auto, (max-width: 1366px) 100vw, 1366px\" \/><\/a><\/figure>\n<\/div>\n\n\n<div style=\"height:20px\" aria-hidden=\"true\" class=\"wp-block-spacer\"><\/div>\n\n\n\n<ul class=\"wp-block-list\">\n<li><a href=\"https:\/\/cst.cat\/wp-content\/uploads\/2025\/05\/CST_HU-H.png\" target=\"_blank\" rel=\"noreferrer noopener\">Logotipo con frase PNG transparente<\/a><\/li>\n<\/ul>\n\n\n\n<figure class=\"wp-block-image size-large\"><a class=\"download\" href=\"https:\/\/cst.cat\/wp-content\/uploads\/2025\/05\/CST_FJCR_HU.png\"><img loading=\"lazy\" decoding=\"async\" width=\"1366\" height=\"918\" src=\"https:\/\/cst.cat\/wp-content\/uploads\/2025\/05\/CST_FJCR_HU-1366x918.png\" alt=\"\" class=\"wp-image-30395\" style=\"object-fit:cover\" srcset=\"https:\/\/cst.cat\/wp-content\/uploads\/2025\/05\/CST_FJCR_HU-1366x918.png 1366w, https:\/\/cst.cat\/wp-content\/uploads\/2025\/05\/CST_FJCR_HU-600x403.png 600w, https:\/\/cst.cat\/wp-content\/uploads\/2025\/05\/CST_FJCR_HU-300x202.png 300w, https:\/\/cst.cat\/wp-content\/uploads\/2025\/05\/CST_FJCR_HU-768x516.png 768w, https:\/\/cst.cat\/wp-content\/uploads\/2025\/05\/CST_FJCR_HU-1536x1032.png 1536w, https:\/\/cst.cat\/wp-content\/uploads\/2025\/05\/CST_FJCR_HU-2048x1376.png 2048w\" sizes=\"auto, (max-width: 1366px) 100vw, 1366px\" \/><\/a><\/figure>\n\n\n\n<ul class=\"wp-block-list\">\n<li><a href=\"https:\/\/cst.cat\/wp-content\/uploads\/2025\/05\/CST_FJCR_HU.png\" target=\"_blank\" rel=\"noreferrer noopener\">Logotipo Fundaci\u00f3 Joan Costa Roma PNG (transparente)<\/a><\/li>\n<\/ul>\n\n\n\n<div style=\"height:50px\" aria-hidden=\"true\" class=\"wp-block-spacer\"><\/div>\n\n\n\n<hr class=\"wp-block-separator has-css-opacity\"\/>\n\n\n\n<h2 class=\"wp-block-heading has-text-color\" style=\"color:#353f60\">Im\u00e1genes de los centros<\/h2>\n\n\n\n<div style=\"height:28px\" aria-hidden=\"true\" class=\"wp-block-spacer\"><\/div>\n\n\n\n<ul class=\"is-style-punts-blaus wp-block-list\">\n<li><a href=\"https:\/\/cst.cat\/wp-content\/uploads\/2022\/05\/Hospital-de-Terrassa-scaled.jpg\" target=\"_blank\" rel=\"noreferrer noopener\"><\/a><a href=\"https:\/\/cst.cat\/wp-content\/uploads\/2024\/09\/FACANA-HOSPITAL-UNIVERSITARI-2024-BONA-scaled.jpg\" target=\"_blank\" rel=\"noreferrer noopener\">Hospital Universitario de Terrassa<\/a><\/li>\n\n\n\n<li><a href=\"https:\/\/cst.cat\/wp-content\/uploads\/2022\/05\/Hospital-de-Terrassa-scaled.jpg\" target=\"_blank\" rel=\"noreferrer noopener\"><\/a><a href=\"https:\/\/cst.cat\/wp-content\/uploads\/2021\/10\/unitat-penitenciaria.jpg\" target=\"_blank\" rel=\"noreferrer noopener\" download=\"\">Unitat Hospital\u00e0ria Penitenci\u00e0ria<\/a><\/li>\n\n\n\n<li><a href=\"https:\/\/cst.cat\/wp-content\/uploads\/2022\/05\/Hospital-de-Terrassa-scaled.jpg\" target=\"_blank\" rel=\"noreferrer noopener\"><\/a><a href=\"https:\/\/cst.cat\/wp-content\/uploads\/2022\/05\/CAP-Terrassa-Est-scaled.jpg\" target=\"_blank\" rel=\"noreferrer noopener\" download=\"\">CAP Terrassa Est<\/a><\/li>\n\n\n\n<li><a href=\"https:\/\/cst.cat\/wp-content\/uploads\/2022\/05\/Hospital-de-Terrassa-scaled.jpg\" target=\"_blank\" rel=\"noreferrer noopener\"><\/a><a href=\"https:\/\/cst.cat\/wp-content\/uploads\/2022\/05\/CAP-Sant-Llatzer-scaled.jpg\" target=\"_blank\" rel=\"noreferrer noopener\" download=\"\">CAP Sant Ll\u00e0tzer<\/a><\/li>\n\n\n\n<li><a href=\"https:\/\/cst.cat\/wp-content\/uploads\/2022\/05\/Hospital-de-Terrassa-scaled.jpg\" target=\"_blank\" rel=\"noreferrer noopener\"><\/a><a href=\"https:\/\/cst.cat\/wp-content\/uploads\/2022\/05\/CAP-Terrassa-Nord-scaled.jpg\" target=\"_blank\" rel=\"noreferrer noopener\" download=\"\">CAP Terrassa Nord<\/a><\/li>\n\n\n\n<li><a href=\"https:\/\/cst.cat\/wp-content\/uploads\/2022\/05\/Hospital-de-Terrassa-scaled.jpg\" target=\"_blank\" rel=\"noreferrer noopener\"><\/a><a href=\"https:\/\/cst.cat\/wp-content\/uploads\/2021\/09\/cap-matadepera-web.png\" target=\"_blank\" rel=\"noreferrer noopener\" download=\"\">CAP Matadepera<\/a><\/li>\n\n\n\n<li><a href=\"https:\/\/cst.cat\/wp-content\/uploads\/2022\/05\/Hospital-de-Terrassa-scaled.jpg\" target=\"_blank\" rel=\"noreferrer noopener\"><\/a><a href=\"https:\/\/cst.cat\/wp-content\/uploads\/2021\/10\/cap-anton-de-borja.jpg\" target=\"_blank\" rel=\"noreferrer noopener\" download=\"\">CAP Anton de Borja<\/a><\/li>\n\n\n\n<li><a href=\"https:\/\/cst.cat\/wp-content\/uploads\/2022\/05\/Hospital-de-Terrassa-scaled.jpg\" target=\"_blank\" rel=\"noreferrer noopener\"><\/a><a href=\"https:\/\/cst.cat\/wp-content\/uploads\/2021\/09\/sant-genis-web.png\" target=\"_blank\" rel=\"noreferrer noopener\" download=\"\">CAP Sant Gen\u00eds<\/a><\/li>\n\n\n\n<li><a href=\"https:\/\/cst.cat\/wp-content\/uploads\/2022\/05\/Hospital-de-Terrassa-scaled.jpg\" target=\"_blank\" rel=\"noreferrer noopener\"><\/a><a href=\"https:\/\/cst.cat\/wp-content\/uploads\/2021\/10\/castellbisbal.png\" target=\"_blank\" rel=\"noreferrer noopener\" download=\"\">CAP Doctor Joan Planas<\/a><\/li>\n\n\n\n<li><a href=\"https:\/\/cst.cat\/wp-content\/uploads\/2022\/05\/Hospital-de-Terrassa-scaled.jpg\" target=\"_blank\" rel=\"noreferrer noopener\"><\/a><a href=\"https:\/\/cst.cat\/wp-content\/uploads\/2022\/02\/CCR-Retol-entrada-001-scaled-e1645453139772.jpg\" target=\"_blank\" rel=\"noreferrer noopener\" download=\"\">CAP Can Roca<\/a><\/li>\n\n\n\n<li><a href=\"https:\/\/cst.cat\/wp-content\/uploads\/2022\/05\/Hospital-de-Terrassa-scaled.jpg\" target=\"_blank\" rel=\"noreferrer noopener\"><\/a><a href=\"https:\/\/cst.cat\/wp-content\/uploads\/2021\/10\/hospital-de-dia-sant-jordi.jpg\" target=\"_blank\" rel=\"noreferrer noopener\" download=\"\">Hospital de dia Sant Jordi<\/a><\/li>\n\n\n\n<li><a href=\"https:\/\/cst.cat\/wp-content\/uploads\/2022\/05\/Hospital-de-Terrassa-scaled.jpg\" target=\"_blank\" rel=\"noreferrer noopener\"><\/a><a href=\"https:\/\/cst.cat\/wp-content\/uploads\/2021\/10\/hospital-sant-llatzer.jpg\" target=\"_blank\" rel=\"noreferrer noopener\" download=\"\">Hospital Sant Ll\u00e0tzer<\/a><\/li>\n\n\n\n<li><a href=\"https:\/\/cst.cat\/wp-content\/uploads\/2022\/05\/Hospital-de-Terrassa-scaled.jpg\" target=\"_blank\" rel=\"noreferrer noopener\"><\/a><a href=\"https:\/\/cst.cat\/wp-content\/uploads\/2021\/10\/servei-valoracio-atencio-dependencies-SEVAD.jpg\" target=\"_blank\" rel=\"noreferrer noopener\" download=\"\">Servei de Valoraci\u00f3 d&#8217;Atenci\u00f3 a les Depend\u00e8ncies (SEVAD)<\/a><\/li>\n\n\n\n<li><a href=\"https:\/\/cst.cat\/wp-content\/uploads\/2022\/05\/Hospital-de-Terrassa-scaled.jpg\" target=\"_blank\" rel=\"noreferrer noopener\"><\/a><a href=\"https:\/\/cst.cat\/wp-content\/uploads\/2021\/10\/servei-valoracio-orientacio-discapacitat-EVO.jpg\" target=\"_blank\" rel=\"noreferrer noopener\" download=\"\">Centre d\u2019Atenci\u00f3 a la Discapacitat (CAD73)<\/a><\/li>\n\n\n\n<li><a href=\"https:\/\/cst.cat\/wp-content\/uploads\/2022\/05\/Hospital-de-Terrassa-scaled.jpg\" target=\"_blank\" rel=\"noreferrer noopener\"><\/a><a href=\"https:\/\/cst.cat\/wp-content\/uploads\/2022\/02\/sant-llatzer.jpg\" target=\"_blank\" rel=\"noreferrer noopener\" download=\"\">Llar Residencial Sant Ll\u00e0tzer<\/a><\/li>\n\n\n\n<li><a href=\"https:\/\/cst.cat\/wp-content\/uploads\/2022\/05\/Hospital-de-Terrassa-scaled.jpg\" target=\"_blank\" rel=\"noreferrer noopener\"><\/a><a href=\"https:\/\/cst.cat\/wp-content\/uploads\/2025\/09\/CentreDiaSalut_0216.jpg\" target=\"_blank\" rel=\"noreferrer noopener\">Servei de Rehabilitaci\u00f3 Comunit\u00e0ria Terrassa<\/a><\/li>\n\n\n\n<li><a href=\"https:\/\/cst.cat\/wp-content\/uploads\/2022\/05\/Hospital-de-Terrassa-scaled.jpg\" target=\"_blank\" rel=\"noreferrer noopener\"><\/a><a href=\"https:\/\/cst.cat\/wp-content\/uploads\/2021\/10\/servei-rehabilitacio-comunitaria-rubi.jpg\" target=\"_blank\" rel=\"noreferrer noopener\" download=\"\">Servei de Rehabilitaci\u00f3 Comunit\u00e0ria Rub\u00ed<\/a><\/li>\n\n\n\n<li><a href=\"https:\/\/cst.cat\/wp-content\/uploads\/2022\/05\/Hospital-de-Terrassa-scaled.jpg\" target=\"_blank\" rel=\"noreferrer noopener\"><\/a><a href=\"https:\/\/cst.cat\/wp-content\/uploads\/2021\/10\/salut-mental-adults-terrassa.jpg\" target=\"_blank\" rel=\"noreferrer noopener\" download=\"\">Centre de Salut Mental d&#8217;Adults<\/a><\/li>\n\n\n\n<li><a href=\"https:\/\/cst.cat\/wp-content\/uploads\/2022\/05\/Hospital-de-Terrassa-scaled.jpg\" target=\"_blank\" rel=\"noreferrer noopener\"><\/a><a href=\"https:\/\/cst.cat\/wp-content\/uploads\/2021\/10\/centre-salut-mental-ferran-salsas.jpg\" target=\"_blank\" rel=\"noreferrer noopener\" download=\"\">Centre de Salut Mental Ferran Salsas i Roig<\/a><\/li>\n\n\n\n<li><a href=\"https:\/\/cst.cat\/wp-content\/uploads\/2022\/05\/Hospital-de-Terrassa-scaled.jpg\" target=\"_blank\" rel=\"noreferrer noopener\"><\/a><a href=\"https:\/\/cst.cat\/wp-content\/uploads\/2021\/10\/car-sant-cugat.jpg\" target=\"_blank\" rel=\"noreferrer noopener sponsored nofollow\" download=\"\">Unitat Assistencial CAR de Sant Cugat<\/a><\/li>\n<\/ul>\n\n\n\n<div style=\"height:20px\" aria-hidden=\"true\" class=\"wp-block-spacer\"><\/div>\n","protected":false},"excerpt":{"rendered":"<p>Material Gr\u00e1fico En esta p\u00e1gina pod\u00e9is descargar los logotipos y im\u00e1genes de los centros del CST. Identidad corporativa Descarga las im\u00e1genes de nuestro logo en el formato m\u00e1s adecuado: Im\u00e1genes de los centros<\/p>\n","protected":false},"author":2,"featured_media":0,"parent":8735,"menu_order":0,"comment_status":"closed","ping_status":"closed","template":"page-templates\/pagina-menu-lateral.php","meta":{"_acf_changed":false,"footnotes":""},"class_list":["post-10551","page","type-page","status-publish","hentry"],"acf":[],"yoast_head":"<!-- This site is optimized with the Yoast SEO plugin v27.2 - https:\/\/yoast.com\/product\/yoast-seo-wordpress\/ -->\n<title>Material Gr\u00e1fico - CST<\/title>\n<meta name=\"robots\" content=\"index, follow, max-snippet:-1, max-image-preview:large, max-video-preview:-1\" \/>\n<link rel=\"canonical\" href=\"https:\/\/cst.cat\/es\/cst-2\/comunicacion\/material-grafico\/\" \/>\n<meta property=\"og:locale\" content=\"es_ES\" \/>\n<meta property=\"og:type\" content=\"article\" \/>\n<meta property=\"og:title\" content=\"Material Gr\u00e1fico - CST\" \/>\n<meta property=\"og:description\" content=\"Material Gr\u00e1fico En esta p\u00e1gina pod\u00e9is descargar los logotipos y im\u00e1genes de los centros del CST. Identidad corporativa Descarga las im\u00e1genes de nuestro logo en el formato m\u00e1s adecuado: Im\u00e1genes de los centros\" \/>\n<meta property=\"og:url\" content=\"https:\/\/cst.cat\/es\/cst-2\/comunicacion\/material-grafico\/\" \/>\n<meta property=\"og:site_name\" content=\"CST\" \/>\n<meta property=\"article:modified_time\" content=\"2025-09-02T13:46:05+00:00\" \/>\n<meta property=\"og:image\" content=\"https:\/\/cst.cat\/wp-content\/uploads\/2025\/05\/CST_HU-1366x854.png\" \/>\n<meta name=\"twitter:card\" content=\"summary_large_image\" \/>\n<meta name=\"twitter:label1\" content=\"Tiempo de lectura\" \/>\n\t<meta name=\"twitter:data1\" content=\"3 minutos\" \/>\n<script type=\"application\/ld+json\" class=\"yoast-schema-graph\">{\"@context\":\"https:\/\/schema.org\",\"@graph\":[{\"@type\":\"WebPage\",\"@id\":\"https:\/\/cst.cat\/es\/cst-2\/comunicacion\/material-grafico\/\",\"url\":\"https:\/\/cst.cat\/es\/cst-2\/comunicacion\/material-grafico\/\",\"name\":\"Material Gr\u00e1fico - CST\",\"isPartOf\":{\"@id\":\"https:\/\/cst.cat\/es\/#website\"},\"primaryImageOfPage\":{\"@id\":\"https:\/\/cst.cat\/es\/cst-2\/comunicacion\/material-grafico\/#primaryimage\"},\"image\":{\"@id\":\"https:\/\/cst.cat\/es\/cst-2\/comunicacion\/material-grafico\/#primaryimage\"},\"thumbnailUrl\":\"https:\/\/cst.cat\/wp-content\/uploads\/2025\/05\/CST_HU-1366x854.png\",\"datePublished\":\"2022-04-07T13:19:02+00:00\",\"dateModified\":\"2025-09-02T13:46:05+00:00\",\"breadcrumb\":{\"@id\":\"https:\/\/cst.cat\/es\/cst-2\/comunicacion\/material-grafico\/#breadcrumb\"},\"inLanguage\":\"es\",\"potentialAction\":[{\"@type\":\"ReadAction\",\"target\":[\"https:\/\/cst.cat\/es\/cst-2\/comunicacion\/material-grafico\/\"]}]},{\"@type\":\"ImageObject\",\"inLanguage\":\"es\",\"@id\":\"https:\/\/cst.cat\/es\/cst-2\/comunicacion\/material-grafico\/#primaryimage\",\"url\":\"https:\/\/cst.cat\/wp-content\/uploads\/2025\/05\/CST_HU-1366x854.png\",\"contentUrl\":\"https:\/\/cst.cat\/wp-content\/uploads\/2025\/05\/CST_HU-1366x854.png\"},{\"@type\":\"BreadcrumbList\",\"@id\":\"https:\/\/cst.cat\/es\/cst-2\/comunicacion\/material-grafico\/#breadcrumb\",\"itemListElement\":[{\"@type\":\"ListItem\",\"position\":1,\"name\":\"Inici\",\"item\":\"https:\/\/cst.cat\/es\/\"},{\"@type\":\"ListItem\",\"position\":2,\"name\":\"CST\",\"item\":\"https:\/\/cst.cat\/es\/cst-2\/\"},{\"@type\":\"ListItem\",\"position\":3,\"name\":\"Comunicaci\u00f3n y Prensa\",\"item\":\"https:\/\/cst.cat\/es\/cst-2\/comunicacion\/\"},{\"@type\":\"ListItem\",\"position\":4,\"name\":\"Material Gr\u00e1fico\"}]},{\"@type\":\"WebSite\",\"@id\":\"https:\/\/cst.cat\/es\/#website\",\"url\":\"https:\/\/cst.cat\/es\/\",\"name\":\"CST\",\"description\":\"\",\"publisher\":{\"@id\":\"https:\/\/cst.cat\/es\/#organization\"},\"potentialAction\":[{\"@type\":\"SearchAction\",\"target\":{\"@type\":\"EntryPoint\",\"urlTemplate\":\"https:\/\/cst.cat\/es\/?s={search_term_string}\"},\"query-input\":{\"@type\":\"PropertyValueSpecification\",\"valueRequired\":true,\"valueName\":\"search_term_string\"}}],\"inLanguage\":\"es\"},{\"@type\":\"Organization\",\"@id\":\"https:\/\/cst.cat\/es\/#organization\",\"name\":\"Consorci Sanitari de Terrassa\",\"url\":\"https:\/\/cst.cat\/es\/\",\"logo\":{\"@type\":\"ImageObject\",\"inLanguage\":\"es\",\"@id\":\"https:\/\/cst.cat\/es\/#\/schema\/logo\/image\/\",\"url\":\"https:\/\/cst.cat\/wp-content\/uploads\/2021\/09\/logo-header.svg\",\"contentUrl\":\"https:\/\/cst.cat\/wp-content\/uploads\/2021\/09\/logo-header.svg\",\"width\":90,\"height\":32,\"caption\":\"Consorci Sanitari de Terrassa\"},\"image\":{\"@id\":\"https:\/\/cst.cat\/es\/#\/schema\/logo\/image\/\"}}]}<\/script>\n<!-- \/ Yoast SEO plugin. -->","yoast_head_json":{"title":"Material Gr\u00e1fico - CST","robots":{"index":"index","follow":"follow","max-snippet":"max-snippet:-1","max-image-preview":"max-image-preview:large","max-video-preview":"max-video-preview:-1"},"canonical":"https:\/\/cst.cat\/es\/cst-2\/comunicacion\/material-grafico\/","og_locale":"es_ES","og_type":"article","og_title":"Material Gr\u00e1fico - CST","og_description":"Material Gr\u00e1fico En esta p\u00e1gina pod\u00e9is descargar los logotipos y im\u00e1genes de los centros del CST. Identidad corporativa Descarga las im\u00e1genes de nuestro logo en el formato m\u00e1s adecuado: Im\u00e1genes de los centros","og_url":"https:\/\/cst.cat\/es\/cst-2\/comunicacion\/material-grafico\/","og_site_name":"CST","article_modified_time":"2025-09-02T13:46:05+00:00","og_image":[{"url":"https:\/\/cst.cat\/wp-content\/uploads\/2025\/05\/CST_HU-1366x854.png","type":"","width":"","height":""}],"twitter_card":"summary_large_image","twitter_misc":{"Tiempo de lectura":"3 minutos"},"schema":{"@context":"https:\/\/schema.org","@graph":[{"@type":"WebPage","@id":"https:\/\/cst.cat\/es\/cst-2\/comunicacion\/material-grafico\/","url":"https:\/\/cst.cat\/es\/cst-2\/comunicacion\/material-grafico\/","name":"Material Gr\u00e1fico - CST","isPartOf":{"@id":"https:\/\/cst.cat\/es\/#website"},"primaryImageOfPage":{"@id":"https:\/\/cst.cat\/es\/cst-2\/comunicacion\/material-grafico\/#primaryimage"},"image":{"@id":"https:\/\/cst.cat\/es\/cst-2\/comunicacion\/material-grafico\/#primaryimage"},"thumbnailUrl":"https:\/\/cst.cat\/wp-content\/uploads\/2025\/05\/CST_HU-1366x854.png","datePublished":"2022-04-07T13:19:02+00:00","dateModified":"2025-09-02T13:46:05+00:00","breadcrumb":{"@id":"https:\/\/cst.cat\/es\/cst-2\/comunicacion\/material-grafico\/#breadcrumb"},"inLanguage":"es","potentialAction":[{"@type":"ReadAction","target":["https:\/\/cst.cat\/es\/cst-2\/comunicacion\/material-grafico\/"]}]},{"@type":"ImageObject","inLanguage":"es","@id":"https:\/\/cst.cat\/es\/cst-2\/comunicacion\/material-grafico\/#primaryimage","url":"https:\/\/cst.cat\/wp-content\/uploads\/2025\/05\/CST_HU-1366x854.png","contentUrl":"https:\/\/cst.cat\/wp-content\/uploads\/2025\/05\/CST_HU-1366x854.png"},{"@type":"BreadcrumbList","@id":"https:\/\/cst.cat\/es\/cst-2\/comunicacion\/material-grafico\/#breadcrumb","itemListElement":[{"@type":"ListItem","position":1,"name":"Inici","item":"https:\/\/cst.cat\/es\/"},{"@type":"ListItem","position":2,"name":"CST","item":"https:\/\/cst.cat\/es\/cst-2\/"},{"@type":"ListItem","position":3,"name":"Comunicaci\u00f3n y Prensa","item":"https:\/\/cst.cat\/es\/cst-2\/comunicacion\/"},{"@type":"ListItem","position":4,"name":"Material Gr\u00e1fico"}]},{"@type":"WebSite","@id":"https:\/\/cst.cat\/es\/#website","url":"https:\/\/cst.cat\/es\/","name":"CST","description":"","publisher":{"@id":"https:\/\/cst.cat\/es\/#organization"},"potentialAction":[{"@type":"SearchAction","target":{"@type":"EntryPoint","urlTemplate":"https:\/\/cst.cat\/es\/?s={search_term_string}"},"query-input":{"@type":"PropertyValueSpecification","valueRequired":true,"valueName":"search_term_string"}}],"inLanguage":"es"},{"@type":"Organization","@id":"https:\/\/cst.cat\/es\/#organization","name":"Consorci Sanitari de Terrassa","url":"https:\/\/cst.cat\/es\/","logo":{"@type":"ImageObject","inLanguage":"es","@id":"https:\/\/cst.cat\/es\/#\/schema\/logo\/image\/","url":"https:\/\/cst.cat\/wp-content\/uploads\/2021\/09\/logo-header.svg","contentUrl":"https:\/\/cst.cat\/wp-content\/uploads\/2021\/09\/logo-header.svg","width":90,"height":32,"caption":"Consorci Sanitari de Terrassa"},"image":{"@id":"https:\/\/cst.cat\/es\/#\/schema\/logo\/image\/"}}]}},"_links":{"self":[{"href":"https:\/\/cst.cat\/es\/wp-json\/wp\/v2\/pages\/10551","targetHints":{"allow":["GET"]}}],"collection":[{"href":"https:\/\/cst.cat\/es\/wp-json\/wp\/v2\/pages"}],"about":[{"href":"https:\/\/cst.cat\/es\/wp-json\/wp\/v2\/types\/page"}],"author":[{"embeddable":true,"href":"https:\/\/cst.cat\/es\/wp-json\/wp\/v2\/users\/2"}],"replies":[{"embeddable":true,"href":"https:\/\/cst.cat\/es\/wp-json\/wp\/v2\/comments?post=10551"}],"version-history":[{"count":0,"href":"https:\/\/cst.cat\/es\/wp-json\/wp\/v2\/pages\/10551\/revisions"}],"up":[{"embeddable":true,"href":"https:\/\/cst.cat\/es\/wp-json\/wp\/v2\/pages\/8735"}],"wp:attachment":[{"href":"https:\/\/cst.cat\/es\/wp-json\/wp\/v2\/media?parent=10551"}],"curies":[{"name":"wp","href":"https:\/\/api.w.org\/{rel}","templated":true}]}}