{"id":15694,"date":"2023-01-17T16:13:37","date_gmt":"2023-01-17T15:13:37","guid":{"rendered":"https:\/\/cst.cat\/cst-2\/derechos-y-deberes-del-paciente\/"},"modified":"2025-01-15T11:07:36","modified_gmt":"2025-01-15T10:07:36","slug":"derechos-y-deberes-del-paciente","status":"publish","type":"page","link":"https:\/\/cst.cat\/es\/cst-2\/derechos-y-deberes-del-paciente\/","title":{"rendered":"Derechos y deberes de la ciudadan\u00eda"},"content":{"rendered":"\n<figure class=\"wp-block-image size-full is-resized\"><img loading=\"lazy\" decoding=\"async\" width=\"558\" height=\"258\" src=\"https:\/\/cst.cat\/wp-content\/uploads\/2023\/01\/drets-deures.png\" alt=\"\" class=\"wp-image-15668\" style=\"width:390px;height:180px\"\/><\/figure>\n\n\n\n<div style=\"height:30px\" aria-hidden=\"true\" class=\"wp-block-spacer\"><\/div>\n\n\n\n<p class=\"has-medium-font-size\"><strong>Tal y como explica su pre\u00e1mbulo, la Carta catalana de derechos y deberes de las personas en relaci\u00f3n con la salud y la atenci\u00f3n sanitaria se constituye como un contrato social entre las personas y el sistema, que configura un marco de relaci\u00f3n en el que se define qu\u00e9 esperamos las personas del sistema sanitario (derechos) y c\u00f3mo \u00e9stas se comprometen como agentes activos y centrales del mismo (deberes).<\/strong><\/p>\n\n\n\n<div style=\"height:5px\" aria-hidden=\"true\" class=\"wp-block-spacer\"><\/div>\n\n\n\n<figure class=\"wp-block-image size-full is-resized\"><img loading=\"lazy\" decoding=\"async\" width=\"1280\" height=\"248\" src=\"https:\/\/cst.cat\/wp-content\/uploads\/2023\/01\/drets-deures-icones-transp.png\" alt=\"\" class=\"wp-image-15670\" style=\"width:513px;height:99px\" srcset=\"https:\/\/cst.cat\/wp-content\/uploads\/2023\/01\/drets-deures-icones-transp.png 1280w, https:\/\/cst.cat\/wp-content\/uploads\/2023\/01\/drets-deures-icones-transp-600x116.png 600w, https:\/\/cst.cat\/wp-content\/uploads\/2023\/01\/drets-deures-icones-transp-768x149.png 768w\" sizes=\"auto, (max-width: 1280px) 100vw, 1280px\" \/><\/figure>\n\n\n\n<div style=\"height:30px\" aria-hidden=\"true\" class=\"wp-block-spacer\"><\/div>\n\n\n\n<p>El compromiso de todos los agentes (ciudadan\u00eda, profesionales, entidades proveedoras, administraci\u00f3n, etc.) es una de las claves para consolidar las pol\u00edticas de salud.<\/p>\n\n\n\n<p>En este contexto, el Consorci Sanitari de Terrassa se posiciona, en consonancia con una de las l\u00edneas de su plan estrat\u00e9gico, a favor de una humanizaci\u00f3n transversal, donde la Unidad de Atenci\u00f3n al Ciudadano es una figura clave que hace de intermediaria entre pacientes y profesionales sanitarios.<\/p>\n\n\n\n<hr class=\"wp-block-separator has-alpha-channel-opacity\"\/>\n\n\n\n<p><strong>PARA M\u00c1S INFORMACI\u00d3N:<\/strong><\/p>\n\n\n\n<div class=\"wp-block-columns is-layout-flex wp-container-core-columns-is-layout-9d6595d7 wp-block-columns-is-layout-flex\">\n<div class=\"wp-block-column is-layout-flow wp-block-column-is-layout-flow\">\n<figure class=\"wp-block-image size-full is-resized\"><a href=\"https:\/\/catsalut.gencat.cat\/web\/.content\/minisite\/catsalut\/ciutadania\/drets-deures\/carta-drets-deures.pdf\" target=\"_blank\" rel=\"noreferrer noopener\"><img loading=\"lazy\" decoding=\"async\" width=\"472\" height=\"642\" src=\"https:\/\/cst.cat\/wp-content\/uploads\/2023\/01\/drets-deures-pdf-01.png\" alt=\"\" class=\"wp-image-15645\" style=\"width:309px;height:400px\" srcset=\"https:\/\/cst.cat\/wp-content\/uploads\/2023\/01\/drets-deures-pdf-01.png 472w, https:\/\/cst.cat\/wp-content\/uploads\/2023\/01\/drets-deures-pdf-01-441x600.png 441w\" sizes=\"auto, (max-width: 472px) 100vw, 472px\" \/><\/a><\/figure>\n<\/div>\n\n\n\n<div class=\"wp-block-column is-layout-flow wp-block-column-is-layout-flow\">\n<figure class=\"wp-block-image size-full is-resized\"><a href=\"https:\/\/catsalut.gencat.cat\/web\/.content\/minisite\/catsalut\/ciutadania\/drets-deures\/drets-fullet-resum-vertical.pdf\" target=\"_blank\" rel=\"noreferrer noopener\"><img loading=\"lazy\" decoding=\"async\" width=\"472\" height=\"642\" src=\"https:\/\/cst.cat\/wp-content\/uploads\/2023\/01\/drets-deures-pdf-02.png\" alt=\"\" class=\"wp-image-15647\" style=\"width:309px;height:400px\" srcset=\"https:\/\/cst.cat\/wp-content\/uploads\/2023\/01\/drets-deures-pdf-02.png 472w, https:\/\/cst.cat\/wp-content\/uploads\/2023\/01\/drets-deures-pdf-02-441x600.png 441w\" sizes=\"auto, (max-width: 472px) 100vw, 472px\" \/><\/a><\/figure>\n<\/div>\n<\/div>\n","protected":false},"excerpt":{"rendered":"<p>Tal y como explica su pre\u00e1mbulo, la Carta catalana de derechos y deberes de las personas en relaci\u00f3n con la salud y la atenci\u00f3n sanitaria se constituye como un contrato social entre las personas y el sistema, que configura un marco de relaci\u00f3n en el que se define qu\u00e9 esperamos las personas del sistema sanitario [&hellip;]<\/p>\n","protected":false},"author":2,"featured_media":15660,"parent":8733,"menu_order":8,"comment_status":"closed","ping_status":"closed","template":"page-templates\/pagina-menu-lateral.php","meta":{"_acf_changed":false,"footnotes":""},"class_list":["post-15694","page","type-page","status-publish","has-post-thumbnail","hentry"],"acf":[],"yoast_head":"<!-- This site is optimized with the Yoast SEO plugin v27.2 - https:\/\/yoast.com\/product\/yoast-seo-wordpress\/ -->\n<title>Derechos y deberes de la ciudadan\u00eda - CST<\/title>\n<meta name=\"robots\" content=\"index, follow, max-snippet:-1, max-image-preview:large, max-video-preview:-1\" \/>\n<link rel=\"canonical\" href=\"https:\/\/cst.cat\/es\/cst-2\/derechos-y-deberes-del-paciente\/\" \/>\n<meta property=\"og:locale\" content=\"es_ES\" \/>\n<meta property=\"og:type\" content=\"article\" \/>\n<meta property=\"og:title\" content=\"Derechos y deberes de la ciudadan\u00eda - CST\" \/>\n<meta property=\"og:description\" content=\"Tal y como explica su pre\u00e1mbulo, la Carta catalana de derechos y deberes de las personas en relaci\u00f3n con la salud y la atenci\u00f3n sanitaria se constituye como un contrato social entre las personas y el sistema, que configura un marco de relaci\u00f3n en el que se define qu\u00e9 esperamos las personas del sistema sanitario [&hellip;]\" \/>\n<meta property=\"og:url\" content=\"https:\/\/cst.cat\/es\/cst-2\/derechos-y-deberes-del-paciente\/\" \/>\n<meta property=\"og:site_name\" content=\"CST\" \/>\n<meta property=\"article:modified_time\" content=\"2025-01-15T10:07:36+00:00\" \/>\n<meta property=\"og:image\" content=\"https:\/\/cst.cat\/wp-content\/uploads\/2023\/01\/drets-deures-destacat.jpg\" \/>\n\t<meta property=\"og:image:width\" content=\"480\" \/>\n\t<meta property=\"og:image:height\" content=\"480\" \/>\n\t<meta property=\"og:image:type\" content=\"image\/jpeg\" \/>\n<meta name=\"twitter:card\" content=\"summary_large_image\" \/>\n<meta name=\"twitter:label1\" content=\"Tiempo de lectura\" \/>\n\t<meta name=\"twitter:data1\" content=\"1 minuto\" \/>\n<script type=\"application\/ld+json\" class=\"yoast-schema-graph\">{\"@context\":\"https:\/\/schema.org\",\"@graph\":[{\"@type\":\"WebPage\",\"@id\":\"https:\/\/cst.cat\/es\/cst-2\/derechos-y-deberes-del-paciente\/\",\"url\":\"https:\/\/cst.cat\/es\/cst-2\/derechos-y-deberes-del-paciente\/\",\"name\":\"Derechos y deberes de la ciudadan\u00eda - CST\",\"isPartOf\":{\"@id\":\"https:\/\/cst.cat\/es\/#website\"},\"primaryImageOfPage\":{\"@id\":\"https:\/\/cst.cat\/es\/cst-2\/derechos-y-deberes-del-paciente\/#primaryimage\"},\"image\":{\"@id\":\"https:\/\/cst.cat\/es\/cst-2\/derechos-y-deberes-del-paciente\/#primaryimage\"},\"thumbnailUrl\":\"https:\/\/cst.cat\/wp-content\/uploads\/2023\/01\/drets-deures-destacat.jpg\",\"datePublished\":\"2023-01-17T15:13:37+00:00\",\"dateModified\":\"2025-01-15T10:07:36+00:00\",\"breadcrumb\":{\"@id\":\"https:\/\/cst.cat\/es\/cst-2\/derechos-y-deberes-del-paciente\/#breadcrumb\"},\"inLanguage\":\"es\",\"potentialAction\":[{\"@type\":\"ReadAction\",\"target\":[\"https:\/\/cst.cat\/es\/cst-2\/derechos-y-deberes-del-paciente\/\"]}]},{\"@type\":\"ImageObject\",\"inLanguage\":\"es\",\"@id\":\"https:\/\/cst.cat\/es\/cst-2\/derechos-y-deberes-del-paciente\/#primaryimage\",\"url\":\"https:\/\/cst.cat\/wp-content\/uploads\/2023\/01\/drets-deures-destacat.jpg\",\"contentUrl\":\"https:\/\/cst.cat\/wp-content\/uploads\/2023\/01\/drets-deures-destacat.jpg\",\"width\":480,\"height\":480},{\"@type\":\"BreadcrumbList\",\"@id\":\"https:\/\/cst.cat\/es\/cst-2\/derechos-y-deberes-del-paciente\/#breadcrumb\",\"itemListElement\":[{\"@type\":\"ListItem\",\"position\":1,\"name\":\"Inici\",\"item\":\"https:\/\/cst.cat\/es\/\"},{\"@type\":\"ListItem\",\"position\":2,\"name\":\"CST\",\"item\":\"https:\/\/cst.cat\/es\/cst-2\/\"},{\"@type\":\"ListItem\",\"position\":3,\"name\":\"Derechos y deberes de la ciudadan\u00eda\"}]},{\"@type\":\"WebSite\",\"@id\":\"https:\/\/cst.cat\/es\/#website\",\"url\":\"https:\/\/cst.cat\/es\/\",\"name\":\"CST\",\"description\":\"\",\"publisher\":{\"@id\":\"https:\/\/cst.cat\/es\/#organization\"},\"potentialAction\":[{\"@type\":\"SearchAction\",\"target\":{\"@type\":\"EntryPoint\",\"urlTemplate\":\"https:\/\/cst.cat\/es\/?s={search_term_string}\"},\"query-input\":{\"@type\":\"PropertyValueSpecification\",\"valueRequired\":true,\"valueName\":\"search_term_string\"}}],\"inLanguage\":\"es\"},{\"@type\":\"Organization\",\"@id\":\"https:\/\/cst.cat\/es\/#organization\",\"name\":\"Consorci Sanitari de Terrassa\",\"url\":\"https:\/\/cst.cat\/es\/\",\"logo\":{\"@type\":\"ImageObject\",\"inLanguage\":\"es\",\"@id\":\"https:\/\/cst.cat\/es\/#\/schema\/logo\/image\/\",\"url\":\"https:\/\/cst.cat\/wp-content\/uploads\/2021\/09\/logo-header.svg\",\"contentUrl\":\"https:\/\/cst.cat\/wp-content\/uploads\/2021\/09\/logo-header.svg\",\"width\":90,\"height\":32,\"caption\":\"Consorci Sanitari de Terrassa\"},\"image\":{\"@id\":\"https:\/\/cst.cat\/es\/#\/schema\/logo\/image\/\"}}]}<\/script>\n<!-- \/ Yoast SEO plugin. -->","yoast_head_json":{"title":"Derechos y deberes de la ciudadan\u00eda - CST","robots":{"index":"index","follow":"follow","max-snippet":"max-snippet:-1","max-image-preview":"max-image-preview:large","max-video-preview":"max-video-preview:-1"},"canonical":"https:\/\/cst.cat\/es\/cst-2\/derechos-y-deberes-del-paciente\/","og_locale":"es_ES","og_type":"article","og_title":"Derechos y deberes de la ciudadan\u00eda - CST","og_description":"Tal y como explica su pre\u00e1mbulo, la Carta catalana de derechos y deberes de las personas en relaci\u00f3n con la salud y la atenci\u00f3n sanitaria se constituye como un contrato social entre las personas y el sistema, que configura un marco de relaci\u00f3n en el que se define qu\u00e9 esperamos las personas del sistema sanitario [&hellip;]","og_url":"https:\/\/cst.cat\/es\/cst-2\/derechos-y-deberes-del-paciente\/","og_site_name":"CST","article_modified_time":"2025-01-15T10:07:36+00:00","og_image":[{"width":480,"height":480,"url":"https:\/\/cst.cat\/wp-content\/uploads\/2023\/01\/drets-deures-destacat.jpg","type":"image\/jpeg"}],"twitter_card":"summary_large_image","twitter_misc":{"Tiempo de lectura":"1 minuto"},"schema":{"@context":"https:\/\/schema.org","@graph":[{"@type":"WebPage","@id":"https:\/\/cst.cat\/es\/cst-2\/derechos-y-deberes-del-paciente\/","url":"https:\/\/cst.cat\/es\/cst-2\/derechos-y-deberes-del-paciente\/","name":"Derechos y deberes de la ciudadan\u00eda - CST","isPartOf":{"@id":"https:\/\/cst.cat\/es\/#website"},"primaryImageOfPage":{"@id":"https:\/\/cst.cat\/es\/cst-2\/derechos-y-deberes-del-paciente\/#primaryimage"},"image":{"@id":"https:\/\/cst.cat\/es\/cst-2\/derechos-y-deberes-del-paciente\/#primaryimage"},"thumbnailUrl":"https:\/\/cst.cat\/wp-content\/uploads\/2023\/01\/drets-deures-destacat.jpg","datePublished":"2023-01-17T15:13:37+00:00","dateModified":"2025-01-15T10:07:36+00:00","breadcrumb":{"@id":"https:\/\/cst.cat\/es\/cst-2\/derechos-y-deberes-del-paciente\/#breadcrumb"},"inLanguage":"es","potentialAction":[{"@type":"ReadAction","target":["https:\/\/cst.cat\/es\/cst-2\/derechos-y-deberes-del-paciente\/"]}]},{"@type":"ImageObject","inLanguage":"es","@id":"https:\/\/cst.cat\/es\/cst-2\/derechos-y-deberes-del-paciente\/#primaryimage","url":"https:\/\/cst.cat\/wp-content\/uploads\/2023\/01\/drets-deures-destacat.jpg","contentUrl":"https:\/\/cst.cat\/wp-content\/uploads\/2023\/01\/drets-deures-destacat.jpg","width":480,"height":480},{"@type":"BreadcrumbList","@id":"https:\/\/cst.cat\/es\/cst-2\/derechos-y-deberes-del-paciente\/#breadcrumb","itemListElement":[{"@type":"ListItem","position":1,"name":"Inici","item":"https:\/\/cst.cat\/es\/"},{"@type":"ListItem","position":2,"name":"CST","item":"https:\/\/cst.cat\/es\/cst-2\/"},{"@type":"ListItem","position":3,"name":"Derechos y deberes de la ciudadan\u00eda"}]},{"@type":"WebSite","@id":"https:\/\/cst.cat\/es\/#website","url":"https:\/\/cst.cat\/es\/","name":"CST","description":"","publisher":{"@id":"https:\/\/cst.cat\/es\/#organization"},"potentialAction":[{"@type":"SearchAction","target":{"@type":"EntryPoint","urlTemplate":"https:\/\/cst.cat\/es\/?s={search_term_string}"},"query-input":{"@type":"PropertyValueSpecification","valueRequired":true,"valueName":"search_term_string"}}],"inLanguage":"es"},{"@type":"Organization","@id":"https:\/\/cst.cat\/es\/#organization","name":"Consorci Sanitari de Terrassa","url":"https:\/\/cst.cat\/es\/","logo":{"@type":"ImageObject","inLanguage":"es","@id":"https:\/\/cst.cat\/es\/#\/schema\/logo\/image\/","url":"https:\/\/cst.cat\/wp-content\/uploads\/2021\/09\/logo-header.svg","contentUrl":"https:\/\/cst.cat\/wp-content\/uploads\/2021\/09\/logo-header.svg","width":90,"height":32,"caption":"Consorci Sanitari de Terrassa"},"image":{"@id":"https:\/\/cst.cat\/es\/#\/schema\/logo\/image\/"}}]}},"_links":{"self":[{"href":"https:\/\/cst.cat\/es\/wp-json\/wp\/v2\/pages\/15694","targetHints":{"allow":["GET"]}}],"collection":[{"href":"https:\/\/cst.cat\/es\/wp-json\/wp\/v2\/pages"}],"about":[{"href":"https:\/\/cst.cat\/es\/wp-json\/wp\/v2\/types\/page"}],"author":[{"embeddable":true,"href":"https:\/\/cst.cat\/es\/wp-json\/wp\/v2\/users\/2"}],"replies":[{"embeddable":true,"href":"https:\/\/cst.cat\/es\/wp-json\/wp\/v2\/comments?post=15694"}],"version-history":[{"count":0,"href":"https:\/\/cst.cat\/es\/wp-json\/wp\/v2\/pages\/15694\/revisions"}],"up":[{"embeddable":true,"href":"https:\/\/cst.cat\/es\/wp-json\/wp\/v2\/pages\/8733"}],"wp:featuredmedia":[{"embeddable":true,"href":"https:\/\/cst.cat\/es\/wp-json\/wp\/v2\/media\/15660"}],"wp:attachment":[{"href":"https:\/\/cst.cat\/es\/wp-json\/wp\/v2\/media?parent=15694"}],"curies":[{"name":"wp","href":"https:\/\/api.w.org\/{rel}","templated":true}]}}