{"id":19809,"date":"2023-07-26T11:55:04","date_gmt":"2023-07-26T09:55:04","guid":{"rendered":"https:\/\/cst.cat\/investigacion-e-innovacion\/la-fundacion-joan-costa-roma\/canal-interno-informacion\/"},"modified":"2023-07-26T11:56:28","modified_gmt":"2023-07-26T09:56:28","slug":"canal-interno-informacion","status":"publish","type":"page","link":"https:\/\/cst.cat\/es\/investigacion-e-innovacion\/la-fundacion-joan-costa-roma\/canal-interno-informacion\/","title":{"rendered":"Canal Interno Informaci\u00f3n"},"content":{"rendered":"\n<h2 class=\"wp-block-heading\">\u00bfQu\u00e9 es?<\/h2>\n\n<p><\/p>\n\n<p>El canal interno de informaci\u00f3n es el mecanismo preferente para informar de todas las acciones u omisiones que puedan constituir infracciones del Derecho de la Uni\u00f3n Europea, as\u00ed como infracciones penales o administrabas graves o muy graves en cumplimiento de la Ley 2\/2023 de 23 de febrero, reguladora de la protecci\u00f3n de las personas que informan sobre infracciones normativas y de lucha contra la corrupci\u00f3n.<\/p>\n\n<p>Con este canal interno de informaci\u00f3n, se pretende reforzar la cultura de cumplimiento de las entidades p\u00fablicas mediante la protecci\u00f3n de los denunciantes que informen sobre infracciones conocidas en el entorno laboral o profesional.<\/p>\n\n<h2 class=\"wp-block-heading\">\u00bfQu\u00e9 hechos son susceptibles de ser informados?<\/h2>\n\n<p><\/p>\n\n<p>Se podr\u00e1 informar sobre hechos o actuaciones que est\u00e9n relacionados con el Consorci Sanitari de Terrassa y que puedan suponer una vulneraci\u00f3n del Derecho de la Uni\u00f3n Europea as\u00ed como infracciones penales o administrativas graves o muy graves.<\/p>\n\n<h2 class=\"wp-block-heading\">\u00bfQui\u00e9n puede informar?<\/h2>\n\n<p><\/p>\n\n<p>Seg\u00fan el art\u00edculo 3 de la Ley 2\/2023 de 23 de febrero, podr\u00e1n comunicar los hechos irregulares en los que haya podido incurrir el Consorcio Sanitario de Terrassa las siguientes personas:<\/p>\n\n<p><\/p>\n\n<ul class=\"is-style-punts-blaus wp-block-list\">\n<li>Trabajadores y extrabajadores, aut\u00f3nomos, personas que pertenezcan al \u00f3rgano de administraci\u00f3n, voluntarios, becarios, estudiantes en pr\u00e1cticas as\u00ed como personas en un proceso de selecci\u00f3n.<\/li>\n\n\n\n<li>Cualquier persona que trabaje bajo la supervisi\u00f3n de contratistas, subcontratistas y proveedores.<\/li>\n<\/ul>\n\n<h2 class=\"wp-block-heading\"><br\/>\u00bfC\u00f3mo se puede informar?<\/h2>\n\n<p><\/p>\n\n<p>A trav\u00e9s del correo electr\u00f3nico habilitado al efecto; <a href=\"mailto:canalinterninformacio@cst.ca\">canalinterninformacio@cst.ca<\/a> t se podr\u00e1 informar de las pr\u00e1cticas irregulares susceptibles de infracci\u00f3n.<\/p>\n\n<p>Asimismo, la denuncia puede realizarse de forma an\u00f3nima y, el Consorcio Sanitario de Terrassa, garantizar\u00e1 la confidencialidad de la informaci\u00f3n y los derechos de los informantes.<\/p>\n\n<h2 class=\"wp-block-heading\"><br\/>Protecci\u00f3n de las personas que alertan de infracciones normativas  <br\/><\/h2>\n\n<p><\/p>\n\n<p>Aparte del canal interno de denuncias existente en el Consorcio Sanitario de Terrassa, la Autoridad Independiente de Protecci\u00f3n del Informante en Catalu\u00f1a corresponde a la Oficina Antifraude de Catalu\u00f1a. Su designaci\u00f3n est\u00e1 establecida en la disposici\u00f3n adicional s\u00e9ptima de la Ley 3\/2023 de 16 de marzo de medidas fiscales, financieras, administrativas y del sector p\u00fablico.<\/p>\n\n<h2 class=\"wp-block-heading\"><br\/>Tratamiento de datos personales<br\/><\/h2>\n\n<p><\/p>\n\n<p>Los datos de car\u00e1cter personal tratados con el objeto de tramitar la informaci\u00f3n recibida ser\u00e1n tratados de conformidad con la normativa vigente en materia de protecci\u00f3n de datos, y de acuerdo con lo que se establece expresamente en la normativa que regula los sistemas internos de informaci\u00f3n.<\/p>\n\n<p><br\/>El responsable de tratamiento de los datos personales es el Consorcio Sanitario de Terrassa, que tratar\u00e1 los datos con el fin de tramitar la informaci\u00f3n recibida, llevando a cabo todas las acciones necesarias a tal fin.<\/p>\n\n<p><br\/>Los interesados \u200b\u200bpodr\u00e1n solicitar por escrito al delegado de protecci\u00f3n de datos del Consorcio Sanitario de Terrassa ( <a href=\"info@ticsalut.cat\">info@ticsalut.cat<\/a> \/ <a href=\"mailto:protecciodades@cst.cat\">protecciodades@cst.cat<\/a> ) el ejercicio de sus derechos de acceso, rectificaci\u00f3n, supresi\u00f3n, limitaci\u00f3n del tratamiento, oposici\u00f3n o portabilidad de los datos.<\/p>\n\n<div class=\"wp-block-buttons is-layout-flex wp-block-buttons-is-layout-flex\">\n<div class=\"wp-block-button\"><a class=\"wp-block-button__link wp-element-button\" href=\"https:\/\/cst.cat\/wp-content\/uploads\/2023\/07\/REGLAMENT-canal-Llei-2-2023-CST.pdf\" target=\"_blank\" rel=\"noreferrer noopener\">Reglamento del canal interno informaci\u00f3n CST<\/a><\/div>\n<\/div>\n","protected":false},"excerpt":{"rendered":"<p>\u00bfQu\u00e9 es? El canal interno de informaci\u00f3n es el mecanismo preferente para informar de todas las acciones u omisiones que puedan constituir infracciones del Derecho de la Uni\u00f3n Europea, as\u00ed como infracciones penales o administrabas graves o muy graves en cumplimiento de la Ley 2\/2023 de 23 de febrero, reguladora de la protecci\u00f3n de las [&hellip;]<\/p>\n","protected":false},"author":2,"featured_media":926,"parent":8799,"menu_order":5,"comment_status":"closed","ping_status":"closed","template":"page-templates\/pagina-menu-lateral.php","meta":{"_acf_changed":false,"footnotes":""},"class_list":["post-19809","page","type-page","status-publish","has-post-thumbnail","hentry"],"acf":[],"yoast_head":"<!-- This site is optimized with the Yoast SEO plugin v27.2 - https:\/\/yoast.com\/product\/yoast-seo-wordpress\/ -->\n<title>Canal Interno Informaci\u00f3n - CST<\/title>\n<meta name=\"robots\" content=\"index, follow, max-snippet:-1, max-image-preview:large, max-video-preview:-1\" \/>\n<link rel=\"canonical\" href=\"https:\/\/cst.cat\/es\/investigacion-e-innovacion\/la-fundacion-joan-costa-roma\/canal-interno-informacion\/\" \/>\n<meta property=\"og:locale\" content=\"es_ES\" \/>\n<meta property=\"og:type\" content=\"article\" \/>\n<meta property=\"og:title\" content=\"Canal Interno Informaci\u00f3n - CST\" \/>\n<meta property=\"og:description\" content=\"\u00bfQu\u00e9 es? El canal interno de informaci\u00f3n es el mecanismo preferente para informar de todas las acciones u omisiones que puedan constituir infracciones del Derecho de la Uni\u00f3n Europea, as\u00ed como infracciones penales o administrabas graves o muy graves en cumplimiento de la Ley 2\/2023 de 23 de febrero, reguladora de la protecci\u00f3n de las [&hellip;]\" \/>\n<meta property=\"og:url\" content=\"https:\/\/cst.cat\/es\/investigacion-e-innovacion\/la-fundacion-joan-costa-roma\/canal-interno-informacion\/\" \/>\n<meta property=\"og:site_name\" content=\"CST\" \/>\n<meta property=\"article:modified_time\" content=\"2023-07-26T09:56:28+00:00\" \/>\n<meta property=\"og:image\" content=\"https:\/\/cst.cat\/wp-content\/uploads\/2021\/10\/borsa.jpg\" \/>\n\t<meta property=\"og:image:width\" content=\"1366\" \/>\n\t<meta property=\"og:image:height\" content=\"250\" \/>\n\t<meta property=\"og:image:type\" content=\"image\/jpeg\" \/>\n<meta name=\"twitter:card\" content=\"summary_large_image\" \/>\n<meta name=\"twitter:label1\" content=\"Tiempo de lectura\" \/>\n\t<meta name=\"twitter:data1\" content=\"3 minutos\" \/>\n<script type=\"application\/ld+json\" class=\"yoast-schema-graph\">{\"@context\":\"https:\/\/schema.org\",\"@graph\":[{\"@type\":\"WebPage\",\"@id\":\"https:\/\/cst.cat\/es\/investigacion-e-innovacion\/la-fundacion-joan-costa-roma\/canal-interno-informacion\/\",\"url\":\"https:\/\/cst.cat\/es\/investigacion-e-innovacion\/la-fundacion-joan-costa-roma\/canal-interno-informacion\/\",\"name\":\"Canal Interno Informaci\u00f3n - CST\",\"isPartOf\":{\"@id\":\"https:\/\/cst.cat\/es\/#website\"},\"primaryImageOfPage\":{\"@id\":\"https:\/\/cst.cat\/es\/investigacion-e-innovacion\/la-fundacion-joan-costa-roma\/canal-interno-informacion\/#primaryimage\"},\"image\":{\"@id\":\"https:\/\/cst.cat\/es\/investigacion-e-innovacion\/la-fundacion-joan-costa-roma\/canal-interno-informacion\/#primaryimage\"},\"thumbnailUrl\":\"https:\/\/cst.cat\/wp-content\/uploads\/2021\/10\/borsa.jpg\",\"datePublished\":\"2023-07-26T09:55:04+00:00\",\"dateModified\":\"2023-07-26T09:56:28+00:00\",\"breadcrumb\":{\"@id\":\"https:\/\/cst.cat\/es\/investigacion-e-innovacion\/la-fundacion-joan-costa-roma\/canal-interno-informacion\/#breadcrumb\"},\"inLanguage\":\"es\",\"potentialAction\":[{\"@type\":\"ReadAction\",\"target\":[\"https:\/\/cst.cat\/es\/investigacion-e-innovacion\/la-fundacion-joan-costa-roma\/canal-interno-informacion\/\"]}]},{\"@type\":\"ImageObject\",\"inLanguage\":\"es\",\"@id\":\"https:\/\/cst.cat\/es\/investigacion-e-innovacion\/la-fundacion-joan-costa-roma\/canal-interno-informacion\/#primaryimage\",\"url\":\"https:\/\/cst.cat\/wp-content\/uploads\/2021\/10\/borsa.jpg\",\"contentUrl\":\"https:\/\/cst.cat\/wp-content\/uploads\/2021\/10\/borsa.jpg\",\"width\":1366,\"height\":250},{\"@type\":\"BreadcrumbList\",\"@id\":\"https:\/\/cst.cat\/es\/investigacion-e-innovacion\/la-fundacion-joan-costa-roma\/canal-interno-informacion\/#breadcrumb\",\"itemListElement\":[{\"@type\":\"ListItem\",\"position\":1,\"name\":\"Inici\",\"item\":\"https:\/\/cst.cat\/es\/\"},{\"@type\":\"ListItem\",\"position\":2,\"name\":\"Investigaci\u00f3n e Innovaci\u00f3n\",\"item\":\"https:\/\/cst.cat\/es\/investigacion-e-innovacion\/\"},{\"@type\":\"ListItem\",\"position\":3,\"name\":\"La Fundaci\u00f3n Joan Costa Roma\",\"item\":\"https:\/\/cst.cat\/es\/investigacion-e-innovacion\/la-fundacion-joan-costa-roma\/\"},{\"@type\":\"ListItem\",\"position\":4,\"name\":\"Canal Interno Informaci\u00f3n\"}]},{\"@type\":\"WebSite\",\"@id\":\"https:\/\/cst.cat\/es\/#website\",\"url\":\"https:\/\/cst.cat\/es\/\",\"name\":\"CST\",\"description\":\"\",\"publisher\":{\"@id\":\"https:\/\/cst.cat\/es\/#organization\"},\"potentialAction\":[{\"@type\":\"SearchAction\",\"target\":{\"@type\":\"EntryPoint\",\"urlTemplate\":\"https:\/\/cst.cat\/es\/?s={search_term_string}\"},\"query-input\":{\"@type\":\"PropertyValueSpecification\",\"valueRequired\":true,\"valueName\":\"search_term_string\"}}],\"inLanguage\":\"es\"},{\"@type\":\"Organization\",\"@id\":\"https:\/\/cst.cat\/es\/#organization\",\"name\":\"Consorci Sanitari de Terrassa\",\"url\":\"https:\/\/cst.cat\/es\/\",\"logo\":{\"@type\":\"ImageObject\",\"inLanguage\":\"es\",\"@id\":\"https:\/\/cst.cat\/es\/#\/schema\/logo\/image\/\",\"url\":\"https:\/\/cst.cat\/wp-content\/uploads\/2021\/09\/logo-header.svg\",\"contentUrl\":\"https:\/\/cst.cat\/wp-content\/uploads\/2021\/09\/logo-header.svg\",\"width\":90,\"height\":32,\"caption\":\"Consorci Sanitari de Terrassa\"},\"image\":{\"@id\":\"https:\/\/cst.cat\/es\/#\/schema\/logo\/image\/\"}}]}<\/script>\n<!-- \/ Yoast SEO plugin. -->","yoast_head_json":{"title":"Canal Interno Informaci\u00f3n - CST","robots":{"index":"index","follow":"follow","max-snippet":"max-snippet:-1","max-image-preview":"max-image-preview:large","max-video-preview":"max-video-preview:-1"},"canonical":"https:\/\/cst.cat\/es\/investigacion-e-innovacion\/la-fundacion-joan-costa-roma\/canal-interno-informacion\/","og_locale":"es_ES","og_type":"article","og_title":"Canal Interno Informaci\u00f3n - CST","og_description":"\u00bfQu\u00e9 es? El canal interno de informaci\u00f3n es el mecanismo preferente para informar de todas las acciones u omisiones que puedan constituir infracciones del Derecho de la Uni\u00f3n Europea, as\u00ed como infracciones penales o administrabas graves o muy graves en cumplimiento de la Ley 2\/2023 de 23 de febrero, reguladora de la protecci\u00f3n de las [&hellip;]","og_url":"https:\/\/cst.cat\/es\/investigacion-e-innovacion\/la-fundacion-joan-costa-roma\/canal-interno-informacion\/","og_site_name":"CST","article_modified_time":"2023-07-26T09:56:28+00:00","og_image":[{"width":1366,"height":250,"url":"https:\/\/cst.cat\/wp-content\/uploads\/2021\/10\/borsa.jpg","type":"image\/jpeg"}],"twitter_card":"summary_large_image","twitter_misc":{"Tiempo de lectura":"3 minutos"},"schema":{"@context":"https:\/\/schema.org","@graph":[{"@type":"WebPage","@id":"https:\/\/cst.cat\/es\/investigacion-e-innovacion\/la-fundacion-joan-costa-roma\/canal-interno-informacion\/","url":"https:\/\/cst.cat\/es\/investigacion-e-innovacion\/la-fundacion-joan-costa-roma\/canal-interno-informacion\/","name":"Canal Interno Informaci\u00f3n - CST","isPartOf":{"@id":"https:\/\/cst.cat\/es\/#website"},"primaryImageOfPage":{"@id":"https:\/\/cst.cat\/es\/investigacion-e-innovacion\/la-fundacion-joan-costa-roma\/canal-interno-informacion\/#primaryimage"},"image":{"@id":"https:\/\/cst.cat\/es\/investigacion-e-innovacion\/la-fundacion-joan-costa-roma\/canal-interno-informacion\/#primaryimage"},"thumbnailUrl":"https:\/\/cst.cat\/wp-content\/uploads\/2021\/10\/borsa.jpg","datePublished":"2023-07-26T09:55:04+00:00","dateModified":"2023-07-26T09:56:28+00:00","breadcrumb":{"@id":"https:\/\/cst.cat\/es\/investigacion-e-innovacion\/la-fundacion-joan-costa-roma\/canal-interno-informacion\/#breadcrumb"},"inLanguage":"es","potentialAction":[{"@type":"ReadAction","target":["https:\/\/cst.cat\/es\/investigacion-e-innovacion\/la-fundacion-joan-costa-roma\/canal-interno-informacion\/"]}]},{"@type":"ImageObject","inLanguage":"es","@id":"https:\/\/cst.cat\/es\/investigacion-e-innovacion\/la-fundacion-joan-costa-roma\/canal-interno-informacion\/#primaryimage","url":"https:\/\/cst.cat\/wp-content\/uploads\/2021\/10\/borsa.jpg","contentUrl":"https:\/\/cst.cat\/wp-content\/uploads\/2021\/10\/borsa.jpg","width":1366,"height":250},{"@type":"BreadcrumbList","@id":"https:\/\/cst.cat\/es\/investigacion-e-innovacion\/la-fundacion-joan-costa-roma\/canal-interno-informacion\/#breadcrumb","itemListElement":[{"@type":"ListItem","position":1,"name":"Inici","item":"https:\/\/cst.cat\/es\/"},{"@type":"ListItem","position":2,"name":"Investigaci\u00f3n e Innovaci\u00f3n","item":"https:\/\/cst.cat\/es\/investigacion-e-innovacion\/"},{"@type":"ListItem","position":3,"name":"La Fundaci\u00f3n Joan Costa Roma","item":"https:\/\/cst.cat\/es\/investigacion-e-innovacion\/la-fundacion-joan-costa-roma\/"},{"@type":"ListItem","position":4,"name":"Canal Interno Informaci\u00f3n"}]},{"@type":"WebSite","@id":"https:\/\/cst.cat\/es\/#website","url":"https:\/\/cst.cat\/es\/","name":"CST","description":"","publisher":{"@id":"https:\/\/cst.cat\/es\/#organization"},"potentialAction":[{"@type":"SearchAction","target":{"@type":"EntryPoint","urlTemplate":"https:\/\/cst.cat\/es\/?s={search_term_string}"},"query-input":{"@type":"PropertyValueSpecification","valueRequired":true,"valueName":"search_term_string"}}],"inLanguage":"es"},{"@type":"Organization","@id":"https:\/\/cst.cat\/es\/#organization","name":"Consorci Sanitari de Terrassa","url":"https:\/\/cst.cat\/es\/","logo":{"@type":"ImageObject","inLanguage":"es","@id":"https:\/\/cst.cat\/es\/#\/schema\/logo\/image\/","url":"https:\/\/cst.cat\/wp-content\/uploads\/2021\/09\/logo-header.svg","contentUrl":"https:\/\/cst.cat\/wp-content\/uploads\/2021\/09\/logo-header.svg","width":90,"height":32,"caption":"Consorci Sanitari de Terrassa"},"image":{"@id":"https:\/\/cst.cat\/es\/#\/schema\/logo\/image\/"}}]}},"_links":{"self":[{"href":"https:\/\/cst.cat\/es\/wp-json\/wp\/v2\/pages\/19809","targetHints":{"allow":["GET"]}}],"collection":[{"href":"https:\/\/cst.cat\/es\/wp-json\/wp\/v2\/pages"}],"about":[{"href":"https:\/\/cst.cat\/es\/wp-json\/wp\/v2\/types\/page"}],"author":[{"embeddable":true,"href":"https:\/\/cst.cat\/es\/wp-json\/wp\/v2\/users\/2"}],"replies":[{"embeddable":true,"href":"https:\/\/cst.cat\/es\/wp-json\/wp\/v2\/comments?post=19809"}],"version-history":[{"count":0,"href":"https:\/\/cst.cat\/es\/wp-json\/wp\/v2\/pages\/19809\/revisions"}],"up":[{"embeddable":true,"href":"https:\/\/cst.cat\/es\/wp-json\/wp\/v2\/pages\/8799"}],"wp:featuredmedia":[{"embeddable":true,"href":"https:\/\/cst.cat\/es\/wp-json\/wp\/v2\/media\/926"}],"wp:attachment":[{"href":"https:\/\/cst.cat\/es\/wp-json\/wp\/v2\/media?parent=19809"}],"curies":[{"name":"wp","href":"https:\/\/api.w.org\/{rel}","templated":true}]}}