{"id":20955,"date":"2023-10-13T10:12:23","date_gmt":"2023-10-13T08:12:23","guid":{"rendered":"https:\/\/cst.cat\/investigacion-e-innovacion\/busqueda\/epidemiologia-y-clinica-en-salud-mental-ecsam\/"},"modified":"2024-08-05T11:28:04","modified_gmt":"2024-08-05T09:28:04","slug":"epidemiologia-y-clinica-en-salud-mental-ecsam","status":"publish","type":"page","link":"https:\/\/cst.cat\/es\/investigacion-e-innovacion\/busqueda\/epidemiologia-y-clinica-en-salud-mental-ecsam\/","title":{"rendered":"Epidemiolog\u00eda y Cl\u00ednica en Salud Mental (ECSAM)"},"content":{"rendered":"\n<p class=\"has-cyan-bluish-gray-color has-text-color\" style=\"font-size:12px\">GRUPOS DE INVESTIGACI\u00d3N<\/p>\n\n<h1 class=\"wp-block-heading\" id=\"cervell-cognicio-i-conducta\">Epidemiolog\u00eda y Cl\u00ednica en Salud Mental (ECSAM)<\/h1>\n\n<div style=\"height:39px\" aria-hidden=\"true\" class=\"wp-block-spacer\"><\/div>\n\n<h2 class=\"wp-block-heading\" id=\"membres\">Miembros<\/h2>\n\n<div style=\"height:20px\" aria-hidden=\"true\" class=\"wp-block-spacer\"><\/div>\n\n<p>N\u00faria Aragay Vicente, PhD<br\/> Vicen\u00e7 Vall\u00e8s Callol, MD<br\/> Laia Pijuan Gonz\u00e1lez<br\/> Isabel Ram\u00edrez Gendrau<br\/> Gemma Garrido Garc\u00eda, PhD<\/p>\n\n<div style=\"height:30px\" aria-hidden=\"true\" class=\"wp-block-spacer\"><\/div>\n\n<h2 class=\"wp-block-heading\" id=\"linies-de-recerca\">L\u00edneas de investigaci\u00f3n<\/h2>\n\n<figure class=\"wp-block-table grups-recerca\"><table><tbody><tr><td><strong>Amortizaci\u00f3n comportamentales<\/strong><\/td><td>Estudiar las diferentes adicciones conductuales tanto a nivel cl\u00ednico como epidemiol\u00f3gico.<\/td><\/tr><tr><td><strong>Rehabilitaci\u00f3n Cognitiva y Neurocognici\u00f3n<\/strong><\/td><td>Investigar el funcionamiento neurocognitivo en el TMS y la eficacia de los tratamientos de rehabilitaci\u00f3n.<\/td><\/tr><tr><td><strong>Terapias de tercera generaci\u00f3n<\/strong><\/td><td>Estudiar de la eficacia de los tratamientos basados en mindfulness en pacientes con TMS.<\/td><\/tr><tr><td><strong>  Metacognici\u00f3n y Cognici\u00f3n Social<\/strong><\/td><td>Valorada la eficacia de los tratamientos en metacognici\u00f3n y cognici\u00f3n social de forma transdiagn\u00f3stica<\/td><\/tr><\/tbody><\/table><\/figure>\n<p><\/p>\n\n<h2 class=\"wp-block-heading\" id=\"resum\">Resumen<\/h2>\n\n<div style=\"height:20px\" aria-hidden=\"true\" class=\"wp-block-spacer\"><\/div>\n\n<p>El grupo est\u00e1 formado por profesionales con larga experiencia en la pr\u00e1ctica cl\u00ednica, y estrechamente vinculados con la pr\u00e1ctica basada en la evidencia y en la docencia. Se han realizado colaboraciones con grupos nacionales como Instituto de Investigaciones Biom\u00e9dicas Agust\u00ed Pi i Sunyer (IDIBAPS), y Centro de Investigaci\u00f3n Biom\u00e9dica en Red de Salud Mental (CIBERSAM).<\/p>\n\n<p>La actividad principal est\u00e1 enfocada a tres ejes principales: El estudio de diferentes aspectos de la cognici\u00f3n humana en personas adultas con trastorno mental (trastornos afectivos, trastornos psic\u00f3ticos, trastornos de personalidad, trastorno del espectro autista). Aspectos cl\u00ednicos y terap\u00e9uticos de las adicciones conductuales, y la terap\u00e9utica en salud mental centrada en la rehabilitaci\u00f3n neuropsicol\u00f3gica y terapias de tercera generaci\u00f3n.<\/p>\n\n<p><\/p>\n\n<h2 class=\"wp-block-heading\">Contratos o convenios<\/h2>\n\n<p><\/p>\n\n<ul class=\"is-style-punts-blaus wp-block-list\">\n<li>Euglia plataforma de Rehabilitaci\u00f3n Cognitiva. Convenio de colaboraci\u00f3n entre CST y Euglia medicina y conocimiento desde 2014.<\/li>\n\n\n\n<li>Investigador colaborador de Beneficios de combinar el Entrenamiento Metacognitivo (EMC) con la Rehabilitaci\u00f3n Cognitiva (RC) en la recuperaci\u00f3n de pacientes con trastornos del espectro psic\u00f3tico\u00bb con UAB<\/li>\n<\/ul>\n\n<div style=\"height:20px\" aria-hidden=\"true\" class=\"wp-block-spacer\"><\/div>\n\r\n    <!-- block: cst-faqs -->\r\n            <section class=\"block-cst-faqs block-cst-accordion  grups-recerca p_te uni-cnt\">\r\n            <ul class=\"demo-accordion accordionjs\" data-active-index=\"false\">\r\n                                    <!-- Section 1 -->\r\n                    <li>\r\n                        <div>\r\n                            <h3>Publicaciones  <\/h3>\r\n                        <\/div>\r\n                        <div>\r\n                            <p><strong>Aragay N, Pijuan L<\/strong>, Cabestany \u00c0, Ramos-Grille I, <strong>Garrido G, Vall\u00e8s V<\/strong>, Jovell-Fern\u00e1ndez E. Current Addiction in Youth: Online Sports Betting. Front Psychiatry. 2021 Jan 13;11:590554. Costas-Carrera A, <strong>Garrido G<\/strong>, Penad\u00e9s R, Jovell E, Valenzuela L, Vendrell JM, Ramos-Grille I. Terapia de rehabilitaci\u00f3n cognitiva para trastornos depresivos: estudio piloto sobre la mejora y mantenimiento del funcionamiento cognitivo y psicosocial. Psiquiatria Biol\u00f3gica, 2020-09-01 <strong>,<\/strong> Volumen 27 <strong>,<\/strong> N\u00famero 3 <strong>,<\/strong> P\u00e1ginas 105-114 , <strong>Vall\u00e8s V<\/strong> . Impulsivity profiles in pathological slot machine gamblers. Compro Psychiatry. 2018 May;83:79-83. Garcia-Caballero A, Torrens-Lluch M, <strong>Ram\u00edrez-Gendrau I<\/strong>, <strong>Garrido G, Vall\u00e8s V, Aragay N<\/strong>. The efficacy of Motivational Intervention and Cognitive-Behavioral Therapy for Pathological Gambling. Adicciones. 2018 Jul 12; 30(3):219-224. D\u00edez D, <strong>Aragay N<\/strong>, Soms M, Prat G, Bonet P, Casas M. Women with compulsive buying or gambling disorder: Similar profiles for different behavioural addictions. Compro Psychiatry. 2018 Nov;87:95-99. <strong>Garrido G<\/strong> , Penad\u00e9s R, Barrios M, <strong>Aragay N<\/strong> , Ramos I, <strong>Vall\u00e9s V<\/strong> , Faja C, Vendrell JM. Computer-assisted cognitive remediation therapy in schizophrenia: Durability of the effects and cost-utility analysis. Psychiatry Nada. 2017 Aug;254:198-204. <strong>Aragay N<\/strong> , Jim\u00e9nez Murcia S, Granero R, Fern\u00e1ndez Aranda F, Ramos Grille I, Cardona S, <strong>Garrido G<\/strong> , Anisul Islam M, Mench\u00f3n JM, <strong>Vall\u00e9s V<\/strong> . Pathological gambling: understanding relapses and dropouts. Compro Psychiatry. 2015 Feb;57:58-64. Ramos-Grille I, Gom\u00e0-i-Freixanet M, <strong>Aragay N<\/strong>, Valero S, <strong>Vall\u00e8s V<\/strong>. Predicting treatment failure in pathological gambling: the role of personality traits. Addict Behav. 2015 Apr;43:54-9. Farr\u00e9 JM, Fern\u00e1ndez-Aranda F, Granero R, <strong>Aragay N<\/strong>, Mallorqu\u00edn-Bague N, Ferrer V, More A, Bouman WP, Arcelus J, Savvidou LG, Penelo E, Aymam\u00ed MN, G\u00f3mez-Pe\u00f1a M, Gunnard K, Romaguera A, Mench\u00f3n JM, <strong>Vall\u00e8s V<\/strong>, Jim\u00e9nez-Murcia S. Sex addiction and gambling disorder: similarities and differences. Compro Psychiatry. 2015 Jan;56:59-68. D\u00edez D, <strong>Aragay N<\/strong>, Soms M, Prat G, Casas M. Male and female pathological gamblers: bet in a different way and show different mental disorders. Span J Psychol. 2014 Dic 29;17:E101. <strong>Garrido G<\/strong> , Barrios M, Penad\u00e9s R, Enr\u00edquez M, Garolera M, <strong>Aragay N<\/strong> , Pajares M, <strong>Vall\u00e9s V<\/strong> , Delgado L, Alberni J, Faja C, Vendrell JM. Computer-assisted cognitive remediation therapy: cognition, self-esteem and quality of life in schizophrenia. Schizophr Res. 2013 Nov; 150(2-3):563-9. Ramos-Grille I, Gom\u00e0-i-Freixanet M, <strong>Aragay N<\/strong>, Valero S, <strong>Vall\u00e8s V<\/strong>. The role of personality in the prediction of treatment outcome in pathological gamblers: a follow-up study. Psychol Assess. 2013 Jun;25(2):599-605. <strong>Aragay N<\/strong> , Roca A, Garcia B, Marqueta C, Guijarro S, Delgado L, Garolera M, Alberni J, <strong>Vall\u00e8s V<\/strong> . Pathological gambling in a psychiatric sample. Compro Psychiatry. 2012 Jan; 53(1):9-14. Finke M, Barcel\u00f3 F, Garolera M, Corti\u00f1as M, <strong>Garrido G<\/strong>, Pajares M, Escera C. Impaired preparatory re-mapping of stimulus-response associations and rule-implementation in schizophrenic patients&#8211;the role for differences in early processing. Biol Psychol. 2011 Jul;87(3):358-65. <strong>Aragay N<\/strong> , Alberni J. Juego Patol\u00f3gico en el paciente anciano[Pathological gambling in the elderly] . Rev Esp Geriatr Gerontol. 2009 Jan-Feb; 44(1):54-5. Corti\u00f1as M, Corral MJ, <strong>Garrido G<\/strong>, Garolera M, Pajares M, Escera C. Reduced novelty-P3 associated with increased behavioral distractibility in schizophrenia. Biol Psychol. 2008 Jul; 78(3):253-60. Martorell L, Costas J, Valero J, Gutierrez-Zotes A, Phillips C, Torres M, Brunet A, <strong>Garrido G<\/strong>, Carracedo A, Guillamat R, Vall\u00e8s V, Guitart M, Labad A, Vilella E. Analyses of variants located in estrogen metabolism genes (ESR1, ESR2, COMT and APOE) and schizophrenia. Schizophr Res. 2008 Mar; 100(1-3):308-15. Fonseca F, Bulbena A, Navarrete R, <strong>Aragay N<\/strong>, Capo M, Lobo A, Trzepacz PT. Spanish version of the Delirium Rating Scale-Revised-98: reliability and validity. J Psychosom Nada. 2005 Sep;59(3):147-51. <strong>Cap\u00edtulos de Libros<\/strong> Todo al alcance de una tecla. Valdeperez, A., Aragay, N y D\u00edez, D. En Adicci\u00f3n a las nuevas tecnolog\u00edas. \u00bfLa epidemia del S.XXI?. Jimenez-Murcia S, Farr\u00e9 Mart\u00ed, JM. Singlantana 2015. (p121-136). El trastorno de Compra compulsiva. D\u00edez, D., Valdeperez, A., Aragay, N., Soms, m. Cuadernos de Medicina psicosom\u00e1tica y psiquiatr\u00eda de enlace, (2016), 117, 11-16. <strong>Proyectos<\/strong> Si tienes un CV completo donde tengas una lista de proyectos, env\u00edanoslo. Si no, lista los proyectos del grupo de los \u00faltimos 4 a\u00f1os, donde conste el t\u00edtulo, Investigador Principal, entidad financiadora, convocatoria e importe concedido.<\/p>\n                        <\/div>\r\n                    <\/li>\r\n                            <\/ul>\r\n        <\/section>\r\n        <!-- end block: cst-faqs -->\r\n\n<div style=\"height:20px\" aria-hidden=\"true\" class=\"wp-block-spacer\"><\/div>\n\n<ul class=\"is-style-punts-blaus wp-block-list\"><\/ul>","protected":false},"excerpt":{"rendered":"<p>GRUPOS DE INVESTIGACI\u00d3N Epidemiolog\u00eda y Cl\u00ednica en Salud Mental (ECSAM) Miembros N\u00faria Aragay Vicente, PhD Vicen\u00e7 Vall\u00e8s Callol, MD Laia Pijuan Gonz\u00e1lez Isabel Ram\u00edrez Gendrau Gemma Garrido Garc\u00eda, PhD L\u00edneas de investigaci\u00f3n Amortizaci\u00f3n comportamentales Estudiar las diferentes adicciones conductuales tanto a nivel cl\u00ednico como epidemiol\u00f3gico. Rehabilitaci\u00f3n Cognitiva y Neurocognici\u00f3n Investigar el funcionamiento neurocognitivo en el [&hellip;]<\/p>\n","protected":false},"author":4,"featured_media":0,"parent":8810,"menu_order":3,"comment_status":"closed","ping_status":"closed","template":"page-templates\/pagina-menu-lateral.php","meta":{"_acf_changed":false,"footnotes":""},"class_list":["post-20955","page","type-page","status-publish","hentry"],"acf":[],"yoast_head":"<!-- This site is optimized with the Yoast SEO plugin v27.2 - https:\/\/yoast.com\/product\/yoast-seo-wordpress\/ -->\n<title>Epidemiolog\u00eda y Cl\u00ednica en Salud Mental (ECSAM) - CST<\/title>\n<meta name=\"robots\" content=\"index, follow, max-snippet:-1, max-image-preview:large, max-video-preview:-1\" \/>\n<link rel=\"canonical\" href=\"https:\/\/cst.cat\/es\/investigacion-e-innovacion\/busqueda\/epidemiologia-y-clinica-en-salud-mental-ecsam\/\" \/>\n<meta property=\"og:locale\" content=\"es_ES\" \/>\n<meta property=\"og:type\" content=\"article\" \/>\n<meta property=\"og:title\" content=\"Epidemiolog\u00eda y Cl\u00ednica en Salud Mental (ECSAM) - CST\" \/>\n<meta property=\"og:description\" content=\"GRUPOS DE INVESTIGACI\u00d3N Epidemiolog\u00eda y Cl\u00ednica en Salud Mental (ECSAM) Miembros N\u00faria Aragay Vicente, PhD Vicen\u00e7 Vall\u00e8s Callol, MD Laia Pijuan Gonz\u00e1lez Isabel Ram\u00edrez Gendrau Gemma Garrido Garc\u00eda, PhD L\u00edneas de investigaci\u00f3n Amortizaci\u00f3n comportamentales Estudiar las diferentes adicciones conductuales tanto a nivel cl\u00ednico como epidemiol\u00f3gico. Rehabilitaci\u00f3n Cognitiva y Neurocognici\u00f3n Investigar el funcionamiento neurocognitivo en el [&hellip;]\" \/>\n<meta property=\"og:url\" content=\"https:\/\/cst.cat\/es\/investigacion-e-innovacion\/busqueda\/epidemiologia-y-clinica-en-salud-mental-ecsam\/\" \/>\n<meta property=\"og:site_name\" content=\"CST\" \/>\n<meta property=\"article:modified_time\" content=\"2024-08-05T09:28:04+00:00\" \/>\n<meta name=\"twitter:card\" content=\"summary_large_image\" \/>\n<meta name=\"twitter:label1\" content=\"Tiempo de lectura\" \/>\n\t<meta name=\"twitter:data1\" content=\"1 minuto\" \/>\n<script type=\"application\/ld+json\" class=\"yoast-schema-graph\">{\"@context\":\"https:\/\/schema.org\",\"@graph\":[{\"@type\":\"WebPage\",\"@id\":\"https:\/\/cst.cat\/es\/investigacion-e-innovacion\/busqueda\/epidemiologia-y-clinica-en-salud-mental-ecsam\/\",\"url\":\"https:\/\/cst.cat\/es\/investigacion-e-innovacion\/busqueda\/epidemiologia-y-clinica-en-salud-mental-ecsam\/\",\"name\":\"Epidemiolog\u00eda y Cl\u00ednica en Salud Mental (ECSAM) - CST\",\"isPartOf\":{\"@id\":\"https:\/\/cst.cat\/es\/#website\"},\"datePublished\":\"2023-10-13T08:12:23+00:00\",\"dateModified\":\"2024-08-05T09:28:04+00:00\",\"breadcrumb\":{\"@id\":\"https:\/\/cst.cat\/es\/investigacion-e-innovacion\/busqueda\/epidemiologia-y-clinica-en-salud-mental-ecsam\/#breadcrumb\"},\"inLanguage\":\"es\",\"potentialAction\":[{\"@type\":\"ReadAction\",\"target\":[\"https:\/\/cst.cat\/es\/investigacion-e-innovacion\/busqueda\/epidemiologia-y-clinica-en-salud-mental-ecsam\/\"]}]},{\"@type\":\"BreadcrumbList\",\"@id\":\"https:\/\/cst.cat\/es\/investigacion-e-innovacion\/busqueda\/epidemiologia-y-clinica-en-salud-mental-ecsam\/#breadcrumb\",\"itemListElement\":[{\"@type\":\"ListItem\",\"position\":1,\"name\":\"Inici\",\"item\":\"https:\/\/cst.cat\/es\/\"},{\"@type\":\"ListItem\",\"position\":2,\"name\":\"Investigaci\u00f3n e Innovaci\u00f3n\",\"item\":\"https:\/\/cst.cat\/es\/investigacion-e-innovacion\/\"},{\"@type\":\"ListItem\",\"position\":3,\"name\":\"Investigaci\u00f3n\",\"item\":\"https:\/\/cst.cat\/es\/investigacion-e-innovacion\/busqueda\/\"},{\"@type\":\"ListItem\",\"position\":4,\"name\":\"Epidemiolog\u00eda y Cl\u00ednica en Salud Mental (ECSAM)\"}]},{\"@type\":\"WebSite\",\"@id\":\"https:\/\/cst.cat\/es\/#website\",\"url\":\"https:\/\/cst.cat\/es\/\",\"name\":\"CST\",\"description\":\"\",\"publisher\":{\"@id\":\"https:\/\/cst.cat\/es\/#organization\"},\"potentialAction\":[{\"@type\":\"SearchAction\",\"target\":{\"@type\":\"EntryPoint\",\"urlTemplate\":\"https:\/\/cst.cat\/es\/?s={search_term_string}\"},\"query-input\":{\"@type\":\"PropertyValueSpecification\",\"valueRequired\":true,\"valueName\":\"search_term_string\"}}],\"inLanguage\":\"es\"},{\"@type\":\"Organization\",\"@id\":\"https:\/\/cst.cat\/es\/#organization\",\"name\":\"Consorci Sanitari de Terrassa\",\"url\":\"https:\/\/cst.cat\/es\/\",\"logo\":{\"@type\":\"ImageObject\",\"inLanguage\":\"es\",\"@id\":\"https:\/\/cst.cat\/es\/#\/schema\/logo\/image\/\",\"url\":\"https:\/\/cst.cat\/wp-content\/uploads\/2021\/09\/logo-header.svg\",\"contentUrl\":\"https:\/\/cst.cat\/wp-content\/uploads\/2021\/09\/logo-header.svg\",\"width\":90,\"height\":32,\"caption\":\"Consorci Sanitari de Terrassa\"},\"image\":{\"@id\":\"https:\/\/cst.cat\/es\/#\/schema\/logo\/image\/\"}}]}<\/script>\n<!-- \/ Yoast SEO plugin. -->","yoast_head_json":{"title":"Epidemiolog\u00eda y Cl\u00ednica en Salud Mental (ECSAM) - CST","robots":{"index":"index","follow":"follow","max-snippet":"max-snippet:-1","max-image-preview":"max-image-preview:large","max-video-preview":"max-video-preview:-1"},"canonical":"https:\/\/cst.cat\/es\/investigacion-e-innovacion\/busqueda\/epidemiologia-y-clinica-en-salud-mental-ecsam\/","og_locale":"es_ES","og_type":"article","og_title":"Epidemiolog\u00eda y Cl\u00ednica en Salud Mental (ECSAM) - CST","og_description":"GRUPOS DE INVESTIGACI\u00d3N Epidemiolog\u00eda y Cl\u00ednica en Salud Mental (ECSAM) Miembros N\u00faria Aragay Vicente, PhD Vicen\u00e7 Vall\u00e8s Callol, MD Laia Pijuan Gonz\u00e1lez Isabel Ram\u00edrez Gendrau Gemma Garrido Garc\u00eda, PhD L\u00edneas de investigaci\u00f3n Amortizaci\u00f3n comportamentales Estudiar las diferentes adicciones conductuales tanto a nivel cl\u00ednico como epidemiol\u00f3gico. Rehabilitaci\u00f3n Cognitiva y Neurocognici\u00f3n Investigar el funcionamiento neurocognitivo en el [&hellip;]","og_url":"https:\/\/cst.cat\/es\/investigacion-e-innovacion\/busqueda\/epidemiologia-y-clinica-en-salud-mental-ecsam\/","og_site_name":"CST","article_modified_time":"2024-08-05T09:28:04+00:00","twitter_card":"summary_large_image","twitter_misc":{"Tiempo de lectura":"1 minuto"},"schema":{"@context":"https:\/\/schema.org","@graph":[{"@type":"WebPage","@id":"https:\/\/cst.cat\/es\/investigacion-e-innovacion\/busqueda\/epidemiologia-y-clinica-en-salud-mental-ecsam\/","url":"https:\/\/cst.cat\/es\/investigacion-e-innovacion\/busqueda\/epidemiologia-y-clinica-en-salud-mental-ecsam\/","name":"Epidemiolog\u00eda y Cl\u00ednica en Salud Mental (ECSAM) - CST","isPartOf":{"@id":"https:\/\/cst.cat\/es\/#website"},"datePublished":"2023-10-13T08:12:23+00:00","dateModified":"2024-08-05T09:28:04+00:00","breadcrumb":{"@id":"https:\/\/cst.cat\/es\/investigacion-e-innovacion\/busqueda\/epidemiologia-y-clinica-en-salud-mental-ecsam\/#breadcrumb"},"inLanguage":"es","potentialAction":[{"@type":"ReadAction","target":["https:\/\/cst.cat\/es\/investigacion-e-innovacion\/busqueda\/epidemiologia-y-clinica-en-salud-mental-ecsam\/"]}]},{"@type":"BreadcrumbList","@id":"https:\/\/cst.cat\/es\/investigacion-e-innovacion\/busqueda\/epidemiologia-y-clinica-en-salud-mental-ecsam\/#breadcrumb","itemListElement":[{"@type":"ListItem","position":1,"name":"Inici","item":"https:\/\/cst.cat\/es\/"},{"@type":"ListItem","position":2,"name":"Investigaci\u00f3n e Innovaci\u00f3n","item":"https:\/\/cst.cat\/es\/investigacion-e-innovacion\/"},{"@type":"ListItem","position":3,"name":"Investigaci\u00f3n","item":"https:\/\/cst.cat\/es\/investigacion-e-innovacion\/busqueda\/"},{"@type":"ListItem","position":4,"name":"Epidemiolog\u00eda y Cl\u00ednica en Salud Mental (ECSAM)"}]},{"@type":"WebSite","@id":"https:\/\/cst.cat\/es\/#website","url":"https:\/\/cst.cat\/es\/","name":"CST","description":"","publisher":{"@id":"https:\/\/cst.cat\/es\/#organization"},"potentialAction":[{"@type":"SearchAction","target":{"@type":"EntryPoint","urlTemplate":"https:\/\/cst.cat\/es\/?s={search_term_string}"},"query-input":{"@type":"PropertyValueSpecification","valueRequired":true,"valueName":"search_term_string"}}],"inLanguage":"es"},{"@type":"Organization","@id":"https:\/\/cst.cat\/es\/#organization","name":"Consorci Sanitari de Terrassa","url":"https:\/\/cst.cat\/es\/","logo":{"@type":"ImageObject","inLanguage":"es","@id":"https:\/\/cst.cat\/es\/#\/schema\/logo\/image\/","url":"https:\/\/cst.cat\/wp-content\/uploads\/2021\/09\/logo-header.svg","contentUrl":"https:\/\/cst.cat\/wp-content\/uploads\/2021\/09\/logo-header.svg","width":90,"height":32,"caption":"Consorci Sanitari de Terrassa"},"image":{"@id":"https:\/\/cst.cat\/es\/#\/schema\/logo\/image\/"}}]}},"_links":{"self":[{"href":"https:\/\/cst.cat\/es\/wp-json\/wp\/v2\/pages\/20955","targetHints":{"allow":["GET"]}}],"collection":[{"href":"https:\/\/cst.cat\/es\/wp-json\/wp\/v2\/pages"}],"about":[{"href":"https:\/\/cst.cat\/es\/wp-json\/wp\/v2\/types\/page"}],"author":[{"embeddable":true,"href":"https:\/\/cst.cat\/es\/wp-json\/wp\/v2\/users\/4"}],"replies":[{"embeddable":true,"href":"https:\/\/cst.cat\/es\/wp-json\/wp\/v2\/comments?post=20955"}],"version-history":[{"count":0,"href":"https:\/\/cst.cat\/es\/wp-json\/wp\/v2\/pages\/20955\/revisions"}],"up":[{"embeddable":true,"href":"https:\/\/cst.cat\/es\/wp-json\/wp\/v2\/pages\/8810"}],"wp:attachment":[{"href":"https:\/\/cst.cat\/es\/wp-json\/wp\/v2\/media?parent=20955"}],"curies":[{"name":"wp","href":"https:\/\/api.w.org\/{rel}","templated":true}]}}