{"id":29009,"date":"2025-02-28T09:03:19","date_gmt":"2025-02-28T08:03:19","guid":{"rendered":"https:\/\/cst.cat\/investigacion-e-innovacion\/apartado-biblioteca\/"},"modified":"2025-10-06T10:52:02","modified_gmt":"2025-10-06T08:52:02","slug":"apartado-biblioteca","status":"publish","type":"page","link":"https:\/\/cst.cat\/es\/investigacion-e-innovacion\/apartado-biblioteca\/","title":{"rendered":"Biblioteca"},"content":{"rendered":"\r\n    \r\n    <!-- block: banner-header -->\r\n    <style>\r\n        @media screen and (max-width: 767px) {\r\n            .block-banner-header.inner-banner {\r\n                height: auto !important;\r\n            }\r\n        }\r\n    <\/style>\r\n    <section class=\"block-banner-header  left inner-banner\">\r\n        <div>\r\n            <img decoding=\"async\" width=\"100%\" height=\"100%\" loading=\"lazy\" src=\"https:\/\/cst.cat\/wp-content\/uploads\/2025\/03\/cst-biblioteca-blauclar-header-1-scaled.webp\" srcset=\"https:\/\/cst.cat\/wp-content\/uploads\/2025\/03\/cst-biblioteca-blauclar-header-1-scaled.webp 2560w, https:\/\/cst.cat\/wp-content\/uploads\/2025\/03\/cst-biblioteca-blauclar-header-1-600x154.webp 600w, https:\/\/cst.cat\/wp-content\/uploads\/2025\/03\/cst-biblioteca-blauclar-header-1-1366x350.webp 1366w, https:\/\/cst.cat\/wp-content\/uploads\/2025\/03\/cst-biblioteca-blauclar-header-1-300x77.webp 300w, https:\/\/cst.cat\/wp-content\/uploads\/2025\/03\/cst-biblioteca-blauclar-header-1-768x197.webp 768w, https:\/\/cst.cat\/wp-content\/uploads\/2025\/03\/cst-biblioteca-blauclar-header-1-1536x394.webp 1536w, https:\/\/cst.cat\/wp-content\/uploads\/2025\/03\/cst-biblioteca-blauclar-header-1-2048x525.webp 2048w\" alt=\"\">\r\n        <\/div>\r\n        <div class=\"inner-banner-cnt\">\r\n            <div class=\"row\">\r\n                <h2>Biblioteca<\/h2>\r\n                <p>Fundaci\u00f3n Joan Costa i Roma<\/p>\r\n                <div class=\"aero\">\r\n                    <a href=\"javascript:void(0);\">\r\n                        <img decoding=\"async\" src=\"https:\/\/cst.cat\/wp-content\/themes\/cst\/inc\/blocks\/cst\/banner-header\/images\/double-arrw-down.svg\">\r\n                    <\/a>\r\n                <\/div>\r\n            <\/div>\r\n        <\/div>\r\n    <\/section>\r\n    <!-- end block: banner-header -->\r\n\n<div class=\"wp-block-columns is-style-columns-marge is-layout-flex wp-container-core-columns-is-layout-9d6595d7 wp-block-columns-is-layout-flex\" style=\"font-size:24px\">\n<div class=\"wp-block-column is-layout-flow wp-block-column-is-layout-flow\" style=\"flex-basis:100%\">\n<div style=\"height:50px\" aria-hidden=\"true\" class=\"wp-block-spacer\"><\/div>\n\n\n\n<figure class=\"wp-block-image size-large\"><img loading=\"lazy\" decoding=\"async\" width=\"94\" height=\"62\" src=\"https:\/\/cst.cat\/wp-content\/uploads\/2025\/03\/ico-book.svg\" alt=\"\" class=\"wp-image-29262\"\/><\/figure>\n\n\n<div style=\"height:20px\" aria-hidden=\"true\" class=\"wp-block-spacer\"><\/div>\n\n\n\n<p class=\"is-style-default\" style=\"font-size:18px\">La Biblioteca del <strong>Consorcio Sanitario de Terrassa (CST)<\/strong> y la <strong>Fundaci\u00f3n Joan Costa i Roma<\/strong> es un espacio de referencia para los profesionales sanitarios, destinado a facilitar el acceso a recursos documentales y tecnolog\u00edas de la informaci\u00f3n en salud<\/p>\n\n\n\n<p class=\"is-style-default\" style=\"font-size:18px\">Con una orientaci\u00f3n centrada en las necesidades de las personas usuarias, tiene como prop\u00f3sito dotarlas de las competencias necesarias para gestionar, evaluar y comunicar la informaci\u00f3n de forma \u00e9tica y legal, favoreciendo la toma de decisiones basadas en la evidencia y la mejora continua de la pr\u00e1ctica profesional.<\/p>\n\n\n\n<p class=\"is-style-default\" style=\"font-size:18px\">Este servicio esencial apoya la formaci\u00f3n, la docencia, la investigaci\u00f3n, la innovaci\u00f3n y la gesti\u00f3n, con recursos presenciales y virtuales adaptados a los diferentes colectivos profesionales. Adem\u00e1s, establece convenios, alianzas y acuerdos con otras bibliotecas e instituciones para ampliar su oferta de servicios y colaborar en \u00e1mbitos de inter\u00e9s com\u00fan, como la biblioteca de la <g id=\"gid_0\">UIC<\/g> . Actualmente, forma parte activa del <a href=\"https:\/\/www.cobdc.net\/gics\/?page_id=2\" target=\"_blank\" rel=\"noreferrer noopener\">\n  <strong>GICS<\/strong>\n<\/a> , <strong>Grupo de Informaci\u00f3n de Ciencias de la Salud de Catalu\u00f1a<\/strong> del <a href=\"http:\/\/www.cobdc.org\/\" target=\"_blank\" rel=\"noreferrer noopener\">\n  <strong>Colegio Oficial de Bibliotecarios y Documentalistas de Catalu\u00f1a<\/strong>\n<\/a> , y del <strong>Grupo de Trabajo de Ciencias de la Salud de Espa\u00f1a<\/strong> .  <\/p>\n\n\n\n<div style=\"height:53px\" aria-hidden=\"true\" class=\"wp-block-spacer\"><\/div>\n\n\n\n<div class=\"wp-block-buttons is-layout-flex wp-block-buttons-is-layout-flex\">\n<div class=\"wp-block-button has-custom-font-size is-style-button-blau has-medium-font-size\"><a class=\"wp-block-button__link wp-element-button\" href=\"https:\/\/b-cst.c17.net\/es\/o17\/my\" target=\"_blank\" rel=\"noreferrer noopener\">Acceso Biblioteca<\/a><\/div>\n<\/div>\n\n\n\n<div class=\"wp-block-buttons is-layout-flex wp-block-buttons-is-layout-flex\"><\/div>\n\n\n\n<div style=\"height:49px\" aria-hidden=\"true\" class=\"wp-block-spacer\"><\/div>\n<\/div>\n<\/div>\n\n<div class=\"wp-block-group has-background\" style=\"background-color:#00addf\"><div class=\"wp-block-group__inner-container is-layout-constrained wp-block-group-is-layout-constrained\">\n<div class=\"wp-block-columns is-style-columns-marge is-layout-flex wp-container-core-columns-is-layout-9d6595d7 wp-block-columns-is-layout-flex\" style=\"font-size:24px\">\n<div class=\"wp-block-column is-layout-flow wp-block-column-is-layout-flow\">\n<div style=\"height:80px\" aria-hidden=\"true\" class=\"wp-block-spacer\"><\/div>\n\n\n\n<figure class=\"wp-block-image size-large\"><img loading=\"lazy\" decoding=\"async\" width=\"99\" height=\"99\" src=\"https:\/\/cst.cat\/wp-content\/uploads\/2025\/03\/missio-biblioteca.svg\" alt=\"\" class=\"wp-image-29274\"\/><\/figure>\n\n\n<div style=\"height:25px\" aria-hidden=\"true\" class=\"wp-block-spacer\"><\/div>\n\n\n\n<h2 class=\"wp-block-heading has-text-color\" style=\"color:#1b2d4d;font-size:26px;font-style:normal;font-weight:700\"><strong>Misi\u00f3n<\/strong><\/h2>\n\n\n\n<div style=\"height:20px\" aria-hidden=\"true\" class=\"wp-block-spacer\"><\/div>\n\n\n\n<p class=\"is-style-default has-text-color\" style=\"color:#1b2d4d;font-size:16px\">Proporcionar a los profesionales del <strong>CST<\/strong> los recursos y servicios bibliotecarios necesarios para satisfacer sus necesidades de informaci\u00f3n e investigaci\u00f3n, facilitando as\u00ed una actividad asistencial, docente e investigadora de calidad.<\/p>\n\n\n\n<div style=\"height:80px\" aria-hidden=\"true\" class=\"wp-block-spacer\"><\/div>\n<\/div>\n\n\n\n<div class=\"wp-block-column is-layout-flow wp-block-column-is-layout-flow\">\n<div style=\"height:80px\" aria-hidden=\"true\" class=\"wp-block-spacer\"><\/div>\n\n\n\n<figure class=\"wp-block-image size-large\"><img loading=\"lazy\" decoding=\"async\" width=\"100\" height=\"100\" src=\"https:\/\/cst.cat\/wp-content\/uploads\/2025\/03\/visio-biblioteca.svg\" alt=\"\" class=\"wp-image-29276\"\/><\/figure>\n\n\n<div style=\"height:25px\" aria-hidden=\"true\" class=\"wp-block-spacer\"><\/div>\n\n\n\n<h2 class=\"wp-block-heading has-text-color\" style=\"color:#1b2d4d;font-size:26px;font-style:normal;font-weight:700\"><strong>Objetivo<\/strong><\/h2>\n\n\n\n<div style=\"height:20px\" aria-hidden=\"true\" class=\"wp-block-spacer\"><\/div>\n\n\n\n<p class=\"is-style-default has-text-color\" style=\"color:#1b2d4d;font-size:16px\">Garantizar el acceso a la informaci\u00f3n cient\u00edfica y documental para apoyar la pr\u00e1ctica asistencial, docente, de formaci\u00f3n continua y de investigaci\u00f3n, mediante tecnolog\u00edas y recursos de calidad, de forma eficiente y oportuna.<\/p>\n\n\n\n<div style=\"height:80px\" aria-hidden=\"true\" class=\"wp-block-spacer\"><\/div>\n<\/div>\n<\/div>\n<\/div><\/div>\n\n<div class=\"wp-block-group has-white-background-color has-background\"><div class=\"wp-block-group__inner-container is-layout-constrained wp-block-group-is-layout-constrained\">\n<div class=\"wp-block-columns is-style-columns-marge is-layout-flex wp-container-core-columns-is-layout-9d6595d7 wp-block-columns-is-layout-flex\" style=\"font-size:24px\">\n<div class=\"wp-block-column is-layout-flow wp-block-column-is-layout-flow\">\n<div style=\"height:80px\" aria-hidden=\"true\" class=\"wp-block-spacer\"><\/div>\n\n\n\n<figure class=\"wp-block-image size-large\"><img loading=\"lazy\" decoding=\"async\" width=\"99\" height=\"99\" src=\"https:\/\/cst.cat\/wp-content\/uploads\/2025\/03\/serveis-biblioteca.svg\" alt=\"\" class=\"wp-image-29289\"\/><\/figure>\n\n\n<div style=\"height:25px\" aria-hidden=\"true\" class=\"wp-block-spacer\"><\/div>\n\n\n\n<h2 class=\"wp-block-heading has-text-color\" style=\"color:#1b2d4d;font-size:26px;font-style:normal;font-weight:700\"><strong>Servicios<\/strong><\/h2>\n\n\n\n<div style=\"height:20px\" aria-hidden=\"true\" class=\"wp-block-spacer\"><\/div>\n\n\n\n<p class=\"is-style-paragraf-gran\" style=\"font-size:16px\">La <strong>Biblioteca del CST<\/strong> ofrece un amplio abanico de servicios para facilitar el acceso a la informaci\u00f3n cient\u00edfica, apoyar la investigaci\u00f3n e impulsar la formaci\u00f3n continua del personal sanitario. Estos servicios se adaptan a las necesidades espec\u00edficas de los diferentes profesionales del <strong>CST<\/strong> . <\/p>\n\n\n\n<p><\/p>\n\n\n\n<hr class=\"wp-block-separator has-text-color has-alpha-channel-opacity has-background\" style=\"background-color:#e9eaee;color:#e9eaee\"\/>\n\n\n\n<div class=\"wp-block-group\"><div class=\"wp-block-group__inner-container is-layout-constrained wp-block-group-is-layout-constrained\">\n<h3 class=\"wp-block-heading has-text-color\" style=\"color:#1b2d4d;font-size:20px\"><strong>Informaci\u00f3n General<\/strong><\/h3>\n\n\n\n<div style=\"height:20px\" aria-hidden=\"true\" class=\"wp-block-spacer\"><\/div>\n\n\n\n<ul class=\"is-style-punts-blaus wp-block-list\">\n<li style=\"font-size:16px\">Atenci\u00f3n personalizada y telem\u00e1tica sobre los servicios y recursos bibliogr\u00e1ficos que disponemos, entre los que est\u00e1n <strong>ClinicalKey<\/strong> , <strong>ClinicalKey Nurse<\/strong> , <strong>UpToDate<\/strong> , <strong>CINAHL<\/strong> , <strong>INQUIRO<\/strong> , y acceso a m\u00e1s libros y revistas mediante suscripciones a <strong>OVID<\/strong> y <strong>EBSCO<\/strong> .<\/li>\n\n\n\n<li style=\"font-size:16px\">Informaci\u00f3n sobre el funcionamiento de la biblioteca y bienvenida al nuevo personal.<\/li>\n\n\n\n<li style=\"font-size:16px\">Informaci\u00f3n sobre el <strong>Club de Lectura para el personal<\/strong> del CST.<\/li>\n<\/ul>\n\n\n\n<div style=\"height:20px\" aria-hidden=\"true\" class=\"wp-block-spacer\"><\/div>\n<\/div><\/div>\n\n\n\n<hr class=\"wp-block-separator has-text-color has-alpha-channel-opacity has-background\" style=\"background-color:#e9eaee;color:#e9eaee\"\/>\n\n\n\n<div class=\"wp-block-group\"><div class=\"wp-block-group__inner-container is-layout-constrained wp-block-group-is-layout-constrained\">\n<h3 class=\"wp-block-heading has-text-color\" style=\"color:#1b2d4d;font-size:20px\"><strong>Servicio de Obtenci\u00f3n de Documentos<\/strong><\/h3>\n\n\n\n<div style=\"height:20px\" aria-hidden=\"true\" class=\"wp-block-spacer\"><\/div>\n\n\n\n<ul class=\"is-style-punts-blaus wp-block-list\">\n<li style=\"font-size:16px\">Gesti\u00f3n de peticiones de bibliograf\u00eda realizadas por los profesionales del <strong>CST<\/strong> .<\/li>\n\n\n\n<li style=\"font-size:16px\">Pr\u00e9stamo interbibliotecario e intercambio de documentos con otros centros.<\/li>\n<\/ul>\n\n\n\n<div style=\"height:20px\" aria-hidden=\"true\" class=\"wp-block-spacer\"><\/div>\n<\/div><\/div>\n\n\n\n<hr class=\"wp-block-separator has-text-color has-alpha-channel-opacity has-background\" style=\"background-color:#e9eaee;color:#e9eaee\"\/>\n\n\n\n<div class=\"wp-block-group\"><div class=\"wp-block-group__inner-container is-layout-constrained wp-block-group-is-layout-constrained\">\n<h3 class=\"wp-block-heading has-text-color\" style=\"color:#1b2d4d;font-size:20px\"><strong>Apoyo y asesoramiento en la b\u00fasqueda bibliogr\u00e1fica<\/strong><\/h3>\n\n\n\n<div style=\"height:20px\" aria-hidden=\"true\" class=\"wp-block-spacer\"><\/div>\n\n\n\n<ul class=\"is-style-punts-blaus wp-block-list\">\n<li style=\"font-size:16px\">Atenci\u00f3n personalizada y soporte en b\u00fasquedas bibliogr\u00e1ficas.<\/li>\n\n\n\n<li style=\"font-size:16px\">Elaboraci\u00f3n de revisiones sistem\u00e1ticas con coautor\u00eda de la Biblioteca.<\/li>\n\n\n\n<li style=\"font-size:16px\">Resoluci\u00f3n de dudas sobre el acceso y uso de bases de datos cient\u00edficas.<\/li>\n\n\n\n<li style=\"font-size:16px\">Apoyo en la creaci\u00f3n y gesti\u00f3n de identidades digitales de investigadores ( <strong>ORCID<\/strong> , <strong>CVN<\/strong> ) y mantenimiento de los protocolos de filiaci\u00f3n del <strong>CST<\/strong> .<\/li>\n<\/ul>\n\n\n\n<div style=\"height:20px\" aria-hidden=\"true\" class=\"wp-block-spacer\"><\/div>\n<\/div><\/div>\n\n\n\n<hr class=\"wp-block-separator has-text-color has-alpha-channel-opacity has-background\" style=\"background-color:#e9eaee;color:#e9eaee\"\/>\n\n\n\n<div class=\"wp-block-group\"><div class=\"wp-block-group__inner-container is-layout-constrained wp-block-group-is-layout-constrained\">\n<h3 class=\"wp-block-heading has-text-color\" style=\"color:#1b2d4d;font-size:20px\"><strong>Difusi\u00f3n de la informaci\u00f3n y de la producci\u00f3n cient\u00edfica del CST<\/strong><\/h3>\n\n\n\n<div style=\"height:20px\" aria-hidden=\"true\" class=\"wp-block-spacer\"><\/div>\n\n\n\n<ul class=\"is-style-punts-blaus wp-block-list\">\n<li style=\"font-size:16px\">Env\u00edo mensual de las publicaciones a Comunicaci\u00f3n para su difusi\u00f3n.<\/li>\n\n\n\n<li style=\"font-size:16px\">Incorporaci\u00f3n de publicaciones <em>Open Access<\/em> en el repositorio <strong>Scientia<\/strong> y mantenimiento del mismo.<\/li>\n\n\n\n<li style=\"font-size:16px\">Publicaci\u00f3n en la memoria de la <strong>Fundaci\u00f3n Joan Costa Roma<\/strong> con el an\u00e1lisis del impacto cient\u00edfico y la producci\u00f3n bibliogr\u00e1fica.<\/li>\n<\/ul>\n\n\n\n<div style=\"height:20px\" aria-hidden=\"true\" class=\"wp-block-spacer\"><\/div>\n<\/div><\/div>\n\n\n\n<hr class=\"wp-block-separator has-text-color has-alpha-channel-opacity has-background\" style=\"background-color:#e9eaee;color:#e9eaee\"\/>\n\n\n\n<div class=\"wp-block-group\"><div class=\"wp-block-group__inner-container is-layout-constrained wp-block-group-is-layout-constrained\">\n<h3 class=\"wp-block-heading has-text-color\" style=\"color:#1b2d4d;font-size:20px\"><strong>Formaci\u00f3n y asesoramiento<\/strong><\/h3>\n\n\n\n<div style=\"height:20px\" aria-hidden=\"true\" class=\"wp-block-spacer\"><\/div>\n\n\n\n<ul class=\"is-style-punts-blaus wp-block-list\">\n<li style=\"font-size:16px\">An\u00e1lisis y estudio de los canales m\u00e1s adecuados para publicar los distintos art\u00edculos cient\u00edficos.<\/li>\n\n\n\n<li style=\"font-size:16px\">Sesiones grupales e individuales sobre:\n<ul class=\"is-style-default wp-block-list\">\n<li style=\"font-size:16px\">B\u00fasqueda de informaci\u00f3n y uso de bases de datos y gestores bibliogr\u00e1ficos.<\/li>\n\n\n\n<li style=\"font-size:16px\">Uso de herramientas de inteligencia artificial aplicadas a la investigaci\u00f3n.<\/li>\n\n\n\n<li style=\"font-size:16px\">Uso de recursos digitales y servicios virtuales.<\/li>\n<\/ul>\n<\/li>\n<\/ul>\n\n\n\n<div style=\"height:34px\" aria-hidden=\"true\" class=\"wp-block-spacer\"><\/div>\n<\/div><\/div>\n<\/div>\n<\/div>\n<\/div><\/div>\n\n<div class=\"wp-block-group has-background is-horizontal is-content-justification-center is-nowrap is-layout-flex wp-container-core-group-is-layout-c1dfda1e wp-block-group-is-layout-flex\" style=\"background-color:#f3f3f3\">\r\n    <!-- block: contactar enlaces -->\r\n            <section class=\"block-contactar-enlaces  contact-sec \">\r\n            <div class=\"row\">\r\n                                    <div class=\"chead\">Para m\u00e1s informaci\u00f3n contacte con:<\/div>\r\n                                <ul class=\"contact-lst\">\r\n                                            <li class=\"phn sin_icono\">\r\n                                                        <p><strong>Isabel Coma Campmany<\/strong><br \/>\n<em>Hospital Universitario de Terrassa<\/em><\/p>\n<p>Ctra. Torrebonica, s\/n, Planta -1<br \/>\n 08227, Terraza<\/p>\n<p>T. 937 31 10 81<\/p>\n                        <\/li>\r\n                                            <li class=\"phn sin_icono\">\r\n                                                        <p><strong>Horario:<\/strong><br \/>\n De lunes a viernes:<br \/>\n de 7:30 a 20 h.<\/p>\n<p> Servicio de atenci\u00f3n, de lunes a viernes<br \/>\n de 7:30 a 15 h.<\/p>\n                        <\/li>\r\n                                            <li class=\"phn sin_icono\">\r\n                                                        <div class=\"wp-block-button has-custom-font-size is-style-button-blau has-medium-font-size\"><a class=\"wp-block-button__link wp-element-button\" href=\"https:\/\/b-cst.c17.net\/es\/o17\/my\" target=\"_blank\" rel=\"noreferrer noopener\">Acceso Biblioteca<\/a><\/div>\n                        <\/li>\r\n                                    <\/ul>\r\n            <\/div>\r\n        <\/section>\r\n        <!-- end block: contactar enlaces -->\r\n<\/div>\n","protected":false},"excerpt":{"rendered":"<p>La Biblioteca del Consorcio Sanitario de Terrassa (CST) y la Fundaci\u00f3n Joan Costa i Roma es un espacio de referencia para los profesionales sanitarios, destinado a facilitar el acceso a recursos documentales y tecnolog\u00edas de la informaci\u00f3n en salud Con una orientaci\u00f3n centrada en las necesidades de las personas usuarias, tiene como prop\u00f3sito dotarlas de [&hellip;]<\/p>\n","protected":false},"author":2,"featured_media":0,"parent":8798,"menu_order":0,"comment_status":"closed","ping_status":"closed","template":"","meta":{"_acf_changed":false,"footnotes":""},"class_list":["post-29009","page","type-page","status-publish","hentry"],"acf":[],"yoast_head":"<!-- This site is optimized with the Yoast SEO plugin v27.2 - https:\/\/yoast.com\/product\/yoast-seo-wordpress\/ -->\n<title>Biblioteca - CST<\/title>\n<meta name=\"robots\" content=\"index, follow, max-snippet:-1, max-image-preview:large, max-video-preview:-1\" \/>\n<link rel=\"canonical\" href=\"https:\/\/cst.cat\/es\/investigacion-e-innovacion\/apartado-biblioteca\/\" \/>\n<meta property=\"og:locale\" content=\"es_ES\" \/>\n<meta property=\"og:type\" content=\"article\" \/>\n<meta property=\"og:title\" content=\"Biblioteca - CST\" \/>\n<meta property=\"og:description\" content=\"La Biblioteca del Consorcio Sanitario de Terrassa (CST) y la Fundaci\u00f3n Joan Costa i Roma es un espacio de referencia para los profesionales sanitarios, destinado a facilitar el acceso a recursos documentales y tecnolog\u00edas de la informaci\u00f3n en salud Con una orientaci\u00f3n centrada en las necesidades de las personas usuarias, tiene como prop\u00f3sito dotarlas de [&hellip;]\" \/>\n<meta property=\"og:url\" content=\"https:\/\/cst.cat\/es\/investigacion-e-innovacion\/apartado-biblioteca\/\" \/>\n<meta property=\"og:site_name\" content=\"CST\" \/>\n<meta property=\"article:modified_time\" content=\"2025-10-06T08:52:02+00:00\" \/>\n<meta property=\"og:image\" content=\"https:\/\/cst.cat\/wp-content\/uploads\/2025\/03\/ico-book.svg\" \/>\n<meta name=\"twitter:card\" content=\"summary_large_image\" \/>\n<meta name=\"twitter:label1\" content=\"Tiempo de lectura\" \/>\n\t<meta name=\"twitter:data1\" content=\"3 minutos\" \/>\n<script type=\"application\/ld+json\" class=\"yoast-schema-graph\">{\"@context\":\"https:\/\/schema.org\",\"@graph\":[{\"@type\":\"WebPage\",\"@id\":\"https:\/\/cst.cat\/es\/investigacion-e-innovacion\/apartado-biblioteca\/\",\"url\":\"https:\/\/cst.cat\/es\/investigacion-e-innovacion\/apartado-biblioteca\/\",\"name\":\"Biblioteca - CST\",\"isPartOf\":{\"@id\":\"https:\/\/cst.cat\/es\/#website\"},\"primaryImageOfPage\":{\"@id\":\"https:\/\/cst.cat\/es\/investigacion-e-innovacion\/apartado-biblioteca\/#primaryimage\"},\"image\":{\"@id\":\"https:\/\/cst.cat\/es\/investigacion-e-innovacion\/apartado-biblioteca\/#primaryimage\"},\"thumbnailUrl\":\"https:\/\/cst.cat\/wp-content\/uploads\/2025\/03\/ico-book.svg\",\"datePublished\":\"2025-02-28T08:03:19+00:00\",\"dateModified\":\"2025-10-06T08:52:02+00:00\",\"breadcrumb\":{\"@id\":\"https:\/\/cst.cat\/es\/investigacion-e-innovacion\/apartado-biblioteca\/#breadcrumb\"},\"inLanguage\":\"es\",\"potentialAction\":[{\"@type\":\"ReadAction\",\"target\":[\"https:\/\/cst.cat\/es\/investigacion-e-innovacion\/apartado-biblioteca\/\"]}]},{\"@type\":\"ImageObject\",\"inLanguage\":\"es\",\"@id\":\"https:\/\/cst.cat\/es\/investigacion-e-innovacion\/apartado-biblioteca\/#primaryimage\",\"url\":\"https:\/\/cst.cat\/wp-content\/uploads\/2025\/03\/ico-book.svg\",\"contentUrl\":\"https:\/\/cst.cat\/wp-content\/uploads\/2025\/03\/ico-book.svg\"},{\"@type\":\"BreadcrumbList\",\"@id\":\"https:\/\/cst.cat\/es\/investigacion-e-innovacion\/apartado-biblioteca\/#breadcrumb\",\"itemListElement\":[{\"@type\":\"ListItem\",\"position\":1,\"name\":\"Inici\",\"item\":\"https:\/\/cst.cat\/es\/\"},{\"@type\":\"ListItem\",\"position\":2,\"name\":\"Investigaci\u00f3n e Innovaci\u00f3n\",\"item\":\"https:\/\/cst.cat\/es\/investigacion-e-innovacion\/\"},{\"@type\":\"ListItem\",\"position\":3,\"name\":\"Biblioteca\"}]},{\"@type\":\"WebSite\",\"@id\":\"https:\/\/cst.cat\/es\/#website\",\"url\":\"https:\/\/cst.cat\/es\/\",\"name\":\"CST\",\"description\":\"\",\"publisher\":{\"@id\":\"https:\/\/cst.cat\/es\/#organization\"},\"potentialAction\":[{\"@type\":\"SearchAction\",\"target\":{\"@type\":\"EntryPoint\",\"urlTemplate\":\"https:\/\/cst.cat\/es\/?s={search_term_string}\"},\"query-input\":{\"@type\":\"PropertyValueSpecification\",\"valueRequired\":true,\"valueName\":\"search_term_string\"}}],\"inLanguage\":\"es\"},{\"@type\":\"Organization\",\"@id\":\"https:\/\/cst.cat\/es\/#organization\",\"name\":\"Consorci Sanitari de Terrassa\",\"url\":\"https:\/\/cst.cat\/es\/\",\"logo\":{\"@type\":\"ImageObject\",\"inLanguage\":\"es\",\"@id\":\"https:\/\/cst.cat\/es\/#\/schema\/logo\/image\/\",\"url\":\"https:\/\/cst.cat\/wp-content\/uploads\/2021\/09\/logo-header.svg\",\"contentUrl\":\"https:\/\/cst.cat\/wp-content\/uploads\/2021\/09\/logo-header.svg\",\"width\":90,\"height\":32,\"caption\":\"Consorci Sanitari de Terrassa\"},\"image\":{\"@id\":\"https:\/\/cst.cat\/es\/#\/schema\/logo\/image\/\"}}]}<\/script>\n<!-- \/ Yoast SEO plugin. -->","yoast_head_json":{"title":"Biblioteca - CST","robots":{"index":"index","follow":"follow","max-snippet":"max-snippet:-1","max-image-preview":"max-image-preview:large","max-video-preview":"max-video-preview:-1"},"canonical":"https:\/\/cst.cat\/es\/investigacion-e-innovacion\/apartado-biblioteca\/","og_locale":"es_ES","og_type":"article","og_title":"Biblioteca - CST","og_description":"La Biblioteca del Consorcio Sanitario de Terrassa (CST) y la Fundaci\u00f3n Joan Costa i Roma es un espacio de referencia para los profesionales sanitarios, destinado a facilitar el acceso a recursos documentales y tecnolog\u00edas de la informaci\u00f3n en salud Con una orientaci\u00f3n centrada en las necesidades de las personas usuarias, tiene como prop\u00f3sito dotarlas de [&hellip;]","og_url":"https:\/\/cst.cat\/es\/investigacion-e-innovacion\/apartado-biblioteca\/","og_site_name":"CST","article_modified_time":"2025-10-06T08:52:02+00:00","og_image":[{"url":"https:\/\/cst.cat\/wp-content\/uploads\/2025\/03\/ico-book.svg","type":"","width":"","height":""}],"twitter_card":"summary_large_image","twitter_misc":{"Tiempo de lectura":"3 minutos"},"schema":{"@context":"https:\/\/schema.org","@graph":[{"@type":"WebPage","@id":"https:\/\/cst.cat\/es\/investigacion-e-innovacion\/apartado-biblioteca\/","url":"https:\/\/cst.cat\/es\/investigacion-e-innovacion\/apartado-biblioteca\/","name":"Biblioteca - CST","isPartOf":{"@id":"https:\/\/cst.cat\/es\/#website"},"primaryImageOfPage":{"@id":"https:\/\/cst.cat\/es\/investigacion-e-innovacion\/apartado-biblioteca\/#primaryimage"},"image":{"@id":"https:\/\/cst.cat\/es\/investigacion-e-innovacion\/apartado-biblioteca\/#primaryimage"},"thumbnailUrl":"https:\/\/cst.cat\/wp-content\/uploads\/2025\/03\/ico-book.svg","datePublished":"2025-02-28T08:03:19+00:00","dateModified":"2025-10-06T08:52:02+00:00","breadcrumb":{"@id":"https:\/\/cst.cat\/es\/investigacion-e-innovacion\/apartado-biblioteca\/#breadcrumb"},"inLanguage":"es","potentialAction":[{"@type":"ReadAction","target":["https:\/\/cst.cat\/es\/investigacion-e-innovacion\/apartado-biblioteca\/"]}]},{"@type":"ImageObject","inLanguage":"es","@id":"https:\/\/cst.cat\/es\/investigacion-e-innovacion\/apartado-biblioteca\/#primaryimage","url":"https:\/\/cst.cat\/wp-content\/uploads\/2025\/03\/ico-book.svg","contentUrl":"https:\/\/cst.cat\/wp-content\/uploads\/2025\/03\/ico-book.svg"},{"@type":"BreadcrumbList","@id":"https:\/\/cst.cat\/es\/investigacion-e-innovacion\/apartado-biblioteca\/#breadcrumb","itemListElement":[{"@type":"ListItem","position":1,"name":"Inici","item":"https:\/\/cst.cat\/es\/"},{"@type":"ListItem","position":2,"name":"Investigaci\u00f3n e Innovaci\u00f3n","item":"https:\/\/cst.cat\/es\/investigacion-e-innovacion\/"},{"@type":"ListItem","position":3,"name":"Biblioteca"}]},{"@type":"WebSite","@id":"https:\/\/cst.cat\/es\/#website","url":"https:\/\/cst.cat\/es\/","name":"CST","description":"","publisher":{"@id":"https:\/\/cst.cat\/es\/#organization"},"potentialAction":[{"@type":"SearchAction","target":{"@type":"EntryPoint","urlTemplate":"https:\/\/cst.cat\/es\/?s={search_term_string}"},"query-input":{"@type":"PropertyValueSpecification","valueRequired":true,"valueName":"search_term_string"}}],"inLanguage":"es"},{"@type":"Organization","@id":"https:\/\/cst.cat\/es\/#organization","name":"Consorci Sanitari de Terrassa","url":"https:\/\/cst.cat\/es\/","logo":{"@type":"ImageObject","inLanguage":"es","@id":"https:\/\/cst.cat\/es\/#\/schema\/logo\/image\/","url":"https:\/\/cst.cat\/wp-content\/uploads\/2021\/09\/logo-header.svg","contentUrl":"https:\/\/cst.cat\/wp-content\/uploads\/2021\/09\/logo-header.svg","width":90,"height":32,"caption":"Consorci Sanitari de Terrassa"},"image":{"@id":"https:\/\/cst.cat\/es\/#\/schema\/logo\/image\/"}}]}},"_links":{"self":[{"href":"https:\/\/cst.cat\/es\/wp-json\/wp\/v2\/pages\/29009","targetHints":{"allow":["GET"]}}],"collection":[{"href":"https:\/\/cst.cat\/es\/wp-json\/wp\/v2\/pages"}],"about":[{"href":"https:\/\/cst.cat\/es\/wp-json\/wp\/v2\/types\/page"}],"author":[{"embeddable":true,"href":"https:\/\/cst.cat\/es\/wp-json\/wp\/v2\/users\/2"}],"replies":[{"embeddable":true,"href":"https:\/\/cst.cat\/es\/wp-json\/wp\/v2\/comments?post=29009"}],"version-history":[{"count":0,"href":"https:\/\/cst.cat\/es\/wp-json\/wp\/v2\/pages\/29009\/revisions"}],"up":[{"embeddable":true,"href":"https:\/\/cst.cat\/es\/wp-json\/wp\/v2\/pages\/8798"}],"wp:attachment":[{"href":"https:\/\/cst.cat\/es\/wp-json\/wp\/v2\/media?parent=29009"}],"curies":[{"name":"wp","href":"https:\/\/api.w.org\/{rel}","templated":true}]}}