{"id":8721,"date":"2022-03-08T09:49:07","date_gmt":"2022-03-08T08:49:07","guid":{"rendered":"https:\/\/cst.cat\/aviso-legal\/"},"modified":"2022-09-19T15:33:15","modified_gmt":"2022-09-19T13:33:15","slug":"aviso-legal","status":"publish","type":"page","link":"https:\/\/cst.cat\/es\/aviso-legal\/","title":{"rendered":"Aviso Legal"},"content":{"rendered":"\r\n    <!-- block: breadcum header -->\r\n    <section class=\"block-breadcum-header  agenda-title-sec\">\r\n        <div class=\"row\">\r\n            <div class=\"bred-crum\">\r\n                <ul><li><a href='https:\/\/cst.cat\/es\/'>Inicio<\/a><\/li><li><a href='https:\/\/cst.cat\/es\/aviso-legal\/'>Aviso Legal<\/a><\/li><\/ul>            <\/div>\r\n            <div class=\"clear:both;\"><\/div>\r\n            \n\n<h1 class=\"wp-block-heading\">Aviso Legal<\/h1>\n\n\r\n        <\/div>\r\n    <\/section>\r\n    <!-- end block: breadcum header -->\r\n\n<div style=\"height:60px\" aria-hidden=\"true\" class=\"wp-block-spacer\"><\/div>\n\n<h3 class=\"wp-block-heading\">De acuerdo con lo establecido en la Ley 34\/2002, de 11 de julio de Servicios de la Societal de la y De acuerdo con lo establecido en la Ley 34\/2002, de 11 de julio de Servicios de la Sociedad de la informaci\u00f3n y Comercio electr\u00f3nica, le comunicamos que el presente sitio web es propiedad del Consorcio Sanitario de Terrassa (en adelante, CST), provisto de CIF Q5856145G y con domicilio en Carretera Torrebonica, s\/n, 08227 Terrassa.<br\/>Puede contactar con nosotros presencialmente (Unidad de Atenci\u00f3n al Ciudadano del Hospital de Terrassa, Ctra. de Torrebonica, s\/n. 08227-Terrassa) o por correo electr\u00f3nico a nuestra direcci\u00f3n electr\u00f3nica <a href=\"javascript:void(0);\">cst@cst.cat<\/a> <\/h3>\n\n<h2 class=\"wp-block-heading\">Aviso legal<\/h2>\n\n<h4 class=\"wp-block-heading\">Condiciones de uso de este Sitio web<\/h4>\n\n<p>El acceso a esta web implica la adquisici\u00f3n de la condici\u00f3n de usuario y la aceptaci\u00f3n de las condiciones de utilizaci\u00f3n de esta web que se detallan a continuaci\u00f3n.<\/p>\n\n<p>Todos los contenidos de esta web (im\u00e1genes, sonidos, textos, archivos, logotipos, marca, dise\u00f1o o c\u00f3digo fuente o cualquier otro elemento) son propiedad de la entidad y se ponen a disposici\u00f3n p\u00fablica con fines de informaci\u00f3n y para ofrecer servicios en el marco de las competencias y funciones propias de CST. Existen derechos de propiedad intelectual sobre algunos de estos contenidos que corresponden o bien al CST oa terceras personas que han autorizado su utilizaci\u00f3n por este medio.<\/p>\n\n<p>Queda prohibida la reproducci\u00f3n, transformaci\u00f3n, distribuci\u00f3n, comunicaci\u00f3n p\u00fablica, puesta a disposici\u00f3n del p\u00fablico o cualquier otra explotaci\u00f3n de los contenidos de esta web sin el consentimiento expreso y por escrito del propietario de la web. Quedan prohibidos, a t\u00edtulo meramente enunciativo y no limitativo, los siguientes comportamientos:<\/p>\n\n<ul class=\"wp-block-list\"><li>La reproducci\u00f3n total o parcial de los contenidos de la web, en cualquier formato.<\/li><li>La difusi\u00f3n de los textos publicados en esta web sin indicar su fuente.<\/li><li>La utilizaci\u00f3n o modificaci\u00f3n de las marcas, dise\u00f1os, logotipos, formularios o cualquier otro, de forma \u00edntegra o parcial.<\/li><\/ul>\n<p>El acceso a la web es por cuenta y riesgo del usuario, siendo responsabilidad de \u00e9ste la utilizaci\u00f3n de los medios id\u00f3neos para evitar cualquier da\u00f1o o virus.<\/p>\n\n<p><\/p>\n","protected":false},"excerpt":{"rendered":"<p>De acuerdo con lo establecido en la Ley 34\/2002, de 11 de julio de Servicios de la Societal de la y De acuerdo con lo establecido en la Ley 34\/2002, de 11 de julio de Servicios de la Sociedad de la informaci\u00f3n y Comercio electr\u00f3nica, le comunicamos que el presente sitio web es propiedad del [&hellip;]<\/p>\n","protected":false},"author":2,"featured_media":0,"parent":0,"menu_order":0,"comment_status":"closed","ping_status":"closed","template":"","meta":{"_acf_changed":false,"footnotes":""},"class_list":["post-8721","page","type-page","status-publish","hentry"],"acf":[],"yoast_head":"<!-- This site is optimized with the Yoast SEO plugin v27.2 - https:\/\/yoast.com\/product\/yoast-seo-wordpress\/ -->\n<title>Aviso Legal - CST<\/title>\n<meta name=\"robots\" content=\"index, follow, max-snippet:-1, max-image-preview:large, max-video-preview:-1\" \/>\n<link rel=\"canonical\" href=\"https:\/\/cst.cat\/es\/aviso-legal\/\" \/>\n<meta property=\"og:locale\" content=\"es_ES\" \/>\n<meta property=\"og:type\" content=\"article\" \/>\n<meta property=\"og:title\" content=\"Aviso Legal - CST\" \/>\n<meta property=\"og:description\" content=\"De acuerdo con lo establecido en la Ley 34\/2002, de 11 de julio de Servicios de la Societal de la y De acuerdo con lo establecido en la Ley 34\/2002, de 11 de julio de Servicios de la Sociedad de la informaci\u00f3n y Comercio electr\u00f3nica, le comunicamos que el presente sitio web es propiedad del [&hellip;]\" \/>\n<meta property=\"og:url\" content=\"https:\/\/cst.cat\/es\/aviso-legal\/\" \/>\n<meta property=\"og:site_name\" content=\"CST\" \/>\n<meta property=\"article:modified_time\" content=\"2022-09-19T13:33:15+00:00\" \/>\n<meta name=\"twitter:card\" content=\"summary_large_image\" \/>\n<meta name=\"twitter:label1\" content=\"Tiempo de lectura\" \/>\n\t<meta name=\"twitter:data1\" content=\"2 minutos\" \/>\n<script type=\"application\/ld+json\" class=\"yoast-schema-graph\">{\"@context\":\"https:\/\/schema.org\",\"@graph\":[{\"@type\":\"WebPage\",\"@id\":\"https:\/\/cst.cat\/es\/aviso-legal\/\",\"url\":\"https:\/\/cst.cat\/es\/aviso-legal\/\",\"name\":\"Aviso Legal - CST\",\"isPartOf\":{\"@id\":\"https:\/\/cst.cat\/es\/#website\"},\"datePublished\":\"2022-03-08T08:49:07+00:00\",\"dateModified\":\"2022-09-19T13:33:15+00:00\",\"breadcrumb\":{\"@id\":\"https:\/\/cst.cat\/es\/aviso-legal\/#breadcrumb\"},\"inLanguage\":\"es\",\"potentialAction\":[{\"@type\":\"ReadAction\",\"target\":[\"https:\/\/cst.cat\/es\/aviso-legal\/\"]}]},{\"@type\":\"BreadcrumbList\",\"@id\":\"https:\/\/cst.cat\/es\/aviso-legal\/#breadcrumb\",\"itemListElement\":[{\"@type\":\"ListItem\",\"position\":1,\"name\":\"Inici\",\"item\":\"https:\/\/cst.cat\/es\/\"},{\"@type\":\"ListItem\",\"position\":2,\"name\":\"Aviso Legal\"}]},{\"@type\":\"WebSite\",\"@id\":\"https:\/\/cst.cat\/es\/#website\",\"url\":\"https:\/\/cst.cat\/es\/\",\"name\":\"CST\",\"description\":\"\",\"publisher\":{\"@id\":\"https:\/\/cst.cat\/es\/#organization\"},\"potentialAction\":[{\"@type\":\"SearchAction\",\"target\":{\"@type\":\"EntryPoint\",\"urlTemplate\":\"https:\/\/cst.cat\/es\/?s={search_term_string}\"},\"query-input\":{\"@type\":\"PropertyValueSpecification\",\"valueRequired\":true,\"valueName\":\"search_term_string\"}}],\"inLanguage\":\"es\"},{\"@type\":\"Organization\",\"@id\":\"https:\/\/cst.cat\/es\/#organization\",\"name\":\"Consorci Sanitari de Terrassa\",\"url\":\"https:\/\/cst.cat\/es\/\",\"logo\":{\"@type\":\"ImageObject\",\"inLanguage\":\"es\",\"@id\":\"https:\/\/cst.cat\/es\/#\/schema\/logo\/image\/\",\"url\":\"https:\/\/cst.cat\/wp-content\/uploads\/2021\/09\/logo-header.svg\",\"contentUrl\":\"https:\/\/cst.cat\/wp-content\/uploads\/2021\/09\/logo-header.svg\",\"width\":90,\"height\":32,\"caption\":\"Consorci Sanitari de Terrassa\"},\"image\":{\"@id\":\"https:\/\/cst.cat\/es\/#\/schema\/logo\/image\/\"}}]}<\/script>\n<!-- \/ Yoast SEO plugin. -->","yoast_head_json":{"title":"Aviso Legal - CST","robots":{"index":"index","follow":"follow","max-snippet":"max-snippet:-1","max-image-preview":"max-image-preview:large","max-video-preview":"max-video-preview:-1"},"canonical":"https:\/\/cst.cat\/es\/aviso-legal\/","og_locale":"es_ES","og_type":"article","og_title":"Aviso Legal - CST","og_description":"De acuerdo con lo establecido en la Ley 34\/2002, de 11 de julio de Servicios de la Societal de la y De acuerdo con lo establecido en la Ley 34\/2002, de 11 de julio de Servicios de la Sociedad de la informaci\u00f3n y Comercio electr\u00f3nica, le comunicamos que el presente sitio web es propiedad del [&hellip;]","og_url":"https:\/\/cst.cat\/es\/aviso-legal\/","og_site_name":"CST","article_modified_time":"2022-09-19T13:33:15+00:00","twitter_card":"summary_large_image","twitter_misc":{"Tiempo de lectura":"2 minutos"},"schema":{"@context":"https:\/\/schema.org","@graph":[{"@type":"WebPage","@id":"https:\/\/cst.cat\/es\/aviso-legal\/","url":"https:\/\/cst.cat\/es\/aviso-legal\/","name":"Aviso Legal - CST","isPartOf":{"@id":"https:\/\/cst.cat\/es\/#website"},"datePublished":"2022-03-08T08:49:07+00:00","dateModified":"2022-09-19T13:33:15+00:00","breadcrumb":{"@id":"https:\/\/cst.cat\/es\/aviso-legal\/#breadcrumb"},"inLanguage":"es","potentialAction":[{"@type":"ReadAction","target":["https:\/\/cst.cat\/es\/aviso-legal\/"]}]},{"@type":"BreadcrumbList","@id":"https:\/\/cst.cat\/es\/aviso-legal\/#breadcrumb","itemListElement":[{"@type":"ListItem","position":1,"name":"Inici","item":"https:\/\/cst.cat\/es\/"},{"@type":"ListItem","position":2,"name":"Aviso Legal"}]},{"@type":"WebSite","@id":"https:\/\/cst.cat\/es\/#website","url":"https:\/\/cst.cat\/es\/","name":"CST","description":"","publisher":{"@id":"https:\/\/cst.cat\/es\/#organization"},"potentialAction":[{"@type":"SearchAction","target":{"@type":"EntryPoint","urlTemplate":"https:\/\/cst.cat\/es\/?s={search_term_string}"},"query-input":{"@type":"PropertyValueSpecification","valueRequired":true,"valueName":"search_term_string"}}],"inLanguage":"es"},{"@type":"Organization","@id":"https:\/\/cst.cat\/es\/#organization","name":"Consorci Sanitari de Terrassa","url":"https:\/\/cst.cat\/es\/","logo":{"@type":"ImageObject","inLanguage":"es","@id":"https:\/\/cst.cat\/es\/#\/schema\/logo\/image\/","url":"https:\/\/cst.cat\/wp-content\/uploads\/2021\/09\/logo-header.svg","contentUrl":"https:\/\/cst.cat\/wp-content\/uploads\/2021\/09\/logo-header.svg","width":90,"height":32,"caption":"Consorci Sanitari de Terrassa"},"image":{"@id":"https:\/\/cst.cat\/es\/#\/schema\/logo\/image\/"}}]}},"_links":{"self":[{"href":"https:\/\/cst.cat\/es\/wp-json\/wp\/v2\/pages\/8721","targetHints":{"allow":["GET"]}}],"collection":[{"href":"https:\/\/cst.cat\/es\/wp-json\/wp\/v2\/pages"}],"about":[{"href":"https:\/\/cst.cat\/es\/wp-json\/wp\/v2\/types\/page"}],"author":[{"embeddable":true,"href":"https:\/\/cst.cat\/es\/wp-json\/wp\/v2\/users\/2"}],"replies":[{"embeddable":true,"href":"https:\/\/cst.cat\/es\/wp-json\/wp\/v2\/comments?post=8721"}],"version-history":[{"count":0,"href":"https:\/\/cst.cat\/es\/wp-json\/wp\/v2\/pages\/8721\/revisions"}],"wp:attachment":[{"href":"https:\/\/cst.cat\/es\/wp-json\/wp\/v2\/media?parent=8721"}],"curies":[{"name":"wp","href":"https:\/\/api.w.org\/{rel}","templated":true}]}}