{"id":8722,"date":"2022-03-08T09:49:07","date_gmt":"2022-03-08T08:49:07","guid":{"rendered":"https:\/\/cst.cat\/bolsa-de-trabajo\/"},"modified":"2023-06-20T14:06:28","modified_gmt":"2023-06-20T12:06:28","slug":"bolsa-de-trabajo","status":"publish","type":"page","link":"https:\/\/cst.cat\/es\/bolsa-de-trabajo\/","title":{"rendered":"Bolsa de trabajo"},"content":{"rendered":"\r\n    <!-- block: breadcum header -->\r\n    <section class=\"block-breadcum-header  agenda-title-sec\">\r\n        <div class=\"row\">\r\n            <div class=\"bred-crum\">\r\n                <ul><li><a href='https:\/\/cst.cat\/es\/'>Inicio<\/a><\/li><li><a href='https:\/\/cst.cat\/es\/bolsa-de-trabajo\/'>Bolsa de trabajo<\/a><\/li><\/ul>            <\/div>\r\n            <div class=\"clear:both;\"><\/div>\r\n            \n\n<h1 class=\"wp-block-heading\">Trabaja con nosotros<\/h1>\n\n\r\n        <\/div>\r\n    <\/section>\r\n    <!-- end block: breadcum header -->\r\n\n\n\r\n    \r\n    <!-- block: banner-header -->\r\n    <style>\r\n        @media screen and (max-width: 767px) {\r\n            .block-banner-header.inner-banner {\r\n                height: 175px !important;\r\n            }\r\n        }\r\n    <\/style>\r\n    <section class=\"block-banner-header  center inner-banner\">\r\n        <div>\r\n            <img decoding=\"async\" width=\"100%\" height=\"100%\" loading=\"lazy\" src=\"https:\/\/cst.cat\/wp-content\/uploads\/2021\/10\/borsa.jpg\" srcset=\"https:\/\/cst.cat\/wp-content\/uploads\/2021\/10\/borsa.jpg 1366w, https:\/\/cst.cat\/wp-content\/uploads\/2021\/10\/borsa-600x110.jpg 600w, https:\/\/cst.cat\/wp-content\/uploads\/2021\/10\/borsa-768x141.jpg 768w\" alt=\"\">\r\n        <\/div>\r\n        <div class=\"inner-banner-cnt\">\r\n            <div class=\"row\">\r\n                <h2><\/h2>\r\n                <p><\/p>\r\n                <div class=\"aero\">\r\n                    <a href=\"javascript:void(0);\">\r\n                        <img decoding=\"async\" src=\"https:\/\/cst.cat\/wp-content\/themes\/cst\/inc\/blocks\/cst\/banner-header\/images\/double-arrw-down.svg\">\r\n                    <\/a>\r\n                <\/div>\r\n            <\/div>\r\n        <\/div>\r\n    <\/section>\r\n    <!-- end block: banner-header -->\r\n\n\n\n<div style=\"height:55px\" aria-hidden=\"true\" class=\"wp-block-spacer\"><\/div>\n\n\n\n<div class=\"wp-block-columns is-style-columns-marge is-layout-flex wp-container-core-columns-is-layout-9d6595d7 wp-block-columns-is-layout-flex\">\n<div class=\"wp-block-column is-layout-flow wp-block-column-is-layout-flow\">\n<h1 class=\"wp-block-heading\">Ofertas de trabajo<\/h1>\n\n\n\r\n    <!-- block: post-list -->\r\n    <section class=\"block-post-list block-post-list-columns-1  llistat-ofertes-treball\">\r\n        <div class=\"row\">\r\n\r\n            \r\n            <ul class=\"item-list\"><\/ul>\r\n            <div class=\"form-response\" style=\"display:none;\"><\/div>\r\n            <div class=\"btn-ctr\">\r\n                <div class=\"loader\" style=\"display:none;\"><\/div>\r\n                <a class=\"carr-btn veure-mes-btn\" href=\"javascript:void(0);\">CARGAR +<\/a>\r\n            <\/div>\r\n            <ul class=\"pdf-export item-list\"><\/ul>\r\n        <\/div>\r\n    <\/section>\r\n    <!-- end block: post-list -->\r\n\r\n    \r\n<\/div>\n<\/div>\n\n\n\n<div style=\"height:50px\" aria-hidden=\"true\" class=\"wp-block-spacer\"><\/div>\n\n\n\r\n    <!-- block: contactar form -->\r\n    <section class=\"block-contactar-form  is-style-contactar-form-blanc contact-form-sec\">\r\n        <div class=\"row\">\r\n            <div class=\"form-sec\">\r\n                \n\n<div style=\"height:20px\" aria-hidden=\"true\" class=\"wp-block-spacer\"><\/div>\n\n\n\n<h2 class=\"wp-block-heading\">Bolsa de trabajo<\/h2>\n\n\n\n<div class=\"wp-block-contact-form-7-contact-form-selector\">\n<div class=\"wpcf7 no-js\" id=\"wpcf7-f9040-o1\" lang=\"es-ES\" dir=\"ltr\" data-wpcf7-id=\"9040\">\n<div class=\"screen-reader-response\"><p role=\"status\" aria-live=\"polite\" aria-atomic=\"true\"><\/p> <ul><\/ul><\/div>\n<form action=\"\/es\/wp-json\/wp\/v2\/pages\/8722#wpcf7-f9040-o1\" method=\"post\" class=\"wpcf7-form init\" aria-label=\"Formulario de contacto\" enctype=\"multipart\/form-data\" novalidate=\"novalidate\" data-status=\"init\">\n<fieldset class=\"hidden-fields-container\"><input type=\"hidden\" name=\"_wpcf7\" value=\"9040\" \/><input type=\"hidden\" name=\"_wpcf7_version\" value=\"6.1.5\" \/><input type=\"hidden\" name=\"_wpcf7_locale\" value=\"es_ES\" \/><input type=\"hidden\" name=\"_wpcf7_unit_tag\" value=\"wpcf7-f9040-o1\" \/><input type=\"hidden\" name=\"_wpcf7_container_post\" value=\"0\" \/><input type=\"hidden\" name=\"_wpcf7_posted_data_hash\" value=\"\" \/><input type=\"hidden\" name=\"_wpcf7_recaptcha_response\" value=\"\" \/>\n<\/fieldset>\n<ul>\n\t<li class=\"full-width\">\n\t\t<div class=\"frm-input\">\n\t\t\t<p><span class=\"wpcf7-form-control-wrap\" data-name=\"nom\"><input size=\"40\" maxlength=\"400\" class=\"wpcf7-form-control wpcf7-text wpcf7-validates-as-required form-control\" aria-required=\"true\" aria-invalid=\"false\" placeholder=\"Nombres y apellidos\" value=\"\" type=\"text\" name=\"nom\" \/><\/span>\n\t\t\t<\/p>\n\t\t<\/div>\n\t<\/li>\n\t<li>\n\t\t<div class=\"frm-input\">\n\t\t\t<p><span class=\"wpcf7-form-control-wrap\" data-name=\"mail\"><input size=\"40\" maxlength=\"400\" class=\"wpcf7-form-control wpcf7-email wpcf7-validates-as-required wpcf7-text wpcf7-validates-as-email form-control\" aria-required=\"true\" aria-invalid=\"false\" placeholder=\"Correo electr\u00f3nico\" value=\"\" type=\"email\" name=\"mail\" \/><\/span>\n\t\t\t<\/p>\n\t\t<\/div>\n\t<\/li>\n\t<li>\n\t\t<div class=\"frm-input\">\n\t\t\t<p><span class=\"wpcf7-form-control-wrap\" data-name=\"telefon\"><input size=\"40\" maxlength=\"400\" class=\"wpcf7-form-control wpcf7-tel wpcf7-validates-as-required wpcf7-text wpcf7-validates-as-tel form-control\" aria-required=\"true\" aria-invalid=\"false\" placeholder=\"Tel\u00e9fono de contacto\" value=\"\" type=\"tel\" name=\"telefon\" \/><\/span>\n\t\t\t<\/p>\n\t\t<\/div>\n\t<\/li>\n\t<li class=\"full-width\">\n\t\t<div class=\"frm-input\">\n\t\t\t<p><span class=\"wpcf7-form-control-wrap\" data-name=\"CategoriaProfessional\"><select class=\"wpcf7-form-control wpcf7-select wpcf7-validates-as-required\" aria-required=\"true\" aria-invalid=\"false\" name=\"CategoriaProfessional\"><option value=\"Categor\u00eda Profesional\">Categor\u00eda Profesional<\/option><option value=\"Administrativo\/va Atenci\u00f3n a la Ciudadan\u00eda\">Administrativo\/va Atenci\u00f3n a la Ciudadan\u00eda<\/option><option value=\"Administrativo\/a Apoyo\/Servicios Generales\">Administrativo\/a Apoyo\/Servicios Generales<\/option><option value=\"Ayudante Sanitario\">Ayudante Sanitario<\/option><option value=\"Educador\/a Social\">Educador\/a Social<\/option><option value=\"Integrador\/a Social\">Integrador\/a Social<\/option><option value=\"Terapeuta Ocupacional\">Terapeuta Ocupacional<\/option><option value=\"Trabajo Social\">Trabajo Social<\/option><option value=\"Fisioterapeuta\">Fisioterapeuta<\/option><option value=\"Gerocultor\/a\">Gerocultor\/a<\/option><option value=\"Enfermero\/a\">Enfermero\/a<\/option><option value=\"Inform\u00e1tico\/a\">Inform\u00e1tico\/a<\/option><option value=\"Comadrona\">Comadrona<\/option><option value=\"Logopeda\">Logopeda<\/option><option value=\"Nutricionista\/Dietista\">Nutricionista\/Dietista<\/option><option value=\"Obras y Mantenimiento\">Obras y Mantenimiento<\/option><option value=\"Limpiador\/a y Cocina\">Limpiador\/a y Cocina<\/option><option value=\"M\u00e9dico\/sa y otros facultativos\">M\u00e9dico\/sa y otros facultativos<\/option><option value=\"Personal de log\u00edstica y Transporte interno\">Personal de log\u00edstica y Transporte interno<\/option><option value=\"T\u00e9cnico Laboratorio\">T\u00e9cnico Laboratorio<\/option><option value=\"T\u00e9cnico Farmacia\">T\u00e9cnico Farmacia<\/option><option value=\"T\u00e9cnico Radiolog\u00eda\">T\u00e9cnico Radiolog\u00eda<\/option><option value=\"T\u00e9cnico Anatom\u00eda Patol\u00f3gica\">T\u00e9cnico Anatom\u00eda Patol\u00f3gica<\/option><option value=\"T\u00e9cnico Radioterapia\">T\u00e9cnico Radioterapia<\/option><option value=\"TCAI\">TCAI<\/option><option value=\"Psic\u00f3logo\/a\">Psic\u00f3logo\/a<\/option><option value=\"Otras Categor\u00edas\">Otras Categor\u00edas<\/option><\/select><\/span>\n\t\t\t<\/p>\n\t\t<\/div>\n\t<\/li>\n\t<li class=\"full-width\">\n\t\t<div class=\"frm-input\">\n\t\t\t<p><span class=\"wpcf7-form-control-wrap\" data-name=\"TitulacioAcademica\"><input size=\"40\" maxlength=\"400\" class=\"wpcf7-form-control wpcf7-text wpcf7-validates-as-required form-control\" aria-required=\"true\" aria-invalid=\"false\" placeholder=\"Titulaci\u00f3n acad\u00e9mica\" value=\"\" type=\"text\" name=\"TitulacioAcademica\" \/><\/span>\n\t\t\t<\/p>\n\t\t<\/div>\n\t<\/li>\n\t<li>\n\t\t<div class=\"frm-input\">\n\t\t\t<p><label>Adjunta CV (formato PDF)<\/label><br \/>\n<span class=\"wpcf7-form-control-wrap\" data-name=\"AdjuntaCVformatPDF\"><input size=\"40\" class=\"wpcf7-form-control wpcf7-file wpcf7-validates-as-required form-control\" accept=\".pdf\" aria-required=\"true\" aria-invalid=\"false\" type=\"file\" name=\"AdjuntaCVformatPDF\" \/><\/span>\n\t\t\t<\/p>\n\t\t<\/div>\n\t<\/li>\n\t<li class=\"full-width\">\n\t\t<div class=\"frm-input\">\n\t\t\t<p><span class=\"wpcf7-form-control-wrap\" data-name=\"comentaris\"><textarea cols=\"40\" rows=\"10\" maxlength=\"2000\" class=\"wpcf7-form-control wpcf7-textarea wpcf7-validates-as-required form-control\" aria-required=\"true\" aria-invalid=\"false\" placeholder=\"Comentarios\" name=\"comentaris\"><\/textarea><\/span>\n\t\t\t<\/p>\n\t\t<\/div>\n\t<\/li>\n<\/ul>\n<div style=\"float:left;\">\n\t<p><span class=\"wpcf7-form-control-wrap\" data-name=\"acceptance-975\"><span class=\"wpcf7-form-control wpcf7-acceptance\"><span class=\"wpcf7-list-item\"><input type=\"checkbox\" name=\"acceptance-975\" value=\"1\" aria-invalid=\"false\" \/><\/span><\/span><\/span><label class=\"lopd\">He le\u00eddo y acepto <a href=\"javascript:show_avis_legal();\"><strong>el Aviso legal<\/strong><\/a><\/label>\n\t<\/p>\n<\/div>\n<div class=\"btn-ctr\">\n\t<p><input class=\"wpcf7-form-control wpcf7-submit has-spinner\" type=\"submit\" value=\"Envia\" \/>\n\t<\/p>\n<\/div><div class=\"wpcf7-response-output\" aria-hidden=\"true\"><\/div>\n<\/form>\n<\/div>\n<\/div>\n\n\r\n            <\/div>\r\n        <\/div>\r\n    <\/section>\r\n    <!-- end block: contactar form -->\r\n","protected":false},"excerpt":{"rendered":"<p>Ofertas de trabajo<\/p>\n","protected":false},"author":2,"featured_media":0,"parent":0,"menu_order":0,"comment_status":"closed","ping_status":"closed","template":"","meta":{"_acf_changed":false,"footnotes":""},"class_list":["post-8722","page","type-page","status-publish","hentry"],"acf":[],"yoast_head":"<!-- This site is optimized with the Yoast SEO plugin v27.2 - https:\/\/yoast.com\/product\/yoast-seo-wordpress\/ -->\n<title>Bolsa de trabajo - CST<\/title>\n<meta name=\"robots\" content=\"index, follow, max-snippet:-1, max-image-preview:large, max-video-preview:-1\" \/>\n<link rel=\"canonical\" href=\"https:\/\/cst.cat\/es\/bolsa-de-trabajo\/\" \/>\n<meta property=\"og:locale\" content=\"es_ES\" \/>\n<meta property=\"og:type\" content=\"article\" \/>\n<meta property=\"og:title\" content=\"Bolsa de trabajo - CST\" \/>\n<meta property=\"og:description\" content=\"Ofertas de trabajo\" \/>\n<meta property=\"og:url\" content=\"https:\/\/cst.cat\/es\/bolsa-de-trabajo\/\" \/>\n<meta property=\"og:site_name\" content=\"CST\" \/>\n<meta property=\"article:modified_time\" content=\"2023-06-20T12:06:28+00:00\" \/>\n<meta name=\"twitter:card\" content=\"summary_large_image\" \/>\n<meta name=\"twitter:label1\" content=\"Tiempo de lectura\" \/>\n\t<meta name=\"twitter:data1\" content=\"1 minuto\" \/>\n<script type=\"application\/ld+json\" class=\"yoast-schema-graph\">{\"@context\":\"https:\/\/schema.org\",\"@graph\":[{\"@type\":\"WebPage\",\"@id\":\"https:\/\/cst.cat\/es\/bolsa-de-trabajo\/\",\"url\":\"https:\/\/cst.cat\/es\/bolsa-de-trabajo\/\",\"name\":\"Bolsa de trabajo - CST\",\"isPartOf\":{\"@id\":\"https:\/\/cst.cat\/es\/#website\"},\"datePublished\":\"2022-03-08T08:49:07+00:00\",\"dateModified\":\"2023-06-20T12:06:28+00:00\",\"breadcrumb\":{\"@id\":\"https:\/\/cst.cat\/es\/bolsa-de-trabajo\/#breadcrumb\"},\"inLanguage\":\"es\",\"potentialAction\":[{\"@type\":\"ReadAction\",\"target\":[\"https:\/\/cst.cat\/es\/bolsa-de-trabajo\/\"]}]},{\"@type\":\"BreadcrumbList\",\"@id\":\"https:\/\/cst.cat\/es\/bolsa-de-trabajo\/#breadcrumb\",\"itemListElement\":[{\"@type\":\"ListItem\",\"position\":1,\"name\":\"Inici\",\"item\":\"https:\/\/cst.cat\/es\/\"},{\"@type\":\"ListItem\",\"position\":2,\"name\":\"Bolsa de trabajo\"}]},{\"@type\":\"WebSite\",\"@id\":\"https:\/\/cst.cat\/es\/#website\",\"url\":\"https:\/\/cst.cat\/es\/\",\"name\":\"CST\",\"description\":\"\",\"publisher\":{\"@id\":\"https:\/\/cst.cat\/es\/#organization\"},\"potentialAction\":[{\"@type\":\"SearchAction\",\"target\":{\"@type\":\"EntryPoint\",\"urlTemplate\":\"https:\/\/cst.cat\/es\/?s={search_term_string}\"},\"query-input\":{\"@type\":\"PropertyValueSpecification\",\"valueRequired\":true,\"valueName\":\"search_term_string\"}}],\"inLanguage\":\"es\"},{\"@type\":\"Organization\",\"@id\":\"https:\/\/cst.cat\/es\/#organization\",\"name\":\"Consorci Sanitari de Terrassa\",\"url\":\"https:\/\/cst.cat\/es\/\",\"logo\":{\"@type\":\"ImageObject\",\"inLanguage\":\"es\",\"@id\":\"https:\/\/cst.cat\/es\/#\/schema\/logo\/image\/\",\"url\":\"https:\/\/cst.cat\/wp-content\/uploads\/2021\/09\/logo-header.svg\",\"contentUrl\":\"https:\/\/cst.cat\/wp-content\/uploads\/2021\/09\/logo-header.svg\",\"width\":90,\"height\":32,\"caption\":\"Consorci Sanitari de Terrassa\"},\"image\":{\"@id\":\"https:\/\/cst.cat\/es\/#\/schema\/logo\/image\/\"}}]}<\/script>\n<!-- \/ Yoast SEO plugin. -->","yoast_head_json":{"title":"Bolsa de trabajo - CST","robots":{"index":"index","follow":"follow","max-snippet":"max-snippet:-1","max-image-preview":"max-image-preview:large","max-video-preview":"max-video-preview:-1"},"canonical":"https:\/\/cst.cat\/es\/bolsa-de-trabajo\/","og_locale":"es_ES","og_type":"article","og_title":"Bolsa de trabajo - CST","og_description":"Ofertas de trabajo","og_url":"https:\/\/cst.cat\/es\/bolsa-de-trabajo\/","og_site_name":"CST","article_modified_time":"2023-06-20T12:06:28+00:00","twitter_card":"summary_large_image","twitter_misc":{"Tiempo de lectura":"1 minuto"},"schema":{"@context":"https:\/\/schema.org","@graph":[{"@type":"WebPage","@id":"https:\/\/cst.cat\/es\/bolsa-de-trabajo\/","url":"https:\/\/cst.cat\/es\/bolsa-de-trabajo\/","name":"Bolsa de trabajo - CST","isPartOf":{"@id":"https:\/\/cst.cat\/es\/#website"},"datePublished":"2022-03-08T08:49:07+00:00","dateModified":"2023-06-20T12:06:28+00:00","breadcrumb":{"@id":"https:\/\/cst.cat\/es\/bolsa-de-trabajo\/#breadcrumb"},"inLanguage":"es","potentialAction":[{"@type":"ReadAction","target":["https:\/\/cst.cat\/es\/bolsa-de-trabajo\/"]}]},{"@type":"BreadcrumbList","@id":"https:\/\/cst.cat\/es\/bolsa-de-trabajo\/#breadcrumb","itemListElement":[{"@type":"ListItem","position":1,"name":"Inici","item":"https:\/\/cst.cat\/es\/"},{"@type":"ListItem","position":2,"name":"Bolsa de trabajo"}]},{"@type":"WebSite","@id":"https:\/\/cst.cat\/es\/#website","url":"https:\/\/cst.cat\/es\/","name":"CST","description":"","publisher":{"@id":"https:\/\/cst.cat\/es\/#organization"},"potentialAction":[{"@type":"SearchAction","target":{"@type":"EntryPoint","urlTemplate":"https:\/\/cst.cat\/es\/?s={search_term_string}"},"query-input":{"@type":"PropertyValueSpecification","valueRequired":true,"valueName":"search_term_string"}}],"inLanguage":"es"},{"@type":"Organization","@id":"https:\/\/cst.cat\/es\/#organization","name":"Consorci Sanitari de Terrassa","url":"https:\/\/cst.cat\/es\/","logo":{"@type":"ImageObject","inLanguage":"es","@id":"https:\/\/cst.cat\/es\/#\/schema\/logo\/image\/","url":"https:\/\/cst.cat\/wp-content\/uploads\/2021\/09\/logo-header.svg","contentUrl":"https:\/\/cst.cat\/wp-content\/uploads\/2021\/09\/logo-header.svg","width":90,"height":32,"caption":"Consorci Sanitari de Terrassa"},"image":{"@id":"https:\/\/cst.cat\/es\/#\/schema\/logo\/image\/"}}]}},"_links":{"self":[{"href":"https:\/\/cst.cat\/es\/wp-json\/wp\/v2\/pages\/8722","targetHints":{"allow":["GET"]}}],"collection":[{"href":"https:\/\/cst.cat\/es\/wp-json\/wp\/v2\/pages"}],"about":[{"href":"https:\/\/cst.cat\/es\/wp-json\/wp\/v2\/types\/page"}],"author":[{"embeddable":true,"href":"https:\/\/cst.cat\/es\/wp-json\/wp\/v2\/users\/2"}],"replies":[{"embeddable":true,"href":"https:\/\/cst.cat\/es\/wp-json\/wp\/v2\/comments?post=8722"}],"version-history":[{"count":0,"href":"https:\/\/cst.cat\/es\/wp-json\/wp\/v2\/pages\/8722\/revisions"}],"wp:attachment":[{"href":"https:\/\/cst.cat\/es\/wp-json\/wp\/v2\/media?parent=8722"}],"curies":[{"name":"wp","href":"https:\/\/api.w.org\/{rel}","templated":true}]}}