{"id":8726,"date":"2022-03-08T09:49:08","date_gmt":"2022-03-08T08:49:08","guid":{"rendered":"https:\/\/cst.cat\/centros-del-cst\/"},"modified":"2025-09-03T16:09:12","modified_gmt":"2025-09-03T14:09:12","slug":"centros-del-cst","status":"publish","type":"page","link":"https:\/\/cst.cat\/es\/centros-del-cst\/","title":{"rendered":"Centros del CST"},"content":{"rendered":"\r\n    \r\n    <!-- block: banner-header -->\r\n    <style>\r\n        @media screen and (max-width: 767px) {\r\n            .block-banner-header.inner-banner {\r\n                height: auto !important;\r\n            }\r\n        }\r\n    <\/style>\r\n    <section class=\"block-banner-header  left inner-banner\">\r\n        <div>\r\n            <img decoding=\"async\" width=\"100%\" height=\"100%\" loading=\"lazy\" src=\"https:\/\/cst.cat\/wp-content\/uploads\/2021\/11\/cap-centres-1.jpg\" srcset=\"https:\/\/cst.cat\/wp-content\/uploads\/2021\/11\/cap-centres-1.jpg 1600w, https:\/\/cst.cat\/wp-content\/uploads\/2021\/11\/cap-centres-1-600x188.jpg 600w, https:\/\/cst.cat\/wp-content\/uploads\/2021\/11\/cap-centres-1-1366x427.jpg 1366w, https:\/\/cst.cat\/wp-content\/uploads\/2021\/11\/cap-centres-1-768x240.jpg 768w, https:\/\/cst.cat\/wp-content\/uploads\/2021\/11\/cap-centres-1-1536x480.jpg 1536w\" alt=\"\">\r\n        <\/div>\r\n        <div class=\"inner-banner-cnt\">\r\n            <div class=\"row\">\r\n                <h2>Centros del CST<\/h2>\r\n                <p>\u00bfD\u00d3NDE ESTAMOS?<\/p>\r\n                <div class=\"aero\">\r\n                    <a href=\"javascript:void(0);\">\r\n                        <img decoding=\"async\" src=\"https:\/\/cst.cat\/wp-content\/themes\/cst\/inc\/blocks\/cst\/banner-header\/images\/double-arrw-down.svg\">\r\n                    <\/a>\r\n                <\/div>\r\n            <\/div>\r\n        <\/div>\r\n    <\/section>\r\n    <!-- end block: banner-header -->\r\n\n\n\r\n    <!-- block: cst-list-item -->\r\n            <style>\r\n            #block_bea3b0239b40f5aa2fab91518acaef26.block-cst-list-item h2,\r\n            #block_bea3b0239b40f5aa2fab91518acaef26.block-cst-list-item p,\r\n            #block_bea3b0239b40f5aa2fab91518acaef26.block-cst-list-item a.ves-but {\r\n                color: #353f60;\r\n            }\r\n            #block_bea3b0239b40f5aa2fab91518acaef26.block-cst-list-item a.ves-but,\r\n            #block_bea3b0239b40f5aa2fab91518acaef26.block-cst-list-item a.ves-but:before {\r\n                border-color: #353f60;\r\n            }\r\n            #block_bea3b0239b40f5aa2fab91518acaef26.block-cst-list-item a.ves-but:hover {\r\n                background-color: #353f60;\r\n            }\r\n        <\/style>\r\n                <style>\r\n            #block_bea3b0239b40f5aa2fab91518acaef26.block-cst-list-item {\r\n                background-color: #ffffff;\r\n            }\r\n            #block_bea3b0239b40f5aa2fab91518acaef26.block-cst-list-item a.ves-but:hover {\r\n                color: #ffffff;\r\n            }\r\n            #block_bea3b0239b40f5aa2fab91518acaef26.block-cst-list-item a.ves-but:hover:before {\r\n                border-color: #ffffff;\r\n            }\r\n        <\/style>\r\n        <section id=\"block_bea3b0239b40f5aa2fab91518acaef26\" class=\"block-cst-list-item \">\r\n        <div class=\"centres-lst-rgt \">\r\n            <img decoding=\"async\" class=\"desktop-centre\" width=\"100%\" height=\"100%\" loading=\"lazy\" src=\"https:\/\/cst.cat\/wp-content\/uploads\/2021\/11\/centres-hospitalaris.jpg\" srcset=\"https:\/\/cst.cat\/wp-content\/uploads\/2021\/11\/centres-hospitalaris.jpg 1500w, https:\/\/cst.cat\/wp-content\/uploads\/2021\/11\/centres-hospitalaris-600x406.jpg 600w, https:\/\/cst.cat\/wp-content\/uploads\/2021\/11\/centres-hospitalaris-1366x924.jpg 1366w, https:\/\/cst.cat\/wp-content\/uploads\/2021\/11\/centres-hospitalaris-768x520.jpg 768w\" alt=\"\">\r\n            <img decoding=\"async\" class=\"mob-centre\" width=\"100%\" height=\"100%\" loading=\"lazy\" src=\"https:\/\/cst.cat\/wp-content\/uploads\/2021\/11\/centres-hospitalaris.jpg\" srcset=\"https:\/\/cst.cat\/wp-content\/uploads\/2021\/11\/centres-hospitalaris.jpg 1500w, https:\/\/cst.cat\/wp-content\/uploads\/2021\/11\/centres-hospitalaris-600x406.jpg 600w, https:\/\/cst.cat\/wp-content\/uploads\/2021\/11\/centres-hospitalaris-1366x924.jpg 1366w, https:\/\/cst.cat\/wp-content\/uploads\/2021\/11\/centres-hospitalaris-768x520.jpg 768w\" alt=\"\">\r\n        <\/div>\r\n        <div class=\"centres-lst-lft \">\r\n                            <h2>Atenci\u00f3n<br \/>\r\nHospitalaria<\/h2>\r\n                        <p class=\"p1\"><strong>El Hospital de Terrassa<\/strong> tiene la responsabilidad de ofrecer asistencia especializada a una poblaci\u00f3n aproximada de casi 220.000 personas, tambi\u00e9n cuenta con la Unidad de hospitalizaci\u00f3n penitenciaria del CST.<\/p>\n                            <a href=\"https:\/\/cst.cat\/es\/centres\/atencion-hospitalaria\/\" class=\"ves-but\" target=\"_self\">\r\n                    IR                <\/a>\r\n                    <\/div>\r\n    <\/section>\r\n    <!-- end block: cst-list-item -->\r\n\n\n\r\n    <!-- block: cst-list-item -->\r\n            <style>\r\n            #block_d96158e2f482bb17ec29b7b96b2ad823.block-cst-list-item h2,\r\n            #block_d96158e2f482bb17ec29b7b96b2ad823.block-cst-list-item p,\r\n            #block_d96158e2f482bb17ec29b7b96b2ad823.block-cst-list-item a.ves-but {\r\n                color: #ffffff;\r\n            }\r\n            #block_d96158e2f482bb17ec29b7b96b2ad823.block-cst-list-item a.ves-but,\r\n            #block_d96158e2f482bb17ec29b7b96b2ad823.block-cst-list-item a.ves-but:before {\r\n                border-color: #ffffff;\r\n            }\r\n            #block_d96158e2f482bb17ec29b7b96b2ad823.block-cst-list-item a.ves-but:hover {\r\n                background-color: #ffffff;\r\n            }\r\n        <\/style>\r\n                <style>\r\n            #block_d96158e2f482bb17ec29b7b96b2ad823.block-cst-list-item {\r\n                background-color: #353f60;\r\n            }\r\n            #block_d96158e2f482bb17ec29b7b96b2ad823.block-cst-list-item a.ves-but:hover {\r\n                color: #353f60;\r\n            }\r\n            #block_d96158e2f482bb17ec29b7b96b2ad823.block-cst-list-item a.ves-but:hover:before {\r\n                border-color: #353f60;\r\n            }\r\n        <\/style>\r\n        <section id=\"block_d96158e2f482bb17ec29b7b96b2ad823\" class=\"block-cst-list-item \">\r\n        <div class=\"centres-lst-rgt lft\">\r\n            <img decoding=\"async\" class=\"desktop-centre\" width=\"100%\" height=\"100%\" loading=\"lazy\" src=\"https:\/\/cst.cat\/wp-content\/uploads\/2021\/11\/atencio-primaria.jpg\" srcset=\"https:\/\/cst.cat\/wp-content\/uploads\/2021\/11\/atencio-primaria.jpg 1500w, https:\/\/cst.cat\/wp-content\/uploads\/2021\/11\/atencio-primaria-600x406.jpg 600w, https:\/\/cst.cat\/wp-content\/uploads\/2021\/11\/atencio-primaria-1366x924.jpg 1366w, https:\/\/cst.cat\/wp-content\/uploads\/2021\/11\/atencio-primaria-768x520.jpg 768w\" alt=\"\">\r\n            <img decoding=\"async\" class=\"mob-centre\" width=\"100%\" height=\"100%\" loading=\"lazy\" src=\"https:\/\/cst.cat\/wp-content\/uploads\/2021\/11\/atencio-primaria.jpg\" srcset=\"https:\/\/cst.cat\/wp-content\/uploads\/2021\/11\/atencio-primaria.jpg 1500w, https:\/\/cst.cat\/wp-content\/uploads\/2021\/11\/atencio-primaria-600x406.jpg 600w, https:\/\/cst.cat\/wp-content\/uploads\/2021\/11\/atencio-primaria-1366x924.jpg 1366w, https:\/\/cst.cat\/wp-content\/uploads\/2021\/11\/atencio-primaria-768x520.jpg 768w\" alt=\"\">\r\n        <\/div>\r\n        <div class=\"centres-lst-lft rgt\">\r\n                            <h2>Atenci\u00f3n<br \/>\r\nPrimaria<\/h2>\r\n                        <p class=\"p1\">Diagn\u00f3stico y atenci\u00f3n a los principales problemas de salud, asistencia sanitaria y social, y servicios de promoci\u00f3n de la salud, de atenci\u00f3n preventiva, curativa y rehabilitadora, servicio<\/p>\n                            <a href=\"https:\/\/cst.cat\/es\/centres\/atencion-primaria\/\" class=\"ves-but\" target=\"_self\">\r\n                    IR                <\/a>\r\n                    <\/div>\r\n    <\/section>\r\n    <!-- end block: cst-list-item -->\r\n\n\n\r\n    <!-- block: cst-list-item -->\r\n            <style>\r\n            #block_a2fe6cbf58f8e6cd1f976f65bf7c563a.block-cst-list-item h2,\r\n            #block_a2fe6cbf58f8e6cd1f976f65bf7c563a.block-cst-list-item p,\r\n            #block_a2fe6cbf58f8e6cd1f976f65bf7c563a.block-cst-list-item a.ves-but {\r\n                color: #353f60;\r\n            }\r\n            #block_a2fe6cbf58f8e6cd1f976f65bf7c563a.block-cst-list-item a.ves-but,\r\n            #block_a2fe6cbf58f8e6cd1f976f65bf7c563a.block-cst-list-item a.ves-but:before {\r\n                border-color: #353f60;\r\n            }\r\n            #block_a2fe6cbf58f8e6cd1f976f65bf7c563a.block-cst-list-item a.ves-but:hover {\r\n                background-color: #353f60;\r\n            }\r\n        <\/style>\r\n                <style>\r\n            #block_a2fe6cbf58f8e6cd1f976f65bf7c563a.block-cst-list-item {\r\n                background-color: #ffffff;\r\n            }\r\n            #block_a2fe6cbf58f8e6cd1f976f65bf7c563a.block-cst-list-item a.ves-but:hover {\r\n                color: #ffffff;\r\n            }\r\n            #block_a2fe6cbf58f8e6cd1f976f65bf7c563a.block-cst-list-item a.ves-but:hover:before {\r\n                border-color: #ffffff;\r\n            }\r\n        <\/style>\r\n        <section id=\"block_a2fe6cbf58f8e6cd1f976f65bf7c563a\" class=\"block-cst-list-item \">\r\n        <div class=\"centres-lst-rgt \">\r\n            <img decoding=\"async\" class=\"desktop-centre\" width=\"100%\" height=\"100%\" loading=\"lazy\" src=\"https:\/\/cst.cat\/wp-content\/uploads\/2025\/09\/Diseno-sin-titulo-2025-09-03T155615.433.png\" srcset=\"https:\/\/cst.cat\/wp-content\/uploads\/2025\/09\/Diseno-sin-titulo-2025-09-03T155615.433.png 770w, https:\/\/cst.cat\/wp-content\/uploads\/2025\/09\/Diseno-sin-titulo-2025-09-03T155615.433-600x405.png 600w, https:\/\/cst.cat\/wp-content\/uploads\/2025\/09\/Diseno-sin-titulo-2025-09-03T155615.433-300x203.png 300w, https:\/\/cst.cat\/wp-content\/uploads\/2025\/09\/Diseno-sin-titulo-2025-09-03T155615.433-768x519.png 768w\" alt=\"\">\r\n            <img decoding=\"async\" class=\"mob-centre\" width=\"100%\" height=\"100%\" loading=\"lazy\" src=\"https:\/\/cst.cat\/wp-content\/uploads\/2025\/09\/Diseno-sin-titulo-2025-09-03T155922.450.png\" srcset=\"https:\/\/cst.cat\/wp-content\/uploads\/2025\/09\/Diseno-sin-titulo-2025-09-03T155922.450.png 353w, https:\/\/cst.cat\/wp-content\/uploads\/2025\/09\/Diseno-sin-titulo-2025-09-03T155922.450-300x144.png 300w\" alt=\"\">\r\n        <\/div>\r\n        <div class=\"centres-lst-lft \">\r\n                            <h2>Atenci\u00f3n<br \/>\r\nIntermedia<\/h2>\r\n                        <p>Da respuesta a las necesidades de las personas grandes fr\u00e1giles con enfermedades cr\u00f3nicas complejas, necesidad de atenci\u00f3n experta a final de vida y otras en situaci\u00f3n de dependencia y\/o discapacidad. Cuenta con recursos de car\u00e1cter temporal, definitivos, equipos de valoraci\u00f3n de la discapacidad y dependencia, equipos de apoyo hospitalarios y en la comunidad.<\/p>\n                            <a href=\"https:\/\/cst.cat\/es\/centres\/atencion-sociosanitaria\/\" class=\"ves-but\" target=\"_self\">\r\n                    IR                <\/a>\r\n                    <\/div>\r\n    <\/section>\r\n    <!-- end block: cst-list-item -->\r\n\n\n\r\n    <!-- block: cst-list-item -->\r\n            <style>\r\n            #block_7236c1f14dacd647329200057c000742.block-cst-list-item h2,\r\n            #block_7236c1f14dacd647329200057c000742.block-cst-list-item p,\r\n            #block_7236c1f14dacd647329200057c000742.block-cst-list-item a.ves-but {\r\n                color: #353f60;\r\n            }\r\n            #block_7236c1f14dacd647329200057c000742.block-cst-list-item a.ves-but,\r\n            #block_7236c1f14dacd647329200057c000742.block-cst-list-item a.ves-but:before {\r\n                border-color: #353f60;\r\n            }\r\n            #block_7236c1f14dacd647329200057c000742.block-cst-list-item a.ves-but:hover {\r\n                background-color: #353f60;\r\n            }\r\n        <\/style>\r\n                <style>\r\n            #block_7236c1f14dacd647329200057c000742.block-cst-list-item {\r\n                background-color: #78d7d3;\r\n            }\r\n            #block_7236c1f14dacd647329200057c000742.block-cst-list-item a.ves-but:hover {\r\n                color: #78d7d3;\r\n            }\r\n            #block_7236c1f14dacd647329200057c000742.block-cst-list-item a.ves-but:hover:before {\r\n                border-color: #78d7d3;\r\n            }\r\n        <\/style>\r\n        <section id=\"block_7236c1f14dacd647329200057c000742\" class=\"block-cst-list-item \">\r\n        <div class=\"centres-lst-rgt lft\">\r\n            <img decoding=\"async\" class=\"desktop-centre\" width=\"100%\" height=\"100%\" loading=\"lazy\" src=\"https:\/\/cst.cat\/wp-content\/uploads\/2021\/11\/salut-mental.jpg\" srcset=\"https:\/\/cst.cat\/wp-content\/uploads\/2021\/11\/salut-mental.jpg 1500w, https:\/\/cst.cat\/wp-content\/uploads\/2021\/11\/salut-mental-600x406.jpg 600w, https:\/\/cst.cat\/wp-content\/uploads\/2021\/11\/salut-mental-1366x924.jpg 1366w, https:\/\/cst.cat\/wp-content\/uploads\/2021\/11\/salut-mental-768x520.jpg 768w\" alt=\"\">\r\n            <img decoding=\"async\" class=\"mob-centre\" width=\"100%\" height=\"100%\" loading=\"lazy\" src=\"https:\/\/cst.cat\/wp-content\/uploads\/2021\/11\/salut-mental.jpg\" srcset=\"https:\/\/cst.cat\/wp-content\/uploads\/2021\/11\/salut-mental.jpg 1500w, https:\/\/cst.cat\/wp-content\/uploads\/2021\/11\/salut-mental-600x406.jpg 600w, https:\/\/cst.cat\/wp-content\/uploads\/2021\/11\/salut-mental-1366x924.jpg 1366w, https:\/\/cst.cat\/wp-content\/uploads\/2021\/11\/salut-mental-768x520.jpg 768w\" alt=\"\">\r\n        <\/div>\r\n        <div class=\"centres-lst-lft rgt\">\r\n                            <h2>Atenci\u00f3n a la<br \/>\r\nSalud Mental<\/h2>\r\n                        <p>El \u00c1mbito de la Salud Mental del Consorcio Sanitario de Terrassa agrupa todos los dispositivos destinados al tratamiento y prevenci\u00f3n de lo que se conoce como des\u00f3rdenes mentales, tanto en el entorno hospitalario como en el ambulatorio.<\/p>\n                            <a href=\"https:\/\/cst.cat\/es\/centres\/atencion-a-la-salud-mental\/\" class=\"ves-but\" target=\"_self\">\r\n                    IR                <\/a>\r\n                    <\/div>\r\n    <\/section>\r\n    <!-- end block: cst-list-item -->\r\n\n\n\r\n    <!-- block: cst-list-item -->\r\n            <style>\r\n            #block_93888b541cb434ded1e67e6c0de953bb.block-cst-list-item h2,\r\n            #block_93888b541cb434ded1e67e6c0de953bb.block-cst-list-item p,\r\n            #block_93888b541cb434ded1e67e6c0de953bb.block-cst-list-item a.ves-but {\r\n                color: #353f60;\r\n            }\r\n            #block_93888b541cb434ded1e67e6c0de953bb.block-cst-list-item a.ves-but,\r\n            #block_93888b541cb434ded1e67e6c0de953bb.block-cst-list-item a.ves-but:before {\r\n                border-color: #353f60;\r\n            }\r\n            #block_93888b541cb434ded1e67e6c0de953bb.block-cst-list-item a.ves-but:hover {\r\n                background-color: #353f60;\r\n            }\r\n        <\/style>\r\n                <style>\r\n            #block_93888b541cb434ded1e67e6c0de953bb.block-cst-list-item {\r\n                background-color: #f3bd51;\r\n            }\r\n            #block_93888b541cb434ded1e67e6c0de953bb.block-cst-list-item a.ves-but:hover {\r\n                color: #f3bd51;\r\n            }\r\n            #block_93888b541cb434ded1e67e6c0de953bb.block-cst-list-item a.ves-but:hover:before {\r\n                border-color: #f3bd51;\r\n            }\r\n        <\/style>\r\n        <section id=\"block_93888b541cb434ded1e67e6c0de953bb\" class=\"block-cst-list-item \">\r\n        <div class=\"centres-lst-rgt \">\r\n            <img decoding=\"async\" class=\"desktop-centre\" width=\"100%\" height=\"100%\" loading=\"lazy\" src=\"https:\/\/cst.cat\/wp-content\/uploads\/2021\/11\/medicina-esportiva.jpg\" srcset=\"https:\/\/cst.cat\/wp-content\/uploads\/2021\/11\/medicina-esportiva.jpg 1500w, https:\/\/cst.cat\/wp-content\/uploads\/2021\/11\/medicina-esportiva-600x406.jpg 600w, https:\/\/cst.cat\/wp-content\/uploads\/2021\/11\/medicina-esportiva-1366x924.jpg 1366w, https:\/\/cst.cat\/wp-content\/uploads\/2021\/11\/medicina-esportiva-768x520.jpg 768w\" alt=\"\">\r\n            <img decoding=\"async\" class=\"mob-centre\" width=\"100%\" height=\"100%\" loading=\"lazy\" src=\"https:\/\/cst.cat\/wp-content\/uploads\/2021\/11\/medicina-esportiva.jpg\" srcset=\"https:\/\/cst.cat\/wp-content\/uploads\/2021\/11\/medicina-esportiva.jpg 1500w, https:\/\/cst.cat\/wp-content\/uploads\/2021\/11\/medicina-esportiva-600x406.jpg 600w, https:\/\/cst.cat\/wp-content\/uploads\/2021\/11\/medicina-esportiva-1366x924.jpg 1366w, https:\/\/cst.cat\/wp-content\/uploads\/2021\/11\/medicina-esportiva-768x520.jpg 768w\" alt=\"\">\r\n        <\/div>\r\n        <div class=\"centres-lst-lft \">\r\n                            <h2>Medicina <br \/>\r\nDeportiva<\/h2>\r\n                        <p>Tiene como objetivo la atenci\u00f3n m\u00e9dica integral del deportista de \u00e9lite a partir de los hechos diferenciales en cuanto a la prevalencia de sus problemas de salud.<\/p>\n                            <a href=\"https:\/\/cst.cat\/es\/centres\/medicina-deportiva\/\" class=\"ves-but\" target=\"_self\">\r\n                    IR                <\/a>\r\n                    <\/div>\r\n    <\/section>\r\n    <!-- end block: cst-list-item -->\r\n","protected":false},"excerpt":{"rendered":"","protected":false},"author":2,"featured_media":0,"parent":0,"menu_order":0,"comment_status":"closed","ping_status":"closed","template":"","meta":{"_acf_changed":false,"footnotes":""},"class_list":["post-8726","page","type-page","status-publish","hentry"],"acf":[],"yoast_head":"<!-- This site is optimized with the Yoast SEO plugin v27.2 - https:\/\/yoast.com\/product\/yoast-seo-wordpress\/ -->\n<title>Centros del CST - CST<\/title>\n<meta name=\"robots\" content=\"index, follow, max-snippet:-1, max-image-preview:large, max-video-preview:-1\" \/>\n<link rel=\"canonical\" href=\"https:\/\/cst.cat\/es\/centros-del-cst\/\" \/>\n<meta property=\"og:locale\" content=\"es_ES\" \/>\n<meta property=\"og:type\" content=\"article\" \/>\n<meta property=\"og:title\" content=\"Centros del CST - CST\" \/>\n<meta property=\"og:url\" content=\"https:\/\/cst.cat\/es\/centros-del-cst\/\" \/>\n<meta property=\"og:site_name\" content=\"CST\" \/>\n<meta property=\"article:modified_time\" content=\"2025-09-03T14:09:12+00:00\" \/>\n<meta name=\"twitter:card\" content=\"summary_large_image\" \/>\n<script type=\"application\/ld+json\" class=\"yoast-schema-graph\">{\"@context\":\"https:\/\/schema.org\",\"@graph\":[{\"@type\":\"WebPage\",\"@id\":\"https:\/\/cst.cat\/es\/centros-del-cst\/\",\"url\":\"https:\/\/cst.cat\/es\/centros-del-cst\/\",\"name\":\"Centros del CST - CST\",\"isPartOf\":{\"@id\":\"https:\/\/cst.cat\/es\/#website\"},\"datePublished\":\"2022-03-08T08:49:08+00:00\",\"dateModified\":\"2025-09-03T14:09:12+00:00\",\"breadcrumb\":{\"@id\":\"https:\/\/cst.cat\/es\/centros-del-cst\/#breadcrumb\"},\"inLanguage\":\"es\",\"potentialAction\":[{\"@type\":\"ReadAction\",\"target\":[\"https:\/\/cst.cat\/es\/centros-del-cst\/\"]}]},{\"@type\":\"BreadcrumbList\",\"@id\":\"https:\/\/cst.cat\/es\/centros-del-cst\/#breadcrumb\",\"itemListElement\":[{\"@type\":\"ListItem\",\"position\":1,\"name\":\"Inici\",\"item\":\"https:\/\/cst.cat\/es\/\"},{\"@type\":\"ListItem\",\"position\":2,\"name\":\"Centros del CST\"}]},{\"@type\":\"WebSite\",\"@id\":\"https:\/\/cst.cat\/es\/#website\",\"url\":\"https:\/\/cst.cat\/es\/\",\"name\":\"CST\",\"description\":\"\",\"publisher\":{\"@id\":\"https:\/\/cst.cat\/es\/#organization\"},\"potentialAction\":[{\"@type\":\"SearchAction\",\"target\":{\"@type\":\"EntryPoint\",\"urlTemplate\":\"https:\/\/cst.cat\/es\/?s={search_term_string}\"},\"query-input\":{\"@type\":\"PropertyValueSpecification\",\"valueRequired\":true,\"valueName\":\"search_term_string\"}}],\"inLanguage\":\"es\"},{\"@type\":\"Organization\",\"@id\":\"https:\/\/cst.cat\/es\/#organization\",\"name\":\"Consorci Sanitari de Terrassa\",\"url\":\"https:\/\/cst.cat\/es\/\",\"logo\":{\"@type\":\"ImageObject\",\"inLanguage\":\"es\",\"@id\":\"https:\/\/cst.cat\/es\/#\/schema\/logo\/image\/\",\"url\":\"https:\/\/cst.cat\/wp-content\/uploads\/2021\/09\/logo-header.svg\",\"contentUrl\":\"https:\/\/cst.cat\/wp-content\/uploads\/2021\/09\/logo-header.svg\",\"width\":90,\"height\":32,\"caption\":\"Consorci Sanitari de Terrassa\"},\"image\":{\"@id\":\"https:\/\/cst.cat\/es\/#\/schema\/logo\/image\/\"}}]}<\/script>\n<!-- \/ Yoast SEO plugin. -->","yoast_head_json":{"title":"Centros del CST - CST","robots":{"index":"index","follow":"follow","max-snippet":"max-snippet:-1","max-image-preview":"max-image-preview:large","max-video-preview":"max-video-preview:-1"},"canonical":"https:\/\/cst.cat\/es\/centros-del-cst\/","og_locale":"es_ES","og_type":"article","og_title":"Centros del CST - CST","og_url":"https:\/\/cst.cat\/es\/centros-del-cst\/","og_site_name":"CST","article_modified_time":"2025-09-03T14:09:12+00:00","twitter_card":"summary_large_image","schema":{"@context":"https:\/\/schema.org","@graph":[{"@type":"WebPage","@id":"https:\/\/cst.cat\/es\/centros-del-cst\/","url":"https:\/\/cst.cat\/es\/centros-del-cst\/","name":"Centros del CST - CST","isPartOf":{"@id":"https:\/\/cst.cat\/es\/#website"},"datePublished":"2022-03-08T08:49:08+00:00","dateModified":"2025-09-03T14:09:12+00:00","breadcrumb":{"@id":"https:\/\/cst.cat\/es\/centros-del-cst\/#breadcrumb"},"inLanguage":"es","potentialAction":[{"@type":"ReadAction","target":["https:\/\/cst.cat\/es\/centros-del-cst\/"]}]},{"@type":"BreadcrumbList","@id":"https:\/\/cst.cat\/es\/centros-del-cst\/#breadcrumb","itemListElement":[{"@type":"ListItem","position":1,"name":"Inici","item":"https:\/\/cst.cat\/es\/"},{"@type":"ListItem","position":2,"name":"Centros del CST"}]},{"@type":"WebSite","@id":"https:\/\/cst.cat\/es\/#website","url":"https:\/\/cst.cat\/es\/","name":"CST","description":"","publisher":{"@id":"https:\/\/cst.cat\/es\/#organization"},"potentialAction":[{"@type":"SearchAction","target":{"@type":"EntryPoint","urlTemplate":"https:\/\/cst.cat\/es\/?s={search_term_string}"},"query-input":{"@type":"PropertyValueSpecification","valueRequired":true,"valueName":"search_term_string"}}],"inLanguage":"es"},{"@type":"Organization","@id":"https:\/\/cst.cat\/es\/#organization","name":"Consorci Sanitari de Terrassa","url":"https:\/\/cst.cat\/es\/","logo":{"@type":"ImageObject","inLanguage":"es","@id":"https:\/\/cst.cat\/es\/#\/schema\/logo\/image\/","url":"https:\/\/cst.cat\/wp-content\/uploads\/2021\/09\/logo-header.svg","contentUrl":"https:\/\/cst.cat\/wp-content\/uploads\/2021\/09\/logo-header.svg","width":90,"height":32,"caption":"Consorci Sanitari de Terrassa"},"image":{"@id":"https:\/\/cst.cat\/es\/#\/schema\/logo\/image\/"}}]}},"_links":{"self":[{"href":"https:\/\/cst.cat\/es\/wp-json\/wp\/v2\/pages\/8726","targetHints":{"allow":["GET"]}}],"collection":[{"href":"https:\/\/cst.cat\/es\/wp-json\/wp\/v2\/pages"}],"about":[{"href":"https:\/\/cst.cat\/es\/wp-json\/wp\/v2\/types\/page"}],"author":[{"embeddable":true,"href":"https:\/\/cst.cat\/es\/wp-json\/wp\/v2\/users\/2"}],"replies":[{"embeddable":true,"href":"https:\/\/cst.cat\/es\/wp-json\/wp\/v2\/comments?post=8726"}],"version-history":[{"count":0,"href":"https:\/\/cst.cat\/es\/wp-json\/wp\/v2\/pages\/8726\/revisions"}],"wp:attachment":[{"href":"https:\/\/cst.cat\/es\/wp-json\/wp\/v2\/media?parent=8726"}],"curies":[{"name":"wp","href":"https:\/\/api.w.org\/{rel}","templated":true}]}}