{"id":8733,"date":"2022-03-08T09:49:09","date_gmt":"2022-03-08T08:49:09","guid":{"rendered":"https:\/\/cst.cat\/cst-2\/"},"modified":"2026-03-26T10:13:05","modified_gmt":"2026-03-26T09:13:05","slug":"cst-2","status":"publish","type":"page","link":"https:\/\/cst.cat\/es\/cst-2\/","title":{"rendered":"CST"},"content":{"rendered":"\n<h1 class=\"wp-block-heading\" id=\"presentacio\">Presentaci\u00f3n<\/h1>\n\n<div style=\"height:20px\" aria-hidden=\"true\" class=\"wp-block-spacer\"><\/div>\n\n<div style=\"height:10px\" aria-hidden=\"true\" class=\"wp-block-spacer\"><\/div>\n\n<figure class=\"wp-block-image size-full\"><a href=\"https:\/\/cst.cat\/wp-content\/uploads\/2023\/07\/centres_0723-01.jpg\" target=\"_blank\" rel=\"noreferrer noopener\"><img loading=\"lazy\" decoding=\"async\" width=\"770\" height=\"450\" src=\"https:\/\/cst.cat\/wp-content\/uploads\/2023\/07\/mida-web-centres.png\" alt=\"\" class=\"wp-image-19409\" srcset=\"https:\/\/cst.cat\/wp-content\/uploads\/2023\/07\/mida-web-centres.png 770w, https:\/\/cst.cat\/wp-content\/uploads\/2023\/07\/mida-web-centres-600x351.png 600w, https:\/\/cst.cat\/wp-content\/uploads\/2023\/07\/mida-web-centres-300x175.png 300w, https:\/\/cst.cat\/wp-content\/uploads\/2023\/07\/mida-web-centres-768x449.png 768w\" sizes=\"auto, (max-width: 770px) 100vw, 770px\" \/><\/a><\/figure>\n\n<div style=\"height:15px\" aria-hidden=\"true\" class=\"wp-block-spacer\"><\/div>\n\n<p class=\"entradeta\">El Consorcio Sanitario de Terrassa &#8211; Hospital Universitario, es una organizaci\u00f3n integrada que dispone de todos los niveles de atenci\u00f3n (primaria, especializada, intermedia y de salud mental) y, de forma continuada y coordinada ofrece servicios de salud a una poblaci\u00f3n de m\u00e1s de 200.000 habitantes del Vall\u00e8s Occidental, de los municipios de Terrassa, Matadepera, Rub\u00ed, Castell.<\/p>\n\n<p><a href=\"https:\/\/cst.cat\/es\/cst-2\/organos-de-gobierno\/\">El \u00f3rgano de gobierno<\/a> es el Consejo de Gobierno, formado por 6 representantes de la Generalidad de Catalu\u00f1a y 4 representantes del Ayuntamiento de Terrassa.<\/p>\n\n<p>Desde 1988, nuestra misi\u00f3n es cuidar la salud y el bienestar de las personas. Desde entonces, hemos crecido como personas y profesionales, y las necesidades sanitarias de nuestros usuarios han ido cambiando.  <\/p>\n\n<p>Trabajamos para ayudar a las personas a vivir con el mejor estado de bienestar f\u00edsico y mental posible a lo largo de su vida, que es en definitiva nuestra raz\u00f3n de ser y nuestro prop\u00f3sito.<\/p>\n\n<p>Pero lo que nos diferencia de otras organizaciones son nuestros valores: nuestro modelo de calidad, humano y participativo, basado en la evidencia y orientaci\u00f3n a los resultados de valor para las personas y la humanizaci\u00f3n de la asistencia.<\/p>\n\n<p>Desde el 4 de agosto de 2023, el Consorcio Sanitario de Terrassa adquiere la condici\u00f3n de <a href=\"https:\/\/cst.cat\/es\/el-consorcio-sanitario-de-terrassa-ha-sido-declarado-hospital-universitario\/\">hospital universitario<\/a> seg\u00fan la resoluci\u00f3n publicada en el Diario Oficial de la Generalidad de Catalu\u00f1a (DOGC).<\/p>\n\n<p>La resoluci\u00f3n recoge tambi\u00e9n que los dispositivos asistenciales que integran el Consorcio Sanitario de Terrassa cumplen los requisitos exigibles por la normativa vigente para adquirir la condici\u00f3n de hospital universitario, centro de atenci\u00f3n primaria y centro de salud mental universitario de la <strong>Universidad Internacional de Catalunya<\/strong> .<\/p>\n\n<p>El CST asume los compromisos y principios recogidos en las siguientes pol\u00edticas:<\/p>\n\n<ul class=\"wp-block-list is-style-punts-blaus\">\n<li><a href=\"https:\/\/cst.cat\/wp-content\/uploads\/2026\/03\/APolitica-de-Qualitat1_X2024v4AA-1.pdf\" target=\"_blank\" rel=\"noreferrer noopener\">Pol\u00edtica de Calidad <\/a><\/li>\n\n\n\n<li><a href=\"https:\/\/cst.cat\/wp-content\/uploads\/2023\/09\/Politica-de-Medi-Ambient.pdf\" target=\"_blank\" rel=\"noreferrer noopener\">Pol\u00edtica de Medio Ambiente<\/a><\/li>\n\n\n\n<li><a href=\"https:\/\/cst.cat\/wp-content\/uploads\/2023\/09\/Politica-de-participacio-ciutadana.pdf\" target=\"_blank\" rel=\"noreferrer noopener\">Pol\u00edtica de Participaci\u00f3n Ciudadana<\/a><\/li>\n\n\n\n<li><a href=\"https:\/\/cst.cat\/wp-content\/uploads\/2023\/09\/Politica-de-RSC.pdf\" target=\"_blank\" rel=\"noreferrer noopener\">Pol\u00edtica de Responsabilidad Social Corporativa <\/a><\/li>\n\n\n\n<li><a href=\"https:\/\/cst.cat\/wp-content\/uploads\/2023\/12\/20231115-PE_QA_23-24_Ed.01_versio-difusio.pdf\">Plan Estrat\u00e9gico 2023-24 &#8211; Calidad Asistencial<\/a><\/li>\n\n\n\n<li><a href=\"https:\/\/cst.cat\/wp-content\/uploads\/2023\/12\/20231213-Politica-atencio-ciutadania.pdf\" target=\"_blank\" rel=\"noreferrer noopener\">Pol\u00edtica de Atenci\u00f3n a la Ciudadan\u00eda <\/a><\/li>\n\n\n\n<li><a href=\"https:\/\/cst.cat\/wp-content\/uploads\/2024\/07\/Politica-promocio-salut.pdf\">Pol\u00edtica de Promoci\u00f3n de la Salud y de H\u00e1bitos Saludables<\/a><\/li>\n\n\n\n<li><a href=\"https:\/\/cst.cat\/wp-content\/uploads\/2025\/11\/R16615.pdf\">Pol\u00edtica de Redes Sociales<\/a><\/li>\n<\/ul>\n\n<p><\/p>\n\n<p>Os presentamos diferentes ejemplos de humanizaci\u00f3n que estamos llevando a cabo en el Consorci Sanitari de Terrassa<\/p>\n\n<figure class=\"wp-block-embed is-type-video is-provider-youtube wp-block-embed-youtube wp-embed-aspect-16-9 wp-has-aspect-ratio\"><div class=\"wp-block-embed__wrapper\">\n<iframe loading=\"lazy\" title=\"Humanitzaci\u00f3 al Consorci Sanitari de Terrassa\" width=\"500\" height=\"281\" src=\"https:\/\/www.youtube.com\/embed\/5mgl5UR5yco?feature=oembed\" frameborder=\"0\" allow=\"accelerometer; autoplay; clipboard-write; encrypted-media; gyroscope; picture-in-picture; web-share\" referrerpolicy=\"strict-origin-when-cross-origin\" allowfullscreen><\/iframe>\n<\/div><figcaption class=\"wp-element-caption\">Humanizaci\u00f3n en el Consorcio Sanitario de Terrassa<\/figcaption><\/figure>\n","protected":false},"excerpt":{"rendered":"<p>Presentaci\u00f3n El Consorcio Sanitario de Terrassa &#8211; Hospital Universitario, es una organizaci\u00f3n integrada que dispone de todos los niveles de atenci\u00f3n (primaria, especializada, intermedia y de salud mental) y, de forma continuada y coordinada ofrece servicios de salud a una poblaci\u00f3n de m\u00e1s de 200.000 habitantes del Vall\u00e8s Occidental, de los municipios de Terrassa, Matadepera, [&hellip;]<\/p>\n","protected":false},"author":2,"featured_media":926,"parent":0,"menu_order":0,"comment_status":"closed","ping_status":"closed","template":"page-templates\/pagina-menu-lateral.php","meta":{"_acf_changed":false,"footnotes":""},"class_list":["post-8733","page","type-page","status-publish","has-post-thumbnail","hentry"],"acf":[],"yoast_head":"<!-- This site is optimized with the Yoast SEO plugin v27.2 - https:\/\/yoast.com\/product\/yoast-seo-wordpress\/ -->\n<title>CST - CST<\/title>\n<meta name=\"robots\" content=\"index, follow, max-snippet:-1, max-image-preview:large, max-video-preview:-1\" \/>\n<link rel=\"canonical\" href=\"https:\/\/cst.cat\/es\/cst-2\/\" \/>\n<meta property=\"og:locale\" content=\"es_ES\" \/>\n<meta property=\"og:type\" content=\"article\" \/>\n<meta property=\"og:title\" content=\"CST - CST\" \/>\n<meta property=\"og:description\" content=\"Presentaci\u00f3n El Consorcio Sanitario de Terrassa &#8211; Hospital Universitario, es una organizaci\u00f3n integrada que dispone de todos los niveles de atenci\u00f3n (primaria, especializada, intermedia y de salud mental) y, de forma continuada y coordinada ofrece servicios de salud a una poblaci\u00f3n de m\u00e1s de 200.000 habitantes del Vall\u00e8s Occidental, de los municipios de Terrassa, Matadepera, [&hellip;]\" \/>\n<meta property=\"og:url\" content=\"https:\/\/cst.cat\/es\/cst-2\/\" \/>\n<meta property=\"og:site_name\" content=\"CST\" \/>\n<meta property=\"article:modified_time\" content=\"2026-03-26T09:13:05+00:00\" \/>\n<meta property=\"og:image\" content=\"https:\/\/cst.cat\/wp-content\/uploads\/2021\/10\/borsa.jpg\" \/>\n\t<meta property=\"og:image:width\" content=\"1366\" \/>\n\t<meta property=\"og:image:height\" content=\"250\" \/>\n\t<meta property=\"og:image:type\" content=\"image\/jpeg\" \/>\n<meta name=\"twitter:card\" content=\"summary_large_image\" \/>\n<meta name=\"twitter:label1\" content=\"Tiempo de lectura\" \/>\n\t<meta name=\"twitter:data1\" content=\"2 minutos\" \/>\n<script type=\"application\/ld+json\" class=\"yoast-schema-graph\">{\"@context\":\"https:\/\/schema.org\",\"@graph\":[{\"@type\":\"WebPage\",\"@id\":\"https:\/\/cst.cat\/es\/cst-2\/\",\"url\":\"https:\/\/cst.cat\/es\/cst-2\/\",\"name\":\"CST - CST\",\"isPartOf\":{\"@id\":\"https:\/\/cst.cat\/es\/#website\"},\"primaryImageOfPage\":{\"@id\":\"https:\/\/cst.cat\/es\/cst-2\/#primaryimage\"},\"image\":{\"@id\":\"https:\/\/cst.cat\/es\/cst-2\/#primaryimage\"},\"thumbnailUrl\":\"https:\/\/cst.cat\/wp-content\/uploads\/2021\/10\/borsa.jpg\",\"datePublished\":\"2022-03-08T08:49:09+00:00\",\"dateModified\":\"2026-03-26T09:13:05+00:00\",\"breadcrumb\":{\"@id\":\"https:\/\/cst.cat\/es\/cst-2\/#breadcrumb\"},\"inLanguage\":\"es\",\"potentialAction\":[{\"@type\":\"ReadAction\",\"target\":[\"https:\/\/cst.cat\/es\/cst-2\/\"]}]},{\"@type\":\"ImageObject\",\"inLanguage\":\"es\",\"@id\":\"https:\/\/cst.cat\/es\/cst-2\/#primaryimage\",\"url\":\"https:\/\/cst.cat\/wp-content\/uploads\/2021\/10\/borsa.jpg\",\"contentUrl\":\"https:\/\/cst.cat\/wp-content\/uploads\/2021\/10\/borsa.jpg\",\"width\":1366,\"height\":250},{\"@type\":\"BreadcrumbList\",\"@id\":\"https:\/\/cst.cat\/es\/cst-2\/#breadcrumb\",\"itemListElement\":[{\"@type\":\"ListItem\",\"position\":1,\"name\":\"Inici\",\"item\":\"https:\/\/cst.cat\/es\/\"},{\"@type\":\"ListItem\",\"position\":2,\"name\":\"CST\"}]},{\"@type\":\"WebSite\",\"@id\":\"https:\/\/cst.cat\/es\/#website\",\"url\":\"https:\/\/cst.cat\/es\/\",\"name\":\"CST\",\"description\":\"\",\"publisher\":{\"@id\":\"https:\/\/cst.cat\/es\/#organization\"},\"potentialAction\":[{\"@type\":\"SearchAction\",\"target\":{\"@type\":\"EntryPoint\",\"urlTemplate\":\"https:\/\/cst.cat\/es\/?s={search_term_string}\"},\"query-input\":{\"@type\":\"PropertyValueSpecification\",\"valueRequired\":true,\"valueName\":\"search_term_string\"}}],\"inLanguage\":\"es\"},{\"@type\":\"Organization\",\"@id\":\"https:\/\/cst.cat\/es\/#organization\",\"name\":\"Consorci Sanitari de Terrassa\",\"url\":\"https:\/\/cst.cat\/es\/\",\"logo\":{\"@type\":\"ImageObject\",\"inLanguage\":\"es\",\"@id\":\"https:\/\/cst.cat\/es\/#\/schema\/logo\/image\/\",\"url\":\"https:\/\/cst.cat\/wp-content\/uploads\/2021\/09\/logo-header.svg\",\"contentUrl\":\"https:\/\/cst.cat\/wp-content\/uploads\/2021\/09\/logo-header.svg\",\"width\":90,\"height\":32,\"caption\":\"Consorci Sanitari de Terrassa\"},\"image\":{\"@id\":\"https:\/\/cst.cat\/es\/#\/schema\/logo\/image\/\"}}]}<\/script>\n<!-- \/ Yoast SEO plugin. -->","yoast_head_json":{"title":"CST - CST","robots":{"index":"index","follow":"follow","max-snippet":"max-snippet:-1","max-image-preview":"max-image-preview:large","max-video-preview":"max-video-preview:-1"},"canonical":"https:\/\/cst.cat\/es\/cst-2\/","og_locale":"es_ES","og_type":"article","og_title":"CST - CST","og_description":"Presentaci\u00f3n El Consorcio Sanitario de Terrassa &#8211; Hospital Universitario, es una organizaci\u00f3n integrada que dispone de todos los niveles de atenci\u00f3n (primaria, especializada, intermedia y de salud mental) y, de forma continuada y coordinada ofrece servicios de salud a una poblaci\u00f3n de m\u00e1s de 200.000 habitantes del Vall\u00e8s Occidental, de los municipios de Terrassa, Matadepera, [&hellip;]","og_url":"https:\/\/cst.cat\/es\/cst-2\/","og_site_name":"CST","article_modified_time":"2026-03-26T09:13:05+00:00","og_image":[{"width":1366,"height":250,"url":"https:\/\/cst.cat\/wp-content\/uploads\/2021\/10\/borsa.jpg","type":"image\/jpeg"}],"twitter_card":"summary_large_image","twitter_misc":{"Tiempo de lectura":"2 minutos"},"schema":{"@context":"https:\/\/schema.org","@graph":[{"@type":"WebPage","@id":"https:\/\/cst.cat\/es\/cst-2\/","url":"https:\/\/cst.cat\/es\/cst-2\/","name":"CST - CST","isPartOf":{"@id":"https:\/\/cst.cat\/es\/#website"},"primaryImageOfPage":{"@id":"https:\/\/cst.cat\/es\/cst-2\/#primaryimage"},"image":{"@id":"https:\/\/cst.cat\/es\/cst-2\/#primaryimage"},"thumbnailUrl":"https:\/\/cst.cat\/wp-content\/uploads\/2021\/10\/borsa.jpg","datePublished":"2022-03-08T08:49:09+00:00","dateModified":"2026-03-26T09:13:05+00:00","breadcrumb":{"@id":"https:\/\/cst.cat\/es\/cst-2\/#breadcrumb"},"inLanguage":"es","potentialAction":[{"@type":"ReadAction","target":["https:\/\/cst.cat\/es\/cst-2\/"]}]},{"@type":"ImageObject","inLanguage":"es","@id":"https:\/\/cst.cat\/es\/cst-2\/#primaryimage","url":"https:\/\/cst.cat\/wp-content\/uploads\/2021\/10\/borsa.jpg","contentUrl":"https:\/\/cst.cat\/wp-content\/uploads\/2021\/10\/borsa.jpg","width":1366,"height":250},{"@type":"BreadcrumbList","@id":"https:\/\/cst.cat\/es\/cst-2\/#breadcrumb","itemListElement":[{"@type":"ListItem","position":1,"name":"Inici","item":"https:\/\/cst.cat\/es\/"},{"@type":"ListItem","position":2,"name":"CST"}]},{"@type":"WebSite","@id":"https:\/\/cst.cat\/es\/#website","url":"https:\/\/cst.cat\/es\/","name":"CST","description":"","publisher":{"@id":"https:\/\/cst.cat\/es\/#organization"},"potentialAction":[{"@type":"SearchAction","target":{"@type":"EntryPoint","urlTemplate":"https:\/\/cst.cat\/es\/?s={search_term_string}"},"query-input":{"@type":"PropertyValueSpecification","valueRequired":true,"valueName":"search_term_string"}}],"inLanguage":"es"},{"@type":"Organization","@id":"https:\/\/cst.cat\/es\/#organization","name":"Consorci Sanitari de Terrassa","url":"https:\/\/cst.cat\/es\/","logo":{"@type":"ImageObject","inLanguage":"es","@id":"https:\/\/cst.cat\/es\/#\/schema\/logo\/image\/","url":"https:\/\/cst.cat\/wp-content\/uploads\/2021\/09\/logo-header.svg","contentUrl":"https:\/\/cst.cat\/wp-content\/uploads\/2021\/09\/logo-header.svg","width":90,"height":32,"caption":"Consorci Sanitari de Terrassa"},"image":{"@id":"https:\/\/cst.cat\/es\/#\/schema\/logo\/image\/"}}]}},"_links":{"self":[{"href":"https:\/\/cst.cat\/es\/wp-json\/wp\/v2\/pages\/8733","targetHints":{"allow":["GET"]}}],"collection":[{"href":"https:\/\/cst.cat\/es\/wp-json\/wp\/v2\/pages"}],"about":[{"href":"https:\/\/cst.cat\/es\/wp-json\/wp\/v2\/types\/page"}],"author":[{"embeddable":true,"href":"https:\/\/cst.cat\/es\/wp-json\/wp\/v2\/users\/2"}],"replies":[{"embeddable":true,"href":"https:\/\/cst.cat\/es\/wp-json\/wp\/v2\/comments?post=8733"}],"version-history":[{"count":2,"href":"https:\/\/cst.cat\/es\/wp-json\/wp\/v2\/pages\/8733\/revisions"}],"predecessor-version":[{"id":34694,"href":"https:\/\/cst.cat\/es\/wp-json\/wp\/v2\/pages\/8733\/revisions\/34694"}],"wp:featuredmedia":[{"embeddable":true,"href":"https:\/\/cst.cat\/es\/wp-json\/wp\/v2\/media\/926"}],"wp:attachment":[{"href":"https:\/\/cst.cat\/es\/wp-json\/wp\/v2\/media?parent=8733"}],"curies":[{"name":"wp","href":"https:\/\/api.w.org\/{rel}","templated":true}]}}