{"id":8735,"date":"2022-03-08T09:49:10","date_gmt":"2022-03-08T08:49:10","guid":{"rendered":"https:\/\/cst.cat\/cst-2\/comunicacion\/"},"modified":"2026-03-18T15:56:38","modified_gmt":"2026-03-18T14:56:38","slug":"comunicacion","status":"publish","type":"page","link":"https:\/\/cst.cat\/es\/cst-2\/comunicacion\/","title":{"rendered":"Comunicaci\u00f3n y Prensa"},"content":{"rendered":"\n<h1 class=\"wp-block-heading\" id=\"comunicacio\">Comunicaci\u00f3n y Prensa <\/h1>\n\n\n\n<div style=\"height:20px\" aria-hidden=\"true\" class=\"wp-block-spacer\"><\/div>\n\n\n\n<p class=\"has-medium-font-size\">El Departamento de Comunicaci\u00f3n trabajamos para ofrecerle toda la informaci\u00f3n sobre el Consorcio Sanitario de Terrassa en relaci\u00f3n a actividad asistencial, promoci\u00f3n de la salud, docencia, investigaci\u00f3n e innovaci\u00f3n. Gestionamos la imagen corporativa, la atenci\u00f3n a los medios y la informaci\u00f3n digital. <br><\/p>\n\n\n\n<div style=\"height:10px\" aria-hidden=\"true\" class=\"wp-block-spacer\"><\/div>\n\n\n\n<div class=\"wp-block-buttons is-layout-flex wp-block-buttons-is-layout-flex\">\n<div class=\"wp-block-button has-custom-width wp-block-button__width-25 has-custom-font-size is-style-button-blau has-small-font-size\"><a class=\"wp-block-button__link wp-element-button\" href=\"https:\/\/cst.cat\/es\/agenda-2\/\">Agenda<\/a><\/div>\n\n\n\n<div class=\"wp-block-button has-custom-width wp-block-button__width-25 has-custom-font-size is-style-button-blau has-small-font-size\"><a class=\"wp-block-button__link wp-element-button\" href=\"https:\/\/cst.cat\/es\/noticias\/\">Noticias<\/a><\/div>\n<\/div>\n\n\n\n<div style=\"height:20px\" aria-hidden=\"true\" class=\"wp-block-spacer\"><\/div>\n\n\n\n<hr class=\"wp-block-separator has-css-opacity\"\/>\n\n\n\r\n    <!-- block: contactar enlaces -->\r\n            <section class=\"block-contactar-enlaces  contact-sec \">\r\n            <div class=\"row\">\r\n                                    <div class=\"chead\">CONTACTAR CON EL DEPARTAMENTO DE COMUNICACI\u00d3N Y PRENSA<\/div>\r\n                                <ul class=\"contact-lst\">\r\n                                            <li class=\"phn \">\r\n                                                            <h2>Te escuchamos<\/h2>\r\n                                                        <p><strong>Tel\u00e9fono directo<\/strong><br \/>\n<a href=\"tel:(+34) 93 700 36 44\">(+34) 93 700 36 44<\/a><\/p>\n<p><strong><br \/>\nEmail:<\/strong><br \/>\n<a href=\"mailto:comunicacio@cst.cat\">comunicacio@cst.cat<\/a><\/p>\n                        <\/li>\r\n                                            <li class=\"map \">\r\n                                                            <h2>Como llegar<\/h2>\r\n                                                        <p class=\"addr\"><strong>Hospital de Terrassa<\/strong><\/p>\n<p>Planta 1<\/p>\n<p class=\"addr\">Ctra. Torrebonica, S\/N, 08227<br \/>\nTerrassa<\/p>\n<p><a href=\"https:\/\/goo.gl\/maps\/q95DYgvzyB3Geeu1A\" target=\"_blank\" rel=\"noopener\">Ver en Google Maps<\/a><\/p>\n                        <\/li>\r\n                                    <\/ul>\r\n            <\/div>\r\n        <\/section>\r\n        <!-- end block: contactar enlaces -->\r\n\n\n\n<p><\/p>\n","protected":false},"excerpt":{"rendered":"<p>Comunicaci\u00f3n y Prensa El Departamento de Comunicaci\u00f3n trabajamos para ofrecerle toda la informaci\u00f3n sobre el Consorcio Sanitario de Terrassa en relaci\u00f3n a actividad asistencial, promoci\u00f3n de la salud, docencia, investigaci\u00f3n e innovaci\u00f3n. Gestionamos la imagen corporativa, la atenci\u00f3n a los medios y la informaci\u00f3n digital.<\/p>\n","protected":false},"author":2,"featured_media":0,"parent":8733,"menu_order":0,"comment_status":"closed","ping_status":"closed","template":"page-templates\/pagina-menu-lateral.php","meta":{"_acf_changed":false,"footnotes":""},"class_list":["post-8735","page","type-page","status-publish","hentry"],"acf":[],"yoast_head":"<!-- This site is optimized with the Yoast SEO plugin v27.2 - https:\/\/yoast.com\/product\/yoast-seo-wordpress\/ -->\n<title>Comunicaci\u00f3n y Prensa - CST<\/title>\n<meta name=\"robots\" content=\"index, follow, max-snippet:-1, max-image-preview:large, max-video-preview:-1\" \/>\n<link rel=\"canonical\" href=\"https:\/\/cst.cat\/es\/cst-2\/comunicacion\/\" \/>\n<meta property=\"og:locale\" content=\"es_ES\" \/>\n<meta property=\"og:type\" content=\"article\" \/>\n<meta property=\"og:title\" content=\"Comunicaci\u00f3n y Prensa - CST\" \/>\n<meta property=\"og:description\" content=\"Comunicaci\u00f3n y Prensa El Departamento de Comunicaci\u00f3n trabajamos para ofrecerle toda la informaci\u00f3n sobre el Consorcio Sanitario de Terrassa en relaci\u00f3n a actividad asistencial, promoci\u00f3n de la salud, docencia, investigaci\u00f3n e innovaci\u00f3n. Gestionamos la imagen corporativa, la atenci\u00f3n a los medios y la informaci\u00f3n digital.\" \/>\n<meta property=\"og:url\" content=\"https:\/\/cst.cat\/es\/cst-2\/comunicacion\/\" \/>\n<meta property=\"og:site_name\" content=\"CST\" \/>\n<meta property=\"article:modified_time\" content=\"2026-03-18T14:56:38+00:00\" \/>\n<meta name=\"twitter:card\" content=\"summary_large_image\" \/>\n<meta name=\"twitter:label1\" content=\"Tiempo de lectura\" \/>\n\t<meta name=\"twitter:data1\" content=\"1 minuto\" \/>\n<script type=\"application\/ld+json\" class=\"yoast-schema-graph\">{\"@context\":\"https:\/\/schema.org\",\"@graph\":[{\"@type\":\"WebPage\",\"@id\":\"https:\/\/cst.cat\/es\/cst-2\/comunicacion\/\",\"url\":\"https:\/\/cst.cat\/es\/cst-2\/comunicacion\/\",\"name\":\"Comunicaci\u00f3n y Prensa - CST\",\"isPartOf\":{\"@id\":\"https:\/\/cst.cat\/es\/#website\"},\"datePublished\":\"2022-03-08T08:49:10+00:00\",\"dateModified\":\"2026-03-18T14:56:38+00:00\",\"breadcrumb\":{\"@id\":\"https:\/\/cst.cat\/es\/cst-2\/comunicacion\/#breadcrumb\"},\"inLanguage\":\"es\",\"potentialAction\":[{\"@type\":\"ReadAction\",\"target\":[\"https:\/\/cst.cat\/es\/cst-2\/comunicacion\/\"]}]},{\"@type\":\"BreadcrumbList\",\"@id\":\"https:\/\/cst.cat\/es\/cst-2\/comunicacion\/#breadcrumb\",\"itemListElement\":[{\"@type\":\"ListItem\",\"position\":1,\"name\":\"Inici\",\"item\":\"https:\/\/cst.cat\/es\/\"},{\"@type\":\"ListItem\",\"position\":2,\"name\":\"CST\",\"item\":\"https:\/\/cst.cat\/es\/cst-2\/\"},{\"@type\":\"ListItem\",\"position\":3,\"name\":\"Comunicaci\u00f3n y Prensa\"}]},{\"@type\":\"WebSite\",\"@id\":\"https:\/\/cst.cat\/es\/#website\",\"url\":\"https:\/\/cst.cat\/es\/\",\"name\":\"CST\",\"description\":\"\",\"publisher\":{\"@id\":\"https:\/\/cst.cat\/es\/#organization\"},\"potentialAction\":[{\"@type\":\"SearchAction\",\"target\":{\"@type\":\"EntryPoint\",\"urlTemplate\":\"https:\/\/cst.cat\/es\/?s={search_term_string}\"},\"query-input\":{\"@type\":\"PropertyValueSpecification\",\"valueRequired\":true,\"valueName\":\"search_term_string\"}}],\"inLanguage\":\"es\"},{\"@type\":\"Organization\",\"@id\":\"https:\/\/cst.cat\/es\/#organization\",\"name\":\"Consorci Sanitari de Terrassa\",\"url\":\"https:\/\/cst.cat\/es\/\",\"logo\":{\"@type\":\"ImageObject\",\"inLanguage\":\"es\",\"@id\":\"https:\/\/cst.cat\/es\/#\/schema\/logo\/image\/\",\"url\":\"https:\/\/cst.cat\/wp-content\/uploads\/2021\/09\/logo-header.svg\",\"contentUrl\":\"https:\/\/cst.cat\/wp-content\/uploads\/2021\/09\/logo-header.svg\",\"width\":90,\"height\":32,\"caption\":\"Consorci Sanitari de Terrassa\"},\"image\":{\"@id\":\"https:\/\/cst.cat\/es\/#\/schema\/logo\/image\/\"}}]}<\/script>\n<!-- \/ Yoast SEO plugin. -->","yoast_head_json":{"title":"Comunicaci\u00f3n y Prensa - CST","robots":{"index":"index","follow":"follow","max-snippet":"max-snippet:-1","max-image-preview":"max-image-preview:large","max-video-preview":"max-video-preview:-1"},"canonical":"https:\/\/cst.cat\/es\/cst-2\/comunicacion\/","og_locale":"es_ES","og_type":"article","og_title":"Comunicaci\u00f3n y Prensa - CST","og_description":"Comunicaci\u00f3n y Prensa El Departamento de Comunicaci\u00f3n trabajamos para ofrecerle toda la informaci\u00f3n sobre el Consorcio Sanitario de Terrassa en relaci\u00f3n a actividad asistencial, promoci\u00f3n de la salud, docencia, investigaci\u00f3n e innovaci\u00f3n. Gestionamos la imagen corporativa, la atenci\u00f3n a los medios y la informaci\u00f3n digital.","og_url":"https:\/\/cst.cat\/es\/cst-2\/comunicacion\/","og_site_name":"CST","article_modified_time":"2026-03-18T14:56:38+00:00","twitter_card":"summary_large_image","twitter_misc":{"Tiempo de lectura":"1 minuto"},"schema":{"@context":"https:\/\/schema.org","@graph":[{"@type":"WebPage","@id":"https:\/\/cst.cat\/es\/cst-2\/comunicacion\/","url":"https:\/\/cst.cat\/es\/cst-2\/comunicacion\/","name":"Comunicaci\u00f3n y Prensa - CST","isPartOf":{"@id":"https:\/\/cst.cat\/es\/#website"},"datePublished":"2022-03-08T08:49:10+00:00","dateModified":"2026-03-18T14:56:38+00:00","breadcrumb":{"@id":"https:\/\/cst.cat\/es\/cst-2\/comunicacion\/#breadcrumb"},"inLanguage":"es","potentialAction":[{"@type":"ReadAction","target":["https:\/\/cst.cat\/es\/cst-2\/comunicacion\/"]}]},{"@type":"BreadcrumbList","@id":"https:\/\/cst.cat\/es\/cst-2\/comunicacion\/#breadcrumb","itemListElement":[{"@type":"ListItem","position":1,"name":"Inici","item":"https:\/\/cst.cat\/es\/"},{"@type":"ListItem","position":2,"name":"CST","item":"https:\/\/cst.cat\/es\/cst-2\/"},{"@type":"ListItem","position":3,"name":"Comunicaci\u00f3n y Prensa"}]},{"@type":"WebSite","@id":"https:\/\/cst.cat\/es\/#website","url":"https:\/\/cst.cat\/es\/","name":"CST","description":"","publisher":{"@id":"https:\/\/cst.cat\/es\/#organization"},"potentialAction":[{"@type":"SearchAction","target":{"@type":"EntryPoint","urlTemplate":"https:\/\/cst.cat\/es\/?s={search_term_string}"},"query-input":{"@type":"PropertyValueSpecification","valueRequired":true,"valueName":"search_term_string"}}],"inLanguage":"es"},{"@type":"Organization","@id":"https:\/\/cst.cat\/es\/#organization","name":"Consorci Sanitari de Terrassa","url":"https:\/\/cst.cat\/es\/","logo":{"@type":"ImageObject","inLanguage":"es","@id":"https:\/\/cst.cat\/es\/#\/schema\/logo\/image\/","url":"https:\/\/cst.cat\/wp-content\/uploads\/2021\/09\/logo-header.svg","contentUrl":"https:\/\/cst.cat\/wp-content\/uploads\/2021\/09\/logo-header.svg","width":90,"height":32,"caption":"Consorci Sanitari de Terrassa"},"image":{"@id":"https:\/\/cst.cat\/es\/#\/schema\/logo\/image\/"}}]}},"_links":{"self":[{"href":"https:\/\/cst.cat\/es\/wp-json\/wp\/v2\/pages\/8735","targetHints":{"allow":["GET"]}}],"collection":[{"href":"https:\/\/cst.cat\/es\/wp-json\/wp\/v2\/pages"}],"about":[{"href":"https:\/\/cst.cat\/es\/wp-json\/wp\/v2\/types\/page"}],"author":[{"embeddable":true,"href":"https:\/\/cst.cat\/es\/wp-json\/wp\/v2\/users\/2"}],"replies":[{"embeddable":true,"href":"https:\/\/cst.cat\/es\/wp-json\/wp\/v2\/comments?post=8735"}],"version-history":[{"count":0,"href":"https:\/\/cst.cat\/es\/wp-json\/wp\/v2\/pages\/8735\/revisions"}],"up":[{"embeddable":true,"href":"https:\/\/cst.cat\/es\/wp-json\/wp\/v2\/pages\/8733"}],"wp:attachment":[{"href":"https:\/\/cst.cat\/es\/wp-json\/wp\/v2\/media?parent=8735"}],"curies":[{"name":"wp","href":"https:\/\/api.w.org\/{rel}","templated":true}]}}