{"id":8737,"date":"2022-03-08T09:49:10","date_gmt":"2022-03-08T08:49:10","guid":{"rendered":"https:\/\/cst.cat\/cst-2\/organos-de-gobierno\/"},"modified":"2026-03-03T09:45:04","modified_gmt":"2026-03-03T08:45:04","slug":"organos-de-gobierno","status":"publish","type":"page","link":"https:\/\/cst.cat\/es\/cst-2\/organos-de-gobierno\/","title":{"rendered":"\u00d3rganos de Gobierno"},"content":{"rendered":"\n<ul class=\"is-style-punts-blaus wp-block-list\">\n<li>6 representantes de la Generalidad de Catalu\u00f1a<\/li>\n\n\n\n<li>4 representantes del Ayuntamiento de Terrassa<\/li>\n<\/ul>\n\n\n\n<div style=\"height:30px\" aria-hidden=\"true\" class=\"wp-block-spacer\"><\/div>\n\n\n\n<h2 class=\"wp-block-heading\" id=\"estructura-de-direccio\"><strong>Estructura de direcci\u00f3n:<\/strong><\/h2>\n\n\n\n<div style=\"height:25px\" aria-hidden=\"true\" class=\"wp-block-spacer\"><\/div>\n\n\n\n<ul class=\"is-style-punts-blaus wp-block-list\">\n<li><strong>Presidente<\/strong> : Mari\u00e0 G\u00e0llego G\u00e0llego <br><mark style=\"background-color:rgba(0, 0, 0, 0)\" class=\"has-inline-color has-cyan-bluish-gray-color\">(Representante Generalitat de Catalunya)<\/mark><br><\/li>\n\n\n\n<li><strong>Vicepresidente<\/strong> : Ilmo. Sr. Jordi Ballart Pastor <br><mark style=\"background-color:rgba(0, 0, 0, 0)\" class=\"has-inline-color has-cyan-bluish-gray-color\">(Representante Ayuntamiento de Terrassa)<\/mark><br><\/li>\n\n\n\n<li><strong>Vocal<\/strong> Sr. Marc Soler F\u00e0bregas<br><mark style=\"background-color:rgba(0, 0, 0, 0)\" class=\"has-inline-color has-cyan-bluish-gray-color\">(Representante Generalitat de Catalunya)<\/mark><br><\/li>\n\n\n\n<li><strong>Vocal<\/strong> : Sr. Xavier Roca Ramon <br><mark style=\"background-color:rgba(0, 0, 0, 0)\" class=\"has-inline-color has-cyan-bluish-gray-color\">(Representante Generalitat de Catalunya)<\/mark><br><\/li>\n\n\n\n<li><strong>Vocal<\/strong> : Sra. Assumpta Ricart Conesa <br><mark style=\"background-color:rgba(0, 0, 0, 0)\" class=\"has-inline-color has-cyan-bluish-gray-color\">(Representante Generalitat de Catalunya)<\/mark><br><\/li>\n\n\n\n<li><strong>Vocal<\/strong> : Sr. Joan Sala Padr\u00f3s <br><mark style=\"background-color:rgba(0, 0, 0, 0)\" class=\"has-inline-color has-cyan-bluish-gray-color\">(Representante Generalitat de Catalunya)<\/mark><br><\/li>\n\n\n\n<li><strong>Vocal<\/strong> : Sra. Elisenda Serra Masip<br><mark style=\"background-color:rgba(0, 0, 0, 0)\" class=\"has-inline-color has-cyan-bluish-gray-color\">(Representante Generalitat de Catalunya)<\/mark><br><\/li>\n\n\n\n<li><strong>Vocal<\/strong> : Sra. Laura Rivas Moreno<br><mark style=\"background-color:rgba(0, 0, 0, 0)\" class=\"has-inline-color has-cyan-bluish-gray-color\">(Representante Ayuntamiento de Terrassa)<\/mark><br><\/li>\n\n\n\n<li><strong>Vocal<\/strong> : Sr. Xavier Cardona Ruiz<br><mark style=\"background-color:rgba(0, 0, 0, 0)\" class=\"has-inline-color has-cyan-bluish-gray-color\">(Representante Ayuntamiento de Terrassa)<\/mark><br><\/li>\n\n\n\n<li><strong>Vocal<\/strong> : Sra. Eva Candela L\u00f3pez<br><mark style=\"background-color:rgba(0, 0, 0, 0)\" class=\"has-inline-color has-cyan-bluish-gray-color\">(Representante Ayuntamiento de Terrassa)<\/mark><br><\/li>\n\n\n\n<li><strong>Secretaria<\/strong> : Sra. Antonia Olivares Hortal <br><\/li>\n<\/ul>\n","protected":false},"excerpt":{"rendered":"<p>Estructura de direcci\u00f3n:<\/p>\n","protected":false},"author":2,"featured_media":926,"parent":8733,"menu_order":2,"comment_status":"closed","ping_status":"closed","template":"page-templates\/pagina-menu-lateral.php","meta":{"_acf_changed":false,"footnotes":""},"class_list":["post-8737","page","type-page","status-publish","has-post-thumbnail","hentry"],"acf":[],"yoast_head":"<!-- This site is optimized with the Yoast SEO plugin v27.2 - https:\/\/yoast.com\/product\/yoast-seo-wordpress\/ -->\n<title>\u00d3rganos de Gobierno - CST<\/title>\n<meta name=\"robots\" content=\"index, follow, max-snippet:-1, max-image-preview:large, max-video-preview:-1\" \/>\n<link rel=\"canonical\" href=\"https:\/\/cst.cat\/es\/cst-2\/organos-de-gobierno\/\" \/>\n<meta property=\"og:locale\" content=\"es_ES\" \/>\n<meta property=\"og:type\" content=\"article\" \/>\n<meta property=\"og:title\" content=\"\u00d3rganos de Gobierno - CST\" \/>\n<meta property=\"og:description\" content=\"Estructura de direcci\u00f3n:\" \/>\n<meta property=\"og:url\" content=\"https:\/\/cst.cat\/es\/cst-2\/organos-de-gobierno\/\" \/>\n<meta property=\"og:site_name\" content=\"CST\" \/>\n<meta property=\"article:modified_time\" content=\"2026-03-03T08:45:04+00:00\" \/>\n<meta property=\"og:image\" content=\"https:\/\/cst.cat\/wp-content\/uploads\/2021\/10\/borsa.jpg\" \/>\n\t<meta property=\"og:image:width\" content=\"1366\" \/>\n\t<meta property=\"og:image:height\" content=\"250\" \/>\n\t<meta property=\"og:image:type\" content=\"image\/jpeg\" \/>\n<meta name=\"twitter:card\" content=\"summary_large_image\" \/>\n<meta name=\"twitter:label1\" content=\"Tiempo de lectura\" \/>\n\t<meta name=\"twitter:data1\" content=\"1 minuto\" \/>\n<script type=\"application\/ld+json\" class=\"yoast-schema-graph\">{\"@context\":\"https:\/\/schema.org\",\"@graph\":[{\"@type\":\"WebPage\",\"@id\":\"https:\/\/cst.cat\/es\/cst-2\/organos-de-gobierno\/\",\"url\":\"https:\/\/cst.cat\/es\/cst-2\/organos-de-gobierno\/\",\"name\":\"\u00d3rganos de Gobierno - CST\",\"isPartOf\":{\"@id\":\"https:\/\/cst.cat\/es\/#website\"},\"primaryImageOfPage\":{\"@id\":\"https:\/\/cst.cat\/es\/cst-2\/organos-de-gobierno\/#primaryimage\"},\"image\":{\"@id\":\"https:\/\/cst.cat\/es\/cst-2\/organos-de-gobierno\/#primaryimage\"},\"thumbnailUrl\":\"https:\/\/cst.cat\/wp-content\/uploads\/2021\/10\/borsa.jpg\",\"datePublished\":\"2022-03-08T08:49:10+00:00\",\"dateModified\":\"2026-03-03T08:45:04+00:00\",\"breadcrumb\":{\"@id\":\"https:\/\/cst.cat\/es\/cst-2\/organos-de-gobierno\/#breadcrumb\"},\"inLanguage\":\"es\",\"potentialAction\":[{\"@type\":\"ReadAction\",\"target\":[\"https:\/\/cst.cat\/es\/cst-2\/organos-de-gobierno\/\"]}]},{\"@type\":\"ImageObject\",\"inLanguage\":\"es\",\"@id\":\"https:\/\/cst.cat\/es\/cst-2\/organos-de-gobierno\/#primaryimage\",\"url\":\"https:\/\/cst.cat\/wp-content\/uploads\/2021\/10\/borsa.jpg\",\"contentUrl\":\"https:\/\/cst.cat\/wp-content\/uploads\/2021\/10\/borsa.jpg\",\"width\":1366,\"height\":250},{\"@type\":\"BreadcrumbList\",\"@id\":\"https:\/\/cst.cat\/es\/cst-2\/organos-de-gobierno\/#breadcrumb\",\"itemListElement\":[{\"@type\":\"ListItem\",\"position\":1,\"name\":\"Inici\",\"item\":\"https:\/\/cst.cat\/es\/\"},{\"@type\":\"ListItem\",\"position\":2,\"name\":\"CST\",\"item\":\"https:\/\/cst.cat\/es\/cst-2\/\"},{\"@type\":\"ListItem\",\"position\":3,\"name\":\"\u00d3rganos de Gobierno\"}]},{\"@type\":\"WebSite\",\"@id\":\"https:\/\/cst.cat\/es\/#website\",\"url\":\"https:\/\/cst.cat\/es\/\",\"name\":\"CST\",\"description\":\"\",\"publisher\":{\"@id\":\"https:\/\/cst.cat\/es\/#organization\"},\"potentialAction\":[{\"@type\":\"SearchAction\",\"target\":{\"@type\":\"EntryPoint\",\"urlTemplate\":\"https:\/\/cst.cat\/es\/?s={search_term_string}\"},\"query-input\":{\"@type\":\"PropertyValueSpecification\",\"valueRequired\":true,\"valueName\":\"search_term_string\"}}],\"inLanguage\":\"es\"},{\"@type\":\"Organization\",\"@id\":\"https:\/\/cst.cat\/es\/#organization\",\"name\":\"Consorci Sanitari de Terrassa\",\"url\":\"https:\/\/cst.cat\/es\/\",\"logo\":{\"@type\":\"ImageObject\",\"inLanguage\":\"es\",\"@id\":\"https:\/\/cst.cat\/es\/#\/schema\/logo\/image\/\",\"url\":\"https:\/\/cst.cat\/wp-content\/uploads\/2021\/09\/logo-header.svg\",\"contentUrl\":\"https:\/\/cst.cat\/wp-content\/uploads\/2021\/09\/logo-header.svg\",\"width\":90,\"height\":32,\"caption\":\"Consorci Sanitari de Terrassa\"},\"image\":{\"@id\":\"https:\/\/cst.cat\/es\/#\/schema\/logo\/image\/\"}}]}<\/script>\n<!-- \/ Yoast SEO plugin. -->","yoast_head_json":{"title":"\u00d3rganos de Gobierno - CST","robots":{"index":"index","follow":"follow","max-snippet":"max-snippet:-1","max-image-preview":"max-image-preview:large","max-video-preview":"max-video-preview:-1"},"canonical":"https:\/\/cst.cat\/es\/cst-2\/organos-de-gobierno\/","og_locale":"es_ES","og_type":"article","og_title":"\u00d3rganos de Gobierno - CST","og_description":"Estructura de direcci\u00f3n:","og_url":"https:\/\/cst.cat\/es\/cst-2\/organos-de-gobierno\/","og_site_name":"CST","article_modified_time":"2026-03-03T08:45:04+00:00","og_image":[{"width":1366,"height":250,"url":"https:\/\/cst.cat\/wp-content\/uploads\/2021\/10\/borsa.jpg","type":"image\/jpeg"}],"twitter_card":"summary_large_image","twitter_misc":{"Tiempo de lectura":"1 minuto"},"schema":{"@context":"https:\/\/schema.org","@graph":[{"@type":"WebPage","@id":"https:\/\/cst.cat\/es\/cst-2\/organos-de-gobierno\/","url":"https:\/\/cst.cat\/es\/cst-2\/organos-de-gobierno\/","name":"\u00d3rganos de Gobierno - CST","isPartOf":{"@id":"https:\/\/cst.cat\/es\/#website"},"primaryImageOfPage":{"@id":"https:\/\/cst.cat\/es\/cst-2\/organos-de-gobierno\/#primaryimage"},"image":{"@id":"https:\/\/cst.cat\/es\/cst-2\/organos-de-gobierno\/#primaryimage"},"thumbnailUrl":"https:\/\/cst.cat\/wp-content\/uploads\/2021\/10\/borsa.jpg","datePublished":"2022-03-08T08:49:10+00:00","dateModified":"2026-03-03T08:45:04+00:00","breadcrumb":{"@id":"https:\/\/cst.cat\/es\/cst-2\/organos-de-gobierno\/#breadcrumb"},"inLanguage":"es","potentialAction":[{"@type":"ReadAction","target":["https:\/\/cst.cat\/es\/cst-2\/organos-de-gobierno\/"]}]},{"@type":"ImageObject","inLanguage":"es","@id":"https:\/\/cst.cat\/es\/cst-2\/organos-de-gobierno\/#primaryimage","url":"https:\/\/cst.cat\/wp-content\/uploads\/2021\/10\/borsa.jpg","contentUrl":"https:\/\/cst.cat\/wp-content\/uploads\/2021\/10\/borsa.jpg","width":1366,"height":250},{"@type":"BreadcrumbList","@id":"https:\/\/cst.cat\/es\/cst-2\/organos-de-gobierno\/#breadcrumb","itemListElement":[{"@type":"ListItem","position":1,"name":"Inici","item":"https:\/\/cst.cat\/es\/"},{"@type":"ListItem","position":2,"name":"CST","item":"https:\/\/cst.cat\/es\/cst-2\/"},{"@type":"ListItem","position":3,"name":"\u00d3rganos de Gobierno"}]},{"@type":"WebSite","@id":"https:\/\/cst.cat\/es\/#website","url":"https:\/\/cst.cat\/es\/","name":"CST","description":"","publisher":{"@id":"https:\/\/cst.cat\/es\/#organization"},"potentialAction":[{"@type":"SearchAction","target":{"@type":"EntryPoint","urlTemplate":"https:\/\/cst.cat\/es\/?s={search_term_string}"},"query-input":{"@type":"PropertyValueSpecification","valueRequired":true,"valueName":"search_term_string"}}],"inLanguage":"es"},{"@type":"Organization","@id":"https:\/\/cst.cat\/es\/#organization","name":"Consorci Sanitari de Terrassa","url":"https:\/\/cst.cat\/es\/","logo":{"@type":"ImageObject","inLanguage":"es","@id":"https:\/\/cst.cat\/es\/#\/schema\/logo\/image\/","url":"https:\/\/cst.cat\/wp-content\/uploads\/2021\/09\/logo-header.svg","contentUrl":"https:\/\/cst.cat\/wp-content\/uploads\/2021\/09\/logo-header.svg","width":90,"height":32,"caption":"Consorci Sanitari de Terrassa"},"image":{"@id":"https:\/\/cst.cat\/es\/#\/schema\/logo\/image\/"}}]}},"_links":{"self":[{"href":"https:\/\/cst.cat\/es\/wp-json\/wp\/v2\/pages\/8737","targetHints":{"allow":["GET"]}}],"collection":[{"href":"https:\/\/cst.cat\/es\/wp-json\/wp\/v2\/pages"}],"about":[{"href":"https:\/\/cst.cat\/es\/wp-json\/wp\/v2\/types\/page"}],"author":[{"embeddable":true,"href":"https:\/\/cst.cat\/es\/wp-json\/wp\/v2\/users\/2"}],"replies":[{"embeddable":true,"href":"https:\/\/cst.cat\/es\/wp-json\/wp\/v2\/comments?post=8737"}],"version-history":[{"count":0,"href":"https:\/\/cst.cat\/es\/wp-json\/wp\/v2\/pages\/8737\/revisions"}],"up":[{"embeddable":true,"href":"https:\/\/cst.cat\/es\/wp-json\/wp\/v2\/pages\/8733"}],"wp:featuredmedia":[{"embeddable":true,"href":"https:\/\/cst.cat\/es\/wp-json\/wp\/v2\/media\/926"}],"wp:attachment":[{"href":"https:\/\/cst.cat\/es\/wp-json\/wp\/v2\/media?parent=8737"}],"curies":[{"name":"wp","href":"https:\/\/api.w.org\/{rel}","templated":true}]}}