{"id":8754,"date":"2022-03-08T09:49:13","date_gmt":"2022-03-08T08:49:13","guid":{"rendered":"https:\/\/cst.cat\/docencia-2\/"},"modified":"2022-03-09T13:31:50","modified_gmt":"2022-03-09T12:31:50","slug":"docencia-2","status":"publish","type":"page","link":"https:\/\/cst.cat\/es\/docencia-2\/","title":{"rendered":"Docencia"},"content":{"rendered":"\r\n    \r\n    <!-- block: banner-header -->\r\n    <style>\r\n        @media screen and (max-width: 767px) {\r\n            .block-banner-header.inner-banner {\r\n                height: auto !important;\r\n            }\r\n        }\r\n    <\/style>\r\n    <section class=\"block-banner-header  left inner-banner\">\r\n        <div>\r\n            <img decoding=\"async\" width=\"100%\" height=\"100%\" loading=\"lazy\" src=\"https:\/\/cst.cat\/wp-content\/uploads\/2021\/11\/cap-docencia.jpg\" srcset=\"https:\/\/cst.cat\/wp-content\/uploads\/2021\/11\/cap-docencia.jpg 1600w, https:\/\/cst.cat\/wp-content\/uploads\/2021\/11\/cap-docencia-600x188.jpg 600w, https:\/\/cst.cat\/wp-content\/uploads\/2021\/11\/cap-docencia-1366x427.jpg 1366w, https:\/\/cst.cat\/wp-content\/uploads\/2021\/11\/cap-docencia-768x240.jpg 768w, https:\/\/cst.cat\/wp-content\/uploads\/2021\/11\/cap-docencia-1536x480.jpg 1536w\" alt=\"\">\r\n        <\/div>\r\n        <div class=\"inner-banner-cnt\">\r\n            <div class=\"row\">\r\n                <h2>Doc\u00e8ncia<\/h2>\r\n                <p>AL CST<\/p>\r\n                <div class=\"aero\">\r\n                    <a href=\"javascript:void(0);\">\r\n                        <img decoding=\"async\" src=\"https:\/\/cst.cat\/wp-content\/themes\/cst\/inc\/blocks\/cst\/banner-header\/images\/double-arrw-down.svg\">\r\n                    <\/a>\r\n                <\/div>\r\n            <\/div>\r\n        <\/div>\r\n    <\/section>\r\n    <!-- end block: banner-header -->\r\n\n\n\r\n    <!-- block: block-introduccio -->\r\n    <section class=\"block-introduccio  intro-box\">\r\n        <div class=\"row\">\r\n            <div class=\"lft-txt\">\r\n                <p>El Consorcio Sanitario de Terrassa es una organizaci\u00f3n con una importante tradici\u00f3n en el \u00e1mbito docente, lo que se apoya en la vocaci\u00f3n del servicio y en la calidad t\u00e9cnica de todos sus profesionales.<\/p>\n                \r\n            <\/div>\r\n            <div class=\"rgt-txt\">\r\n                <p>La incorporaci\u00f3n constante a nuestra instituci\u00f3n de residente y estudiantes comporta una gran responsabilidad y es, al mismo tiempo, una fuente de est\u00edmulo y progreso que queremos traducir en acciones de mejora continua y calidad de todas las actuaciones asistenciales, docentes y de investigaci\u00f3n que define la misi\u00f3n del Consorci Sanitari de Terrassa.<\/p>\n            <\/div>\r\n        <\/div>\r\n    <\/section>\r\n    <!-- end block: block-introduccio -->\r\n\n\n\r\n    <!-- block: block-docencia-2-cards -->\r\n            <section class=\"block-docencia-2-cards  docencia-lst \" style=\"background-color: #F3F3F3\">\r\n            <div class=\"row\">\r\n                <ul>\r\n                                            <li>\r\n                            <a href='https:\/\/cst.cat\/es\/estudiantes\/' target='_self'>                            <h3>Estudiantes<\/h3>\r\n                            <\/a>                                                            <div class=\"lst-img\">\r\n                                    <a href='https:\/\/cst.cat\/es\/estudiantes\/' target='_self'>                                    <img decoding=\"async\" width=\"100%\" height=\"100%\" loading=\"lazy\" src=\"https:\/\/cst.cat\/wp-content\/uploads\/2021\/12\/cst-estudiants-content.jpg\" srcset=\"\" alt=\"\">\r\n                                    <\/a>                                <\/div>\r\n                                                        <div class=\"lst-cnt\">\r\n                                <p>En el Consorci Sanitari de Terrassa organizamos los estudios en funci\u00f3n del aprendizaje, es decir nos centramos en el trabajo del estudiante, con un enfoque pr\u00e1ctico y cercano a los centros sanitarios para abrir un abanico importante de oportunidades de participaci\u00f3n.<\/p>\r\n\r\n                                                                    <a href=\"https:\/\/cst.cat\/es\/estudiantes\/\" target=\"_self\" class=\"btn\">\r\n                                        M\u00c1S INFORMACI\u00d3N                                    <\/a>\r\n                                                            <\/div>\r\n                        <\/li>\r\n                                            <li>\r\n                            <a href='https:\/\/cst.cat\/es\/residentes\/' target='_self'>                            <h3>Residentes<\/h3>\r\n                            <\/a>                                                            <div class=\"lst-img\">\r\n                                    <a href='https:\/\/cst.cat\/es\/residentes\/' target='_self'>                                    <img decoding=\"async\" width=\"100%\" height=\"100%\" loading=\"lazy\" src=\"https:\/\/cst.cat\/wp-content\/uploads\/2021\/12\/cst-docencia-content.jpg\" srcset=\"\" alt=\"\">\r\n                                    <\/a>                                <\/div>\r\n                                                        <div class=\"lst-cnt\">\r\n                                <p>Queremos que los profesionales que se incorporen a la instituci\u00f3n tenga la seguridad de que pondremos todo el esfuerzo y recursos necesarios para que pueda alcanzar los objetivos de aprendizaje marcados en sus programas formativos.<\/p>\r\n\r\n                                                                    <a href=\"https:\/\/cst.cat\/es\/residentes\/\" target=\"_self\" class=\"btn\">\r\n                                        M\u00c1S INFORMACI\u00d3N                                    <\/a>\r\n                                                            <\/div>\r\n                        <\/li>\r\n                                    <\/ul>\r\n            <\/div>\r\n        <\/section>\r\n        <!-- end block: block-docencia-2-cards -->\r\n\n\n\r\n    <!-- block: contactar enlaces -->\r\n            <section class=\"block-contactar-enlaces  contact-sec \">\r\n            <div class=\"row\">\r\n                                    <div class=\"chead\">SECRETAR\u00cdA DOCENCIA<\/div>\r\n                                <ul class=\"contact-lst\">\r\n                                            <li class=\"phn \">\r\n                                                            <h2>Tel\u00e9fonos<\/h2>\r\n                                                        <p>Tel.\u00a0<a href=\"tel:(+34) 93 731 00 07\">(+34) 93 731 00 07<\/a><br \/>\nExtensi\u00f3n 1874<\/p>\n                        <\/li>\r\n                                            <li class=\"mail \">\r\n                                                            <h2>Correo<\/h2>\r\n                                                        <p><a href=\"mailto: sdocencia@cst.cat\" target=\"blank\">sdocencia@cst.cat<\/a><\/p>\n                        <\/li>\r\n                                            <li class=\"map \">\r\n                                                            <h2>C\u00f3mo llegar<\/h2>\r\n                                                        <p class=\"addr\">Ctra. Torrebonica, S\/N, 08227 &#8211; Terrassa<\/p>\n<p><a href=\"https:\/\/goo.gl\/maps\/q95DYgvzyB3Geeu1A\" target=\"_blank\" rel=\"noopener\">Ver en Google Maps<\/a><\/p>\n                        <\/li>\r\n                                    <\/ul>\r\n            <\/div>\r\n        <\/section>\r\n        <!-- end block: contactar enlaces -->\r\n","protected":false},"excerpt":{"rendered":"","protected":false},"author":2,"featured_media":1661,"parent":0,"menu_order":0,"comment_status":"closed","ping_status":"closed","template":"","meta":{"_acf_changed":false,"footnotes":""},"class_list":["post-8754","page","type-page","status-publish","has-post-thumbnail","hentry"],"acf":[],"yoast_head":"<!-- This site is optimized with the Yoast SEO plugin v27.2 - https:\/\/yoast.com\/product\/yoast-seo-wordpress\/ -->\n<title>Docencia - CST<\/title>\n<meta name=\"robots\" content=\"index, follow, max-snippet:-1, max-image-preview:large, max-video-preview:-1\" \/>\n<link rel=\"canonical\" href=\"https:\/\/cst.cat\/es\/docencia-2\/\" \/>\n<meta property=\"og:locale\" content=\"es_ES\" \/>\n<meta property=\"og:type\" content=\"article\" \/>\n<meta property=\"og:title\" content=\"Docencia - CST\" \/>\n<meta property=\"og:url\" content=\"https:\/\/cst.cat\/es\/docencia-2\/\" \/>\n<meta property=\"og:site_name\" content=\"CST\" \/>\n<meta property=\"article:modified_time\" content=\"2022-03-09T12:31:50+00:00\" \/>\n<meta property=\"og:image\" content=\"https:\/\/cst.cat\/wp-content\/uploads\/2021\/11\/cap-docencia.jpg\" \/>\n\t<meta property=\"og:image:width\" content=\"1600\" \/>\n\t<meta property=\"og:image:height\" content=\"500\" \/>\n\t<meta property=\"og:image:type\" content=\"image\/jpeg\" \/>\n<meta name=\"twitter:card\" content=\"summary_large_image\" \/>\n<script type=\"application\/ld+json\" class=\"yoast-schema-graph\">{\"@context\":\"https:\/\/schema.org\",\"@graph\":[{\"@type\":\"WebPage\",\"@id\":\"https:\/\/cst.cat\/es\/docencia-2\/\",\"url\":\"https:\/\/cst.cat\/es\/docencia-2\/\",\"name\":\"Docencia - CST\",\"isPartOf\":{\"@id\":\"https:\/\/cst.cat\/es\/#website\"},\"primaryImageOfPage\":{\"@id\":\"https:\/\/cst.cat\/es\/docencia-2\/#primaryimage\"},\"image\":{\"@id\":\"https:\/\/cst.cat\/es\/docencia-2\/#primaryimage\"},\"thumbnailUrl\":\"https:\/\/cst.cat\/wp-content\/uploads\/2021\/11\/cap-docencia.jpg\",\"datePublished\":\"2022-03-08T08:49:13+00:00\",\"dateModified\":\"2022-03-09T12:31:50+00:00\",\"breadcrumb\":{\"@id\":\"https:\/\/cst.cat\/es\/docencia-2\/#breadcrumb\"},\"inLanguage\":\"es\",\"potentialAction\":[{\"@type\":\"ReadAction\",\"target\":[\"https:\/\/cst.cat\/es\/docencia-2\/\"]}]},{\"@type\":\"ImageObject\",\"inLanguage\":\"es\",\"@id\":\"https:\/\/cst.cat\/es\/docencia-2\/#primaryimage\",\"url\":\"https:\/\/cst.cat\/wp-content\/uploads\/2021\/11\/cap-docencia.jpg\",\"contentUrl\":\"https:\/\/cst.cat\/wp-content\/uploads\/2021\/11\/cap-docencia.jpg\",\"width\":1600,\"height\":500},{\"@type\":\"BreadcrumbList\",\"@id\":\"https:\/\/cst.cat\/es\/docencia-2\/#breadcrumb\",\"itemListElement\":[{\"@type\":\"ListItem\",\"position\":1,\"name\":\"Inici\",\"item\":\"https:\/\/cst.cat\/es\/\"},{\"@type\":\"ListItem\",\"position\":2,\"name\":\"Docencia\"}]},{\"@type\":\"WebSite\",\"@id\":\"https:\/\/cst.cat\/es\/#website\",\"url\":\"https:\/\/cst.cat\/es\/\",\"name\":\"CST\",\"description\":\"\",\"publisher\":{\"@id\":\"https:\/\/cst.cat\/es\/#organization\"},\"potentialAction\":[{\"@type\":\"SearchAction\",\"target\":{\"@type\":\"EntryPoint\",\"urlTemplate\":\"https:\/\/cst.cat\/es\/?s={search_term_string}\"},\"query-input\":{\"@type\":\"PropertyValueSpecification\",\"valueRequired\":true,\"valueName\":\"search_term_string\"}}],\"inLanguage\":\"es\"},{\"@type\":\"Organization\",\"@id\":\"https:\/\/cst.cat\/es\/#organization\",\"name\":\"Consorci Sanitari de Terrassa\",\"url\":\"https:\/\/cst.cat\/es\/\",\"logo\":{\"@type\":\"ImageObject\",\"inLanguage\":\"es\",\"@id\":\"https:\/\/cst.cat\/es\/#\/schema\/logo\/image\/\",\"url\":\"https:\/\/cst.cat\/wp-content\/uploads\/2021\/09\/logo-header.svg\",\"contentUrl\":\"https:\/\/cst.cat\/wp-content\/uploads\/2021\/09\/logo-header.svg\",\"width\":90,\"height\":32,\"caption\":\"Consorci Sanitari de Terrassa\"},\"image\":{\"@id\":\"https:\/\/cst.cat\/es\/#\/schema\/logo\/image\/\"}}]}<\/script>\n<!-- \/ Yoast SEO plugin. -->","yoast_head_json":{"title":"Docencia - CST","robots":{"index":"index","follow":"follow","max-snippet":"max-snippet:-1","max-image-preview":"max-image-preview:large","max-video-preview":"max-video-preview:-1"},"canonical":"https:\/\/cst.cat\/es\/docencia-2\/","og_locale":"es_ES","og_type":"article","og_title":"Docencia - CST","og_url":"https:\/\/cst.cat\/es\/docencia-2\/","og_site_name":"CST","article_modified_time":"2022-03-09T12:31:50+00:00","og_image":[{"width":1600,"height":500,"url":"https:\/\/cst.cat\/wp-content\/uploads\/2021\/11\/cap-docencia.jpg","type":"image\/jpeg"}],"twitter_card":"summary_large_image","schema":{"@context":"https:\/\/schema.org","@graph":[{"@type":"WebPage","@id":"https:\/\/cst.cat\/es\/docencia-2\/","url":"https:\/\/cst.cat\/es\/docencia-2\/","name":"Docencia - CST","isPartOf":{"@id":"https:\/\/cst.cat\/es\/#website"},"primaryImageOfPage":{"@id":"https:\/\/cst.cat\/es\/docencia-2\/#primaryimage"},"image":{"@id":"https:\/\/cst.cat\/es\/docencia-2\/#primaryimage"},"thumbnailUrl":"https:\/\/cst.cat\/wp-content\/uploads\/2021\/11\/cap-docencia.jpg","datePublished":"2022-03-08T08:49:13+00:00","dateModified":"2022-03-09T12:31:50+00:00","breadcrumb":{"@id":"https:\/\/cst.cat\/es\/docencia-2\/#breadcrumb"},"inLanguage":"es","potentialAction":[{"@type":"ReadAction","target":["https:\/\/cst.cat\/es\/docencia-2\/"]}]},{"@type":"ImageObject","inLanguage":"es","@id":"https:\/\/cst.cat\/es\/docencia-2\/#primaryimage","url":"https:\/\/cst.cat\/wp-content\/uploads\/2021\/11\/cap-docencia.jpg","contentUrl":"https:\/\/cst.cat\/wp-content\/uploads\/2021\/11\/cap-docencia.jpg","width":1600,"height":500},{"@type":"BreadcrumbList","@id":"https:\/\/cst.cat\/es\/docencia-2\/#breadcrumb","itemListElement":[{"@type":"ListItem","position":1,"name":"Inici","item":"https:\/\/cst.cat\/es\/"},{"@type":"ListItem","position":2,"name":"Docencia"}]},{"@type":"WebSite","@id":"https:\/\/cst.cat\/es\/#website","url":"https:\/\/cst.cat\/es\/","name":"CST","description":"","publisher":{"@id":"https:\/\/cst.cat\/es\/#organization"},"potentialAction":[{"@type":"SearchAction","target":{"@type":"EntryPoint","urlTemplate":"https:\/\/cst.cat\/es\/?s={search_term_string}"},"query-input":{"@type":"PropertyValueSpecification","valueRequired":true,"valueName":"search_term_string"}}],"inLanguage":"es"},{"@type":"Organization","@id":"https:\/\/cst.cat\/es\/#organization","name":"Consorci Sanitari de Terrassa","url":"https:\/\/cst.cat\/es\/","logo":{"@type":"ImageObject","inLanguage":"es","@id":"https:\/\/cst.cat\/es\/#\/schema\/logo\/image\/","url":"https:\/\/cst.cat\/wp-content\/uploads\/2021\/09\/logo-header.svg","contentUrl":"https:\/\/cst.cat\/wp-content\/uploads\/2021\/09\/logo-header.svg","width":90,"height":32,"caption":"Consorci Sanitari de Terrassa"},"image":{"@id":"https:\/\/cst.cat\/es\/#\/schema\/logo\/image\/"}}]}},"_links":{"self":[{"href":"https:\/\/cst.cat\/es\/wp-json\/wp\/v2\/pages\/8754","targetHints":{"allow":["GET"]}}],"collection":[{"href":"https:\/\/cst.cat\/es\/wp-json\/wp\/v2\/pages"}],"about":[{"href":"https:\/\/cst.cat\/es\/wp-json\/wp\/v2\/types\/page"}],"author":[{"embeddable":true,"href":"https:\/\/cst.cat\/es\/wp-json\/wp\/v2\/users\/2"}],"replies":[{"embeddable":true,"href":"https:\/\/cst.cat\/es\/wp-json\/wp\/v2\/comments?post=8754"}],"version-history":[{"count":0,"href":"https:\/\/cst.cat\/es\/wp-json\/wp\/v2\/pages\/8754\/revisions"}],"wp:featuredmedia":[{"embeddable":true,"href":"https:\/\/cst.cat\/es\/wp-json\/wp\/v2\/media\/1661"}],"wp:attachment":[{"href":"https:\/\/cst.cat\/es\/wp-json\/wp\/v2\/media?parent=8754"}],"curies":[{"name":"wp","href":"https:\/\/api.w.org\/{rel}","templated":true}]}}