{"id":8758,"date":"2022-03-08T09:49:14","date_gmt":"2022-03-08T08:49:14","guid":{"rendered":"https:\/\/cst.cat\/estudiantes\/"},"modified":"2023-10-23T15:02:26","modified_gmt":"2023-10-23T13:02:26","slug":"estudiantes","status":"publish","type":"page","link":"https:\/\/cst.cat\/es\/estudiantes\/","title":{"rendered":"Estudiantes"},"content":{"rendered":"\r\n    \r\n    <!-- block: banner-header -->\r\n    <style>\r\n        @media screen and (max-width: 767px) {\r\n            .block-banner-header.inner-banner {\r\n                height: auto !important;\r\n            }\r\n        }\r\n    <\/style>\r\n    <section class=\"block-banner-header  left inner-banner\">\r\n        <div>\r\n            <img decoding=\"async\" width=\"100%\" height=\"100%\" loading=\"lazy\" src=\"https:\/\/cst.cat\/wp-content\/uploads\/2021\/12\/cap-estudiants.jpg\" srcset=\"https:\/\/cst.cat\/wp-content\/uploads\/2021\/12\/cap-estudiants.jpg 1600w, https:\/\/cst.cat\/wp-content\/uploads\/2021\/12\/cap-estudiants-600x154.jpg 600w, https:\/\/cst.cat\/wp-content\/uploads\/2021\/12\/cap-estudiants-1366x350.jpg 1366w, https:\/\/cst.cat\/wp-content\/uploads\/2021\/12\/cap-estudiants-768x197.jpg 768w, https:\/\/cst.cat\/wp-content\/uploads\/2021\/12\/cap-estudiants-1536x394.jpg 1536w\" alt=\"\">\r\n        <\/div>\r\n        <div class=\"inner-banner-cnt\">\r\n            <div class=\"row\">\r\n                <h2>Estudiantes<\/h2>\r\n                <p>AL CST<\/p>\r\n                <div class=\"aero\">\r\n                    <a href=\"javascript:void(0);\">\r\n                        <img decoding=\"async\" src=\"https:\/\/cst.cat\/wp-content\/themes\/cst\/inc\/blocks\/cst\/banner-header\/images\/double-arrw-down.svg\">\r\n                    <\/a>\r\n                <\/div>\r\n            <\/div>\r\n        <\/div>\r\n    <\/section>\r\n    <!-- end block: banner-header -->\r\n\n\n\r\n    <!-- block: block-introduccio -->\r\n    <section class=\"block-introduccio  intro-box\">\r\n        <div class=\"row\">\r\n            <div class=\"lft-txt\">\r\n                <p>Una instituci\u00f3n con una consolidada tradici\u00f3n docente<\/p>\n                \r\n            <\/div>\r\n            <div class=\"rgt-txt\">\r\n                <p>Acreditada para la docencia de posgrado desde el a\u00f1o 1979, actualmente se forman m\u00e9dicos y enfermeras especialistas y psic\u00f3logos cl\u00ednicos<\/p>\n            <\/div>\r\n        <\/div>\r\n    <\/section>\r\n    <!-- end block: block-introduccio -->\r\n\n\n<div class=\"wp-block-image\">\n<figure class=\"aligncenter size-full is-resized\"><a href=\"https:\/\/www.youtube.com\/watch?v=ZthEEXxl0S4\"><img loading=\"lazy\" decoding=\"async\" width=\"686\" height=\"365\" src=\"https:\/\/cst.cat\/wp-content\/uploads\/2023\/10\/685x385.png\" alt=\"\" class=\"wp-image-21268\" style=\"aspect-ratio:1.8794520547945206;width:686px;height:auto\" srcset=\"https:\/\/cst.cat\/wp-content\/uploads\/2023\/10\/685x385.png 686w, https:\/\/cst.cat\/wp-content\/uploads\/2023\/10\/685x385-600x319.png 600w, https:\/\/cst.cat\/wp-content\/uploads\/2023\/10\/685x385-300x160.png 300w\" sizes=\"auto, (max-width: 686px) 100vw, 686px\" \/><\/a><\/figure>\n<\/div>\n\n\n<div style=\"height:100px\" aria-hidden=\"true\" class=\"wp-block-spacer\"><\/div>\n\n\n\r\n    <!-- block: block-docencia-2-cards -->\r\n            <section class=\"block-docencia-2-cards  docencia-lst ensenyar_3a_card\" style=\"background-color: #F3F3F3\">\r\n            <div class=\"row\">\r\n                <ul>\r\n                                            <li>\r\n                            <a href='https:\/\/cst.cat\/es\/docencia\/estudiantes\/estudios-de-grado\/' target='_self'>                            <h3>Estudios <br \/>de Grado<\/h3>\r\n                            <\/a>                                                            <div class=\"lst-img\">\r\n                                    <a href='https:\/\/cst.cat\/es\/docencia\/estudiantes\/estudios-de-grado\/' target='_self'>                                    <img decoding=\"async\" width=\"100%\" height=\"100%\" loading=\"lazy\" src=\"https:\/\/cst.cat\/wp-content\/uploads\/2022\/02\/estudiants-graus.jpg\" srcset=\"\" alt=\"\">\r\n                                    <\/a>                                <\/div>\r\n                                                        <div class=\"lst-cnt\">\r\n                                <p>Un elemento fundamental para el desarrollo de las competencias profesionales y para la integraci\u00f3n de los conocimientos te\u00f3ricos con las habilidades y actitudes espec\u00edficas de distintas titulaciones.<\/p>\r\n\r\n                                                                    <a href=\"https:\/\/cst.cat\/es\/docencia\/estudiantes\/estudios-de-grado\/\" target=\"_self\" class=\"btn\">\r\n                                        M\u00c1S INFORMACI\u00d3N                                    <\/a>\r\n                                                            <\/div>\r\n                        <\/li>\r\n                                            <li>\r\n                            <a href='https:\/\/cst.cat\/es\/docencia\/estudiantes\/ciclos-formativos\/' target='_self'>                            <h3>Ciclos <br \/>formativos<\/h3>\r\n                            <\/a>                                                            <div class=\"lst-img\">\r\n                                    <a href='https:\/\/cst.cat\/es\/docencia\/estudiantes\/ciclos-formativos\/' target='_self'>                                    <img decoding=\"async\" width=\"100%\" height=\"100%\" loading=\"lazy\" src=\"https:\/\/cst.cat\/wp-content\/uploads\/2022\/02\/estudiants-cicles-formatius.jpg\" srcset=\"\" alt=\"\">\r\n                                    <\/a>                                <\/div>\r\n                                                        <div class=\"lst-cnt\">\r\n                                <p>Capacitan para ejercer de forma cualificada diversas profesiones y proporciona la formaci\u00f3n necesaria para adquirir la competencia profesional y el conocimiento propio de cada sector<\/p>\r\n\r\n                                                                    <a href=\"https:\/\/cst.cat\/es\/docencia\/estudiantes\/ciclos-formativos\/\" target=\"_self\" class=\"btn\">\r\n                                        M\u00c1S INFORMACI\u00d3N                                    <\/a>\r\n                                                            <\/div>\r\n                        <\/li>\r\n                                            <li>\r\n                            <a href='https:\/\/cst.cat\/es\/docencia\/estudiantes\/estudios-de-postgrado-y-master\/' target='_self'>                            <h3>Estudios de Postgrado y M\u00e1ster<\/h3>\r\n                            <\/a>                                                            <div class=\"lst-img\">\r\n                                    <a href='https:\/\/cst.cat\/es\/docencia\/estudiantes\/estudios-de-postgrado-y-master\/' target='_self'>                                    <img decoding=\"async\" width=\"100%\" height=\"100%\" loading=\"lazy\" src=\"https:\/\/cst.cat\/wp-content\/uploads\/2022\/02\/estudiants-postgrau-master.jpg\" srcset=\"\" alt=\"\">\r\n                                    <\/a>                                <\/div>\r\n                                                        <div class=\"lst-cnt\">\r\n                                <p>Tienen como finalidad la especializaci\u00f3n del estudiante en su formaci\u00f3n acad\u00e9mica, profesional o investigadora y se articulan en programas integrados que permiten la obtenci\u00f3n de los t\u00edtulos correspondientes<\/p>\r\n\r\n                                                                    <a href=\"https:\/\/cst.cat\/es\/docencia\/estudiantes\/estudios-de-postgrado-y-master\/\" target=\"_self\" class=\"btn\">\r\n                                        M\u00c1S INFORMACI\u00d3N                                    <\/a>\r\n                                                            <\/div>\r\n                        <\/li>\r\n                                    <\/ul>\r\n            <\/div>\r\n        <\/section>\r\n        <!-- end block: block-docencia-2-cards -->\r\n\n\n\r\n    <!-- block: contactar enlaces -->\r\n            <section class=\"block-contactar-enlaces  contact-sec \">\r\n            <div class=\"row\">\r\n                                    <div class=\"chead\">SECRETAR\u00cdA DOCENCIA<\/div>\r\n                                <ul class=\"contact-lst\">\r\n                                            <li class=\"phn \">\r\n                                                            <h2>Tel\u00e9fonos<\/h2>\r\n                                                        <p>Tel.\u00a0<a href=\"tel:(+34) 93 731 00 07\">(+34) 93 731 00 07<\/a><br \/>\nExtensi\u00f3n 1873<\/p>\n                        <\/li>\r\n                                            <li class=\"mail \">\r\n                                                            <h2>Correo<\/h2>\r\n                                                        <p><a href=\"spregrau@cst.cat\">spregrau@cst.cat<\/a><\/p>\n                        <\/li>\r\n                                            <li class=\"map \">\r\n                                                            <h2>C\u00f3mo llegar<\/h2>\r\n                                                        <p class=\"addr\">Ctra. Torrebonica, S\/N, 08227 &#8211; Terrassa<\/p>\n<p><a href=\"https:\/\/goo.gl\/maps\/q95DYgvzyB3Geeu1A\" target=\"_blank\" rel=\"noopener\">Ver en Google Maps<\/a><\/p>\n                        <\/li>\r\n                                    <\/ul>\r\n            <\/div>\r\n        <\/section>\r\n        <!-- end block: contactar enlaces -->\r\n\n\n\n<p><\/p>\n","protected":false},"excerpt":{"rendered":"","protected":false},"author":2,"featured_media":796,"parent":0,"menu_order":0,"comment_status":"closed","ping_status":"closed","template":"","meta":{"_acf_changed":false,"footnotes":""},"class_list":["post-8758","page","type-page","status-publish","has-post-thumbnail","hentry"],"acf":[],"yoast_head":"<!-- This site is optimized with the Yoast SEO plugin v27.2 - https:\/\/yoast.com\/product\/yoast-seo-wordpress\/ -->\n<title>Estudiantes - CST<\/title>\n<meta name=\"robots\" content=\"index, follow, max-snippet:-1, max-image-preview:large, max-video-preview:-1\" \/>\n<link rel=\"canonical\" href=\"https:\/\/cst.cat\/es\/estudiantes\/\" \/>\n<meta property=\"og:locale\" content=\"es_ES\" \/>\n<meta property=\"og:type\" content=\"article\" \/>\n<meta property=\"og:title\" content=\"Estudiantes - CST\" \/>\n<meta property=\"og:url\" content=\"https:\/\/cst.cat\/es\/estudiantes\/\" \/>\n<meta property=\"og:site_name\" content=\"CST\" \/>\n<meta property=\"article:modified_time\" content=\"2023-10-23T13:02:26+00:00\" \/>\n<meta property=\"og:image\" content=\"https:\/\/cst.cat\/wp-content\/uploads\/2021\/10\/residents.jpg\" \/>\n\t<meta property=\"og:image:width\" content=\"1366\" \/>\n\t<meta property=\"og:image:height\" content=\"350\" \/>\n\t<meta property=\"og:image:type\" content=\"image\/jpeg\" \/>\n<meta name=\"twitter:card\" content=\"summary_large_image\" \/>\n<script type=\"application\/ld+json\" class=\"yoast-schema-graph\">{\"@context\":\"https:\/\/schema.org\",\"@graph\":[{\"@type\":\"WebPage\",\"@id\":\"https:\/\/cst.cat\/es\/estudiantes\/\",\"url\":\"https:\/\/cst.cat\/es\/estudiantes\/\",\"name\":\"Estudiantes - CST\",\"isPartOf\":{\"@id\":\"https:\/\/cst.cat\/es\/#website\"},\"primaryImageOfPage\":{\"@id\":\"https:\/\/cst.cat\/es\/estudiantes\/#primaryimage\"},\"image\":{\"@id\":\"https:\/\/cst.cat\/es\/estudiantes\/#primaryimage\"},\"thumbnailUrl\":\"https:\/\/cst.cat\/wp-content\/uploads\/2021\/10\/residents.jpg\",\"datePublished\":\"2022-03-08T08:49:14+00:00\",\"dateModified\":\"2023-10-23T13:02:26+00:00\",\"breadcrumb\":{\"@id\":\"https:\/\/cst.cat\/es\/estudiantes\/#breadcrumb\"},\"inLanguage\":\"es\",\"potentialAction\":[{\"@type\":\"ReadAction\",\"target\":[\"https:\/\/cst.cat\/es\/estudiantes\/\"]}]},{\"@type\":\"ImageObject\",\"inLanguage\":\"es\",\"@id\":\"https:\/\/cst.cat\/es\/estudiantes\/#primaryimage\",\"url\":\"https:\/\/cst.cat\/wp-content\/uploads\/2021\/10\/residents.jpg\",\"contentUrl\":\"https:\/\/cst.cat\/wp-content\/uploads\/2021\/10\/residents.jpg\",\"width\":1366,\"height\":350},{\"@type\":\"BreadcrumbList\",\"@id\":\"https:\/\/cst.cat\/es\/estudiantes\/#breadcrumb\",\"itemListElement\":[{\"@type\":\"ListItem\",\"position\":1,\"name\":\"Inici\",\"item\":\"https:\/\/cst.cat\/es\/\"},{\"@type\":\"ListItem\",\"position\":2,\"name\":\"Estudiantes\"}]},{\"@type\":\"WebSite\",\"@id\":\"https:\/\/cst.cat\/es\/#website\",\"url\":\"https:\/\/cst.cat\/es\/\",\"name\":\"CST\",\"description\":\"\",\"publisher\":{\"@id\":\"https:\/\/cst.cat\/es\/#organization\"},\"potentialAction\":[{\"@type\":\"SearchAction\",\"target\":{\"@type\":\"EntryPoint\",\"urlTemplate\":\"https:\/\/cst.cat\/es\/?s={search_term_string}\"},\"query-input\":{\"@type\":\"PropertyValueSpecification\",\"valueRequired\":true,\"valueName\":\"search_term_string\"}}],\"inLanguage\":\"es\"},{\"@type\":\"Organization\",\"@id\":\"https:\/\/cst.cat\/es\/#organization\",\"name\":\"Consorci Sanitari de Terrassa\",\"url\":\"https:\/\/cst.cat\/es\/\",\"logo\":{\"@type\":\"ImageObject\",\"inLanguage\":\"es\",\"@id\":\"https:\/\/cst.cat\/es\/#\/schema\/logo\/image\/\",\"url\":\"https:\/\/cst.cat\/wp-content\/uploads\/2021\/09\/logo-header.svg\",\"contentUrl\":\"https:\/\/cst.cat\/wp-content\/uploads\/2021\/09\/logo-header.svg\",\"width\":90,\"height\":32,\"caption\":\"Consorci Sanitari de Terrassa\"},\"image\":{\"@id\":\"https:\/\/cst.cat\/es\/#\/schema\/logo\/image\/\"}}]}<\/script>\n<!-- \/ Yoast SEO plugin. -->","yoast_head_json":{"title":"Estudiantes - CST","robots":{"index":"index","follow":"follow","max-snippet":"max-snippet:-1","max-image-preview":"max-image-preview:large","max-video-preview":"max-video-preview:-1"},"canonical":"https:\/\/cst.cat\/es\/estudiantes\/","og_locale":"es_ES","og_type":"article","og_title":"Estudiantes - CST","og_url":"https:\/\/cst.cat\/es\/estudiantes\/","og_site_name":"CST","article_modified_time":"2023-10-23T13:02:26+00:00","og_image":[{"width":1366,"height":350,"url":"https:\/\/cst.cat\/wp-content\/uploads\/2021\/10\/residents.jpg","type":"image\/jpeg"}],"twitter_card":"summary_large_image","schema":{"@context":"https:\/\/schema.org","@graph":[{"@type":"WebPage","@id":"https:\/\/cst.cat\/es\/estudiantes\/","url":"https:\/\/cst.cat\/es\/estudiantes\/","name":"Estudiantes - CST","isPartOf":{"@id":"https:\/\/cst.cat\/es\/#website"},"primaryImageOfPage":{"@id":"https:\/\/cst.cat\/es\/estudiantes\/#primaryimage"},"image":{"@id":"https:\/\/cst.cat\/es\/estudiantes\/#primaryimage"},"thumbnailUrl":"https:\/\/cst.cat\/wp-content\/uploads\/2021\/10\/residents.jpg","datePublished":"2022-03-08T08:49:14+00:00","dateModified":"2023-10-23T13:02:26+00:00","breadcrumb":{"@id":"https:\/\/cst.cat\/es\/estudiantes\/#breadcrumb"},"inLanguage":"es","potentialAction":[{"@type":"ReadAction","target":["https:\/\/cst.cat\/es\/estudiantes\/"]}]},{"@type":"ImageObject","inLanguage":"es","@id":"https:\/\/cst.cat\/es\/estudiantes\/#primaryimage","url":"https:\/\/cst.cat\/wp-content\/uploads\/2021\/10\/residents.jpg","contentUrl":"https:\/\/cst.cat\/wp-content\/uploads\/2021\/10\/residents.jpg","width":1366,"height":350},{"@type":"BreadcrumbList","@id":"https:\/\/cst.cat\/es\/estudiantes\/#breadcrumb","itemListElement":[{"@type":"ListItem","position":1,"name":"Inici","item":"https:\/\/cst.cat\/es\/"},{"@type":"ListItem","position":2,"name":"Estudiantes"}]},{"@type":"WebSite","@id":"https:\/\/cst.cat\/es\/#website","url":"https:\/\/cst.cat\/es\/","name":"CST","description":"","publisher":{"@id":"https:\/\/cst.cat\/es\/#organization"},"potentialAction":[{"@type":"SearchAction","target":{"@type":"EntryPoint","urlTemplate":"https:\/\/cst.cat\/es\/?s={search_term_string}"},"query-input":{"@type":"PropertyValueSpecification","valueRequired":true,"valueName":"search_term_string"}}],"inLanguage":"es"},{"@type":"Organization","@id":"https:\/\/cst.cat\/es\/#organization","name":"Consorci Sanitari de Terrassa","url":"https:\/\/cst.cat\/es\/","logo":{"@type":"ImageObject","inLanguage":"es","@id":"https:\/\/cst.cat\/es\/#\/schema\/logo\/image\/","url":"https:\/\/cst.cat\/wp-content\/uploads\/2021\/09\/logo-header.svg","contentUrl":"https:\/\/cst.cat\/wp-content\/uploads\/2021\/09\/logo-header.svg","width":90,"height":32,"caption":"Consorci Sanitari de Terrassa"},"image":{"@id":"https:\/\/cst.cat\/es\/#\/schema\/logo\/image\/"}}]}},"_links":{"self":[{"href":"https:\/\/cst.cat\/es\/wp-json\/wp\/v2\/pages\/8758","targetHints":{"allow":["GET"]}}],"collection":[{"href":"https:\/\/cst.cat\/es\/wp-json\/wp\/v2\/pages"}],"about":[{"href":"https:\/\/cst.cat\/es\/wp-json\/wp\/v2\/types\/page"}],"author":[{"embeddable":true,"href":"https:\/\/cst.cat\/es\/wp-json\/wp\/v2\/users\/2"}],"replies":[{"embeddable":true,"href":"https:\/\/cst.cat\/es\/wp-json\/wp\/v2\/comments?post=8758"}],"version-history":[{"count":0,"href":"https:\/\/cst.cat\/es\/wp-json\/wp\/v2\/pages\/8758\/revisions"}],"wp:featuredmedia":[{"embeddable":true,"href":"https:\/\/cst.cat\/es\/wp-json\/wp\/v2\/media\/796"}],"wp:attachment":[{"href":"https:\/\/cst.cat\/es\/wp-json\/wp\/v2\/media?parent=8758"}],"curies":[{"name":"wp","href":"https:\/\/api.w.org\/{rel}","templated":true}]}}