{"id":8760,"date":"2022-03-08T09:49:15","date_gmt":"2022-03-08T08:49:15","guid":{"rendered":"https:\/\/cst.cat\/ginecologia-2\/"},"modified":"2026-01-26T11:07:24","modified_gmt":"2026-01-26T10:07:24","slug":"ginecologia-2","status":"publish","type":"page","link":"https:\/\/cst.cat\/es\/ginecologia-2\/","title":{"rendered":"Ginecolog\u00eda"},"content":{"rendered":"\n<h1 class=\"wp-block-heading\">Ginecolog\u00eda<\/h1>\n\n\n\n<div style=\"height:30px\" aria-hidden=\"true\" class=\"wp-block-spacer\"><\/div>\n\n\n\n<p class=\"has-medium-font-size\">La atenci\u00f3n ginecol\u00f3gica especializada la realizan diferentes equipos organizados en \u00e1reas de subespecializaci\u00f3n, en las que las pacientes son derivadas por confirmaci\u00f3n diagn\u00f3stica, tratamiento y seguimiento.<\/p>\n\n\n\r\n    <!-- block: cst-faqs -->\r\n            <section class=\"block-cst-faqs block-cst-accordion  uni-cnt\">\r\n            <ul class=\"demo-accordion accordionjs\" data-active-index=\"false\">\r\n                                    <!-- Section 1 -->\r\n                    <li>\r\n                        <div>\r\n                            <h3>Atenci\u00f3n primaria<\/h3>\r\n                        <\/div>\r\n                        <div>\r\n                            <p class=\"has-medium-font-size\" style=\"margin-top: 20px;\">Comprende un conjunto de actividades que tienen el objetivo com\u00fan de dar una asistencia integral y de calidad a la mujer y familia, para promocionar la salud en la vertiente sexual y reproductiva mediante la prevenci\u00f3n y tratamiento de la enfermedad.<\/p>\n<hr class=\"wp-block-separator\" \/>\n<p><strong>Ofrece:<\/strong><\/p>\n<ul>\n<li>Patolog\u00eda ginecol\u00f3gica general.<\/li>\n<li>Prevenci\u00f3n y cribado de las infecciones de transmisi\u00f3n sexual.<\/li>\n<li><a href=\"https:\/\/cst.cat\/wp-content\/uploads\/2025\/04\/Triptic-VPH-CAST.pdf\" target=\"_blank\" rel=\"noopener\">Informaci\u00f3n sobre el Virus del Papiloma Humano (PDF)<\/a><\/li>\n<li><a href=\"https:\/\/cst.cat\/wp-content\/uploads\/2026\/01\/si-tens-entre-25-65-anys-feste-prova-2023-ca.pdf\" target=\"_blank\" rel=\"noopener\">Prevenci\u00f3n del c\u00e1ncer de cuello uterino (PDF)<\/a>.<\/li>\n<li><a href=\"https:\/\/cst.cat\/wp-content\/uploads\/2026\/01\/TRIPTICO_CASTELLANO_17_04.pdf\" target=\"_blank\" rel=\"noopener\">Prevenci\u00f3n del c\u00e1ncer mamario (PDF)<\/a>.<\/li>\n<li><a href=\"https:\/\/cst.cat\/wp-content\/uploads\/2022\/07\/menopausa_CAST-1.pdf\">Atenci\u00f3n a la menopausia (individual y grupal)<\/a>.<\/li>\n<li><a href=\"https:\/\/cst.cat\/wp-content\/uploads\/2024\/10\/castella-diu.pdf\" target=\"_blank\" rel=\"noopener\">Orientaci\u00f3n y planificaci\u00f3n familiar<\/a>.<\/li>\n<li><a href=\"https:\/\/cst.cat\/es\/interrupcion-voluntaria-del-embarazo\/\">Interrupci\u00f3n voluntaria del embarazo<\/a>.<\/li>\n<li><a href=\"https:\/\/cst.cat\/wp-content\/uploads\/2023\/09\/Consulta-preconcepcional.pdf\" target=\"_blank\" rel=\"noopener\">Consulta preconcepcional\u00a0<\/a><\/li>\n<li>Consulta Joven<\/li>\n<li>Promoci\u00f3n de la salud sexual y reproductiva\n<ul>\n<li><a href=\"https:\/\/cst.cat\/wp-content\/uploads\/2024\/06\/cicleMENSTRUAL_0624-01.jpg\" target=\"_blank\" rel=\"noopener\">Registro menstrual<\/a><\/li>\n<li><a href=\"https:\/\/cst.cat\/wp-content\/uploads\/2024\/06\/quantificacio_regla.jpg\" target=\"_blank\" rel=\"noopener\">Cuantificaci\u00f3n sangrado<\/a><\/li>\n<li><a href=\"https:\/\/cst.cat\/wp-content\/uploads\/2024\/06\/plantilla-registre-menstrual.png\" target=\"_blank\" rel=\"noopener\">Plantilla registro menstrual\u00a0<\/a><\/li>\n<\/ul>\n<\/li>\n<\/ul>\n<p><strong>Consulta joven:<\/strong><\/p>\n<p>El Consorci Sanitari de Terrassa da cobertura a la Atenci\u00f3n de los j\u00f3venes (hasta los 25 a\u00f1os) de las poblaciones de Castellbisbal, Terrassa, Rub\u00ed tanto de la poblaci\u00f3n que pertenece a M\u00fatua de Terrassa como a la del CST. Se trata de una consulta abierta, no es necesaria cita previa y est\u00e1 centralizada en:<\/p>\n<ul>\n<li><strong>Rub\u00ed. CAP Sant Gen\u00eds<\/strong>. Lunes de 10 a 13 h (presencial o telef\u00f3nicamente) y jueves de 16 a 19 h (presencial o telef\u00f3nicamente) T. 936991729<\/li>\n<li><strong>Terrassa. CAP Sant Ll\u00e0tzer<\/strong>. Lunes, mi\u00e9rcoles y jueves de 8 a 14 h y de 15 a 19 h. Viernes de 8 a 14:30 h (presencial o telef\u00f3nicamente) T.937310137<\/li>\n<li><strong>Castellbisbal. CAP Doctor Joan Planas<\/strong>. Jueves de 18 a 19:30 h (presencial o telef\u00f3nicamente) T.937720356<\/li>\n<\/ul>\n<p><strong>Ofrece informaci\u00f3n, atenci\u00f3n y asesoramiento en:<\/strong><\/p>\n<ul>\n<li>Afectividad y sexualidad.<\/li>\n<li>M\u00e9todos anticonceptivos.<\/li>\n<li>Anticoncepci\u00f3n de urgencia.<\/li>\n<li>Interrupci\u00f3n voluntaria de embarazo.<\/li>\n<li>Prevenci\u00f3n, diagnostico y tratamiento de las infecciones de transmisi\u00f3n sexual.<\/li>\n<li>Diagn\u00f3stico y tratamiento de patolog\u00eda ginecol\u00f3gica y mamaria.<\/li>\n<\/ul>\n                        <\/div>\r\n                    <\/li>\r\n                                    <!-- Section 1 -->\r\n                    <li>\r\n                        <div>\r\n                            <h3>Atenci\u00f3n hospitalaria<\/h3>\r\n                        <\/div>\r\n                        <div>\r\n                            <p>La atenci\u00f3n ginecol\u00f3gica especializada la realizan diferentes equipos organizados en \u00e1reas de subespecializaci\u00f3n, en las que las pacientes son derivadas por confirmaci\u00f3n diagn\u00f3stica, tratamiento y seguimiento.<\/p>\n<p>En el \u00e1rea de <strong>cirug\u00eda ginecol\u00f3gica<\/strong> general se realizan las diferentes t\u00e9cnicas quir\u00fargicas en circuito ingresado o sin ingreso hospitalario (UCSI).<\/p>\n<p>El resto de la atenci\u00f3n especializada se organiza en diferentes \u00e1reas de subespecializaci\u00f3n con un responsable\/coordinador. Tres de estas \u00e1reas son unidades funcionales en pleno funcionamiento.<\/p>\n<hr class=\"wp-block-separator\" \/>\n<h3>Unidad Funcional de Patolog\u00eda Mamaria<\/h3>\n<p>Da atenci\u00f3n global a la patolog\u00eda mamaria en las vertientes de la prevenci\u00f3n, diagn\u00f3stico y tratamiento de la patolog\u00eda benigna y maligna. La unidad est\u00e1 formada por un equipo multidisciplinar con tres ginec\u00f3logos cirujanos, una enfermera gestora de casos, un cirug\u00eda pl\u00e1stico, dos onc\u00f3logos, un anatomopat\u00f3logo, dos radi\u00f3logos, dos radioterapeutas, una rehabilitadora, un onc\u00f3logo de consejo gen\u00e9tico, una psicoonc\u00f3loga y un facultativo de enlace con la atenci\u00f3n primaria.<\/p>\n<h3>Unidad Funcional de Suelo P\u00e9lvico<\/h3>\n<p>Da atenci\u00f3n global a la patolog\u00eda del suelo p\u00e9lvico. La unidad est\u00e1 formada por un equipo multidisciplinar con tres ginec\u00f3logos, una cirujana coloproct\u00f3loga, un ur\u00f3logo, una digest\u00f3loga, una rehabilitadora y una enfermera de la unidad de fisiolog\u00eda digestiva.<\/p>\n<h3>Unidad Funcional de Infecciones de Transmisi\u00f3n Sexual<\/h3>\n<p>Da atenci\u00f3n global a las infecciones de transmisi\u00f3n sexual en las vertientes preventiva, de diagn\u00f3stico, tratamiento y seguimiento de los contactos. La unidad est\u00e1 formada por un equipo multidisciplinar con ginec\u00f3logos especialistas en patolog\u00eda cervical, una dermat\u00f3loga, un cirujano proct\u00f3logo, un internista especialista en HIV, un microbi\u00f3logo, una farmac\u00e9utica, un epidemi\u00f3logo, una matrona\/enfermera.<\/p>\n<h3><strong>Oncolog\u00eda Ginecol\u00f3gica<\/strong><\/h3>\n<p>Presta atenci\u00f3n a los procesos de c\u00e1ncer ginecol\u00f3gico en la vertiente del diagn\u00f3stico del c\u00e1ncer de cuello uterino y de vulva, y en la del diagn\u00f3stico y tratamiento del c\u00e1ncer de ovario, endometrio y \u00fatero. Forman parte tres ginec\u00f3logas especializadas en coordinaci\u00f3n con el Servicio de oncolog\u00eda.<\/p>\n<h3>Patolog\u00eda Cervical<\/h3>\n<p>Presta atenci\u00f3n a la patolog\u00eda cervical, vaginal y vulvar, muy especialmente en la prevenci\u00f3n y diagn\u00f3stico del c\u00e1ncer de cuello uterino.<\/p>\n<h3>Ecograf\u00eda ginecol\u00f3gica<\/h3>\n<p>Unidad para el diagn\u00f3stico ecogr\u00e1fico de las distintas patolog\u00edas ginecol\u00f3gicas. Cirug\u00eda m\u00ednimamente invasiva (punci\u00f3n-evacuaci\u00f3n de quiste de ovario \/ absceso tuboov\u00e1rico ecoguiado).<\/p>\n<h3>Menopausia y Endocrinolog\u00eda Ginecol\u00f3gica<\/h3>\n<p>Atenci\u00f3n global a la menopausia en los aspectos preventivos y de tratamiento de las propias patolog\u00edas. Diagn\u00f3stico y tratamiento en la patolog\u00eda endocrinol\u00f3gica ginecol\u00f3gica.<\/p>\n<h3>Esterilidad e Infertilidad<\/h3>\n<p>Atenci\u00f3n a los problemas de esterilidad e infertilidad b\u00e1sicos. En colaboraci\u00f3n con el Hospital de Sant Pau para la resoluci\u00f3n de problemas m\u00e1s complejos.<\/p>\n<h3>Programa de Interrupci\u00f3n voluntaria del embarazo (IVE)<br \/>\nhasta las 14 semanas<\/h3>\n<p>Atenci\u00f3n a todas las pacientes de las \u00c1reas Vall\u00e9s Oriental y Vall\u00e9s Occidental que soliciten una IVE quir\u00fargica (aspiraci\u00f3n uterina) por debajo de las 14 semanas o una IVE farmacol\u00f3gica entre las 9 y 14 semanas.<\/p>\n                        <\/div>\r\n                    <\/li>\r\n                            <\/ul>\r\n        <\/section>\r\n        <!-- end block: cst-faqs -->\r\n\n\n\n<div style=\"height:40px\" aria-hidden=\"true\" class=\"wp-block-spacer\"><\/div>\n\n\n\n<p><\/p>\n","protected":false},"excerpt":{"rendered":"<p>Ginecolog\u00eda La atenci\u00f3n ginecol\u00f3gica especializada la realizan diferentes equipos organizados en \u00e1reas de subespecializaci\u00f3n, en las que las pacientes son derivadas por confirmaci\u00f3n diagn\u00f3stica, tratamiento y seguimiento.<\/p>\n","protected":false},"author":2,"featured_media":0,"parent":0,"menu_order":0,"comment_status":"closed","ping_status":"closed","template":"page-templates\/pagina-menu-lateral.php","meta":{"_acf_changed":false,"footnotes":""},"class_list":["post-8760","page","type-page","status-publish","hentry"],"acf":[],"yoast_head":"<!-- This site is optimized with the Yoast SEO plugin v27.2 - https:\/\/yoast.com\/product\/yoast-seo-wordpress\/ -->\n<title>Ginecolog\u00eda - CST<\/title>\n<meta name=\"robots\" content=\"index, follow, max-snippet:-1, max-image-preview:large, max-video-preview:-1\" \/>\n<link rel=\"canonical\" href=\"https:\/\/cst.cat\/es\/ginecologia-2\/\" \/>\n<meta property=\"og:locale\" content=\"es_ES\" \/>\n<meta property=\"og:type\" content=\"article\" \/>\n<meta property=\"og:title\" content=\"Ginecolog\u00eda - CST\" \/>\n<meta property=\"og:description\" content=\"Ginecolog\u00eda La atenci\u00f3n ginecol\u00f3gica especializada la realizan diferentes equipos organizados en \u00e1reas de subespecializaci\u00f3n, en las que las pacientes son derivadas por confirmaci\u00f3n diagn\u00f3stica, tratamiento y seguimiento.\" \/>\n<meta property=\"og:url\" content=\"https:\/\/cst.cat\/es\/ginecologia-2\/\" \/>\n<meta property=\"og:site_name\" content=\"CST\" \/>\n<meta property=\"article:modified_time\" content=\"2026-01-26T10:07:24+00:00\" \/>\n<meta name=\"twitter:card\" content=\"summary_large_image\" \/>\n<meta name=\"twitter:label1\" content=\"Tiempo de lectura\" \/>\n\t<meta name=\"twitter:data1\" content=\"1 minuto\" \/>\n<script type=\"application\/ld+json\" class=\"yoast-schema-graph\">{\"@context\":\"https:\/\/schema.org\",\"@graph\":[{\"@type\":\"WebPage\",\"@id\":\"https:\/\/cst.cat\/es\/ginecologia-2\/\",\"url\":\"https:\/\/cst.cat\/es\/ginecologia-2\/\",\"name\":\"Ginecolog\u00eda - CST\",\"isPartOf\":{\"@id\":\"https:\/\/cst.cat\/es\/#website\"},\"datePublished\":\"2022-03-08T08:49:15+00:00\",\"dateModified\":\"2026-01-26T10:07:24+00:00\",\"breadcrumb\":{\"@id\":\"https:\/\/cst.cat\/es\/ginecologia-2\/#breadcrumb\"},\"inLanguage\":\"es\",\"potentialAction\":[{\"@type\":\"ReadAction\",\"target\":[\"https:\/\/cst.cat\/es\/ginecologia-2\/\"]}]},{\"@type\":\"BreadcrumbList\",\"@id\":\"https:\/\/cst.cat\/es\/ginecologia-2\/#breadcrumb\",\"itemListElement\":[{\"@type\":\"ListItem\",\"position\":1,\"name\":\"Inici\",\"item\":\"https:\/\/cst.cat\/es\/\"},{\"@type\":\"ListItem\",\"position\":2,\"name\":\"Ginecolog\u00eda\"}]},{\"@type\":\"WebSite\",\"@id\":\"https:\/\/cst.cat\/es\/#website\",\"url\":\"https:\/\/cst.cat\/es\/\",\"name\":\"CST\",\"description\":\"\",\"publisher\":{\"@id\":\"https:\/\/cst.cat\/es\/#organization\"},\"potentialAction\":[{\"@type\":\"SearchAction\",\"target\":{\"@type\":\"EntryPoint\",\"urlTemplate\":\"https:\/\/cst.cat\/es\/?s={search_term_string}\"},\"query-input\":{\"@type\":\"PropertyValueSpecification\",\"valueRequired\":true,\"valueName\":\"search_term_string\"}}],\"inLanguage\":\"es\"},{\"@type\":\"Organization\",\"@id\":\"https:\/\/cst.cat\/es\/#organization\",\"name\":\"Consorci Sanitari de Terrassa\",\"url\":\"https:\/\/cst.cat\/es\/\",\"logo\":{\"@type\":\"ImageObject\",\"inLanguage\":\"es\",\"@id\":\"https:\/\/cst.cat\/es\/#\/schema\/logo\/image\/\",\"url\":\"https:\/\/cst.cat\/wp-content\/uploads\/2021\/09\/logo-header.svg\",\"contentUrl\":\"https:\/\/cst.cat\/wp-content\/uploads\/2021\/09\/logo-header.svg\",\"width\":90,\"height\":32,\"caption\":\"Consorci Sanitari de Terrassa\"},\"image\":{\"@id\":\"https:\/\/cst.cat\/es\/#\/schema\/logo\/image\/\"}}]}<\/script>\n<!-- \/ Yoast SEO plugin. -->","yoast_head_json":{"title":"Ginecolog\u00eda - CST","robots":{"index":"index","follow":"follow","max-snippet":"max-snippet:-1","max-image-preview":"max-image-preview:large","max-video-preview":"max-video-preview:-1"},"canonical":"https:\/\/cst.cat\/es\/ginecologia-2\/","og_locale":"es_ES","og_type":"article","og_title":"Ginecolog\u00eda - CST","og_description":"Ginecolog\u00eda La atenci\u00f3n ginecol\u00f3gica especializada la realizan diferentes equipos organizados en \u00e1reas de subespecializaci\u00f3n, en las que las pacientes son derivadas por confirmaci\u00f3n diagn\u00f3stica, tratamiento y seguimiento.","og_url":"https:\/\/cst.cat\/es\/ginecologia-2\/","og_site_name":"CST","article_modified_time":"2026-01-26T10:07:24+00:00","twitter_card":"summary_large_image","twitter_misc":{"Tiempo de lectura":"1 minuto"},"schema":{"@context":"https:\/\/schema.org","@graph":[{"@type":"WebPage","@id":"https:\/\/cst.cat\/es\/ginecologia-2\/","url":"https:\/\/cst.cat\/es\/ginecologia-2\/","name":"Ginecolog\u00eda - CST","isPartOf":{"@id":"https:\/\/cst.cat\/es\/#website"},"datePublished":"2022-03-08T08:49:15+00:00","dateModified":"2026-01-26T10:07:24+00:00","breadcrumb":{"@id":"https:\/\/cst.cat\/es\/ginecologia-2\/#breadcrumb"},"inLanguage":"es","potentialAction":[{"@type":"ReadAction","target":["https:\/\/cst.cat\/es\/ginecologia-2\/"]}]},{"@type":"BreadcrumbList","@id":"https:\/\/cst.cat\/es\/ginecologia-2\/#breadcrumb","itemListElement":[{"@type":"ListItem","position":1,"name":"Inici","item":"https:\/\/cst.cat\/es\/"},{"@type":"ListItem","position":2,"name":"Ginecolog\u00eda"}]},{"@type":"WebSite","@id":"https:\/\/cst.cat\/es\/#website","url":"https:\/\/cst.cat\/es\/","name":"CST","description":"","publisher":{"@id":"https:\/\/cst.cat\/es\/#organization"},"potentialAction":[{"@type":"SearchAction","target":{"@type":"EntryPoint","urlTemplate":"https:\/\/cst.cat\/es\/?s={search_term_string}"},"query-input":{"@type":"PropertyValueSpecification","valueRequired":true,"valueName":"search_term_string"}}],"inLanguage":"es"},{"@type":"Organization","@id":"https:\/\/cst.cat\/es\/#organization","name":"Consorci Sanitari de Terrassa","url":"https:\/\/cst.cat\/es\/","logo":{"@type":"ImageObject","inLanguage":"es","@id":"https:\/\/cst.cat\/es\/#\/schema\/logo\/image\/","url":"https:\/\/cst.cat\/wp-content\/uploads\/2021\/09\/logo-header.svg","contentUrl":"https:\/\/cst.cat\/wp-content\/uploads\/2021\/09\/logo-header.svg","width":90,"height":32,"caption":"Consorci Sanitari de Terrassa"},"image":{"@id":"https:\/\/cst.cat\/es\/#\/schema\/logo\/image\/"}}]}},"_links":{"self":[{"href":"https:\/\/cst.cat\/es\/wp-json\/wp\/v2\/pages\/8760","targetHints":{"allow":["GET"]}}],"collection":[{"href":"https:\/\/cst.cat\/es\/wp-json\/wp\/v2\/pages"}],"about":[{"href":"https:\/\/cst.cat\/es\/wp-json\/wp\/v2\/types\/page"}],"author":[{"embeddable":true,"href":"https:\/\/cst.cat\/es\/wp-json\/wp\/v2\/users\/2"}],"replies":[{"embeddable":true,"href":"https:\/\/cst.cat\/es\/wp-json\/wp\/v2\/comments?post=8760"}],"version-history":[{"count":0,"href":"https:\/\/cst.cat\/es\/wp-json\/wp\/v2\/pages\/8760\/revisions"}],"wp:attachment":[{"href":"https:\/\/cst.cat\/es\/wp-json\/wp\/v2\/media?parent=8760"}],"curies":[{"name":"wp","href":"https:\/\/api.w.org\/{rel}","templated":true}]}}