{"id":8771,"date":"2022-03-08T09:49:18","date_gmt":"2022-03-08T08:49:18","guid":{"rendered":"https:\/\/cst.cat\/obstetricia-2\/"},"modified":"2026-03-24T11:59:19","modified_gmt":"2026-03-24T10:59:19","slug":"obstetricia-2","status":"publish","type":"page","link":"https:\/\/cst.cat\/es\/obstetricia-2\/","title":{"rendered":"Obstetricia"},"content":{"rendered":"\n<h1 class=\"wp-block-heading\">Obstetricia<\/h1>\n\n\n\n<div style=\"height:30px\" aria-hidden=\"true\" class=\"wp-block-spacer\"><\/div>\n\n\n\n<p class=\"has-medium-font-size\"><meta charset=\"utf-8\">Tiene como objetivo la asistencia de la mujer en las fases de gestaci\u00f3n, parto y puerperio, actuando en la prevenci\u00f3n, diagn\u00f3stico y tratamiento de las enfermedades relacionadas con la salud reproductiva de la mujer.<\/p>\n\n\n\r\n    <!-- block: cst-accordion-redesign -->\r\n    <section class=\"block-cst-faqs block-cst-accordion  uni-cnt\" style=\"\">\r\n        <div class=\"cst-accordion-wrapper no-image\">\r\n\r\n            \r\n            <div class=\"cst-accordion-content\">\r\n                \r\n                \r\n                                    <ul class=\"demo-accordion accordionjs\" data-active-index=\"false\">\r\n                                                    <!-- Section 1 -->\r\n                            <li>\r\n                                <div>\r\n                                    <h3>Embarazo<\/h3>\r\n                                <\/div>\r\n                                <div>\r\n                                    <p><img loading=\"lazy\" decoding=\"async\" class=\"alignnone size-full wp-image-6642 border-radius\" style=\"margin-top: 15px;\" src=\"https:\/\/cst.cat\/wp-content\/uploads\/2022\/01\/header-espai-dona-embaras-1.jpg\" alt=\"\" width=\"670\" height=\"135\" srcset=\"https:\/\/cst.cat\/wp-content\/uploads\/2022\/01\/header-espai-dona-embaras-1.jpg 670w, https:\/\/cst.cat\/wp-content\/uploads\/2022\/01\/header-espai-dona-embaras-1-600x121.jpg 600w\" sizes=\"auto, (max-width: 670px) 100vw, 670px\" \/><\/p>\n<p>Ponemos a tu disposici\u00f3n toda la informaci\u00f3n que debes saber mientras est\u00e1s embarazada:<\/p>\n<ul>\n<li><a href=\"https:\/\/cst.cat\/wp-content\/uploads\/2026\/03\/POSTER-VISITES-SESSIONS_presencialesCAST.pdf\" target=\"_blank\" rel=\"noopener\">Parir en el Hospital Universitario de Terrassa (PDF)<\/a><\/li>\n<li><a href=\"https:\/\/scientiasalut.gencat.cat\/bitstream\/handle\/11351\/3765.2\/guia_per_a_embarassades_2018_cas.pdf?sequence=8&amp;isAllowed=y\" target=\"_blank\" rel=\"noopener\">Gu\u00eda para embarazadas (PDF)<\/a><\/li>\n<li><a href=\"https:\/\/cst.cat\/wp-content\/uploads\/2024\/03\/canastilla1.pdf\" target=\"_blank\" rel=\"noopener\">Canastilla (PDF)<\/a><\/li>\n<li><a href=\"https:\/\/cst.cat\/wp-content\/uploads\/2024\/05\/Consells-cast24.pdf\" target=\"_blank\" rel=\"noopener\">Consejos (PDF)<\/a><\/li>\n<li><a href=\"https:\/\/cst.cat\/wp-content\/uploads\/2022\/04\/CAST.pdf\" target=\"_blank\" rel=\"noopener\">Grupos de Educaci\u00f3n Sanitaria (PDF)<\/a><\/li>\n<li><a href=\"https:\/\/cst.cat\/wp-content\/uploads\/2022\/04\/sense_fum_cast.pdf\" target=\"_blank\" rel=\"noopener\">Embarazo sin humo (PDF)<\/a><\/li>\n<li><a href=\"https:\/\/cst.cat\/wp-content\/uploads\/2022\/04\/Prenatal-CAST.pdf\" target=\"_blank\" rel=\"noopener\">Diagn\u00f3stico Prenatal (PDF)<\/a><\/li>\n<li><a href=\"https:\/\/cst.cat\/wp-content\/uploads\/2022\/04\/nalgas.pdf\" target=\"_blank\" rel=\"noopener\">Feto de nalgas (PDF)<\/a><\/li>\n<li><a href=\"https:\/\/cst.cat\/wp-content\/uploads\/2022\/04\/Salut-Mental-Perinatal-CAST.pdf\" target=\"_blank\" rel=\"noopener\">Unidad de Salud Mental Perinatal (PDF)<\/a><\/li>\n<li><a href=\"https:\/\/cst.cat\/wp-content\/uploads\/2023\/09\/Ped_med_v01.pdf\" target=\"_blank\" rel=\"noopener\">Consulta de Pediatr\u00eda Medioambiental<\/a><\/li>\n<li><a href=\"https:\/\/www.youtube.com\/playlist?list=PLRgnlsj8RdJJl4N1Tyq4ykC9bfBqih53p\" target=\"_blank\" rel=\"noopener\">V\u00eddeos preparaci\u00f3n nacimiento y puerperio (Youtube)<\/a><\/li>\n<li><a href=\"https:\/\/www.youtube.com\/playlist?list=PLRgnlsj8RdJJMkwfkapQ64OUHwW1CVHmN\" target=\"_blank\" rel=\"noopener\">V\u00eddeos ejercicios embarazo (Youtube)<\/a><\/li>\n<li><a href=\"https:\/\/cst.cat\/wp-content\/uploads\/2022\/04\/infocovid19cast.pdf\" target=\"_blank\" rel=\"noopener\">Info COVID-19 (PDF)<\/a><\/li>\n<li><a href=\"https:\/\/cst.cat\/wp-content\/uploads\/2023\/09\/dieta-curva-glucosa-cast.pdf\" target=\"_blank\" rel=\"noopener\">Dieta curva glucosa (PDF)<\/a><\/li>\n<li><a href=\"https:\/\/cst.cat\/wp-content\/uploads\/2023\/09\/Curva-vegana.pdf\" target=\"_blank\" rel=\"noopener\">Dieta vegana (PDF)<\/a><\/li>\n<\/ul>\n<p>Vacunas recomendadas durante el embarazo:<\/p>\n<ul>\n<li><a href=\"https:\/\/cst.cat\/wp-content\/uploads\/2022\/01\/vcovid.pdf\" target=\"_blank\" rel=\"noopener\">Vacuna COVID-19 (PDF)<\/a><\/li>\n<li><a href=\"https:\/\/cst.cat\/wp-content\/uploads\/2024\/10\/covidgrip.pdf\" target=\"_blank\" rel=\"noopener\">Vacuna Grip (PDF)<\/a><\/li>\n<li><a href=\"https:\/\/cst.cat\/wp-content\/uploads\/2023\/01\/VACUNACIO-DE-LES-DONES-EMBARASSADES-CONTRA-LA-TOS-FERINA-A-CATALUNVA-CAST-.pdf\" target=\"_blank\" rel=\"noopener\">Vacuna Tosferina (PDF)<\/a><\/li>\n<\/ul>\n                                <\/div>\r\n                            <\/li>\r\n                                                    <!-- Section 1 -->\r\n                            <li>\r\n                                <div>\r\n                                    <h3>Parto<\/h3>\r\n                                <\/div>\r\n                                <div>\r\n                                    <p><img loading=\"lazy\" decoding=\"async\" class=\"border-radius alignnone wp-image-6646 size-full\" style=\"margin-top: 15px;\" src=\"https:\/\/cst.cat\/wp-content\/uploads\/2022\/01\/header-espai-dona-part-1.jpg\" alt=\"\" width=\"670\" height=\"135\" srcset=\"https:\/\/cst.cat\/wp-content\/uploads\/2022\/01\/header-espai-dona-part-1.jpg 670w, https:\/\/cst.cat\/wp-content\/uploads\/2022\/01\/header-espai-dona-part-1-600x121.jpg 600w\" sizes=\"auto, (max-width: 670px) 100vw, 670px\" \/><\/p>\n<p>Ponemos a tu disposici\u00f3n toda la informaci\u00f3n que necesitas saber para prepararse para el parto:<\/p>\n<ul>\n<li><a href=\"https:\/\/cst.cat\/wp-content\/uploads\/2025\/06\/FUI-OBS-27_Plan-de-nacimiento_Ver05.pdf\" target=\"_blank\" rel=\"noopener\">Plan de nacimiento (PDF)<\/a><\/li>\n<li><a href=\"https:\/\/cst.cat\/wp-content\/uploads\/2022\/04\/dolorCAST.pdf\" target=\"_blank\" rel=\"noopener\">Control del dolor (PDF)<\/a><\/li>\n<li><a href=\"https:\/\/cst.cat\/wp-content\/uploads\/2022\/04\/cordon.pdf\" target=\"_blank\" rel=\"noopener\">Donaci\u00f3n de sangre de cord\u00f3n (PDF)<\/a><\/li>\n<li><a href=\"https:\/\/cst.cat\/wp-content\/uploads\/2024\/01\/8300cast.pdf\" target=\"_blank\" rel=\"noopener\">Consejos al alta (PDF)<\/a><\/li>\n<li><a href=\"https:\/\/cst.cat\/wp-content\/uploads\/2026\/02\/IMP-Tramits-a-realitzar-despres-del-part-WEB-nov2025_cast-2.pdf\">Tr\u00e1mites postparto (PDF)<\/a><\/li>\n<li><a href=\"https:\/\/cst.cat\/wp-content\/uploads\/2022\/04\/AltaCAST.pdf\" target=\"_blank\" rel=\"noopener\">Alta precoz (PDF)<\/a><\/li>\n<li><a href=\"https:\/\/cst.cat\/wp-content\/uploads\/2022\/04\/perinatal_CASTNO.pdf\" target=\"_blank\" rel=\"noopener\">Unidad de Salud Mental Perinatal (PDF)<\/a><\/li>\n<\/ul>\n<p>&nbsp;<\/p>\n                                <\/div>\r\n                            <\/li>\r\n                                                    <!-- Section 1 -->\r\n                            <li>\r\n                                <div>\r\n                                    <h3>Beb\u00e9<\/h3>\r\n                                <\/div>\r\n                                <div>\r\n                                    <p><img loading=\"lazy\" decoding=\"async\" class=\"border-radius alignnone wp-image-6644 size-full\" style=\"margin-top: 15px;\" src=\"https:\/\/cst.cat\/wp-content\/uploads\/2022\/01\/header-espai-dona-nado-1.jpg\" alt=\"\" width=\"670\" height=\"135\" srcset=\"https:\/\/cst.cat\/wp-content\/uploads\/2022\/01\/header-espai-dona-nado-1.jpg 670w, https:\/\/cst.cat\/wp-content\/uploads\/2022\/01\/header-espai-dona-nado-1-600x121.jpg 600w\" sizes=\"auto, (max-width: 670px) 100vw, 670px\" \/><\/p>\n<p>Ponemos a tu disposici\u00f3n toda la informaci\u00f3n que hay que saber una vez ha nacido tu beb\u00e9:<\/p>\n<ul>\n<li><a href=\"https:\/\/cst.cat\/wp-content\/uploads\/2024\/01\/prova_talo_programa_cribratge_neonatal-_catalunya_2019_ca-2.pdf\" target=\"_blank\" rel=\"noopener\">Cribado neonatal (PDF)<\/a><\/li>\n<li><a href=\"https:\/\/cst.cat\/wp-content\/uploads\/2022\/01\/deteccio_precoc\u0327.pdf\" target=\"_blank\" rel=\"noopener\">Detecci\u00f3n precoz de la sordera (PDF)<\/a><\/li>\n<li><a href=\"https:\/\/cst.cat\/wp-content\/uploads\/2022\/04\/perinatal_CASTNO.pdf\" target=\"_blank\" rel=\"noopener\">Unidad de Salud Mental Perinatal (PDF)<\/a><\/li>\n<\/ul>\n                                <\/div>\r\n                            <\/li>\r\n                                                    <!-- Section 1 -->\r\n                            <li>\r\n                                <div>\r\n                                    <h3>Lactancia<\/h3>\r\n                                <\/div>\r\n                                <div>\r\n                                    <p><img loading=\"lazy\" decoding=\"async\" class=\"border-radius alignnone wp-image-22476 size-medium\" style=\"margin-top: 15px;\" src=\"https:\/\/cst.cat\/wp-content\/uploads\/2023\/12\/banner-web-600x121.png\" alt=\"\" width=\"600\" height=\"121\" srcset=\"https:\/\/cst.cat\/wp-content\/uploads\/2023\/12\/banner-web-600x121.png 600w, https:\/\/cst.cat\/wp-content\/uploads\/2023\/12\/banner-web-300x60.png 300w, https:\/\/cst.cat\/wp-content\/uploads\/2023\/12\/banner-web.png 670w\" sizes=\"auto, (max-width: 600px) 100vw, 600px\" \/><\/p>\n<p>Ponemos a tu disposici\u00f3n informaci\u00f3n sobre la lactancia materna:<\/p>\n<ul>\n<li><a href=\"https:\/\/cst.cat\/wp-content\/uploads\/2023\/08\/lletCAT.pdf\">Amamantamiento materno (PDF)<\/a><\/li>\n<li><a href=\"https:\/\/cst.cat\/wp-content\/uploads\/2024\/02\/11818.pdf\">Preparaci\u00f3n biber\u00f3n (PDF)<\/a><\/li>\n<li><a href=\"https:\/\/cst.cat\/wp-content\/uploads\/2026\/01\/Aula-suport-alletament.pdf\" target=\"_blank\" rel=\"noopener\">Grupos de apoyo a la lactancia materna (PDF)<\/a><\/li>\n<li><a href=\"https:\/\/cst.cat\/wp-content\/uploads\/2023\/12\/FUI-OBS-16_Extraccio-i-conservacio-de-la-llet-materna_Ver02.pdf\" target=\"_blank\" rel=\"noopener\">Extracci\u00f3n y conservaci\u00f3n de la leche materna (PDF)<\/a><\/li>\n<li><a href=\"https:\/\/cst.cat\/wp-content\/uploads\/2023\/12\/Banc-de-llet-materna-.pdf\" target=\"_blank\" rel=\"noopener\">Donaci\u00f3n de leche materna (PDF)<\/a><\/li>\n<li><a href=\"https:\/\/cst.cat\/wp-content\/uploads\/2026\/01\/Triptic-1-2.pdf\" target=\"_blank\" rel=\"noopener\">Cura de las grietas (PDF)<\/a><\/li>\n<li><a href=\"https:\/\/cst.cat\/wp-content\/uploads\/2026\/01\/Triptic-2.pdf\" target=\"_blank\" rel=\"noopener\">Cura de la ingurgitaci\u00f3n mamaria (PDF)<\/a><\/li>\n<\/ul>\n                                <\/div>\r\n                            <\/li>\r\n                                            <\/ul>\r\n                            <\/div>\r\n        <\/div>\r\n    <\/section>\r\n    <!-- end block: cst-accordion-redesign -->\r\n\n\n\n<div style=\"height:40px\" aria-hidden=\"true\" class=\"wp-block-spacer\"><\/div>\n","protected":false},"excerpt":{"rendered":"<p>Obstetricia Tiene como objetivo la asistencia de la mujer en las fases de gestaci\u00f3n, parto y puerperio, actuando en la prevenci\u00f3n, diagn\u00f3stico y tratamiento de las enfermedades relacionadas con la salud reproductiva de la mujer.<\/p>\n","protected":false},"author":2,"featured_media":0,"parent":0,"menu_order":0,"comment_status":"closed","ping_status":"closed","template":"page-templates\/pagina-menu-lateral.php","meta":{"_acf_changed":false,"footnotes":""},"class_list":["post-8771","page","type-page","status-publish","hentry"],"acf":[],"yoast_head":"<!-- This site is optimized with the Yoast SEO plugin v27.2 - https:\/\/yoast.com\/product\/yoast-seo-wordpress\/ -->\n<title>Obstetricia - CST<\/title>\n<meta name=\"robots\" content=\"index, follow, max-snippet:-1, max-image-preview:large, max-video-preview:-1\" \/>\n<link rel=\"canonical\" href=\"https:\/\/cst.cat\/es\/obstetricia-2\/\" \/>\n<meta property=\"og:locale\" content=\"es_ES\" \/>\n<meta property=\"og:type\" content=\"article\" \/>\n<meta property=\"og:title\" content=\"Obstetricia - CST\" \/>\n<meta property=\"og:description\" content=\"Obstetricia Tiene como objetivo la asistencia de la mujer en las fases de gestaci\u00f3n, parto y puerperio, actuando en la prevenci\u00f3n, diagn\u00f3stico y tratamiento de las enfermedades relacionadas con la salud reproductiva de la mujer.\" \/>\n<meta property=\"og:url\" content=\"https:\/\/cst.cat\/es\/obstetricia-2\/\" \/>\n<meta property=\"og:site_name\" content=\"CST\" \/>\n<meta property=\"article:modified_time\" content=\"2026-03-24T10:59:19+00:00\" \/>\n<meta name=\"twitter:card\" content=\"summary_large_image\" \/>\n<meta name=\"twitter:label1\" content=\"Tiempo de lectura\" \/>\n\t<meta name=\"twitter:data1\" content=\"1 minuto\" \/>\n<script type=\"application\/ld+json\" class=\"yoast-schema-graph\">{\"@context\":\"https:\/\/schema.org\",\"@graph\":[{\"@type\":\"WebPage\",\"@id\":\"https:\/\/cst.cat\/es\/obstetricia-2\/\",\"url\":\"https:\/\/cst.cat\/es\/obstetricia-2\/\",\"name\":\"Obstetricia - CST\",\"isPartOf\":{\"@id\":\"https:\/\/cst.cat\/es\/#website\"},\"datePublished\":\"2022-03-08T08:49:18+00:00\",\"dateModified\":\"2026-03-24T10:59:19+00:00\",\"breadcrumb\":{\"@id\":\"https:\/\/cst.cat\/es\/obstetricia-2\/#breadcrumb\"},\"inLanguage\":\"es\",\"potentialAction\":[{\"@type\":\"ReadAction\",\"target\":[\"https:\/\/cst.cat\/es\/obstetricia-2\/\"]}]},{\"@type\":\"BreadcrumbList\",\"@id\":\"https:\/\/cst.cat\/es\/obstetricia-2\/#breadcrumb\",\"itemListElement\":[{\"@type\":\"ListItem\",\"position\":1,\"name\":\"Inici\",\"item\":\"https:\/\/cst.cat\/es\/\"},{\"@type\":\"ListItem\",\"position\":2,\"name\":\"Obstetricia\"}]},{\"@type\":\"WebSite\",\"@id\":\"https:\/\/cst.cat\/es\/#website\",\"url\":\"https:\/\/cst.cat\/es\/\",\"name\":\"CST\",\"description\":\"\",\"publisher\":{\"@id\":\"https:\/\/cst.cat\/es\/#organization\"},\"potentialAction\":[{\"@type\":\"SearchAction\",\"target\":{\"@type\":\"EntryPoint\",\"urlTemplate\":\"https:\/\/cst.cat\/es\/?s={search_term_string}\"},\"query-input\":{\"@type\":\"PropertyValueSpecification\",\"valueRequired\":true,\"valueName\":\"search_term_string\"}}],\"inLanguage\":\"es\"},{\"@type\":\"Organization\",\"@id\":\"https:\/\/cst.cat\/es\/#organization\",\"name\":\"Consorci Sanitari de Terrassa\",\"url\":\"https:\/\/cst.cat\/es\/\",\"logo\":{\"@type\":\"ImageObject\",\"inLanguage\":\"es\",\"@id\":\"https:\/\/cst.cat\/es\/#\/schema\/logo\/image\/\",\"url\":\"https:\/\/cst.cat\/wp-content\/uploads\/2021\/09\/logo-header.svg\",\"contentUrl\":\"https:\/\/cst.cat\/wp-content\/uploads\/2021\/09\/logo-header.svg\",\"width\":90,\"height\":32,\"caption\":\"Consorci Sanitari de Terrassa\"},\"image\":{\"@id\":\"https:\/\/cst.cat\/es\/#\/schema\/logo\/image\/\"}}]}<\/script>\n<!-- \/ Yoast SEO plugin. -->","yoast_head_json":{"title":"Obstetricia - CST","robots":{"index":"index","follow":"follow","max-snippet":"max-snippet:-1","max-image-preview":"max-image-preview:large","max-video-preview":"max-video-preview:-1"},"canonical":"https:\/\/cst.cat\/es\/obstetricia-2\/","og_locale":"es_ES","og_type":"article","og_title":"Obstetricia - CST","og_description":"Obstetricia Tiene como objetivo la asistencia de la mujer en las fases de gestaci\u00f3n, parto y puerperio, actuando en la prevenci\u00f3n, diagn\u00f3stico y tratamiento de las enfermedades relacionadas con la salud reproductiva de la mujer.","og_url":"https:\/\/cst.cat\/es\/obstetricia-2\/","og_site_name":"CST","article_modified_time":"2026-03-24T10:59:19+00:00","twitter_card":"summary_large_image","twitter_misc":{"Tiempo de lectura":"1 minuto"},"schema":{"@context":"https:\/\/schema.org","@graph":[{"@type":"WebPage","@id":"https:\/\/cst.cat\/es\/obstetricia-2\/","url":"https:\/\/cst.cat\/es\/obstetricia-2\/","name":"Obstetricia - CST","isPartOf":{"@id":"https:\/\/cst.cat\/es\/#website"},"datePublished":"2022-03-08T08:49:18+00:00","dateModified":"2026-03-24T10:59:19+00:00","breadcrumb":{"@id":"https:\/\/cst.cat\/es\/obstetricia-2\/#breadcrumb"},"inLanguage":"es","potentialAction":[{"@type":"ReadAction","target":["https:\/\/cst.cat\/es\/obstetricia-2\/"]}]},{"@type":"BreadcrumbList","@id":"https:\/\/cst.cat\/es\/obstetricia-2\/#breadcrumb","itemListElement":[{"@type":"ListItem","position":1,"name":"Inici","item":"https:\/\/cst.cat\/es\/"},{"@type":"ListItem","position":2,"name":"Obstetricia"}]},{"@type":"WebSite","@id":"https:\/\/cst.cat\/es\/#website","url":"https:\/\/cst.cat\/es\/","name":"CST","description":"","publisher":{"@id":"https:\/\/cst.cat\/es\/#organization"},"potentialAction":[{"@type":"SearchAction","target":{"@type":"EntryPoint","urlTemplate":"https:\/\/cst.cat\/es\/?s={search_term_string}"},"query-input":{"@type":"PropertyValueSpecification","valueRequired":true,"valueName":"search_term_string"}}],"inLanguage":"es"},{"@type":"Organization","@id":"https:\/\/cst.cat\/es\/#organization","name":"Consorci Sanitari de Terrassa","url":"https:\/\/cst.cat\/es\/","logo":{"@type":"ImageObject","inLanguage":"es","@id":"https:\/\/cst.cat\/es\/#\/schema\/logo\/image\/","url":"https:\/\/cst.cat\/wp-content\/uploads\/2021\/09\/logo-header.svg","contentUrl":"https:\/\/cst.cat\/wp-content\/uploads\/2021\/09\/logo-header.svg","width":90,"height":32,"caption":"Consorci Sanitari de Terrassa"},"image":{"@id":"https:\/\/cst.cat\/es\/#\/schema\/logo\/image\/"}}]}},"_links":{"self":[{"href":"https:\/\/cst.cat\/es\/wp-json\/wp\/v2\/pages\/8771","targetHints":{"allow":["GET"]}}],"collection":[{"href":"https:\/\/cst.cat\/es\/wp-json\/wp\/v2\/pages"}],"about":[{"href":"https:\/\/cst.cat\/es\/wp-json\/wp\/v2\/types\/page"}],"author":[{"embeddable":true,"href":"https:\/\/cst.cat\/es\/wp-json\/wp\/v2\/users\/2"}],"replies":[{"embeddable":true,"href":"https:\/\/cst.cat\/es\/wp-json\/wp\/v2\/comments?post=8771"}],"version-history":[{"count":1,"href":"https:\/\/cst.cat\/es\/wp-json\/wp\/v2\/pages\/8771\/revisions"}],"predecessor-version":[{"id":34634,"href":"https:\/\/cst.cat\/es\/wp-json\/wp\/v2\/pages\/8771\/revisions\/34634"}],"wp:attachment":[{"href":"https:\/\/cst.cat\/es\/wp-json\/wp\/v2\/media?parent=8771"}],"curies":[{"name":"wp","href":"https:\/\/api.w.org\/{rel}","templated":true}]}}