{"id":8798,"date":"2022-03-08T09:49:21","date_gmt":"2022-03-08T08:49:21","guid":{"rendered":"https:\/\/cst.cat\/investigacion-e-innovacion\/"},"modified":"2022-03-08T17:21:37","modified_gmt":"2022-03-08T16:21:37","slug":"investigacion-e-innovacion","status":"publish","type":"page","link":"https:\/\/cst.cat\/es\/investigacion-e-innovacion\/","title":{"rendered":"Investigaci\u00f3n e Innovaci\u00f3n"},"content":{"rendered":"\r\n    \r\n    <!-- block: banner-header -->\r\n    <style>\r\n        @media screen and (max-width: 767px) {\r\n            .block-banner-header.inner-banner {\r\n                height: auto !important;\r\n            }\r\n        }\r\n    <\/style>\r\n    <section class=\"block-banner-header  left inner-banner\">\r\n        <div>\r\n            <img decoding=\"async\" width=\"100%\" height=\"100%\" loading=\"lazy\" src=\"https:\/\/cst.cat\/wp-content\/uploads\/2021\/11\/cap-recerca.jpg\" srcset=\"https:\/\/cst.cat\/wp-content\/uploads\/2021\/11\/cap-recerca.jpg 1600w, https:\/\/cst.cat\/wp-content\/uploads\/2021\/11\/cap-recerca-600x188.jpg 600w, https:\/\/cst.cat\/wp-content\/uploads\/2021\/11\/cap-recerca-1366x427.jpg 1366w, https:\/\/cst.cat\/wp-content\/uploads\/2021\/11\/cap-recerca-768x240.jpg 768w, https:\/\/cst.cat\/wp-content\/uploads\/2021\/11\/cap-recerca-1536x480.jpg 1536w\" alt=\"\">\r\n        <\/div>\r\n        <div class=\"inner-banner-cnt\">\r\n            <div class=\"row\">\r\n                <h2>Investigaci\u00f3n e innovaci\u00f3n<\/h2>\r\n                <p>(R+D+i)<\/p>\r\n                <div class=\"aero\">\r\n                    <a href=\"javascript:void(0);\">\r\n                        <img decoding=\"async\" src=\"https:\/\/cst.cat\/wp-content\/themes\/cst\/inc\/blocks\/cst\/banner-header\/images\/double-arrw-down.svg\">\r\n                    <\/a>\r\n                <\/div>\r\n            <\/div>\r\n        <\/div>\r\n    <\/section>\r\n    <!-- end block: banner-header -->\r\n\n\n\r\n    <!-- block: cst-list-item -->\r\n            <style>\r\n            #block_618a6c092a1fb.block-cst-list-item h2,\r\n            #block_618a6c092a1fb.block-cst-list-item p,\r\n            #block_618a6c092a1fb.block-cst-list-item a.ves-but {\r\n                color: #353f60;\r\n            }\r\n            #block_618a6c092a1fb.block-cst-list-item a.ves-but,\r\n            #block_618a6c092a1fb.block-cst-list-item a.ves-but:before {\r\n                border-color: #353f60;\r\n            }\r\n            #block_618a6c092a1fb.block-cst-list-item a.ves-but:hover {\r\n                background-color: #353f60;\r\n            }\r\n        <\/style>\r\n                <style>\r\n            #block_618a6c092a1fb.block-cst-list-item {\r\n                background-color: #FFFFFF;\r\n            }\r\n            #block_618a6c092a1fb.block-cst-list-item a.ves-but:hover {\r\n                color: #FFFFFF;\r\n            }\r\n            #block_618a6c092a1fb.block-cst-list-item a.ves-but:hover:before {\r\n                border-color: #FFFFFF;\r\n            }\r\n        <\/style>\r\n        <section id=\"block_618a6c092a1fb\" class=\"block-cst-list-item \">\r\n        <div class=\"centres-lst-rgt \">\r\n            <img decoding=\"async\" class=\"desktop-centre\" width=\"100%\" height=\"100%\" loading=\"lazy\" src=\"https:\/\/cst.cat\/wp-content\/uploads\/2021\/11\/list-joan-costa.jpg\" srcset=\"https:\/\/cst.cat\/wp-content\/uploads\/2021\/11\/list-joan-costa.jpg 769w, https:\/\/cst.cat\/wp-content\/uploads\/2021\/11\/list-joan-costa-600x406.jpg 600w\" alt=\"\">\r\n            <img decoding=\"async\" class=\"mob-centre\" width=\"100%\" height=\"100%\" loading=\"lazy\" src=\"https:\/\/cst.cat\/wp-content\/uploads\/2021\/11\/list-joan-costa-movil.jpg\" srcset=\"https:\/\/cst.cat\/wp-content\/uploads\/2021\/11\/list-joan-costa-movil.jpg 343w, https:\/\/cst.cat\/wp-content\/uploads\/2021\/11\/list-joan-costa-movil-300x300.jpg 300w\" alt=\"\">\r\n        <\/div>\r\n        <div class=\"centres-lst-lft \">\r\n                            <h2>La Fundaci\u00f3n Joan Costa Roma<\/h2>\r\n                        <p class=\"p1\">Tiene como misi\u00f3n contribuir a la mejora de la salud y bienestar de las personas, impulsando, desarrollando, coordinando y divulgando las actividades de formaci\u00f3n, docencia, investigaci\u00f3n e innovaci\u00f3n que se desarrollen en los centros y servicios del CST.<\/p>\n                            <a href=\"https:\/\/cst.cat\/es\/investigacion-e-innovacion\/la-fundacion-joan-costa-roma\/\" class=\"ves-but\" target=\"_self\">\r\n                    IR                <\/a>\r\n                    <\/div>\r\n    <\/section>\r\n    <!-- end block: cst-list-item -->\r\n\n\n\r\n    <!-- block: cst-list-item -->\r\n            <style>\r\n            #block_618a6e192a1fc.block-cst-list-item h2,\r\n            #block_618a6e192a1fc.block-cst-list-item p,\r\n            #block_618a6e192a1fc.block-cst-list-item a.ves-but {\r\n                color: #ffffff;\r\n            }\r\n            #block_618a6e192a1fc.block-cst-list-item a.ves-but,\r\n            #block_618a6e192a1fc.block-cst-list-item a.ves-but:before {\r\n                border-color: #ffffff;\r\n            }\r\n            #block_618a6e192a1fc.block-cst-list-item a.ves-but:hover {\r\n                background-color: #ffffff;\r\n            }\r\n        <\/style>\r\n                <style>\r\n            #block_618a6e192a1fc.block-cst-list-item {\r\n                background-color: #353f60;\r\n            }\r\n            #block_618a6e192a1fc.block-cst-list-item a.ves-but:hover {\r\n                color: #353f60;\r\n            }\r\n            #block_618a6e192a1fc.block-cst-list-item a.ves-but:hover:before {\r\n                border-color: #353f60;\r\n            }\r\n        <\/style>\r\n        <section id=\"block_618a6e192a1fc\" class=\"block-cst-list-item \">\r\n        <div class=\"centres-lst-rgt lft\">\r\n            <img decoding=\"async\" class=\"desktop-centre\" width=\"100%\" height=\"100%\" loading=\"lazy\" src=\"https:\/\/cst.cat\/wp-content\/uploads\/2021\/11\/list-area-recerca.jpg\" srcset=\"https:\/\/cst.cat\/wp-content\/uploads\/2021\/11\/list-area-recerca.jpg 769w, https:\/\/cst.cat\/wp-content\/uploads\/2021\/11\/list-area-recerca-600x407.jpg 600w\" alt=\"\">\r\n            <img decoding=\"async\" class=\"mob-centre\" width=\"100%\" height=\"100%\" loading=\"lazy\" src=\"https:\/\/cst.cat\/wp-content\/uploads\/2021\/11\/list-area-recerca-movil.jpg\" srcset=\"https:\/\/cst.cat\/wp-content\/uploads\/2021\/11\/list-area-recerca-movil.jpg 343w, https:\/\/cst.cat\/wp-content\/uploads\/2021\/11\/list-area-recerca-movil-300x300.jpg 300w\" alt=\"\">\r\n        <\/div>\r\n        <div class=\"centres-lst-lft rgt\">\r\n                            <h2>\u00c1rea de Investigaci\u00f3n e Innovaci\u00f3n<\/h2>\r\n                        <p class=\"p1\">Tiene como objetivos impulsar la Investigaci\u00f3n y la Innovaci\u00f3n entre los profesionales del CST, promoviendo todas aquellas actividades relacionadas con la I+D+i.<\/p>\n                            <a href=\"https:\/\/cst.cat\/es\/investigacion-e-innovacion\/area-de-investigacion-e-innovacion\/\" class=\"ves-but\" target=\"_self\">\r\n                    IR                <\/a>\r\n                    <\/div>\r\n    <\/section>\r\n    <!-- end block: cst-list-item -->\r\n\n\n\r\n    <!-- block: cst-list-item -->\r\n            <style>\r\n            #block_618a6e1c2a1fd.block-cst-list-item h2,\r\n            #block_618a6e1c2a1fd.block-cst-list-item p,\r\n            #block_618a6e1c2a1fd.block-cst-list-item a.ves-but {\r\n                color: #353f60;\r\n            }\r\n            #block_618a6e1c2a1fd.block-cst-list-item a.ves-but,\r\n            #block_618a6e1c2a1fd.block-cst-list-item a.ves-but:before {\r\n                border-color: #353f60;\r\n            }\r\n            #block_618a6e1c2a1fd.block-cst-list-item a.ves-but:hover {\r\n                background-color: #353f60;\r\n            }\r\n        <\/style>\r\n                <style>\r\n            #block_618a6e1c2a1fd.block-cst-list-item {\r\n                background-color: #FFFFFF;\r\n            }\r\n            #block_618a6e1c2a1fd.block-cst-list-item a.ves-but:hover {\r\n                color: #FFFFFF;\r\n            }\r\n            #block_618a6e1c2a1fd.block-cst-list-item a.ves-but:hover:before {\r\n                border-color: #FFFFFF;\r\n            }\r\n        <\/style>\r\n        <section id=\"block_618a6e1c2a1fd\" class=\"block-cst-list-item \">\r\n        <div class=\"centres-lst-rgt \">\r\n            <img decoding=\"async\" class=\"desktop-centre\" width=\"100%\" height=\"100%\" loading=\"lazy\" src=\"https:\/\/cst.cat\/wp-content\/uploads\/2021\/11\/list-recerca.jpg\" srcset=\"https:\/\/cst.cat\/wp-content\/uploads\/2021\/11\/list-recerca.jpg 769w, https:\/\/cst.cat\/wp-content\/uploads\/2021\/11\/list-recerca-600x407.jpg 600w\" alt=\"\">\r\n            <img decoding=\"async\" class=\"mob-centre\" width=\"100%\" height=\"100%\" loading=\"lazy\" src=\"https:\/\/cst.cat\/wp-content\/uploads\/2021\/11\/list-recerca-movil.jpg\" srcset=\"https:\/\/cst.cat\/wp-content\/uploads\/2021\/11\/list-recerca-movil.jpg 343w, https:\/\/cst.cat\/wp-content\/uploads\/2021\/11\/list-recerca-movil-300x300.jpg 300w\" alt=\"\">\r\n        <\/div>\r\n        <div class=\"centres-lst-lft \">\r\n                            <h2>Investigaci\u00f3n<\/h2>\r\n                        <p class=\"p1\">Investigamos para mejorar la vida y la salud de nuestros pacientes, priorizando una investigaci\u00f3n multic\u00e9ntrica, multidisciplinar y vinculada con la actividad asistencial.<\/p>\n                            <a href=\"https:\/\/cst.cat\/es\/investigacion-e-innovacion\/busqueda\/\" class=\"ves-but\" target=\"_self\">\r\n                    IR                <\/a>\r\n                    <\/div>\r\n    <\/section>\r\n    <!-- end block: cst-list-item -->\r\n\n\n\r\n    <!-- block: cst-list-item -->\r\n            <style>\r\n            #block_618a6e1e2a1fe.block-cst-list-item h2,\r\n            #block_618a6e1e2a1fe.block-cst-list-item p,\r\n            #block_618a6e1e2a1fe.block-cst-list-item a.ves-but {\r\n                color: #353f60;\r\n            }\r\n            #block_618a6e1e2a1fe.block-cst-list-item a.ves-but,\r\n            #block_618a6e1e2a1fe.block-cst-list-item a.ves-but:before {\r\n                border-color: #353f60;\r\n            }\r\n            #block_618a6e1e2a1fe.block-cst-list-item a.ves-but:hover {\r\n                background-color: #353f60;\r\n            }\r\n        <\/style>\r\n                <style>\r\n            #block_618a6e1e2a1fe.block-cst-list-item {\r\n                background-color: #78d7d2;\r\n            }\r\n            #block_618a6e1e2a1fe.block-cst-list-item a.ves-but:hover {\r\n                color: #78d7d2;\r\n            }\r\n            #block_618a6e1e2a1fe.block-cst-list-item a.ves-but:hover:before {\r\n                border-color: #78d7d2;\r\n            }\r\n        <\/style>\r\n        <section id=\"block_618a6e1e2a1fe\" class=\"block-cst-list-item \">\r\n        <div class=\"centres-lst-rgt lft\">\r\n            <img decoding=\"async\" class=\"desktop-centre\" width=\"100%\" height=\"100%\" loading=\"lazy\" src=\"https:\/\/cst.cat\/wp-content\/uploads\/2021\/11\/list-innovacio.jpg\" srcset=\"https:\/\/cst.cat\/wp-content\/uploads\/2021\/11\/list-innovacio.jpg 769w, https:\/\/cst.cat\/wp-content\/uploads\/2021\/11\/list-innovacio-600x406.jpg 600w\" alt=\"\">\r\n            <img decoding=\"async\" class=\"mob-centre\" width=\"100%\" height=\"100%\" loading=\"lazy\" src=\"https:\/\/cst.cat\/wp-content\/uploads\/2021\/11\/list-innovacio-movil.jpg\" srcset=\"https:\/\/cst.cat\/wp-content\/uploads\/2021\/11\/list-innovacio-movil.jpg 343w, https:\/\/cst.cat\/wp-content\/uploads\/2021\/11\/list-innovacio-movil-300x300.jpg 300w\" alt=\"\">\r\n        <\/div>\r\n        <div class=\"centres-lst-lft rgt\">\r\n                            <h2>Innovaci\u00f3n<\/h2>\r\n                        <p class=\"p1\">Tiene como objetivo crear valor aportando a la sociedad soluciones tangibles a problemas reales mediante la Innovaci\u00f3n en tecnolog\u00edas, procesos, productos y servicios.<\/p>\n                            <a href=\"https:\/\/cst.cat\/es\/investigacion-e-innovacion\/innovacion\/\" class=\"ves-but\" target=\"_self\">\r\n                    IR                <\/a>\r\n                    <\/div>\r\n    <\/section>\r\n    <!-- end block: cst-list-item -->\r\n\n\n\r\n    <!-- block: cst-list-item -->\r\n            <style>\r\n            #block_618a6e1f2a1ff.block-cst-list-item h2,\r\n            #block_618a6e1f2a1ff.block-cst-list-item p,\r\n            #block_618a6e1f2a1ff.block-cst-list-item a.ves-but {\r\n                color: #353f60;\r\n            }\r\n            #block_618a6e1f2a1ff.block-cst-list-item a.ves-but,\r\n            #block_618a6e1f2a1ff.block-cst-list-item a.ves-but:before {\r\n                border-color: #353f60;\r\n            }\r\n            #block_618a6e1f2a1ff.block-cst-list-item a.ves-but:hover {\r\n                background-color: #353f60;\r\n            }\r\n        <\/style>\r\n                <style>\r\n            #block_618a6e1f2a1ff.block-cst-list-item {\r\n                background-color: #FFFFFF;\r\n            }\r\n            #block_618a6e1f2a1ff.block-cst-list-item a.ves-but:hover {\r\n                color: #FFFFFF;\r\n            }\r\n            #block_618a6e1f2a1ff.block-cst-list-item a.ves-but:hover:before {\r\n                border-color: #FFFFFF;\r\n            }\r\n        <\/style>\r\n        <section id=\"block_618a6e1f2a1ff\" class=\"block-cst-list-item \">\r\n        <div class=\"centres-lst-rgt \">\r\n            <img decoding=\"async\" class=\"desktop-centre\" width=\"100%\" height=\"100%\" loading=\"lazy\" src=\"https:\/\/cst.cat\/wp-content\/uploads\/2021\/11\/list-projectes.jpg\" srcset=\"https:\/\/cst.cat\/wp-content\/uploads\/2021\/11\/list-projectes.jpg 769w, https:\/\/cst.cat\/wp-content\/uploads\/2021\/11\/list-projectes-600x407.jpg 600w\" alt=\"\">\r\n            <img decoding=\"async\" class=\"mob-centre\" width=\"100%\" height=\"100%\" loading=\"lazy\" src=\"https:\/\/cst.cat\/wp-content\/uploads\/2021\/11\/list-projectes-movil.jpg\" srcset=\"https:\/\/cst.cat\/wp-content\/uploads\/2021\/11\/list-projectes-movil.jpg 343w, https:\/\/cst.cat\/wp-content\/uploads\/2021\/11\/list-projectes-movil-300x300.jpg 300w\" alt=\"\">\r\n        <\/div>\r\n        <div class=\"centres-lst-lft \">\r\n                            <h2>Proyectos y Redes<\/h2>\r\n                        <p class=\"p1\">Los proyectos m\u00e1s destacados en los que participamos y un listado de la red de alianzas que hemos ido tejiendo en el CST.<\/p>\n                            <a href=\"https:\/\/cst.cat\/es\/investigacion-e-innovacion\/proyectos-activos-de-investigacion-e-innovacion\/\" class=\"ves-but\" target=\"_self\">\r\n                    IR                <\/a>\r\n                    <\/div>\r\n    <\/section>\r\n    <!-- end block: cst-list-item -->\r\n\n\n\r\n    <!-- block: cst-list-item -->\r\n            <style>\r\n            #block_618a6e212a200.block-cst-list-item h2,\r\n            #block_618a6e212a200.block-cst-list-item p,\r\n            #block_618a6e212a200.block-cst-list-item a.ves-but {\r\n                color: #353f60;\r\n            }\r\n            #block_618a6e212a200.block-cst-list-item a.ves-but,\r\n            #block_618a6e212a200.block-cst-list-item a.ves-but:before {\r\n                border-color: #353f60;\r\n            }\r\n            #block_618a6e212a200.block-cst-list-item a.ves-but:hover {\r\n                background-color: #353f60;\r\n            }\r\n        <\/style>\r\n                <style>\r\n            #block_618a6e212a200.block-cst-list-item {\r\n                background-color: #f4be52;\r\n            }\r\n            #block_618a6e212a200.block-cst-list-item a.ves-but:hover {\r\n                color: #f4be52;\r\n            }\r\n            #block_618a6e212a200.block-cst-list-item a.ves-but:hover:before {\r\n                border-color: #f4be52;\r\n            }\r\n        <\/style>\r\n        <section id=\"block_618a6e212a200\" class=\"block-cst-list-item \">\r\n        <div class=\"centres-lst-rgt lft\">\r\n            <img decoding=\"async\" class=\"desktop-centre\" width=\"100%\" height=\"100%\" loading=\"lazy\" src=\"https:\/\/cst.cat\/wp-content\/uploads\/2021\/11\/list-biblioteca.jpg\" srcset=\"https:\/\/cst.cat\/wp-content\/uploads\/2021\/11\/list-biblioteca.jpg 769w, https:\/\/cst.cat\/wp-content\/uploads\/2021\/11\/list-biblioteca-600x406.jpg 600w\" alt=\"\">\r\n            <img decoding=\"async\" class=\"mob-centre\" width=\"100%\" height=\"100%\" loading=\"lazy\" src=\"https:\/\/cst.cat\/wp-content\/uploads\/2021\/11\/list-biblioteca-movil.jpg\" srcset=\"https:\/\/cst.cat\/wp-content\/uploads\/2021\/11\/list-biblioteca-movil.jpg 343w, https:\/\/cst.cat\/wp-content\/uploads\/2021\/11\/list-biblioteca-movil-300x300.jpg 300w\" alt=\"\">\r\n        <\/div>\r\n        <div class=\"centres-lst-lft rgt\">\r\n                            <h2>Biblioteca<\/h2>\r\n                        <p class=\"p1\">Un servicio clave para la formaci\u00f3n, docencia, investigaci\u00f3n, innovaci\u00f3n y gesti\u00f3n. Ofrece servicios y recursos propios presenciales y virtuales dirigidos a dar respuesta a las necesidades de los profesionales. Tambi\u00e9n establece convenios y\/o acuerdos con otras bibliotecas e instituciones para ampliar su oferta de servicios y trabajar conjuntamente en temas de inter\u00e9s com\u00fan.<\/p>\n                            <a href=\"https:\/\/cst.cat\/es\/investigacion-e-innovacion\/biblioteca\/\" class=\"ves-but\" target=\"_self\">\r\n                    IR                <\/a>\r\n                    <\/div>\r\n    <\/section>\r\n    <!-- end block: cst-list-item -->\r\n","protected":false},"excerpt":{"rendered":"","protected":false},"author":2,"featured_media":0,"parent":0,"menu_order":0,"comment_status":"closed","ping_status":"closed","template":"","meta":{"_acf_changed":false,"footnotes":""},"class_list":["post-8798","page","type-page","status-publish","hentry"],"acf":[],"yoast_head":"<!-- This site is optimized with the Yoast SEO plugin v27.2 - https:\/\/yoast.com\/product\/yoast-seo-wordpress\/ -->\n<title>Investigaci\u00f3n e Innovaci\u00f3n - CST<\/title>\n<meta name=\"robots\" content=\"index, follow, max-snippet:-1, max-image-preview:large, max-video-preview:-1\" \/>\n<link rel=\"canonical\" href=\"https:\/\/cst.cat\/es\/investigacion-e-innovacion\/\" \/>\n<meta property=\"og:locale\" content=\"es_ES\" \/>\n<meta property=\"og:type\" content=\"article\" \/>\n<meta property=\"og:title\" content=\"Investigaci\u00f3n e Innovaci\u00f3n - CST\" \/>\n<meta property=\"og:url\" content=\"https:\/\/cst.cat\/es\/investigacion-e-innovacion\/\" \/>\n<meta property=\"og:site_name\" content=\"CST\" \/>\n<meta property=\"article:modified_time\" content=\"2022-03-08T16:21:37+00:00\" \/>\n<meta name=\"twitter:card\" content=\"summary_large_image\" \/>\n<script type=\"application\/ld+json\" class=\"yoast-schema-graph\">{\"@context\":\"https:\/\/schema.org\",\"@graph\":[{\"@type\":\"WebPage\",\"@id\":\"https:\/\/cst.cat\/es\/investigacion-e-innovacion\/\",\"url\":\"https:\/\/cst.cat\/es\/investigacion-e-innovacion\/\",\"name\":\"Investigaci\u00f3n e Innovaci\u00f3n - CST\",\"isPartOf\":{\"@id\":\"https:\/\/cst.cat\/es\/#website\"},\"datePublished\":\"2022-03-08T08:49:21+00:00\",\"dateModified\":\"2022-03-08T16:21:37+00:00\",\"breadcrumb\":{\"@id\":\"https:\/\/cst.cat\/es\/investigacion-e-innovacion\/#breadcrumb\"},\"inLanguage\":\"es\",\"potentialAction\":[{\"@type\":\"ReadAction\",\"target\":[\"https:\/\/cst.cat\/es\/investigacion-e-innovacion\/\"]}]},{\"@type\":\"BreadcrumbList\",\"@id\":\"https:\/\/cst.cat\/es\/investigacion-e-innovacion\/#breadcrumb\",\"itemListElement\":[{\"@type\":\"ListItem\",\"position\":1,\"name\":\"Inici\",\"item\":\"https:\/\/cst.cat\/es\/\"},{\"@type\":\"ListItem\",\"position\":2,\"name\":\"Investigaci\u00f3n e Innovaci\u00f3n\"}]},{\"@type\":\"WebSite\",\"@id\":\"https:\/\/cst.cat\/es\/#website\",\"url\":\"https:\/\/cst.cat\/es\/\",\"name\":\"CST\",\"description\":\"\",\"publisher\":{\"@id\":\"https:\/\/cst.cat\/es\/#organization\"},\"potentialAction\":[{\"@type\":\"SearchAction\",\"target\":{\"@type\":\"EntryPoint\",\"urlTemplate\":\"https:\/\/cst.cat\/es\/?s={search_term_string}\"},\"query-input\":{\"@type\":\"PropertyValueSpecification\",\"valueRequired\":true,\"valueName\":\"search_term_string\"}}],\"inLanguage\":\"es\"},{\"@type\":\"Organization\",\"@id\":\"https:\/\/cst.cat\/es\/#organization\",\"name\":\"Consorci Sanitari de Terrassa\",\"url\":\"https:\/\/cst.cat\/es\/\",\"logo\":{\"@type\":\"ImageObject\",\"inLanguage\":\"es\",\"@id\":\"https:\/\/cst.cat\/es\/#\/schema\/logo\/image\/\",\"url\":\"https:\/\/cst.cat\/wp-content\/uploads\/2021\/09\/logo-header.svg\",\"contentUrl\":\"https:\/\/cst.cat\/wp-content\/uploads\/2021\/09\/logo-header.svg\",\"width\":90,\"height\":32,\"caption\":\"Consorci Sanitari de Terrassa\"},\"image\":{\"@id\":\"https:\/\/cst.cat\/es\/#\/schema\/logo\/image\/\"}}]}<\/script>\n<!-- \/ Yoast SEO plugin. -->","yoast_head_json":{"title":"Investigaci\u00f3n e Innovaci\u00f3n - CST","robots":{"index":"index","follow":"follow","max-snippet":"max-snippet:-1","max-image-preview":"max-image-preview:large","max-video-preview":"max-video-preview:-1"},"canonical":"https:\/\/cst.cat\/es\/investigacion-e-innovacion\/","og_locale":"es_ES","og_type":"article","og_title":"Investigaci\u00f3n e Innovaci\u00f3n - CST","og_url":"https:\/\/cst.cat\/es\/investigacion-e-innovacion\/","og_site_name":"CST","article_modified_time":"2022-03-08T16:21:37+00:00","twitter_card":"summary_large_image","schema":{"@context":"https:\/\/schema.org","@graph":[{"@type":"WebPage","@id":"https:\/\/cst.cat\/es\/investigacion-e-innovacion\/","url":"https:\/\/cst.cat\/es\/investigacion-e-innovacion\/","name":"Investigaci\u00f3n e Innovaci\u00f3n - CST","isPartOf":{"@id":"https:\/\/cst.cat\/es\/#website"},"datePublished":"2022-03-08T08:49:21+00:00","dateModified":"2022-03-08T16:21:37+00:00","breadcrumb":{"@id":"https:\/\/cst.cat\/es\/investigacion-e-innovacion\/#breadcrumb"},"inLanguage":"es","potentialAction":[{"@type":"ReadAction","target":["https:\/\/cst.cat\/es\/investigacion-e-innovacion\/"]}]},{"@type":"BreadcrumbList","@id":"https:\/\/cst.cat\/es\/investigacion-e-innovacion\/#breadcrumb","itemListElement":[{"@type":"ListItem","position":1,"name":"Inici","item":"https:\/\/cst.cat\/es\/"},{"@type":"ListItem","position":2,"name":"Investigaci\u00f3n e Innovaci\u00f3n"}]},{"@type":"WebSite","@id":"https:\/\/cst.cat\/es\/#website","url":"https:\/\/cst.cat\/es\/","name":"CST","description":"","publisher":{"@id":"https:\/\/cst.cat\/es\/#organization"},"potentialAction":[{"@type":"SearchAction","target":{"@type":"EntryPoint","urlTemplate":"https:\/\/cst.cat\/es\/?s={search_term_string}"},"query-input":{"@type":"PropertyValueSpecification","valueRequired":true,"valueName":"search_term_string"}}],"inLanguage":"es"},{"@type":"Organization","@id":"https:\/\/cst.cat\/es\/#organization","name":"Consorci Sanitari de Terrassa","url":"https:\/\/cst.cat\/es\/","logo":{"@type":"ImageObject","inLanguage":"es","@id":"https:\/\/cst.cat\/es\/#\/schema\/logo\/image\/","url":"https:\/\/cst.cat\/wp-content\/uploads\/2021\/09\/logo-header.svg","contentUrl":"https:\/\/cst.cat\/wp-content\/uploads\/2021\/09\/logo-header.svg","width":90,"height":32,"caption":"Consorci Sanitari de Terrassa"},"image":{"@id":"https:\/\/cst.cat\/es\/#\/schema\/logo\/image\/"}}]}},"_links":{"self":[{"href":"https:\/\/cst.cat\/es\/wp-json\/wp\/v2\/pages\/8798","targetHints":{"allow":["GET"]}}],"collection":[{"href":"https:\/\/cst.cat\/es\/wp-json\/wp\/v2\/pages"}],"about":[{"href":"https:\/\/cst.cat\/es\/wp-json\/wp\/v2\/types\/page"}],"author":[{"embeddable":true,"href":"https:\/\/cst.cat\/es\/wp-json\/wp\/v2\/users\/2"}],"replies":[{"embeddable":true,"href":"https:\/\/cst.cat\/es\/wp-json\/wp\/v2\/comments?post=8798"}],"version-history":[{"count":0,"href":"https:\/\/cst.cat\/es\/wp-json\/wp\/v2\/pages\/8798\/revisions"}],"wp:attachment":[{"href":"https:\/\/cst.cat\/es\/wp-json\/wp\/v2\/media?parent=8798"}],"curies":[{"name":"wp","href":"https:\/\/api.w.org\/{rel}","templated":true}]}}