{"id":8803,"date":"2022-03-08T09:49:22","date_gmt":"2022-03-08T08:49:22","guid":{"rendered":"https:\/\/cst.cat\/investigacion-e-innovacion\/area-de-investigacion-e-innovacion\/"},"modified":"2026-02-17T14:48:36","modified_gmt":"2026-02-17T13:48:36","slug":"area-de-investigacion-e-innovacion","status":"publish","type":"page","link":"https:\/\/cst.cat\/es\/investigacion-e-innovacion\/area-de-investigacion-e-innovacion\/","title":{"rendered":"\u00c1rea de Investigaci\u00f3n e Innovaci\u00f3n"},"content":{"rendered":"\n<div class=\"wp-block-columns is-style-default is-layout-flex wp-container-core-columns-is-layout-9d6595d7 wp-block-columns-is-layout-flex\">\n<div class=\"wp-block-column is-layout-flow wp-block-column-is-layout-flow\" style=\"flex-basis:100%\">\n<h1 class=\"wp-block-heading\">\u00c1rea de Investigaci\u00f3n e Innovaci\u00f3n<\/h1>\n\n\n\n<p><strong>El \u00c1rea de Investigaci\u00f3n, Desarrollo e innovaci\u00f3n (I+D+i)<\/strong> tiene como objetivos impulsar la Investigaci\u00f3n y la Innovaci\u00f3n entre los profesionales del CST, promoviendo todas aquellas actividades relacionadas con la I+D+i. <\/p>\n\n\n\n<p>Impulsamos y acompa\u00f1amos los proyectos junto con los investigadores, dando soporte metodol\u00f3gico y visibilidad a la Investigaci\u00f3n que se realiza en el CST as\u00ed como a las innovaciones que se desarrollan como fruto de la transferencia del conocimiento de nuestros profesionales.<\/p>\n\n\n\n<p>Asimismo, damos a conocer las convocatorias competitivas y ayudas para conseguir fondos para proyectos de investigaci\u00f3n e innovaci\u00f3n. Mantenemos contactos con el entorno empresarial e institucional para dar a conocer qui\u00e9nes somos y qu\u00e9 hacemos. <\/p>\n\n\n\n<p>Velamos para que la \u00e9tica institucional sea respetada en los proyectos y actividades en los que participamos, promoviendo las buenas pr\u00e1cticas investigadoras y la calidad de la investigaci\u00f3n y la innovaci\u00f3n.<\/p>\n\n\n\n<hr class=\"wp-block-separator has-css-opacity\"\/>\n\n\n\n<h2 class=\"wp-block-heading\"><strong>Unidades y servicios<\/strong><\/h2>\n\n\n\n<div style=\"height:30px\" aria-hidden=\"true\" class=\"wp-block-spacer\"><\/div>\n\n\n\n<p><strong>Unidad de Ensayos Cl\u00ednicos<\/strong><\/p>\n\n\n\n<ul class=\"is-style-punts-blaus wp-block-list\">\n<li>Asesoramiento en el dise\u00f1o de proyectos cient\u00edficos<\/li>\n\n\n\n<li>Apoyo a los investigadores en la participaci\u00f3n en ensayos cl\u00ednicos<\/li>\n\n\n\n<li>Apoyo en la preparaci\u00f3n de documentaci\u00f3n para presentar en el CERM<\/li>\n\n\n\n<li>Gesti\u00f3n de datos<\/li>\n\n\n\n<li>Idoneidad de las instalaciones<\/li>\n\n\n\n<li>Gesti\u00f3n de contratos<\/li>\n\n\n\n<li>Facturaci\u00f3n<\/li>\n<\/ul>\n\n\n\n<div style=\"height:40px\" aria-hidden=\"true\" class=\"wp-block-spacer\"><\/div>\n\n\n\n<p><strong>Unidad de Proyectos<\/strong><\/p>\n\n\n\n<ul class=\"is-style-punts-blaus wp-block-list\">\n<li>Preparaci\u00f3n de solicitudes de premios y ayudas competitivas de entes p\u00fablicos y privados.<\/li>\n\n\n\n<li>Gesti\u00f3n de proyectos nacionales e internacionales.<\/li>\n\n\n\n<li>Seguimiento t\u00e9cnico y econ\u00f3mico-financiero.<\/li>\n\n\n\n<li>Gesti\u00f3n de la documentaci\u00f3n legal de proyectos.<\/li>\n\n\n\n<li>Difusi\u00f3n de ayudas y premios.<\/li>\n\n\n\n<li>Apoyo en la redacci\u00f3n\/traducci\u00f3n de art\u00edculos cient\u00edficos.<\/li>\n\n\n\n<li>Apoyo estad\u00edstico.<\/li>\n<\/ul>\n\n\n\n<div style=\"height:40px\" aria-hidden=\"true\" class=\"wp-block-spacer\"><\/div>\n\n\n\n<p><strong>Unidad de Innovaci\u00f3n<\/strong><\/p>\n\n\n\n<ul class=\"is-style-punts-blaus wp-block-list\">\n<li>Preparaci\u00f3n de solicitudes de premios y ayudas competitivas de entes p\u00fablicos y privados en el \u00e1mbito de la Innovaci\u00f3n, la Transferencia de Tecnolog\u00eda y la Valorizaci\u00f3n.<\/li>\n\n\n\n<li>Gesti\u00f3n de proyectos de innovaci\u00f3n.<\/li>\n\n\n\n<li>Acompa\u00f1amiento a los equipos innovadores en las labores de Valorizaci\u00f3n de tecnolog\u00edas.<\/li>\n\n\n\n<li>Asesoramiento y protecci\u00f3n de la propiedad intelectual e industrial.<\/li>\n\n\n\n<li>Gesti\u00f3n de relaciones con empresas del sector.<\/li>\n\n\n\n<li>Gesti\u00f3n de contratos y convenios con terceros.<\/li>\n\n\n\n<li>Gesti\u00f3n de acuerdos de transferencia y licencias.<\/li>\n\n\n\n<li>Acompa\u00f1amiento a los equipos emprendedores en la creaci\u00f3n de spin-off.<\/li>\n<\/ul>\n\n\n\n<div style=\"height:40px\" aria-hidden=\"true\" class=\"wp-block-spacer\"><\/div>\n\n\n\n<p><strong>Otros<\/strong><\/p>\n\n\n\n<ul class=\"is-style-punts-blaus wp-block-list\">\n<li><a href=\"https:\/\/cst.cat\/es\/?page_id=8833\">Biblioteca<\/a><\/li>\n\n\n\n<li><span style=\"background-color:rgba(0, 0, 0, 0);color:#00addf\" class=\"has-inline-color\"><a href=\"https:\/\/cst.cat\/es\/investigacion-e-innovacion\/ceim\/\">CERM<\/a><\/span><\/li>\n<\/ul>\n\n\n\n<hr class=\"wp-block-separator has-css-opacity\"\/>\n<\/div>\n<\/div>\n\r\n    <!-- block: contactar enlaces -->\r\n            <section class=\"block-contactar-enlaces  contact-sec \">\r\n            <div class=\"row\">\r\n                                <ul class=\"contact-lst\">\r\n                                            <li class=\"map \">\r\n                                                            <h2>Ubicaci\u00f3n<\/h2>\r\n                                                        <p><strong>Hospital Universitario de Terrassa<\/strong><br \/>\n Ctra. Torrebonica s\/n<br \/>\n 08227 Terraza <\/p>\n<p>Planta -1<\/p>\n                        <\/li>\r\n                                            <li class=\"mail \">\r\n                                                            <h2>Contacto<\/h2>\r\n                                                        <p>Secretar\u00eda de I+D+i: <a href=\"mailto:secretariarecin@cst.cat\">secretariarecin@cst.cat<\/a><br \/>\n Gesti\u00f3n de proyectos: <a href=\"mailto:rdi@cst.cat\">rdi@cst.cat<\/a><br \/>\n Ensayos cl\u00ednicos: <a href=\"mailto:caracil@cst.cat\">caracil@cst.cat<\/a><br \/>\n CERM: <a href=\"mailto:recerca@cst.cat\">recerca@cst.cat<\/a><br \/>\n Innovaci\u00f3n <a href=\"mailto:innova@cst.cat\">innova@cst.cat<\/a><br \/>\n Biblioteca: <a href=\"mailto:biblioteca@cst.cat\">biblioteca@cst.cat<\/a><\/p>\n                        <\/li>\r\n                                    <\/ul>\r\n            <\/div>\r\n        <\/section>\r\n        <!-- end block: contactar enlaces -->\r\n\n<div style=\"height:50px\" aria-hidden=\"true\" class=\"wp-block-spacer\"><\/div>\n","protected":false},"excerpt":{"rendered":"<p>\u00c1rea de Investigaci\u00f3n e Innovaci\u00f3n El \u00c1rea de Investigaci\u00f3n, Desarrollo e innovaci\u00f3n (I+D+i) tiene como objetivos impulsar la Investigaci\u00f3n y la Innovaci\u00f3n entre los profesionales del CST, promoviendo todas aquellas actividades relacionadas con la I+D+i. Impulsamos y acompa\u00f1amos los proyectos junto con los investigadores, dando soporte metodol\u00f3gico y visibilidad a la Investigaci\u00f3n que se realiza [&hellip;]<\/p>\n","protected":false},"author":2,"featured_media":0,"parent":8798,"menu_order":2,"comment_status":"closed","ping_status":"closed","template":"page-templates\/pagina-menu-lateral.php","meta":{"_acf_changed":false,"footnotes":""},"class_list":["post-8803","page","type-page","status-publish","hentry"],"acf":[],"yoast_head":"<!-- This site is optimized with the Yoast SEO plugin v27.2 - https:\/\/yoast.com\/product\/yoast-seo-wordpress\/ -->\n<title>\u00c1rea de Investigaci\u00f3n e Innovaci\u00f3n - CST<\/title>\n<meta name=\"robots\" content=\"index, follow, max-snippet:-1, max-image-preview:large, max-video-preview:-1\" \/>\n<link rel=\"canonical\" href=\"https:\/\/cst.cat\/es\/investigacion-e-innovacion\/area-de-investigacion-e-innovacion\/\" \/>\n<meta property=\"og:locale\" content=\"es_ES\" \/>\n<meta property=\"og:type\" content=\"article\" \/>\n<meta property=\"og:title\" content=\"\u00c1rea de Investigaci\u00f3n e Innovaci\u00f3n - CST\" \/>\n<meta property=\"og:description\" content=\"\u00c1rea de Investigaci\u00f3n e Innovaci\u00f3n El \u00c1rea de Investigaci\u00f3n, Desarrollo e innovaci\u00f3n (I+D+i) tiene como objetivos impulsar la Investigaci\u00f3n y la Innovaci\u00f3n entre los profesionales del CST, promoviendo todas aquellas actividades relacionadas con la I+D+i. Impulsamos y acompa\u00f1amos los proyectos junto con los investigadores, dando soporte metodol\u00f3gico y visibilidad a la Investigaci\u00f3n que se realiza [&hellip;]\" \/>\n<meta property=\"og:url\" content=\"https:\/\/cst.cat\/es\/investigacion-e-innovacion\/area-de-investigacion-e-innovacion\/\" \/>\n<meta property=\"og:site_name\" content=\"CST\" \/>\n<meta property=\"article:modified_time\" content=\"2026-02-17T13:48:36+00:00\" \/>\n<meta name=\"twitter:card\" content=\"summary_large_image\" \/>\n<meta name=\"twitter:label1\" content=\"Tiempo de lectura\" \/>\n\t<meta name=\"twitter:data1\" content=\"2 minutos\" \/>\n<script type=\"application\/ld+json\" class=\"yoast-schema-graph\">{\"@context\":\"https:\/\/schema.org\",\"@graph\":[{\"@type\":\"WebPage\",\"@id\":\"https:\/\/cst.cat\/es\/investigacion-e-innovacion\/area-de-investigacion-e-innovacion\/\",\"url\":\"https:\/\/cst.cat\/es\/investigacion-e-innovacion\/area-de-investigacion-e-innovacion\/\",\"name\":\"\u00c1rea de Investigaci\u00f3n e Innovaci\u00f3n - CST\",\"isPartOf\":{\"@id\":\"https:\/\/cst.cat\/es\/#website\"},\"datePublished\":\"2022-03-08T08:49:22+00:00\",\"dateModified\":\"2026-02-17T13:48:36+00:00\",\"breadcrumb\":{\"@id\":\"https:\/\/cst.cat\/es\/investigacion-e-innovacion\/area-de-investigacion-e-innovacion\/#breadcrumb\"},\"inLanguage\":\"es\",\"potentialAction\":[{\"@type\":\"ReadAction\",\"target\":[\"https:\/\/cst.cat\/es\/investigacion-e-innovacion\/area-de-investigacion-e-innovacion\/\"]}]},{\"@type\":\"BreadcrumbList\",\"@id\":\"https:\/\/cst.cat\/es\/investigacion-e-innovacion\/area-de-investigacion-e-innovacion\/#breadcrumb\",\"itemListElement\":[{\"@type\":\"ListItem\",\"position\":1,\"name\":\"Inici\",\"item\":\"https:\/\/cst.cat\/es\/\"},{\"@type\":\"ListItem\",\"position\":2,\"name\":\"Investigaci\u00f3n e Innovaci\u00f3n\",\"item\":\"https:\/\/cst.cat\/es\/investigacion-e-innovacion\/\"},{\"@type\":\"ListItem\",\"position\":3,\"name\":\"\u00c1rea de Investigaci\u00f3n e Innovaci\u00f3n\"}]},{\"@type\":\"WebSite\",\"@id\":\"https:\/\/cst.cat\/es\/#website\",\"url\":\"https:\/\/cst.cat\/es\/\",\"name\":\"CST\",\"description\":\"\",\"publisher\":{\"@id\":\"https:\/\/cst.cat\/es\/#organization\"},\"potentialAction\":[{\"@type\":\"SearchAction\",\"target\":{\"@type\":\"EntryPoint\",\"urlTemplate\":\"https:\/\/cst.cat\/es\/?s={search_term_string}\"},\"query-input\":{\"@type\":\"PropertyValueSpecification\",\"valueRequired\":true,\"valueName\":\"search_term_string\"}}],\"inLanguage\":\"es\"},{\"@type\":\"Organization\",\"@id\":\"https:\/\/cst.cat\/es\/#organization\",\"name\":\"Consorci Sanitari de Terrassa\",\"url\":\"https:\/\/cst.cat\/es\/\",\"logo\":{\"@type\":\"ImageObject\",\"inLanguage\":\"es\",\"@id\":\"https:\/\/cst.cat\/es\/#\/schema\/logo\/image\/\",\"url\":\"https:\/\/cst.cat\/wp-content\/uploads\/2021\/09\/logo-header.svg\",\"contentUrl\":\"https:\/\/cst.cat\/wp-content\/uploads\/2021\/09\/logo-header.svg\",\"width\":90,\"height\":32,\"caption\":\"Consorci Sanitari de Terrassa\"},\"image\":{\"@id\":\"https:\/\/cst.cat\/es\/#\/schema\/logo\/image\/\"}}]}<\/script>\n<!-- \/ Yoast SEO plugin. -->","yoast_head_json":{"title":"\u00c1rea de Investigaci\u00f3n e Innovaci\u00f3n - CST","robots":{"index":"index","follow":"follow","max-snippet":"max-snippet:-1","max-image-preview":"max-image-preview:large","max-video-preview":"max-video-preview:-1"},"canonical":"https:\/\/cst.cat\/es\/investigacion-e-innovacion\/area-de-investigacion-e-innovacion\/","og_locale":"es_ES","og_type":"article","og_title":"\u00c1rea de Investigaci\u00f3n e Innovaci\u00f3n - CST","og_description":"\u00c1rea de Investigaci\u00f3n e Innovaci\u00f3n El \u00c1rea de Investigaci\u00f3n, Desarrollo e innovaci\u00f3n (I+D+i) tiene como objetivos impulsar la Investigaci\u00f3n y la Innovaci\u00f3n entre los profesionales del CST, promoviendo todas aquellas actividades relacionadas con la I+D+i. Impulsamos y acompa\u00f1amos los proyectos junto con los investigadores, dando soporte metodol\u00f3gico y visibilidad a la Investigaci\u00f3n que se realiza [&hellip;]","og_url":"https:\/\/cst.cat\/es\/investigacion-e-innovacion\/area-de-investigacion-e-innovacion\/","og_site_name":"CST","article_modified_time":"2026-02-17T13:48:36+00:00","twitter_card":"summary_large_image","twitter_misc":{"Tiempo de lectura":"2 minutos"},"schema":{"@context":"https:\/\/schema.org","@graph":[{"@type":"WebPage","@id":"https:\/\/cst.cat\/es\/investigacion-e-innovacion\/area-de-investigacion-e-innovacion\/","url":"https:\/\/cst.cat\/es\/investigacion-e-innovacion\/area-de-investigacion-e-innovacion\/","name":"\u00c1rea de Investigaci\u00f3n e Innovaci\u00f3n - CST","isPartOf":{"@id":"https:\/\/cst.cat\/es\/#website"},"datePublished":"2022-03-08T08:49:22+00:00","dateModified":"2026-02-17T13:48:36+00:00","breadcrumb":{"@id":"https:\/\/cst.cat\/es\/investigacion-e-innovacion\/area-de-investigacion-e-innovacion\/#breadcrumb"},"inLanguage":"es","potentialAction":[{"@type":"ReadAction","target":["https:\/\/cst.cat\/es\/investigacion-e-innovacion\/area-de-investigacion-e-innovacion\/"]}]},{"@type":"BreadcrumbList","@id":"https:\/\/cst.cat\/es\/investigacion-e-innovacion\/area-de-investigacion-e-innovacion\/#breadcrumb","itemListElement":[{"@type":"ListItem","position":1,"name":"Inici","item":"https:\/\/cst.cat\/es\/"},{"@type":"ListItem","position":2,"name":"Investigaci\u00f3n e Innovaci\u00f3n","item":"https:\/\/cst.cat\/es\/investigacion-e-innovacion\/"},{"@type":"ListItem","position":3,"name":"\u00c1rea de Investigaci\u00f3n e Innovaci\u00f3n"}]},{"@type":"WebSite","@id":"https:\/\/cst.cat\/es\/#website","url":"https:\/\/cst.cat\/es\/","name":"CST","description":"","publisher":{"@id":"https:\/\/cst.cat\/es\/#organization"},"potentialAction":[{"@type":"SearchAction","target":{"@type":"EntryPoint","urlTemplate":"https:\/\/cst.cat\/es\/?s={search_term_string}"},"query-input":{"@type":"PropertyValueSpecification","valueRequired":true,"valueName":"search_term_string"}}],"inLanguage":"es"},{"@type":"Organization","@id":"https:\/\/cst.cat\/es\/#organization","name":"Consorci Sanitari de Terrassa","url":"https:\/\/cst.cat\/es\/","logo":{"@type":"ImageObject","inLanguage":"es","@id":"https:\/\/cst.cat\/es\/#\/schema\/logo\/image\/","url":"https:\/\/cst.cat\/wp-content\/uploads\/2021\/09\/logo-header.svg","contentUrl":"https:\/\/cst.cat\/wp-content\/uploads\/2021\/09\/logo-header.svg","width":90,"height":32,"caption":"Consorci Sanitari de Terrassa"},"image":{"@id":"https:\/\/cst.cat\/es\/#\/schema\/logo\/image\/"}}]}},"_links":{"self":[{"href":"https:\/\/cst.cat\/es\/wp-json\/wp\/v2\/pages\/8803","targetHints":{"allow":["GET"]}}],"collection":[{"href":"https:\/\/cst.cat\/es\/wp-json\/wp\/v2\/pages"}],"about":[{"href":"https:\/\/cst.cat\/es\/wp-json\/wp\/v2\/types\/page"}],"author":[{"embeddable":true,"href":"https:\/\/cst.cat\/es\/wp-json\/wp\/v2\/users\/2"}],"replies":[{"embeddable":true,"href":"https:\/\/cst.cat\/es\/wp-json\/wp\/v2\/comments?post=8803"}],"version-history":[{"count":0,"href":"https:\/\/cst.cat\/es\/wp-json\/wp\/v2\/pages\/8803\/revisions"}],"up":[{"embeddable":true,"href":"https:\/\/cst.cat\/es\/wp-json\/wp\/v2\/pages\/8798"}],"wp:attachment":[{"href":"https:\/\/cst.cat\/es\/wp-json\/wp\/v2\/media?parent=8803"}],"curies":[{"name":"wp","href":"https:\/\/api.w.org\/{rel}","templated":true}]}}