{"id":8804,"date":"2022-03-08T09:49:22","date_gmt":"2022-03-08T08:49:22","guid":{"rendered":"https:\/\/cst.cat\/politica-de-privacidad\/"},"modified":"2025-05-20T12:46:42","modified_gmt":"2025-05-20T10:46:42","slug":"politica-de-privacidad","status":"publish","type":"page","link":"https:\/\/cst.cat\/es\/politica-de-privacidad\/","title":{"rendered":"Pol\u00edtica de privacidad"},"content":{"rendered":"\r\n    <!-- block: breadcum header -->\r\n    <section class=\"block-breadcum-header  agenda-title-sec\">\r\n        <div class=\"row\">\r\n            <div class=\"bred-crum\">\r\n                <ul><li><a href='https:\/\/cst.cat\/es\/'>Inicio<\/a><\/li><li><a href='https:\/\/cst.cat\/es\/politica-de-privacidad\/'>Pol\u00edtica de privacidad<\/a><\/li><\/ul>            <\/div>\r\n            <div class=\"clear:both;\"><\/div>\r\n            \n\n<h1 class=\"wp-block-heading\">Pol\u00edtica de privacidad<\/h1>\n\n\r\n        <\/div>\r\n    <\/section>\r\n    <!-- end block: breadcum header -->\r\n\n\n\n<div style=\"height:38px\" aria-hidden=\"true\" class=\"wp-block-spacer\"><\/div>\n\n\n\n<div class=\"wp-block-group row\"><div class=\"wp-block-group__inner-container is-layout-flow wp-block-group-is-layout-flow\">\n<p>De acuerdo con lo establecido en la Ley 34\/2002, de 11 de julio de Servicios de la Sociedad de la informaci\u00f3n y Comercio electr\u00f3nica, te informamos que el presente sitio web es <strong>propiedad del Consorci Sanitari de Terrassa<\/strong> (en adelante, CST), NIF Q5856145G y con domicilio fiscal en la Carretera Torrebonica, s\/n, 08227 Terrassa.<\/p>\n\n\n\n<p>Puede <strong>contactar<\/strong> con nosotros presencialmente (Unidad de Atenci\u00f3n al Ciudadano del Hospital de Terrassa, Ctra. de Torrebonica, s\/n. 08227-Terrassa) o por correo electr\u00f3nico a nuestra direcci\u00f3n electr\u00f3nica <a href=\"javascript:void(0);\">cst@cst.cat<\/a><\/p>\n\n\n\n<div style=\"height:44px\" aria-hidden=\"true\" class=\"wp-block-spacer\"><\/div>\n\n\n\n<p class=\"is-style-default has-medium-font-size\"><strong>Condiciones de uso de este sitio web<\/strong><\/p>\n\n\n\n<p>El acceso a este sitio web implica la adquisici\u00f3n de la condici\u00f3n de usuario y la aceptaci\u00f3n de las condiciones de utilizaci\u00f3n que se detallan a continuaci\u00f3n.<\/p>\n\n\n\n<p>Todos los <strong>contenidos<\/strong> de esta web (im\u00e1genes, sonidos textos, archivos, logotipos, marcas, dise\u00f1o, c\u00f3digo fuente o cualquier otro elemento) son propiedad del CST y se ponen a disposici\u00f3n p\u00fablica con fines de informaci\u00f3n y para ofrecer servicios en el marco de las competencias y funciones propias de la entidad. Algunos de los contenidos pueden ser propiedad intelectual del CST o de una tercera persona, que nos ha autorizado su utilizaci\u00f3n en este sitio web.<\/p>\n\n\n\n<p>Queda <strong>prohibida<\/strong> la reproducci\u00f3n, transformaci\u00f3n, distribuci\u00f3n, comunicaci\u00f3n p\u00fablica, puesta a disposici\u00f3n del p\u00fablico o cualquier otra explotaci\u00f3n de los contenidos de esta web sin el consentimiento expreso y por escrito del CST.<\/p>\n\n\n\n<p>Quedan prohibidos, a t\u00edtulo meramente enunciativo y no limitativo, los siguientes comportamientos:<\/p>\n\n\n\n<ul class=\"is-style-punts-blaus wp-block-list\">\n<li>La apropiaci\u00f3n y reproducci\u00f3n total o parcial de los contenidos de la web, en cualquier formato.<\/li>\n\n\n\n<li>La difusi\u00f3n de los textos publicados en esta web sin indicar su fuente.<\/li>\n\n\n\n<li>La utilizaci\u00f3n o modificaci\u00f3n, ya sea total o parcial, de las marcas, dise\u00f1os, logos, formularios o cualquier otro documento.<\/li>\n<\/ul>\n\n\n\n<p>El acceso a la web es por cuenta y riesgo del usuario, siendo responsabilidad de \u00e9ste la utilizaci\u00f3n de los medios id\u00f3neos para evitar cualquier da\u00f1o o virus inform\u00e1tico.<\/p>\n\n\n\n<div style=\"height:22px\" aria-hidden=\"true\" class=\"wp-block-spacer\"><\/div>\n\n\n\n<p class=\"has-medium-font-size\"><strong>Informaci\u00f3n sobre Protecci\u00f3n de Datos Personales <\/strong><\/p>\n\n\n\n<p>De acuerdo con el Reglamento (UE) 2016\/679, del Parlamento Europeo y del Consejo de 27 de abril de 2016, relativo a la protecci\u00f3n de las personas f\u00edsicas en lo que respecta al tratamiento de datos personales ya la libre circulaci\u00f3n de \u00e9stas (RGPD), y su adaptaci\u00f3n por la Ley Org\u00e1nica 3\/2018, de 5 de diciembre, de Protecci\u00f3n de Datos Personales y garant\u00eda de los derechos digitales, el CST <strong>informa<\/strong> y comunica a sus pacientes y usuarios que sus datos personales son recogidos con unas finalidades concretas y vela por su buen uso y tratamiento y por garantizar su seguridad.<\/p>\n\n\n\n<div style=\"height:30px\" aria-hidden=\"true\" class=\"wp-block-spacer\"><\/div>\n\n\n\n<p class=\"has-medium-font-size\"><strong>Datos del responsable y del delegado de protecci\u00f3n de datos<\/strong><\/p>\n\n\n\n<p>El <strong>Responsable<\/strong> del tratamiento de tus datos es el: Consorcio Sanitario de Terrassa<\/p>\n\n\n\n<p><strong>NIF:<\/strong> Q5856145G<\/p>\n\n\n\n<p><strong>Direcci\u00f3n:<\/strong> Ctra. Torrebonica, s\/n &#8211; 08227 Terrassa (BCN-CAT)<\/p>\n\n\n\n<p><strong>Tel\u00e9fono:<\/strong> (+34) 937 310 007<\/p>\n\n\n\n<p><strong>Correo electr\u00f3nico:<\/strong> <a href=\"javascript:void(0);\">cst@cst.cat<\/a><\/p>\n\n\n\n<div style=\"height:64px\" aria-hidden=\"true\" class=\"wp-block-spacer\"><\/div>\n\n\n\n<p>El <strong>Delegado<\/strong> de protecci\u00f3n de datos (DPD) es: Fundaci\u00f3n TIC Salud Social<\/p>\n\n\n\n<p><strong>NIF:<\/strong> G-64350374<\/p>\n\n\n\n<p><strong>Direcci\u00f3n:<\/strong> Parque Tecnocampus. Av. Ernest Llunch, Torre TCM 3, 6a.planta 08302-Matar\u00f3 (BCN-CAT)<\/p>\n\n\n\n<p><strong>Tel\u00e9fono:<\/strong> (+34) 935 532 642<\/p>\n\n\n\n<p><strong>Correo electr\u00f3nico<\/strong> : <a href=\"dpd@ticsalutsocial.cat\">dpd@ticsalutsocial.cat<\/a> <\/p>\n\n\n\n<div style=\"height:56px\" aria-hidden=\"true\" class=\"wp-block-spacer\"><\/div>\n\n\n\n<p>Adem\u00e1s del DPD, la entidad cuenta con un <strong>Coordinador<\/strong> de Protecci\u00f3n de Datos (CPD), que es el Jefe de Asesor\u00eda Jur\u00eddica de CST, con el mismo domicilio del CST.<\/p>\n\n\n\n<p><strong>Tel\u00e9fono:<\/strong> (+34) 937 003 617 <\/p>\n\n\n\n<p><strong>Correo electr\u00f3nico:<\/strong> <a href=\"mailto:protecciodades@cst.cat\">protecciodades@cst.cat<\/a><\/p>\n\n\n\n<div style=\"height:24px\" aria-hidden=\"true\" class=\"wp-block-spacer\"><\/div>\n\n\n\n<p class=\"has-medium-font-size\"><strong>\u00bfQu\u00e9 informaci\u00f3n recopilamos y con qu\u00e9 finalidad la tratamos?<\/strong><\/p>\n\n\n\n<p>El CST s\u00f3lo trata los datos personales que resulten adecuados y pertinentes, limitados al correcto cumplimiento de la finalidad por la que se recopilan.<\/p>\n\n\n\n<p>Los diferentes <strong>tratamientos<\/strong> de datos que realiza el CST constan en el <strong>Registro de Actividades de Tratamiento<\/strong> .<\/p>\n\n\n\n<p>Los datos que recopilamos ser\u00e1n tratados en el \u00e1mbito asistencial para prestarte asistencia sanitaria y sociosanitaria adecuada y de calidad. Tambi\u00e9n utilizaremos tus datos para enviarte un SMS de <strong>recordatorio<\/strong> de las visitas programadas con los servicios del centro.<\/p>\n\n\n\n<div style=\"height:32px\" aria-hidden=\"true\" class=\"wp-block-spacer\"><\/div>\n\n\n\n<p class=\"has-medium-font-size\"><strong>Base de legitimaci\u00f3n<\/strong><\/p>\n\n\n\n<p>La base de legitimaci\u00f3n para la asistencia sanitaria y la atenci\u00f3n sociosanitaria es el cumplimiento de una misi\u00f3n realizada en <strong>inter\u00e9s p\u00fablico<\/strong> , seg\u00fan establece el art. 6.1.e), en relaci\u00f3n con el art. 9.2.h) del RGPD.<\/p>\n\n\n\n<p>La base de legitimaci\u00f3n para las finalidades de investigaci\u00f3n, docencia, prestaci\u00f3n de servicios, registro de curr\u00edculos para ofertas de trabajo y otros fines, es tu <strong>consentimiento<\/strong> como interesado.<\/p>\n\n\n\n<p>Puedes encontrar m\u00e1s informaci\u00f3n relacionada con la legitimaci\u00f3n de los diferentes tratamientos de datos en el <strong>Registro de Actividad de Tratamiento<\/strong> .<\/p>\n\n\n\n<p>La <strong>recogida, archivo y tratamiento<\/strong> de tus datos personales se realiza de forma l\u00edcita, leal y transparente, siguiendo las obligaciones fijadas por el ordenamiento jur\u00eddico vigente y de acuerdo con la finalidad del respectivo tratamiento.<\/p>\n\n\n\n<p>El CST ha establecido todos los medios t\u00e9cnicos que tiene a su alcance para evitar la p\u00e9rdida, mal uso, alteraci\u00f3n, acceso no autorizado y\/o robo de los datos que nos hayas facilitado. Al mismo tiempo, los profesionales que tratan tus datos est\u00e1n sujetos al deber de <strong>secreto profesional<\/strong> , garantizando en todo momento la confidencialidad de tus datos.<\/p>\n\n\n\n<div style=\"height:31px\" aria-hidden=\"true\" class=\"wp-block-spacer\"><\/div>\n\n\n\n<p class=\"has-medium-font-size\"><strong>\u00bfQu\u00e9 derechos te amparan en relaci\u00f3n al tratamiento de tus datos?<\/strong><\/p>\n\n\n\n<p>Tienes derecho a <strong>acceder<\/strong> a tus datos, a solicitar la <strong>rectificaci\u00f3n<\/strong> de los datos inexactos o, en su caso, a solicitar su <strong>supresi\u00f3n<\/strong> . Tambi\u00e9n puedes <strong>limitar<\/strong> su tratamiento, <strong>oponerte<\/strong> y\/o <strong>revocar<\/strong> tu consentimiento para fines espec\u00edficos.<\/p>\n\n\n\n<p>Puedes ejercitar estos derechos dirigiendo un <strong>correo electr\u00f3nico<\/strong> a:<\/p>\n\n\n\n<ul class=\"wp-block-list\">\n<li>La Unidad de atenci\u00f3n al ciudadano: <a href=\"mailto:uac@cst.cat\">uac@cst.cat<\/a><\/li>\n\n\n\n<li>El Coordinador de protecci\u00f3n de datos: <a href=\"mailto:protecciodades@cst.cat\">protecciodades@cst.cat<\/a><\/li>\n<\/ul>\n\n\n\n<p>Tambi\u00e9n puedes hacerlo de forma <strong>presencial<\/strong> ante la Unidad de atenci\u00f3n al ciudadano del CST.<\/p>\n\n\n\n<p>Tambi\u00e9n tienes derecho, en caso de no estar de acuerdo con el tratamiento realizado por el CST o considerar vulnerados tus derechos, a presentar una <strong>reclamaci\u00f3n<\/strong> ante nuestro DPD ( <a href=\"mailto:dpd@ticsalutsocial.cat\">dpd@ticsalutsocial.cat<\/a> ) y\/o ante la Autoridad Catalana de Protecci\u00f3n de Datos <a href=\"http:\/\/www.apdcat.cat\">www.apdcat.cat<\/a> <\/p>\n\n\n\n<div style=\"height:31px\" aria-hidden=\"true\" class=\"wp-block-spacer\"><\/div>\n\n\n\n<p class=\"has-medium-font-size\"><strong>\u00bfA qui\u00e9n comunicamos tus datos?<\/strong><\/p>\n\n\n\n<p>En el Servicio Catal\u00e1n de Salud ( <a href=\"https:\/\/catsalut.gencat.cat\/\">https:\/\/catsalut.gencat.cat\/<\/a> ) y en las entidades que tengan que acceder, a los efectos de la correcta prestaci\u00f3n de la asistencia m\u00e9dico-sanitaria y las dem\u00e1s finalidades mencionadas. Tambi\u00e9n a compa\u00f1\u00edas de seguros, empresas de pr\u00f3tesis o material quir\u00fargico inclusivo y otros prestamistas de servicios asistenciales, todos ellos considerados Encargados de Tratamiento.<\/p>\n\n\n\n<p>El CST participa en la <a href=\"https:\/\/salutweb.gencat.cat\/ca\/ambits_actuacio\/linies_dactuacio\/tic\/sistemes-informacio\/gestio-assistencial\/hc3\/index.html\">Historia Cl\u00ednica Compartida de Catalu\u00f1a<\/a> ( <strong>HC3<\/strong> ), por lo que los datos de la asistencia sanitaria prestada a los pacientes se incorpora y se integra en la HC3, de acuerdo con los requerimientos legales y siguiendo las indicaciones del Departamento de Salud de la Generalidad de Catalu\u00f1a.<\/p>\n\n\n\n<div style=\"height:27px\" aria-hidden=\"true\" class=\"wp-block-spacer\"><\/div>\n\n\n\n<p class=\"has-medium-font-size\"><strong>\u00bfCu\u00e1nto tiempo conservamos los datos?<\/strong><\/p>\n\n\n\n<p>Si mantienes una relaci\u00f3n m\u00e9dico-sanitaria, profesional o comercial con el CST, los datos que hayas facilitado con alguno de estos prop\u00f3sitos se conservar\u00e1n mientras perduren estas relaciones con nosotros y durante el tiempo necesario para cumplir con las obligaciones legales pertinentes.<\/p>\n\n\n\n<p><strong>\u00daltima actualizaci\u00f3n:<\/strong> abril 2022<\/p>\n<\/div><\/div>\n","protected":false},"excerpt":{"rendered":"<p>De acuerdo con lo establecido en la Ley 34\/2002, de 11 de julio de Servicios de la Sociedad de la informaci\u00f3n y Comercio electr\u00f3nica, te informamos que el presente sitio web es propiedad del Consorci Sanitari de Terrassa (en adelante, CST), NIF Q5856145G y con domicilio fiscal en la Carretera Torrebonica, s\/n, 08227 Terrassa. Puede [&hellip;]<\/p>\n","protected":false},"author":2,"featured_media":0,"parent":0,"menu_order":0,"comment_status":"closed","ping_status":"closed","template":"","meta":{"_acf_changed":false,"footnotes":""},"class_list":["post-8804","page","type-page","status-publish","hentry"],"acf":[],"yoast_head":"<!-- This site is optimized with the Yoast SEO plugin v27.2 - https:\/\/yoast.com\/product\/yoast-seo-wordpress\/ -->\n<title>Pol\u00edtica de privacidad - CST<\/title>\n<meta name=\"robots\" content=\"index, follow, max-snippet:-1, max-image-preview:large, max-video-preview:-1\" \/>\n<link rel=\"canonical\" href=\"https:\/\/cst.cat\/es\/politica-de-privacidad\/\" \/>\n<meta property=\"og:locale\" content=\"es_ES\" \/>\n<meta property=\"og:type\" content=\"article\" \/>\n<meta property=\"og:title\" content=\"Pol\u00edtica de privacidad - CST\" \/>\n<meta property=\"og:description\" content=\"De acuerdo con lo establecido en la Ley 34\/2002, de 11 de julio de Servicios de la Sociedad de la informaci\u00f3n y Comercio electr\u00f3nica, te informamos que el presente sitio web es propiedad del Consorci Sanitari de Terrassa (en adelante, CST), NIF Q5856145G y con domicilio fiscal en la Carretera Torrebonica, s\/n, 08227 Terrassa. Puede [&hellip;]\" \/>\n<meta property=\"og:url\" content=\"https:\/\/cst.cat\/es\/politica-de-privacidad\/\" \/>\n<meta property=\"og:site_name\" content=\"CST\" \/>\n<meta property=\"article:modified_time\" content=\"2025-05-20T10:46:42+00:00\" \/>\n<meta name=\"twitter:card\" content=\"summary_large_image\" \/>\n<meta name=\"twitter:label1\" content=\"Tiempo de lectura\" \/>\n\t<meta name=\"twitter:data1\" content=\"6 minutos\" \/>\n<script type=\"application\/ld+json\" class=\"yoast-schema-graph\">{\"@context\":\"https:\/\/schema.org\",\"@graph\":[{\"@type\":\"WebPage\",\"@id\":\"https:\/\/cst.cat\/es\/politica-de-privacidad\/\",\"url\":\"https:\/\/cst.cat\/es\/politica-de-privacidad\/\",\"name\":\"Pol\u00edtica de privacidad - CST\",\"isPartOf\":{\"@id\":\"https:\/\/cst.cat\/es\/#website\"},\"datePublished\":\"2022-03-08T08:49:22+00:00\",\"dateModified\":\"2025-05-20T10:46:42+00:00\",\"breadcrumb\":{\"@id\":\"https:\/\/cst.cat\/es\/politica-de-privacidad\/#breadcrumb\"},\"inLanguage\":\"es\",\"potentialAction\":[{\"@type\":\"ReadAction\",\"target\":[\"https:\/\/cst.cat\/es\/politica-de-privacidad\/\"]}]},{\"@type\":\"BreadcrumbList\",\"@id\":\"https:\/\/cst.cat\/es\/politica-de-privacidad\/#breadcrumb\",\"itemListElement\":[{\"@type\":\"ListItem\",\"position\":1,\"name\":\"Inici\",\"item\":\"https:\/\/cst.cat\/es\/\"},{\"@type\":\"ListItem\",\"position\":2,\"name\":\"Pol\u00edtica de privacidad\"}]},{\"@type\":\"WebSite\",\"@id\":\"https:\/\/cst.cat\/es\/#website\",\"url\":\"https:\/\/cst.cat\/es\/\",\"name\":\"CST\",\"description\":\"\",\"publisher\":{\"@id\":\"https:\/\/cst.cat\/es\/#organization\"},\"potentialAction\":[{\"@type\":\"SearchAction\",\"target\":{\"@type\":\"EntryPoint\",\"urlTemplate\":\"https:\/\/cst.cat\/es\/?s={search_term_string}\"},\"query-input\":{\"@type\":\"PropertyValueSpecification\",\"valueRequired\":true,\"valueName\":\"search_term_string\"}}],\"inLanguage\":\"es\"},{\"@type\":\"Organization\",\"@id\":\"https:\/\/cst.cat\/es\/#organization\",\"name\":\"Consorci Sanitari de Terrassa\",\"url\":\"https:\/\/cst.cat\/es\/\",\"logo\":{\"@type\":\"ImageObject\",\"inLanguage\":\"es\",\"@id\":\"https:\/\/cst.cat\/es\/#\/schema\/logo\/image\/\",\"url\":\"https:\/\/cst.cat\/wp-content\/uploads\/2021\/09\/logo-header.svg\",\"contentUrl\":\"https:\/\/cst.cat\/wp-content\/uploads\/2021\/09\/logo-header.svg\",\"width\":90,\"height\":32,\"caption\":\"Consorci Sanitari de Terrassa\"},\"image\":{\"@id\":\"https:\/\/cst.cat\/es\/#\/schema\/logo\/image\/\"}}]}<\/script>\n<!-- \/ Yoast SEO plugin. -->","yoast_head_json":{"title":"Pol\u00edtica de privacidad - CST","robots":{"index":"index","follow":"follow","max-snippet":"max-snippet:-1","max-image-preview":"max-image-preview:large","max-video-preview":"max-video-preview:-1"},"canonical":"https:\/\/cst.cat\/es\/politica-de-privacidad\/","og_locale":"es_ES","og_type":"article","og_title":"Pol\u00edtica de privacidad - CST","og_description":"De acuerdo con lo establecido en la Ley 34\/2002, de 11 de julio de Servicios de la Sociedad de la informaci\u00f3n y Comercio electr\u00f3nica, te informamos que el presente sitio web es propiedad del Consorci Sanitari de Terrassa (en adelante, CST), NIF Q5856145G y con domicilio fiscal en la Carretera Torrebonica, s\/n, 08227 Terrassa. Puede [&hellip;]","og_url":"https:\/\/cst.cat\/es\/politica-de-privacidad\/","og_site_name":"CST","article_modified_time":"2025-05-20T10:46:42+00:00","twitter_card":"summary_large_image","twitter_misc":{"Tiempo de lectura":"6 minutos"},"schema":{"@context":"https:\/\/schema.org","@graph":[{"@type":"WebPage","@id":"https:\/\/cst.cat\/es\/politica-de-privacidad\/","url":"https:\/\/cst.cat\/es\/politica-de-privacidad\/","name":"Pol\u00edtica de privacidad - CST","isPartOf":{"@id":"https:\/\/cst.cat\/es\/#website"},"datePublished":"2022-03-08T08:49:22+00:00","dateModified":"2025-05-20T10:46:42+00:00","breadcrumb":{"@id":"https:\/\/cst.cat\/es\/politica-de-privacidad\/#breadcrumb"},"inLanguage":"es","potentialAction":[{"@type":"ReadAction","target":["https:\/\/cst.cat\/es\/politica-de-privacidad\/"]}]},{"@type":"BreadcrumbList","@id":"https:\/\/cst.cat\/es\/politica-de-privacidad\/#breadcrumb","itemListElement":[{"@type":"ListItem","position":1,"name":"Inici","item":"https:\/\/cst.cat\/es\/"},{"@type":"ListItem","position":2,"name":"Pol\u00edtica de privacidad"}]},{"@type":"WebSite","@id":"https:\/\/cst.cat\/es\/#website","url":"https:\/\/cst.cat\/es\/","name":"CST","description":"","publisher":{"@id":"https:\/\/cst.cat\/es\/#organization"},"potentialAction":[{"@type":"SearchAction","target":{"@type":"EntryPoint","urlTemplate":"https:\/\/cst.cat\/es\/?s={search_term_string}"},"query-input":{"@type":"PropertyValueSpecification","valueRequired":true,"valueName":"search_term_string"}}],"inLanguage":"es"},{"@type":"Organization","@id":"https:\/\/cst.cat\/es\/#organization","name":"Consorci Sanitari de Terrassa","url":"https:\/\/cst.cat\/es\/","logo":{"@type":"ImageObject","inLanguage":"es","@id":"https:\/\/cst.cat\/es\/#\/schema\/logo\/image\/","url":"https:\/\/cst.cat\/wp-content\/uploads\/2021\/09\/logo-header.svg","contentUrl":"https:\/\/cst.cat\/wp-content\/uploads\/2021\/09\/logo-header.svg","width":90,"height":32,"caption":"Consorci Sanitari de Terrassa"},"image":{"@id":"https:\/\/cst.cat\/es\/#\/schema\/logo\/image\/"}}]}},"_links":{"self":[{"href":"https:\/\/cst.cat\/es\/wp-json\/wp\/v2\/pages\/8804","targetHints":{"allow":["GET"]}}],"collection":[{"href":"https:\/\/cst.cat\/es\/wp-json\/wp\/v2\/pages"}],"about":[{"href":"https:\/\/cst.cat\/es\/wp-json\/wp\/v2\/types\/page"}],"author":[{"embeddable":true,"href":"https:\/\/cst.cat\/es\/wp-json\/wp\/v2\/users\/2"}],"replies":[{"embeddable":true,"href":"https:\/\/cst.cat\/es\/wp-json\/wp\/v2\/comments?post=8804"}],"version-history":[{"count":0,"href":"https:\/\/cst.cat\/es\/wp-json\/wp\/v2\/pages\/8804\/revisions"}],"wp:attachment":[{"href":"https:\/\/cst.cat\/es\/wp-json\/wp\/v2\/media?parent=8804"}],"curies":[{"name":"wp","href":"https:\/\/api.w.org\/{rel}","templated":true}]}}