{"id":8805,"date":"2022-03-08T09:49:22","date_gmt":"2022-03-08T08:49:22","guid":{"rendered":"https:\/\/cst.cat\/investigacion-e-innovacion\/ceim\/"},"modified":"2026-04-07T10:15:13","modified_gmt":"2026-04-07T08:15:13","slug":"ceim","status":"publish","type":"page","link":"https:\/\/cst.cat\/es\/investigacion-e-innovacion\/ceim\/","title":{"rendered":"CERM"},"content":{"rendered":"\n<div class=\"wp-block-columns is-style-default is-layout-flex wp-container-core-columns-is-layout-9d6595d7 wp-block-columns-is-layout-flex\">\n<div class=\"wp-block-column is-layout-flow wp-block-column-is-layout-flow\">\n<h1 class=\"wp-block-heading\">CEIm (Comit\u00e9 de \u00e9tica de la investigaci\u00f3n con medicamentos)<\/h1>\n\n\n\n<div style=\"height:15px\" aria-hidden=\"true\" class=\"wp-block-spacer\"><\/div>\n\n\n\n<p>El Comit\u00e9 de \u00c9tica de Investigaci\u00f3n Cl\u00ednica (CEIC) del Consorcio Sanitario de Terrassa fue acreditado por resoluci\u00f3n del Director General de Recursos Sanitarios 3 de febrero de 1994. La \u00faltima renovaci\u00f3n de la acreditaci\u00f3n del Comit\u00e9 de \u00c9tica de Investigaci\u00f3n con Medicamentos (CEIm) emitida el 3 de agosto de 202, de acuerdo con lo previsto en el Decreto 406\/2006, de 24 de octubre. <\/p>\n\n\n\n<div style=\"height:35px\" aria-hidden=\"true\" class=\"wp-block-spacer\"><\/div>\n\n\n\r\n    <!-- block: cst-accordion-redesign -->\r\n    <section class=\"block-cst-faqs block-cst-accordion  grups-recerca uni-cnt\">\r\n        <div class=\"cst-accordion-wrapper no-image\">\r\n            \r\n            \r\n            <div class=\"cst-accordion-content\">\r\n                                \r\n                                \r\n                                    <ul class=\"demo-accordion accordionjs\" data-active-index=\"false\">\r\n                                                    <!-- Section 1 -->\r\n                            <li>\r\n                                <div>\r\n                                    <h3>\u00c1mbito de actuaci\u00f3n del CEIm<\/h3>\r\n                                <\/div>\r\n                                <div>\r\n                                    <ul>\n<li>Hospital Universitario de Terrassa<\/li>\n<li>Hospital de San L\u00e1zaro<\/li>\n<li>CAP Anton de Borja<\/li>\n<li>CAP Doctor Joan Planas<\/li>\n<li>CAP Sant Gen\u00eds<\/li>\n<li>CAP Sant Ll\u00e0tzer<\/li>\n<li>CAP Terrassa Este<\/li>\n<li>CAP Terrassa Nord<\/li>\n<li>CAP Can Roca<\/li>\n<li>Unidad Asistencial y Preventiva del Deporte. CAR de Sant Cugat<\/li>\n<li>Unidad Hospitalaria Penitenciaria<\/li>\n<li>Centro de Salud Mental de Adultos de Terrassa<\/li>\n<li>Hospital de D\u00eda de Salud Mental de Terrassa<\/li>\n<li>Servicio de Rehabilitaci\u00f3n Comunitaria de Terrassa<\/li>\n<li>Centro de Salud Mental de Adultos de Rub\u00ed<\/li>\n<li>Centro de Salud Mental Infantojuvenil de Rub\u00ed<\/li>\n<li>Centro de Atenci\u00f3n y Seguimiento de Drogodependencias de Rub\u00ed<\/li>\n<li>Servicio de Rehabilitaci\u00f3n Comunitaria de Rub\u00ed<\/li>\n<li>Unidad Health &amp; Biomedicine Centro Tecnol\u00f3gico LEITAT<\/li>\n<li>Atrys Health SA<\/li>\n<li>Idermic SLP<\/li>\n<li>EUIT. Escuela Universitaria de Enfermer\u00eda y Terapia Ocupacional de Terrassa<\/li>\n<\/ul>\n                                <\/div>\r\n                            <\/li>\r\n                                                    <!-- Section 1 -->\r\n                            <li>\r\n                                <div>\r\n                                    <h3>Composici\u00f3n del CEIm<\/h3>\r\n                                <\/div>\r\n                                <div>\r\n                                    <h3 class=\"titol-grup-recerca-primer\"><\/h3>\n<table style=\"height: 762px;\" width=\"666\" cellspacing=\"0\" cellpadding=\"0\">\n<tbody>\n<tr>\n<td valign=\"top\"><strong>Presidente<\/strong><\/td>\n<td valign=\"top\"><strong>Dr. Enric Garcia Restoy<\/strong><br \/>\nM\u00e9dico Internista. Miembro del Comit\u00e9 de \u00c9tica Asistencial (CEA)<\/td>\n<\/tr>\n<tr>\n<td valign=\"top\"><strong>Vicepresidente\/a<\/strong><\/td>\n<td valign=\"top\"><b>Dra. Clara Romero Rasc\u00f3n<\/b><br \/>\nDiplomada en Enfermer\u00eda<\/td>\n<\/tr>\n<tr>\n<td valign=\"top\"><strong>Secretar\u00eda T\u00e9cnica<\/strong><\/td>\n<td valign=\"top\"><b>Dra. Esther Jovell Fern\u00e1ndez<\/b><br \/>\nM\u00e9dico epidemi\u00f3loga<\/td>\n<\/tr>\n<tr>\n<td valign=\"top\"><strong>Vocales<\/strong><\/td>\n<td valign=\"top\"><strong>Dra. Estrella Acosta S\u00e1nchez<br \/>\n<\/strong>M\u00e9dico Oncolog\u00eda Radioter\u00e1pica<br \/>\n<strong><br \/>\nDra. Leonor Cuadra Llopart<br \/>\n<\/strong>M\u00e9dico Internista<\/p>\n<p><strong>Dra. Marta Hern\u00e1ndez Griso<br \/>\n<\/strong>Farmac\u00e9utica Hospitalaria<\/p>\n<p><strong>Dra. S\u00edlvia Mateu Escudero<\/strong><br \/>\nFarmac\u00e9utica Cl\u00ednica<\/p>\n<p><strong>Dra. Antonia Olivares Hortal<\/strong><br \/>\nAbogada. Coordinadora de Protecci\u00f3n de Datos del CST<\/p>\n<p><strong>Sr. Eduardo Ortiz del Romero<\/strong><br \/>\nFarmac\u00e9utico de Atenci\u00f3n Primaria<\/p>\n<p><strong>Sr. Joan Ricart Nicolau<br \/>\n<\/strong>Representante de los\/las pacientes<\/p>\n<p><strong>Sra. Elvira S\u00e1nchez Ruiz<\/strong><br \/>\nLicenciada en Derecho<\/p>\n<p><strong>Sr. Jordi S\u00e1nchez Gil<\/strong><br \/>\nAtenci\u00f3n al Ciudadano<em><br \/>\n<\/em><\/p>\n<p><strong>\u00a0<\/strong><\/td>\n<\/tr>\n<\/tbody>\n<\/table>\n                                <\/div>\r\n                            <\/li>\r\n                                                    <!-- Section 1 -->\r\n                            <li>\r\n                                <div>\r\n                                    <h3>Procedimientos Normalizados de Trabajo (PNT)<\/h3>\r\n                                <\/div>\r\n                                <div>\r\n                                    <p><a href=\"https:\/\/cst.cat\/wp-content\/uploads\/2026\/02\/PNT-2025_v6_de_27_11_2025.pdf\" target=\"_blank\" rel=\"noopener\"><strong>Procedimientos Normalizados de Trabajo (PNT) <\/strong><\/a><\/p>\n                                <\/div>\r\n                            <\/li>\r\n                                                    <!-- Section 1 -->\r\n                            <li>\r\n                                <div>\r\n                                    <h3>Calendario<\/h3>\r\n                                <\/div>\r\n                                <div>\r\n                                    <p><a href=\"https:\/\/cst.cat\/wp-content\/uploads\/2026\/01\/Calendari-CERM-2026-1.pdf\" target=\"_blank\" rel=\"noopener\">Calendario CEIm 2026<\/a><\/p>\n                                <\/div>\r\n                            <\/li>\r\n                                            <\/ul>\r\n                            <\/div>\r\n        <\/div>\r\n    <\/section>\r\n    <!-- end block: cst-accordion-redesign -->\r\n\n\n\n<div style=\"height:30px\" aria-hidden=\"true\" class=\"wp-block-spacer\"><\/div>\n\n\n\n<div class=\"wp-block-buttons is-layout-flex wp-block-buttons-is-layout-flex\"><\/div>\n\n\n\n<div style=\"height:35px\" aria-hidden=\"true\" class=\"wp-block-spacer\"><\/div>\n\n\n\n<hr class=\"wp-block-separator has-css-opacity\"\/>\n\n\n\r\n    <!-- block: contactar enlaces -->\r\n            <section class=\"block-contactar-enlaces  contact-sec \">\r\n            <div class=\"row\">\r\n                                    <div class=\"chead\">Direcci\u00f3n por env\u00edo o recogida de documentaci\u00f3n:<\/div>\r\n                                <ul class=\"contact-lst\">\r\n                                            <li class=\"map \">\r\n                                                            <h2>Ubicaci\u00f3n<\/h2>\r\n                                                        <p><strong>Consorcio Sanitario de Terrassa<\/strong><\/p>\n<p>Ctra. Torrebonica s\/n<br \/> 08227 Terraza<\/p>\n<p>Departamento de Investigaci\u00f3n<br \/> Planta -1<\/p>\n                        <\/li>\r\n                                            <li class=\"mail \">\r\n                                                            <h2>Contacto<\/h2>\r\n                                                        <p><strong>Secretar\u00eda T\u00e9cnica<\/strong><\/p>\n<p>Dra. Esther Jovell Fern\u00e1ndez<br \/>\n<a href=\"mailto:ejovell@cst.cat\">ejovell@cst.cat<\/a><\/p>\n<p>&nbsp;<\/p>\n<p><strong>Secretar\u00eda Administrativa<\/strong><\/p>\n<p>D\u00aa. Mar Mu\u00f1oz Valverde<br \/>\n T. 93 700 36 57<br \/>\n<a href=\"mailto:recerca@cst.cat\">recerca@cst.cat<\/a><\/p>\n                        <\/li>\r\n                                    <\/ul>\r\n            <\/div>\r\n        <\/section>\r\n        <!-- end block: contactar enlaces -->\r\n\n\n\r\n    <!-- block: contactar enlaces -->\r\n        <!-- end block: contactar enlaces -->\r\n\n\n\n<div style=\"height:30px\" aria-hidden=\"true\" class=\"wp-block-spacer\"><\/div>\n<\/div>\n<\/div>\n","protected":false},"excerpt":{"rendered":"<p>CEIm (Comit\u00e9 de \u00e9tica de la investigaci\u00f3n con medicamentos) El Comit\u00e9 de \u00c9tica de Investigaci\u00f3n Cl\u00ednica (CEIC) del Consorcio Sanitario de Terrassa fue acreditado por resoluci\u00f3n del Director General de Recursos Sanitarios 3 de febrero de 1994. La \u00faltima renovaci\u00f3n de la acreditaci\u00f3n del Comit\u00e9 de \u00c9tica de Investigaci\u00f3n con Medicamentos (CEIm) emitida el 3 [&hellip;]<\/p>\n","protected":false},"author":2,"featured_media":0,"parent":8798,"menu_order":3,"comment_status":"closed","ping_status":"closed","template":"page-templates\/pagina-menu-lateral.php","meta":{"_acf_changed":false,"footnotes":""},"class_list":["post-8805","page","type-page","status-publish","hentry"],"acf":[],"yoast_head":"<!-- This site is optimized with the Yoast SEO plugin v27.2 - https:\/\/yoast.com\/product\/yoast-seo-wordpress\/ -->\n<title>CERM - CST<\/title>\n<meta name=\"robots\" content=\"index, follow, max-snippet:-1, max-image-preview:large, max-video-preview:-1\" \/>\n<link rel=\"canonical\" href=\"https:\/\/cst.cat\/es\/investigacion-e-innovacion\/ceim\/\" \/>\n<meta property=\"og:locale\" content=\"es_ES\" \/>\n<meta property=\"og:type\" content=\"article\" \/>\n<meta property=\"og:title\" content=\"CERM - CST\" \/>\n<meta property=\"og:description\" content=\"CEIm (Comit\u00e9 de \u00e9tica de la investigaci\u00f3n con medicamentos) El Comit\u00e9 de \u00c9tica de Investigaci\u00f3n Cl\u00ednica (CEIC) del Consorcio Sanitario de Terrassa fue acreditado por resoluci\u00f3n del Director General de Recursos Sanitarios 3 de febrero de 1994. La \u00faltima renovaci\u00f3n de la acreditaci\u00f3n del Comit\u00e9 de \u00c9tica de Investigaci\u00f3n con Medicamentos (CEIm) emitida el 3 [&hellip;]\" \/>\n<meta property=\"og:url\" content=\"https:\/\/cst.cat\/es\/investigacion-e-innovacion\/ceim\/\" \/>\n<meta property=\"og:site_name\" content=\"CST\" \/>\n<meta property=\"article:modified_time\" content=\"2026-04-07T08:15:13+00:00\" \/>\n<meta name=\"twitter:card\" content=\"summary_large_image\" \/>\n<meta name=\"twitter:label1\" content=\"Tiempo de lectura\" \/>\n\t<meta name=\"twitter:data1\" content=\"1 minuto\" \/>\n<script type=\"application\/ld+json\" class=\"yoast-schema-graph\">{\"@context\":\"https:\/\/schema.org\",\"@graph\":[{\"@type\":\"WebPage\",\"@id\":\"https:\/\/cst.cat\/es\/investigacion-e-innovacion\/ceim\/\",\"url\":\"https:\/\/cst.cat\/es\/investigacion-e-innovacion\/ceim\/\",\"name\":\"CERM - CST\",\"isPartOf\":{\"@id\":\"https:\/\/cst.cat\/es\/#website\"},\"datePublished\":\"2022-03-08T08:49:22+00:00\",\"dateModified\":\"2026-04-07T08:15:13+00:00\",\"breadcrumb\":{\"@id\":\"https:\/\/cst.cat\/es\/investigacion-e-innovacion\/ceim\/#breadcrumb\"},\"inLanguage\":\"es\",\"potentialAction\":[{\"@type\":\"ReadAction\",\"target\":[\"https:\/\/cst.cat\/es\/investigacion-e-innovacion\/ceim\/\"]}]},{\"@type\":\"BreadcrumbList\",\"@id\":\"https:\/\/cst.cat\/es\/investigacion-e-innovacion\/ceim\/#breadcrumb\",\"itemListElement\":[{\"@type\":\"ListItem\",\"position\":1,\"name\":\"Inici\",\"item\":\"https:\/\/cst.cat\/es\/\"},{\"@type\":\"ListItem\",\"position\":2,\"name\":\"Investigaci\u00f3n e Innovaci\u00f3n\",\"item\":\"https:\/\/cst.cat\/es\/investigacion-e-innovacion\/\"},{\"@type\":\"ListItem\",\"position\":3,\"name\":\"CERM\"}]},{\"@type\":\"WebSite\",\"@id\":\"https:\/\/cst.cat\/es\/#website\",\"url\":\"https:\/\/cst.cat\/es\/\",\"name\":\"CST\",\"description\":\"\",\"publisher\":{\"@id\":\"https:\/\/cst.cat\/es\/#organization\"},\"potentialAction\":[{\"@type\":\"SearchAction\",\"target\":{\"@type\":\"EntryPoint\",\"urlTemplate\":\"https:\/\/cst.cat\/es\/?s={search_term_string}\"},\"query-input\":{\"@type\":\"PropertyValueSpecification\",\"valueRequired\":true,\"valueName\":\"search_term_string\"}}],\"inLanguage\":\"es\"},{\"@type\":\"Organization\",\"@id\":\"https:\/\/cst.cat\/es\/#organization\",\"name\":\"Consorci Sanitari de Terrassa\",\"url\":\"https:\/\/cst.cat\/es\/\",\"logo\":{\"@type\":\"ImageObject\",\"inLanguage\":\"es\",\"@id\":\"https:\/\/cst.cat\/es\/#\/schema\/logo\/image\/\",\"url\":\"https:\/\/cst.cat\/wp-content\/uploads\/2021\/09\/logo-header.svg\",\"contentUrl\":\"https:\/\/cst.cat\/wp-content\/uploads\/2021\/09\/logo-header.svg\",\"width\":90,\"height\":32,\"caption\":\"Consorci Sanitari de Terrassa\"},\"image\":{\"@id\":\"https:\/\/cst.cat\/es\/#\/schema\/logo\/image\/\"}}]}<\/script>\n<!-- \/ Yoast SEO plugin. -->","yoast_head_json":{"title":"CERM - CST","robots":{"index":"index","follow":"follow","max-snippet":"max-snippet:-1","max-image-preview":"max-image-preview:large","max-video-preview":"max-video-preview:-1"},"canonical":"https:\/\/cst.cat\/es\/investigacion-e-innovacion\/ceim\/","og_locale":"es_ES","og_type":"article","og_title":"CERM - CST","og_description":"CEIm (Comit\u00e9 de \u00e9tica de la investigaci\u00f3n con medicamentos) El Comit\u00e9 de \u00c9tica de Investigaci\u00f3n Cl\u00ednica (CEIC) del Consorcio Sanitario de Terrassa fue acreditado por resoluci\u00f3n del Director General de Recursos Sanitarios 3 de febrero de 1994. La \u00faltima renovaci\u00f3n de la acreditaci\u00f3n del Comit\u00e9 de \u00c9tica de Investigaci\u00f3n con Medicamentos (CEIm) emitida el 3 [&hellip;]","og_url":"https:\/\/cst.cat\/es\/investigacion-e-innovacion\/ceim\/","og_site_name":"CST","article_modified_time":"2026-04-07T08:15:13+00:00","twitter_card":"summary_large_image","twitter_misc":{"Tiempo de lectura":"1 minuto"},"schema":{"@context":"https:\/\/schema.org","@graph":[{"@type":"WebPage","@id":"https:\/\/cst.cat\/es\/investigacion-e-innovacion\/ceim\/","url":"https:\/\/cst.cat\/es\/investigacion-e-innovacion\/ceim\/","name":"CERM - CST","isPartOf":{"@id":"https:\/\/cst.cat\/es\/#website"},"datePublished":"2022-03-08T08:49:22+00:00","dateModified":"2026-04-07T08:15:13+00:00","breadcrumb":{"@id":"https:\/\/cst.cat\/es\/investigacion-e-innovacion\/ceim\/#breadcrumb"},"inLanguage":"es","potentialAction":[{"@type":"ReadAction","target":["https:\/\/cst.cat\/es\/investigacion-e-innovacion\/ceim\/"]}]},{"@type":"BreadcrumbList","@id":"https:\/\/cst.cat\/es\/investigacion-e-innovacion\/ceim\/#breadcrumb","itemListElement":[{"@type":"ListItem","position":1,"name":"Inici","item":"https:\/\/cst.cat\/es\/"},{"@type":"ListItem","position":2,"name":"Investigaci\u00f3n e Innovaci\u00f3n","item":"https:\/\/cst.cat\/es\/investigacion-e-innovacion\/"},{"@type":"ListItem","position":3,"name":"CERM"}]},{"@type":"WebSite","@id":"https:\/\/cst.cat\/es\/#website","url":"https:\/\/cst.cat\/es\/","name":"CST","description":"","publisher":{"@id":"https:\/\/cst.cat\/es\/#organization"},"potentialAction":[{"@type":"SearchAction","target":{"@type":"EntryPoint","urlTemplate":"https:\/\/cst.cat\/es\/?s={search_term_string}"},"query-input":{"@type":"PropertyValueSpecification","valueRequired":true,"valueName":"search_term_string"}}],"inLanguage":"es"},{"@type":"Organization","@id":"https:\/\/cst.cat\/es\/#organization","name":"Consorci Sanitari de Terrassa","url":"https:\/\/cst.cat\/es\/","logo":{"@type":"ImageObject","inLanguage":"es","@id":"https:\/\/cst.cat\/es\/#\/schema\/logo\/image\/","url":"https:\/\/cst.cat\/wp-content\/uploads\/2021\/09\/logo-header.svg","contentUrl":"https:\/\/cst.cat\/wp-content\/uploads\/2021\/09\/logo-header.svg","width":90,"height":32,"caption":"Consorci Sanitari de Terrassa"},"image":{"@id":"https:\/\/cst.cat\/es\/#\/schema\/logo\/image\/"}}]}},"_links":{"self":[{"href":"https:\/\/cst.cat\/es\/wp-json\/wp\/v2\/pages\/8805","targetHints":{"allow":["GET"]}}],"collection":[{"href":"https:\/\/cst.cat\/es\/wp-json\/wp\/v2\/pages"}],"about":[{"href":"https:\/\/cst.cat\/es\/wp-json\/wp\/v2\/types\/page"}],"author":[{"embeddable":true,"href":"https:\/\/cst.cat\/es\/wp-json\/wp\/v2\/users\/2"}],"replies":[{"embeddable":true,"href":"https:\/\/cst.cat\/es\/wp-json\/wp\/v2\/comments?post=8805"}],"version-history":[{"count":16,"href":"https:\/\/cst.cat\/es\/wp-json\/wp\/v2\/pages\/8805\/revisions"}],"predecessor-version":[{"id":34838,"href":"https:\/\/cst.cat\/es\/wp-json\/wp\/v2\/pages\/8805\/revisions\/34838"}],"up":[{"embeddable":true,"href":"https:\/\/cst.cat\/es\/wp-json\/wp\/v2\/pages\/8798"}],"wp:attachment":[{"href":"https:\/\/cst.cat\/es\/wp-json\/wp\/v2\/media?parent=8805"}],"curies":[{"name":"wp","href":"https:\/\/api.w.org\/{rel}","templated":true}]}}