{"id":8820,"date":"2022-03-08T09:49:26","date_gmt":"2022-03-08T08:49:26","guid":{"rendered":"https:\/\/cst.cat\/investigacion-e-innovacion\/busqueda\/salud-integral-en-la-adolescencia-sia\/"},"modified":"2024-08-02T15:11:26","modified_gmt":"2024-08-02T13:11:26","slug":"salud-integral-en-la-adolescencia-sia","status":"publish","type":"page","link":"https:\/\/cst.cat\/es\/investigacion-e-innovacion\/busqueda\/salud-integral-en-la-adolescencia-sia\/","title":{"rendered":"Salud Integral en la Adolescencia (SIA)"},"content":{"rendered":"\n<p class=\"has-cyan-bluish-gray-color has-text-color\" style=\"font-size:12px\">GRUPOS DE INVESTIGACI\u00d3N<\/p>\n\n<h1 class=\"wp-block-heading\" id=\"salut-integral-a-l-adolescencia-sia\">Salud Integral en la Adolescencia (SIA)<\/h1>\n\n<div style=\"height:39px\" aria-hidden=\"true\" class=\"wp-block-spacer\"><\/div>\n\n<h2 class=\"wp-block-heading\" id=\"membres\">Miembros<\/h2>\n\n<div style=\"height:20px\" aria-hidden=\"true\" class=\"wp-block-spacer\"><\/div>\n\n<p>Maria Listosella Pi\u00f1ero, PhD<br\/> Mercedes Garcia Ortiz, Enfermera<br\/> Clara Romero Rasc\u00f3n, PhD<br\/> Clara Torn\u00e9 Beneytez, Enfermera<br\/> Griselda Lopez Hita, Enfermera<\/p>\n\n<div style=\"height:30px\" aria-hidden=\"true\" class=\"wp-block-spacer\"><\/div>\n\n<h2 class=\"wp-block-heading\" id=\"linies-de-recerca\">L\u00edneas de investigaci\u00f3n<\/h2>\n\n<figure class=\"wp-block-table grups-recerca\"><table><tbody><tr><td><strong>Resiliencia y afrontamiento en contexto riesgo  <\/strong><\/td><td>Evaluaci\u00f3n y promoci\u00f3n de la resiliencia en adolescentes en situaciones de riesgo<\/td><\/tr><\/tbody><\/table><\/figure>\n<p><\/p>\n\n<h2 class=\"wp-block-heading\" id=\"resum\">Resumen<\/h2>\n\n<div style=\"height:20px\" aria-hidden=\"true\" class=\"wp-block-spacer\"><\/div>\n\n<p>Con el fin de potenciar factores protectores de salud en adolescentes y j\u00f3venes que viven en barrios y contextos de riesgo con importantes desigualdades sociales, presentamos el grupo de investigaci\u00f3n de Salud Integral en la Adolescencia, liderado por la Dra. Maria Llistosella, un grupo de investigaci\u00f3n orientado a dise\u00f1ar e implementar intervenciones de promoci\u00f3n de la salud centrada en la potenciaci\u00f3n de la resiliencia.<\/p>\n\n<p>La resiliencia es un concepto muy desarrollado en la \u00faltima d\u00e9cada y que tiene un elevado potencial en la protecci\u00f3n de la salud vinculada a los estilos de vida. La resiliencia tambi\u00e9n involucra a las comunidades, familias y gobiernos para que haya un cambio en la estructura de oportunidades de los ni\u00f1os y j\u00f3venes.<\/p>\n\n<p>En esta \u00e9poca de pandemia, en la que a\u00fan m\u00e1s se han puesto en evidencia las desigualdades sociales y se han visto incrementados los s\u00edntomas depresivos, nuestra meta es asegurar un desarrollo positivo de los adolescentes en riesgo, e incrementando la resiliencia desde una perspectiva ecol\u00f3gica que permita la adaptaci\u00f3n y el afrontamiento a las situaciones adversas, disminuir la sintomatolog\u00eda depresiva, detectar y disminuir riesgos, facilitar recursos y fortalecer los factores protectores.<\/p>\n\n<div style=\"height:50px\" aria-hidden=\"true\" class=\"wp-block-spacer\"><\/div>\n\r\n    <!-- block: cst-faqs -->\r\n            <section class=\"block-cst-faqs block-cst-accordion  grups-recerca p_te uni-cnt\">\r\n            <ul class=\"demo-accordion accordionjs\" data-active-index=\"false\">\r\n                                    <!-- Section 1 -->\r\n                    <li>\r\n                        <div>\r\n                            <h3>Publicaciones  <\/h3>\r\n                        <\/div>\r\n                        <div>\r\n                            <p><strong>Listosella M<\/strong> , Guti\u00e9rrez-Rosado T, Rodr\u00edguez-Rey R, Liebenberg L, Bejarano \u00c1, G\u00f3mez Benito J, Limonero JT. Adaptaci\u00f3n y Psychometric Properties of Spanish Version of Child and Youth Resilience Measure (CYRM-32). Frente Psychol. <strong>2019<\/strong> Jun 28;10:1410. doi: <a href=\"https:\/\/doi.org\/10.3389\/fpsyg.2019.01410\" target=\"_blank\" rel=\"noreferrer noopener\">10.3389\/fpsyg.2019.01410<\/a> . PMID: 31316419; PMCID: PMC6610767. <strong>Listosella M,<\/strong> Castellvi P, Limonero JT, P\u00e9rez-Ventana Ortiz C, Baeza-Velasco C, Guti\u00e9rrez-Rosado T. Desarrollo de la Individual y Environmental Resilience Modelo con children, adolescentes y young adultos usando el empirical evidencia: Anintegra. Health Soc Care Community. 2022 Nov; 30(6):e3277-e3299. doi: 10.1111\/hsc.13899. Epub 2022 Jul 6. PMID: 35794078. <strong>Listosella M,<\/strong> Castellvi P, Miranda-Mendizabal A, Recoder S, Calbo E, Casajuana-Closas M, Leiva D, Manolov R, Matilla-Santander N, Forero CG. Low Resilience Was a Risk Factor of Mental Health Problems during the COVID-19 Pandemic but Not in Individuals Exposed to COVID-19: A Cohort Study in Spanish Adult General Population. Int J Environ Nada Public Health. 2022 Nov 21; 19(22):15398. doi: 10.3390\/ijerph192215398. PMID: 36430116; PMCID: PMC9690878. <strong>Listosella M, Torn\u00e9 C, Garc\u00eda-Ortiz M, L\u00f3pez-Hita G<\/strong> , Ortiz R, Her\u00e1ndez-Montero L, Guallart E, U\u00f1a-Solbas E, Miranda-Mendizabal A. Fostering Resilience en Adolescentes en Risk: controlado trial mediante resilience school-based intervention. Frente Psychol. 2023 Jan 23;13:1066874. doi: 10.3389\/fpsyg.2022.1066874. PMID: 36755982; PMCID: PMC9900128.<\/p>\n                        <\/div>\r\n                    <\/li>\r\n                            <\/ul>\r\n        <\/section>\r\n        <!-- end block: cst-faqs -->\r\n\n<div style=\"height:50px\" aria-hidden=\"true\" class=\"wp-block-spacer\"><\/div>\n\r\n    <!-- block: cst-faqs -->\r\n            <section class=\"block-cst-faqs block-cst-accordion  grups-recerca uni-cnt\">\r\n            <ul class=\"demo-accordion accordionjs\" data-active-index=\"false\">\r\n                                    <!-- Section 1 -->\r\n                    <li>\r\n                        <div>\r\n                            <h3>Proyectos<\/h3>\r\n                        <\/div>\r\n                        <div>\r\n                            <p class=\"codi-projecte\" style=\"padding-right: 12px;\"><strong>SLT017\/20\/000070.<\/strong><\/p>\n<p>  Desarrollo positivo y resiliencia en adolescentes en contexto de riesgo. Dise\u00f1o y evaluaci\u00f3n de una intervenci\u00f3n dentro del programa de salud y escuela. IP: Maria Llistosella. Julio 2021 \u2013 Diciembre 2022. Acci\u00f3n instrumental de Intensificaci\u00f3n de profesionales de la salud: Modalidad de Enfermer\u00eda, matroner\u00eda, fisioterapia, diet\u00e9tica y nutrici\u00f3n, \u00f3ptica y optometr\u00eda, podolog\u00eda y prot\u00e9tica dental, del Programa de impulso al talento y de la empleabilidad incluido en el Plan estrat\u00e9gico de investigaci\u00f3n e innovaci\u00f3n en salud 2016-2020. Con el apoyo del Departamento de Salud de la Generalidad de Catalu\u00f1a.  <img loading=\"lazy\" decoding=\"async\" class=\"wp-image-5507\" src=\"https:\/\/cst.cat\/wp-content\/uploads\/2022\/01\/logo-generalitat-salut-bg-groc.png\" alt=\"\" width=\"115\" height=\"27\"><\/p>\n<p>&nbsp;<\/p>\n<p class=\"codi-projecte\" style=\"padding-right: 12px;\"><strong>SLT002\/16\/00281.<\/strong><\/p>\n<p>  &gt;Evaluaci\u00f3n y promoci\u00f3n de la resiliencia en ni\u00f1os y adolescentes. An\u00e1lisis de las propiedades psicom\u00e9tricas de la versi\u00f3n espa\u00f1ola de la escala CYRM-32. Dise\u00f1o del programa de intervenci\u00f3n. IP Maria Llistosella. Mayo 2017 &#8211; Diciembre 2017. Acci\u00f3n instrumental de Intensificaci\u00f3n de profesionales de enfermer\u00eda incluido en el Plan estrat\u00e9gico de investigaci\u00f3n e innovaci\u00f3n en salud 2016-2020. Con el apoyo del Departamento de Salud de la Generalidad de Catalu\u00f1a.  <img loading=\"lazy\" decoding=\"async\" class=\"wp-image-5507\" src=\"https:\/\/cst.cat\/wp-content\/uploads\/2022\/01\/logo-generalitat-salut-bg-groc.png\" alt=\"\" width=\"115\" height=\"27\"><\/p>\n<p>&nbsp;<\/p>\n                        <\/div>\r\n                    <\/li>\r\n                            <\/ul>\r\n        <\/section>\r\n        <!-- end block: cst-faqs -->\r\n\n<div style=\"height:52px\" aria-hidden=\"true\" class=\"wp-block-spacer\"><\/div>\n","protected":false},"excerpt":{"rendered":"<p>GRUPOS DE INVESTIGACI\u00d3N Salud Integral en la Adolescencia (SIA) Miembros Maria Listosella Pi\u00f1ero, PhD Mercedes Garcia Ortiz, Enfermera Clara Romero Rasc\u00f3n, PhD Clara Torn\u00e9 Beneytez, Enfermera Griselda Lopez Hita, Enfermera L\u00edneas de investigaci\u00f3n Resiliencia y afrontamiento en contexto riesgo Evaluaci\u00f3n y promoci\u00f3n de la resiliencia en adolescentes en situaciones de riesgo Resumen Con el fin [&hellip;]<\/p>\n","protected":false},"author":2,"featured_media":0,"parent":8810,"menu_order":3,"comment_status":"closed","ping_status":"closed","template":"page-templates\/pagina-menu-lateral.php","meta":{"_acf_changed":false,"footnotes":""},"class_list":["post-8820","page","type-page","status-publish","hentry"],"acf":[],"yoast_head":"<!-- This site is optimized with the Yoast SEO plugin v27.2 - https:\/\/yoast.com\/product\/yoast-seo-wordpress\/ -->\n<title>Salud Integral en la Adolescencia (SIA) - CST<\/title>\n<meta name=\"robots\" content=\"index, follow, max-snippet:-1, max-image-preview:large, max-video-preview:-1\" \/>\n<link rel=\"canonical\" href=\"https:\/\/cst.cat\/es\/investigacion-e-innovacion\/busqueda\/salud-integral-en-la-adolescencia-sia\/\" \/>\n<meta property=\"og:locale\" content=\"es_ES\" \/>\n<meta property=\"og:type\" content=\"article\" \/>\n<meta property=\"og:title\" content=\"Salud Integral en la Adolescencia (SIA) - CST\" \/>\n<meta property=\"og:description\" content=\"GRUPOS DE INVESTIGACI\u00d3N Salud Integral en la Adolescencia (SIA) Miembros Maria Listosella Pi\u00f1ero, PhD Mercedes Garcia Ortiz, Enfermera Clara Romero Rasc\u00f3n, PhD Clara Torn\u00e9 Beneytez, Enfermera Griselda Lopez Hita, Enfermera L\u00edneas de investigaci\u00f3n Resiliencia y afrontamiento en contexto riesgo Evaluaci\u00f3n y promoci\u00f3n de la resiliencia en adolescentes en situaciones de riesgo Resumen Con el fin [&hellip;]\" \/>\n<meta property=\"og:url\" content=\"https:\/\/cst.cat\/es\/investigacion-e-innovacion\/busqueda\/salud-integral-en-la-adolescencia-sia\/\" \/>\n<meta property=\"og:site_name\" content=\"CST\" \/>\n<meta property=\"article:modified_time\" content=\"2024-08-02T13:11:26+00:00\" \/>\n<meta name=\"twitter:card\" content=\"summary_large_image\" \/>\n<meta name=\"twitter:label1\" content=\"Tiempo de lectura\" \/>\n\t<meta name=\"twitter:data1\" content=\"1 minuto\" \/>\n<script type=\"application\/ld+json\" class=\"yoast-schema-graph\">{\"@context\":\"https:\/\/schema.org\",\"@graph\":[{\"@type\":\"WebPage\",\"@id\":\"https:\/\/cst.cat\/es\/investigacion-e-innovacion\/busqueda\/salud-integral-en-la-adolescencia-sia\/\",\"url\":\"https:\/\/cst.cat\/es\/investigacion-e-innovacion\/busqueda\/salud-integral-en-la-adolescencia-sia\/\",\"name\":\"Salud Integral en la Adolescencia (SIA) - CST\",\"isPartOf\":{\"@id\":\"https:\/\/cst.cat\/es\/#website\"},\"datePublished\":\"2022-03-08T08:49:26+00:00\",\"dateModified\":\"2024-08-02T13:11:26+00:00\",\"breadcrumb\":{\"@id\":\"https:\/\/cst.cat\/es\/investigacion-e-innovacion\/busqueda\/salud-integral-en-la-adolescencia-sia\/#breadcrumb\"},\"inLanguage\":\"es\",\"potentialAction\":[{\"@type\":\"ReadAction\",\"target\":[\"https:\/\/cst.cat\/es\/investigacion-e-innovacion\/busqueda\/salud-integral-en-la-adolescencia-sia\/\"]}]},{\"@type\":\"BreadcrumbList\",\"@id\":\"https:\/\/cst.cat\/es\/investigacion-e-innovacion\/busqueda\/salud-integral-en-la-adolescencia-sia\/#breadcrumb\",\"itemListElement\":[{\"@type\":\"ListItem\",\"position\":1,\"name\":\"Inici\",\"item\":\"https:\/\/cst.cat\/es\/\"},{\"@type\":\"ListItem\",\"position\":2,\"name\":\"Investigaci\u00f3n e Innovaci\u00f3n\",\"item\":\"https:\/\/cst.cat\/es\/investigacion-e-innovacion\/\"},{\"@type\":\"ListItem\",\"position\":3,\"name\":\"Investigaci\u00f3n\",\"item\":\"https:\/\/cst.cat\/es\/investigacion-e-innovacion\/busqueda\/\"},{\"@type\":\"ListItem\",\"position\":4,\"name\":\"Salud Integral en la Adolescencia (SIA)\"}]},{\"@type\":\"WebSite\",\"@id\":\"https:\/\/cst.cat\/es\/#website\",\"url\":\"https:\/\/cst.cat\/es\/\",\"name\":\"CST\",\"description\":\"\",\"publisher\":{\"@id\":\"https:\/\/cst.cat\/es\/#organization\"},\"potentialAction\":[{\"@type\":\"SearchAction\",\"target\":{\"@type\":\"EntryPoint\",\"urlTemplate\":\"https:\/\/cst.cat\/es\/?s={search_term_string}\"},\"query-input\":{\"@type\":\"PropertyValueSpecification\",\"valueRequired\":true,\"valueName\":\"search_term_string\"}}],\"inLanguage\":\"es\"},{\"@type\":\"Organization\",\"@id\":\"https:\/\/cst.cat\/es\/#organization\",\"name\":\"Consorci Sanitari de Terrassa\",\"url\":\"https:\/\/cst.cat\/es\/\",\"logo\":{\"@type\":\"ImageObject\",\"inLanguage\":\"es\",\"@id\":\"https:\/\/cst.cat\/es\/#\/schema\/logo\/image\/\",\"url\":\"https:\/\/cst.cat\/wp-content\/uploads\/2021\/09\/logo-header.svg\",\"contentUrl\":\"https:\/\/cst.cat\/wp-content\/uploads\/2021\/09\/logo-header.svg\",\"width\":90,\"height\":32,\"caption\":\"Consorci Sanitari de Terrassa\"},\"image\":{\"@id\":\"https:\/\/cst.cat\/es\/#\/schema\/logo\/image\/\"}}]}<\/script>\n<!-- \/ Yoast SEO plugin. -->","yoast_head_json":{"title":"Salud Integral en la Adolescencia (SIA) - CST","robots":{"index":"index","follow":"follow","max-snippet":"max-snippet:-1","max-image-preview":"max-image-preview:large","max-video-preview":"max-video-preview:-1"},"canonical":"https:\/\/cst.cat\/es\/investigacion-e-innovacion\/busqueda\/salud-integral-en-la-adolescencia-sia\/","og_locale":"es_ES","og_type":"article","og_title":"Salud Integral en la Adolescencia (SIA) - CST","og_description":"GRUPOS DE INVESTIGACI\u00d3N Salud Integral en la Adolescencia (SIA) Miembros Maria Listosella Pi\u00f1ero, PhD Mercedes Garcia Ortiz, Enfermera Clara Romero Rasc\u00f3n, PhD Clara Torn\u00e9 Beneytez, Enfermera Griselda Lopez Hita, Enfermera L\u00edneas de investigaci\u00f3n Resiliencia y afrontamiento en contexto riesgo Evaluaci\u00f3n y promoci\u00f3n de la resiliencia en adolescentes en situaciones de riesgo Resumen Con el fin [&hellip;]","og_url":"https:\/\/cst.cat\/es\/investigacion-e-innovacion\/busqueda\/salud-integral-en-la-adolescencia-sia\/","og_site_name":"CST","article_modified_time":"2024-08-02T13:11:26+00:00","twitter_card":"summary_large_image","twitter_misc":{"Tiempo de lectura":"1 minuto"},"schema":{"@context":"https:\/\/schema.org","@graph":[{"@type":"WebPage","@id":"https:\/\/cst.cat\/es\/investigacion-e-innovacion\/busqueda\/salud-integral-en-la-adolescencia-sia\/","url":"https:\/\/cst.cat\/es\/investigacion-e-innovacion\/busqueda\/salud-integral-en-la-adolescencia-sia\/","name":"Salud Integral en la Adolescencia (SIA) - CST","isPartOf":{"@id":"https:\/\/cst.cat\/es\/#website"},"datePublished":"2022-03-08T08:49:26+00:00","dateModified":"2024-08-02T13:11:26+00:00","breadcrumb":{"@id":"https:\/\/cst.cat\/es\/investigacion-e-innovacion\/busqueda\/salud-integral-en-la-adolescencia-sia\/#breadcrumb"},"inLanguage":"es","potentialAction":[{"@type":"ReadAction","target":["https:\/\/cst.cat\/es\/investigacion-e-innovacion\/busqueda\/salud-integral-en-la-adolescencia-sia\/"]}]},{"@type":"BreadcrumbList","@id":"https:\/\/cst.cat\/es\/investigacion-e-innovacion\/busqueda\/salud-integral-en-la-adolescencia-sia\/#breadcrumb","itemListElement":[{"@type":"ListItem","position":1,"name":"Inici","item":"https:\/\/cst.cat\/es\/"},{"@type":"ListItem","position":2,"name":"Investigaci\u00f3n e Innovaci\u00f3n","item":"https:\/\/cst.cat\/es\/investigacion-e-innovacion\/"},{"@type":"ListItem","position":3,"name":"Investigaci\u00f3n","item":"https:\/\/cst.cat\/es\/investigacion-e-innovacion\/busqueda\/"},{"@type":"ListItem","position":4,"name":"Salud Integral en la Adolescencia (SIA)"}]},{"@type":"WebSite","@id":"https:\/\/cst.cat\/es\/#website","url":"https:\/\/cst.cat\/es\/","name":"CST","description":"","publisher":{"@id":"https:\/\/cst.cat\/es\/#organization"},"potentialAction":[{"@type":"SearchAction","target":{"@type":"EntryPoint","urlTemplate":"https:\/\/cst.cat\/es\/?s={search_term_string}"},"query-input":{"@type":"PropertyValueSpecification","valueRequired":true,"valueName":"search_term_string"}}],"inLanguage":"es"},{"@type":"Organization","@id":"https:\/\/cst.cat\/es\/#organization","name":"Consorci Sanitari de Terrassa","url":"https:\/\/cst.cat\/es\/","logo":{"@type":"ImageObject","inLanguage":"es","@id":"https:\/\/cst.cat\/es\/#\/schema\/logo\/image\/","url":"https:\/\/cst.cat\/wp-content\/uploads\/2021\/09\/logo-header.svg","contentUrl":"https:\/\/cst.cat\/wp-content\/uploads\/2021\/09\/logo-header.svg","width":90,"height":32,"caption":"Consorci Sanitari de Terrassa"},"image":{"@id":"https:\/\/cst.cat\/es\/#\/schema\/logo\/image\/"}}]}},"_links":{"self":[{"href":"https:\/\/cst.cat\/es\/wp-json\/wp\/v2\/pages\/8820","targetHints":{"allow":["GET"]}}],"collection":[{"href":"https:\/\/cst.cat\/es\/wp-json\/wp\/v2\/pages"}],"about":[{"href":"https:\/\/cst.cat\/es\/wp-json\/wp\/v2\/types\/page"}],"author":[{"embeddable":true,"href":"https:\/\/cst.cat\/es\/wp-json\/wp\/v2\/users\/2"}],"replies":[{"embeddable":true,"href":"https:\/\/cst.cat\/es\/wp-json\/wp\/v2\/comments?post=8820"}],"version-history":[{"count":0,"href":"https:\/\/cst.cat\/es\/wp-json\/wp\/v2\/pages\/8820\/revisions"}],"up":[{"embeddable":true,"href":"https:\/\/cst.cat\/es\/wp-json\/wp\/v2\/pages\/8810"}],"wp:attachment":[{"href":"https:\/\/cst.cat\/es\/wp-json\/wp\/v2\/media?parent=8820"}],"curies":[{"name":"wp","href":"https:\/\/api.w.org\/{rel}","templated":true}]}}