{"id":8828,"date":"2022-03-08T09:49:27","date_gmt":"2022-03-08T08:49:27","guid":{"rendered":"https:\/\/cst.cat\/investigacion-e-innovacion\/innovacion\/"},"modified":"2022-03-15T12:10:18","modified_gmt":"2022-03-15T11:10:18","slug":"innovacion","status":"publish","type":"page","link":"https:\/\/cst.cat\/es\/investigacion-e-innovacion\/innovacion\/","title":{"rendered":"Innovaci\u00f3n"},"content":{"rendered":"\n<h1 class=\"wp-block-heading\">Innovaci\u00f3n<\/h1>\n\n\n\r\n    <!-- block: block-introduccio -->\r\n    <section class=\"block-introduccio  intro-box\">\r\n        <div class=\"row\">\r\n            <div class=\"lft-txt\">\r\n                <p>La innovaci\u00f3n en el CST tiene como objetivo crear valor aportando a la sociedad soluciones tangibles a problemas reales mediante la Innovaci\u00f3n en tecnolog\u00edas, procesos, productos y servicios.<\/p>\n                \r\n            <\/div>\r\n            <div class=\"rgt-txt\">\r\n                <p><strong>Tienes una idea Innovadora<\/strong><br \/>\n<strong>o una invenci\u00f3n?<\/strong><\/p>\n<p>\u00a1Haznoslo saber!<br \/>\nContacta con:<br \/>\n<a href=\"mailto:innova@cst.cat\">innova@cst.cat<\/a><\/p>\n            <\/div>\r\n        <\/div>\r\n    <\/section>\r\n    <!-- end block: block-introduccio -->\r\n\n\n\n<p>Apoyamos a nuestros profesionales para dar salida a todas aquellas iniciativas Innovadoras y favorecemos las colaboraciones p\u00fablico-privadas promoviendo una innovaci\u00f3n abierta para hacer avanzar la ciencia, ayudando a que tenga una aplicabilidad por todos y un retorno a la sociedad.<\/p>\n\n\n\n<p>Acompa\u00f1amos proyectos innovadores internos que abarcan desde cambios organizativos e innovaciones en procesos o servicios hasta la innovaci\u00f3n, desarrollo y validaci\u00f3n de productos y tecnolog\u00edas de la informaci\u00f3n y la comunicaci\u00f3n. <\/p>\n\n\n\n<div style=\"height:20px\" aria-hidden=\"true\" class=\"wp-block-spacer\"><\/div>\n\n\n\n<hr class=\"wp-block-separator\"\/>\n\n\n\n<h2 class=\"wp-block-heading\"><strong><span style=\"color:#353f60\" class=\"has-inline-color\"><strong>Colaboraciones externas<\/strong><\/span><\/strong><\/h2>\n\n\n\n<div style=\"height:20px\" aria-hidden=\"true\" class=\"wp-block-spacer\"><\/div>\n\n\n\n<p>Estamos abiertos a colaboraciones con terceros, ya sean centros p\u00fablicos o empresas privadas, mediante la puesta en marcha de diferentes acuerdos, como:<\/p>\n\n\n\n<ul class=\"is-style-punts-blaus wp-block-list\"><li>Acuerdos marco de colaboraci\u00f3n<\/li><li>Convenios para colaborar en las diferentes etapas del funnel de innovaci\u00f3n (cocreaci\u00f3n, desarrollos, validaci\u00f3n cl\u00ednica de prototipos o productos comercializados, etc)<\/li><li>Contratos de servicios<\/li><li>Acuerdos de confidencialidad<\/li><li>Licencias de uso, cesi\u00f3n o comercializaci\u00f3n<\/li><\/ul>\n\n\n\n<div style=\"height:30px\" aria-hidden=\"true\" class=\"wp-block-spacer\"><\/div>\n","protected":false},"excerpt":{"rendered":"<p>Innovaci\u00f3n Apoyamos a nuestros profesionales para dar salida a todas aquellas iniciativas Innovadoras y favorecemos las colaboraciones p\u00fablico-privadas promoviendo una innovaci\u00f3n abierta para hacer avanzar la ciencia, ayudando a que tenga una aplicabilidad por todos y un retorno a la sociedad. Acompa\u00f1amos proyectos innovadores internos que abarcan desde cambios organizativos e innovaciones en procesos o [&hellip;]<\/p>\n","protected":false},"author":2,"featured_media":0,"parent":8798,"menu_order":4,"comment_status":"closed","ping_status":"closed","template":"page-templates\/pagina-menu-lateral.php","meta":{"_acf_changed":false,"footnotes":""},"class_list":["post-8828","page","type-page","status-publish","hentry"],"acf":[],"yoast_head":"<!-- This site is optimized with the Yoast SEO plugin v27.2 - https:\/\/yoast.com\/product\/yoast-seo-wordpress\/ -->\n<title>Innovaci\u00f3n - CST<\/title>\n<meta name=\"robots\" content=\"index, follow, max-snippet:-1, max-image-preview:large, max-video-preview:-1\" \/>\n<link rel=\"canonical\" href=\"https:\/\/cst.cat\/es\/investigacion-e-innovacion\/innovacion\/\" \/>\n<meta property=\"og:locale\" content=\"es_ES\" \/>\n<meta property=\"og:type\" content=\"article\" \/>\n<meta property=\"og:title\" content=\"Innovaci\u00f3n - CST\" \/>\n<meta property=\"og:description\" content=\"Innovaci\u00f3n Apoyamos a nuestros profesionales para dar salida a todas aquellas iniciativas Innovadoras y favorecemos las colaboraciones p\u00fablico-privadas promoviendo una innovaci\u00f3n abierta para hacer avanzar la ciencia, ayudando a que tenga una aplicabilidad por todos y un retorno a la sociedad. Acompa\u00f1amos proyectos innovadores internos que abarcan desde cambios organizativos e innovaciones en procesos o [&hellip;]\" \/>\n<meta property=\"og:url\" content=\"https:\/\/cst.cat\/es\/investigacion-e-innovacion\/innovacion\/\" \/>\n<meta property=\"og:site_name\" content=\"CST\" \/>\n<meta property=\"article:modified_time\" content=\"2022-03-15T11:10:18+00:00\" \/>\n<meta name=\"twitter:card\" content=\"summary_large_image\" \/>\n<meta name=\"twitter:label1\" content=\"Tiempo de lectura\" \/>\n\t<meta name=\"twitter:data1\" content=\"1 minuto\" \/>\n<script type=\"application\/ld+json\" class=\"yoast-schema-graph\">{\"@context\":\"https:\/\/schema.org\",\"@graph\":[{\"@type\":\"WebPage\",\"@id\":\"https:\/\/cst.cat\/es\/investigacion-e-innovacion\/innovacion\/\",\"url\":\"https:\/\/cst.cat\/es\/investigacion-e-innovacion\/innovacion\/\",\"name\":\"Innovaci\u00f3n - CST\",\"isPartOf\":{\"@id\":\"https:\/\/cst.cat\/es\/#website\"},\"datePublished\":\"2022-03-08T08:49:27+00:00\",\"dateModified\":\"2022-03-15T11:10:18+00:00\",\"breadcrumb\":{\"@id\":\"https:\/\/cst.cat\/es\/investigacion-e-innovacion\/innovacion\/#breadcrumb\"},\"inLanguage\":\"es\",\"potentialAction\":[{\"@type\":\"ReadAction\",\"target\":[\"https:\/\/cst.cat\/es\/investigacion-e-innovacion\/innovacion\/\"]}]},{\"@type\":\"BreadcrumbList\",\"@id\":\"https:\/\/cst.cat\/es\/investigacion-e-innovacion\/innovacion\/#breadcrumb\",\"itemListElement\":[{\"@type\":\"ListItem\",\"position\":1,\"name\":\"Inici\",\"item\":\"https:\/\/cst.cat\/es\/\"},{\"@type\":\"ListItem\",\"position\":2,\"name\":\"Investigaci\u00f3n e Innovaci\u00f3n\",\"item\":\"https:\/\/cst.cat\/es\/investigacion-e-innovacion\/\"},{\"@type\":\"ListItem\",\"position\":3,\"name\":\"Innovaci\u00f3n\"}]},{\"@type\":\"WebSite\",\"@id\":\"https:\/\/cst.cat\/es\/#website\",\"url\":\"https:\/\/cst.cat\/es\/\",\"name\":\"CST\",\"description\":\"\",\"publisher\":{\"@id\":\"https:\/\/cst.cat\/es\/#organization\"},\"potentialAction\":[{\"@type\":\"SearchAction\",\"target\":{\"@type\":\"EntryPoint\",\"urlTemplate\":\"https:\/\/cst.cat\/es\/?s={search_term_string}\"},\"query-input\":{\"@type\":\"PropertyValueSpecification\",\"valueRequired\":true,\"valueName\":\"search_term_string\"}}],\"inLanguage\":\"es\"},{\"@type\":\"Organization\",\"@id\":\"https:\/\/cst.cat\/es\/#organization\",\"name\":\"Consorci Sanitari de Terrassa\",\"url\":\"https:\/\/cst.cat\/es\/\",\"logo\":{\"@type\":\"ImageObject\",\"inLanguage\":\"es\",\"@id\":\"https:\/\/cst.cat\/es\/#\/schema\/logo\/image\/\",\"url\":\"https:\/\/cst.cat\/wp-content\/uploads\/2021\/09\/logo-header.svg\",\"contentUrl\":\"https:\/\/cst.cat\/wp-content\/uploads\/2021\/09\/logo-header.svg\",\"width\":90,\"height\":32,\"caption\":\"Consorci Sanitari de Terrassa\"},\"image\":{\"@id\":\"https:\/\/cst.cat\/es\/#\/schema\/logo\/image\/\"}}]}<\/script>\n<!-- \/ Yoast SEO plugin. -->","yoast_head_json":{"title":"Innovaci\u00f3n - CST","robots":{"index":"index","follow":"follow","max-snippet":"max-snippet:-1","max-image-preview":"max-image-preview:large","max-video-preview":"max-video-preview:-1"},"canonical":"https:\/\/cst.cat\/es\/investigacion-e-innovacion\/innovacion\/","og_locale":"es_ES","og_type":"article","og_title":"Innovaci\u00f3n - CST","og_description":"Innovaci\u00f3n Apoyamos a nuestros profesionales para dar salida a todas aquellas iniciativas Innovadoras y favorecemos las colaboraciones p\u00fablico-privadas promoviendo una innovaci\u00f3n abierta para hacer avanzar la ciencia, ayudando a que tenga una aplicabilidad por todos y un retorno a la sociedad. Acompa\u00f1amos proyectos innovadores internos que abarcan desde cambios organizativos e innovaciones en procesos o [&hellip;]","og_url":"https:\/\/cst.cat\/es\/investigacion-e-innovacion\/innovacion\/","og_site_name":"CST","article_modified_time":"2022-03-15T11:10:18+00:00","twitter_card":"summary_large_image","twitter_misc":{"Tiempo de lectura":"1 minuto"},"schema":{"@context":"https:\/\/schema.org","@graph":[{"@type":"WebPage","@id":"https:\/\/cst.cat\/es\/investigacion-e-innovacion\/innovacion\/","url":"https:\/\/cst.cat\/es\/investigacion-e-innovacion\/innovacion\/","name":"Innovaci\u00f3n - CST","isPartOf":{"@id":"https:\/\/cst.cat\/es\/#website"},"datePublished":"2022-03-08T08:49:27+00:00","dateModified":"2022-03-15T11:10:18+00:00","breadcrumb":{"@id":"https:\/\/cst.cat\/es\/investigacion-e-innovacion\/innovacion\/#breadcrumb"},"inLanguage":"es","potentialAction":[{"@type":"ReadAction","target":["https:\/\/cst.cat\/es\/investigacion-e-innovacion\/innovacion\/"]}]},{"@type":"BreadcrumbList","@id":"https:\/\/cst.cat\/es\/investigacion-e-innovacion\/innovacion\/#breadcrumb","itemListElement":[{"@type":"ListItem","position":1,"name":"Inici","item":"https:\/\/cst.cat\/es\/"},{"@type":"ListItem","position":2,"name":"Investigaci\u00f3n e Innovaci\u00f3n","item":"https:\/\/cst.cat\/es\/investigacion-e-innovacion\/"},{"@type":"ListItem","position":3,"name":"Innovaci\u00f3n"}]},{"@type":"WebSite","@id":"https:\/\/cst.cat\/es\/#website","url":"https:\/\/cst.cat\/es\/","name":"CST","description":"","publisher":{"@id":"https:\/\/cst.cat\/es\/#organization"},"potentialAction":[{"@type":"SearchAction","target":{"@type":"EntryPoint","urlTemplate":"https:\/\/cst.cat\/es\/?s={search_term_string}"},"query-input":{"@type":"PropertyValueSpecification","valueRequired":true,"valueName":"search_term_string"}}],"inLanguage":"es"},{"@type":"Organization","@id":"https:\/\/cst.cat\/es\/#organization","name":"Consorci Sanitari de Terrassa","url":"https:\/\/cst.cat\/es\/","logo":{"@type":"ImageObject","inLanguage":"es","@id":"https:\/\/cst.cat\/es\/#\/schema\/logo\/image\/","url":"https:\/\/cst.cat\/wp-content\/uploads\/2021\/09\/logo-header.svg","contentUrl":"https:\/\/cst.cat\/wp-content\/uploads\/2021\/09\/logo-header.svg","width":90,"height":32,"caption":"Consorci Sanitari de Terrassa"},"image":{"@id":"https:\/\/cst.cat\/es\/#\/schema\/logo\/image\/"}}]}},"_links":{"self":[{"href":"https:\/\/cst.cat\/es\/wp-json\/wp\/v2\/pages\/8828","targetHints":{"allow":["GET"]}}],"collection":[{"href":"https:\/\/cst.cat\/es\/wp-json\/wp\/v2\/pages"}],"about":[{"href":"https:\/\/cst.cat\/es\/wp-json\/wp\/v2\/types\/page"}],"author":[{"embeddable":true,"href":"https:\/\/cst.cat\/es\/wp-json\/wp\/v2\/users\/2"}],"replies":[{"embeddable":true,"href":"https:\/\/cst.cat\/es\/wp-json\/wp\/v2\/comments?post=8828"}],"version-history":[{"count":0,"href":"https:\/\/cst.cat\/es\/wp-json\/wp\/v2\/pages\/8828\/revisions"}],"up":[{"embeddable":true,"href":"https:\/\/cst.cat\/es\/wp-json\/wp\/v2\/pages\/8798"}],"wp:attachment":[{"href":"https:\/\/cst.cat\/es\/wp-json\/wp\/v2\/media?parent=8828"}],"curies":[{"name":"wp","href":"https:\/\/api.w.org\/{rel}","templated":true}]}}