{"id":8829,"date":"2022-03-08T09:49:27","date_gmt":"2022-03-08T08:49:27","guid":{"rendered":"https:\/\/cst.cat\/investigacion-e-innovacion\/busqueda\/salud-ocular-eye-health-research-ehr\/"},"modified":"2024-06-06T11:27:01","modified_gmt":"2024-06-06T09:27:01","slug":"salud-ocular-eye-health-research-ehr","status":"publish","type":"page","link":"https:\/\/cst.cat\/es\/investigacion-e-innovacion\/busqueda\/salud-ocular-eye-health-research-ehr\/","title":{"rendered":"Salud Ocular (Eye Health Research EHR)"},"content":{"rendered":"\n<p class=\"has-cyan-bluish-gray-color has-text-color\" style=\"font-size:12px\">GRUPOS DE INVESTIGACI\u00d3N<\/p>\n\n\n\n<h1 class=\"wp-block-heading\" id=\"salut-ocular-eye-health-research-ehr\">Salud Ocular (Eye Health Research EHR)<\/h1>\n\n\n\n<div style=\"height:39px\" aria-hidden=\"true\" class=\"wp-block-spacer\"><\/div>\n\n\n\n<h2 class=\"wp-block-heading\" id=\"membres\">Miembros<\/h2>\n\n\n\n<div style=\"height:20px\" aria-hidden=\"true\" class=\"wp-block-spacer\"><\/div>\n\n\n\n<p>Mouafk Asaad<br>Laura Guti\u00e9rrez<br>B\u00e1rbara Del\u00e1s<br>Lorena Almud\u00ed<br>Beatriz Rodr\u00edguez<br>Yolanda Palomino<br>Susana Redondo<br>Suhel Elnayef<br>Imma Sol\u00e0<br>Ana P\u00e9rez<\/p>\n\n\n\n<div style=\"height:30px\" aria-hidden=\"true\" class=\"wp-block-spacer\"><\/div>\n\n\n\n<h2 class=\"wp-block-heading\" id=\"linies-de-recerca\">L\u00edneas de investigaci\u00f3n<\/h2>\n\n\n\n<figure class=\"wp-block-table grups-recerca\"><table><tbody><tr><td><strong>Retina<\/strong><\/td><td>CUBIDO: Estudio de vascularizaci\u00f3n retiniana.\nAM: agujero macular.\nANGIO-OCT: en pacientes con Desprendimiento de Retina.<\/td><\/tr><tr><td><strong>Glaucoma<\/strong><\/td><td>CUBIDO: Cambios de densidad de perfusi\u00f3n vascular a nivel del Nervio Optico.\nComparaci\u00f3n de vascularizaci\u00f3n del Nervio \u00d3ptico en pacientes de glaucoma normotensivo y glaucoma cr\u00f3nico de \u00e1ngulo abierto.<\/td><\/tr><tr><td><strong>C\u00f3rnea<\/strong><\/td><td>Cambios en la densitometr\u00eda Corneal post Croslinking.\nCambios en la densitometr\u00eda entre cirug\u00eda de DSAEK-DMEK.<\/td><\/tr><tr><td><strong>Oftalmolog\u00eda Pedi\u00e1trica<\/strong><\/td><td>MIOP\u00cdA: Utilizaci\u00f3n de Atropina en ni\u00f1os para frenar la miop\u00eda. Estudio del control de la progresi\u00f3n de la miop\u00eda en ni\u00f1os con el uso de colirio de atropina diluida a 0.01% en instilaci\u00f3n \u00fanica nocturna.<\/td><\/tr><\/tbody><\/table><\/figure>\n\n\n\n<div style=\"height:50px\" aria-hidden=\"true\" class=\"wp-block-spacer\"><\/div>\n\n\n\r\n    <!-- block: cst-accordion-redesign -->\r\n    <section class=\"block-cst-faqs block-cst-accordion  grups-recerca p_te uni-cnt\">\r\n        <div class=\"cst-accordion-wrapper no-image\">\r\n            \r\n            \r\n            <div class=\"cst-accordion-content\">\r\n                                \r\n                                \r\n                                    <ul class=\"demo-accordion accordionjs\" data-active-index=\"false\">\r\n                                                    <!-- Section 1 -->\r\n                            <li>\r\n                                <div>\r\n                                    <h3>Publicaciones<\/h3>\r\n                                <\/div>\r\n                                <div>\r\n                                    <div class=\"wp-container-61fbae52c8bf1 wp-block-group bibliografia\">\n<div class=\"wp-block-group__inner-container\">\n<p><strong>Guti\u00e9rrez-Ben\u00edtez, L.,<\/strong> <strong>Palomino, Y.<\/strong> , Casas, N., <strong>Asaad M.<\/strong> ( <strong>2021<\/strong> ). Automated measurement of la foveal avascular zone in ealthy eyes on Heidelberg Spectralis Optical Coherence Tomography Angiography. MedrXiv dei: <a href=\"https:\/\/doi.org\/10.1101\/2020.08.06.20169672\" target=\"_blank\" rel=\"noreferrer noopener\">https:\/\/doi.org\/10.1101\/2020.08.06.20169672<\/a><\/p>\n<p>Zapatero-Cruz N, Figueras-Roca M, Ferr\u00e1n-Fuertes M, Agust\u00edn E, Mart\u00ednez-Conesa EM, P\u00e9rez-Rodr\u00edguez ML, Vilarrodona A, Casaroli-Marano RP; <strong>AMEED Study Group<\/strong> . Amniotic membrane extract eye drops para ocular surface diseases: use and clinic outcome in real-world practice. Int Ophthalmol. <strong>2021<\/strong> Sep;41(9):2973-2979. doi: <a href=\"https:\/\/doi.org\/10.1007\/s10792-021-01856-4\" target=\"_blank\" rel=\"noreferrer noopener\">10.1007\/s10792-021-01856-4<\/a> . Epub 2021 Apr 17. PMID: 33864578.<\/p>\n<p><strong>L. Guti\u00e9rrez Ben\u00edtez<\/strong> , G. Biarge Gallardo, EE. Salcedo Mafla, <strong>M. Asaad<\/strong> . Retinopat\u00eda por c\u00e9lulas falciformes. Annals de oftalmolog\u00eda: \u00f3rgano de las Sociedades de Oftalmolog\u00eda de Catalu\u00f1a, Valencia y Baleares, ISSN-e 1133-7737, Vol. 29, N\u00ba. 2, <strong>2021<\/strong><\/p>\n<p>Mansour AM, Kozak I, Saatci AO, Ascaso FJ, Broque L, Battaglia M, Olivier N, Gili P, Chhablani J, Hedges TR, Honrubia A, <strong>Gutierrez L<\/strong> , Panozzo G, Catal\u00e1n J, D\u00edaz J, Carreras E, Kadayifcilar S, Al Kahtani SE, Uwaydat SH, Lima LH, Mansour HA, Khan HA, Aaberg TM Jr., Bovino JA, Hunyor AP. Prepapillary vascular loop-a new classification. Eye (Lond). <strong>2021<\/strong> Feb;35(2):425-432. doi: <a href=\"https:\/\/doi.org\/10.1038\/s41433-020-0859-3\" target=\"_blank\" rel=\"noreferrer noopener\">10.1038\/s41433-020-0859-3<\/a> . Epub 2020 abr 14. PMID: 32291404; PMCID: PMC8027617.<\/p>\n<p><strong>Gutierrez-Benitez<\/strong> , Y Palomino, N Casas, <strong>M Asaad<\/strong> . Automated measurement of la foveal avascular zone in ealthy eyes on Heidelberg Spectralis Optical Coherence Tomography Angiography. <strong>2021<\/strong> , medRchiv, 08\/08\/2020. 06.20169672<\/p>\n<p>Salcedo Mafla E, <strong>Guti\u00e9rrez Ben\u00edtez L<\/strong> , <strong>Asaad M<\/strong> . Retinopat\u00eda secundaria a m\u00faltiples myeloma treated with bevacizumab. Arch Soy Esp Oftalmol (Engl Ed). <strong>2020<\/strong> Oct;95(10):516-520. English, Spanish. doi: <a href=\"https:\/\/doi.org\/10.1016\/j.oftal.2020.05.008\" target=\"_blank\" rel=\"noreferrer noopener\">10.1016\/j.oftal.2020.05.008<\/a> . Epub 2020 Jul 4. PMID: 32636041.<\/p>\n<p>En Carreras-Mart\u00ednez, <strong>Guti\u00e9rrez-Ben\u00edtez<\/strong> , <strong>Y Palomino-Ortiz<\/strong> . AGUJERO MACULAR IDIOP\u00c1TICO Definici\u00f3n, epidemiolog\u00eda, etiopatogenia, clasificaci\u00f3n y cl\u00ednica. <strong>2020<\/strong> , Annals de Oftalmolog\u00eda on-line 28 (4) 175-182.<\/p>\n<p>A. Carreras Mart\u00ednez, <strong>L. Guti\u00e9rrez Ben\u00edtez<\/strong> , <strong>Y. Palomino Ortiz<\/strong> . Comunicaci\u00f3n Digital Solicitada: Patolog\u00eda de la interfase vitreomacular. Annals de Oftalmolog\u00eda <strong>2020<\/strong> ;28(4):175-182.<\/p>\n<p>Garc\u00eda Layana A, Ad\u00e1n A, Ascaso FJ, Cabrera F, Donate J, Escobar Barranco JJ, Peralta G, Reyes Garc\u00eda R, Rodr\u00edguez Maqueda M, Ruiz-Moreno JM, Vinagre I; <strong>MOMENTUM-D Study Group<\/strong> . Utilizar intravitreal dexametasone implantes en el tratamiento de diab\u00e9tico macular edema: Experto recommendations using en Delphi approach. Eur J Ophthalmol. <strong>2020<\/strong> Sep;30(5):1042-1052. doi: <a href=\"https:\/\/doi.org\/10.1177\/1120672119861623\" target=\"_blank\" rel=\"noreferrer noopener\">10.1177\/1120672119861623<\/a> . Epub 2019 Jul 10. PMID: 31291782.<\/p>\n<p>A. de Carvalho Mendes, P. Pujol Vives, <strong>M. Asaad<\/strong> . Queratopat\u00eda neurotr\u00f3fica corneal bilateral en paciente con amiloidosis familiar bilateral. Archivos de la Sociedad Espa\u00f1ola de Oftalmolog\u00eda, ISSN 0365-6691, Vol. 92, N\u00ba. 9, <strong>2017<\/strong> , p\u00e1gs. 447-450<\/p>\n<p><strong>Guti\u00e9rrez L<\/strong> , Arruga J, S\u00e1nchez JJ, Mu\u00f1oz S, Puyalto-de-Pablo P. Axonal Injurio en la Lateral Geniculate Body: Radiological Diagnosis. Neuroophthalmology. <strong>2017<\/strong> Mar 9;41(4):215-218. doi: <a href=\"https:\/\/doi.org\/10.1080\/01658107.2017.1287202\" target=\"_blank\" rel=\"noreferrer noopener\">10.1080\/01658107.2017.1287202<\/a> . PMID: 29344063; PMCID: PMC5762140.<\/p>\n<p><strong>Delas B<\/strong> , Julio G, Fernandez-Vega A, Casaroli-Marano R, Navidad J. Reducci\u00f3n de foveal bulges y otros anatomicals changes en feliz eyes de pacientes con unilateral idiop\u00e1tico macular hole sin vitreomacular patol\u00f3gico changes. Graefes Arch Exp Ophtalmol <strong>2017<\/strong> Nov;255(11):2141-2146.<\/p>\n<p>da Costa Paula C, Julio G, Campos P, Colina P, <strong>Asaad M<\/strong> . Effects of Mitomycin C in Early Conjunctival Inflammation after Pterygium Surgery. Curr Eye Nada. <strong>2017<\/strong> May;42(5):696-700. doi: <a href=\"https:\/\/doi.org\/10.1080\/02713683.2016.1236965\" target=\"_blank\" rel=\"noreferrer noopener\">10.1080\/02713683.2016.1236965<\/a> . Epub 2016 Nov 17. PMID: 27854142.<\/p>\n<p><strong>Suhel Elnayef, A<\/strong> . de Carvalho Mendes, P. Pujol Vives, <strong>M. Asaad<\/strong> . Fascitis necrotizante palpebral por S. Pyogenes. Annals de oftalmolog\u00eda: \u00f3rgano de las Sociedades de Oftalmolog\u00eda de Catalu\u00f1a, Valencia y Baleares, ISSN-e 1133-7737, Vol. 24, N\u00ba. 2 (Abril-Junio), <strong>2016<\/strong><\/p>\n<p>Mart\u00ednez-Roda JA, Vilaseca M, Ondategui JC, Almud\u00edn L, <strong>Asaad M<\/strong> , Mateos-Pena L, Arjona M, Pujol J. J Cataract Refract Surg. <strong>2016<\/strong> Oct;42(10):1461-1469. doi: <a href=\"https:\/\/doi.org\/10.1016\/j.jcrs.2016.08.015\" target=\"_blank\" rel=\"noreferrer noopener\">10.1016\/j.jcrs.2016.08.015<\/a> . PMID: 27839601.<\/p>\n<p><strong>L. Guti\u00e9rrez<\/strong> , L. Arias, A. Espinal, A. V\u00e1zquez. Predisposici\u00f3n a una respuesta pobre al tratamiento con ranibizumab en la degeneraci\u00f3n macular asociada a la edad exudativa. Poor-responders to ranibizumab in wet age-related macular degeneration. <strong>2016<\/strong> ;24(5): 108-114, Annals de Oftalmolog\u00eda.<\/p>\n<p>Cobos E, Rubio MJ, Arias L, Caminal JM, Garcia-Moreno P, Catal\u00e1n J, Jordan S, Vidal M, <strong>Guti\u00e9rrez L<\/strong> . INCIDENCE AND RELATION WITH ANATOMICAL AND FUNCTIONAL VARIABLES OF POSTOPERATIVE MACULAR DISPLACEMENT IN RHEGMATOGENOUS RETINAL DETACHMENT. Retina. <strong>2016<\/strong> May;36(5):957-61. doi: <a href=\"https:\/\/doi.org\/10.1097\/IAE.0000000000000807\" target=\"_blank\" rel=\"noreferrer noopener\">10.1097\/IAE.0000000000000807<\/a> . PMID: 27115857.<\/p>\n<\/div>\n<\/div>\n                                <\/div>\r\n                            <\/li>\r\n                                            <\/ul>\r\n                            <\/div>\r\n        <\/div>\r\n    <\/section>\r\n    <!-- end block: cst-accordion-redesign -->\r\n\n\n\n<div style=\"height:20px\" aria-hidden=\"true\" class=\"wp-block-spacer\"><\/div>\n\n\n\n<p><\/p>\n","protected":false},"excerpt":{"rendered":"<p>GRUPOS DE INVESTIGACI\u00d3N Salud Ocular (Eye Health Research EHR) Miembros Mouafk AsaadLaura Guti\u00e9rrezB\u00e1rbara Del\u00e1sLorena Almud\u00edBeatriz Rodr\u00edguezYolanda PalominoSusana RedondoSuhel ElnayefImma Sol\u00e0Ana P\u00e9rez L\u00edneas de investigaci\u00f3n Retina CUBIDO: Estudio de vascularizaci\u00f3n retiniana. AM: agujero macular. ANGIO-OCT: en pacientes con Desprendimiento de Retina. Glaucoma CUBIDO: Cambios de densidad de perfusi\u00f3n vascular a nivel del Nervio Optico. Comparaci\u00f3n de [&hellip;]<\/p>\n","protected":false},"author":2,"featured_media":0,"parent":8810,"menu_order":3,"comment_status":"closed","ping_status":"closed","template":"page-templates\/pagina-menu-lateral.php","meta":{"_acf_changed":false,"footnotes":""},"class_list":["post-8829","page","type-page","status-publish","hentry"],"acf":[],"yoast_head":"<!-- This site is optimized with the Yoast SEO plugin v27.2 - https:\/\/yoast.com\/product\/yoast-seo-wordpress\/ -->\n<title>Salud Ocular (Eye Health Research EHR) - CST<\/title>\n<meta name=\"robots\" content=\"index, follow, max-snippet:-1, max-image-preview:large, max-video-preview:-1\" \/>\n<link rel=\"canonical\" href=\"https:\/\/cst.cat\/es\/investigacion-e-innovacion\/busqueda\/salud-ocular-eye-health-research-ehr\/\" \/>\n<meta property=\"og:locale\" content=\"es_ES\" \/>\n<meta property=\"og:type\" content=\"article\" \/>\n<meta property=\"og:title\" content=\"Salud Ocular (Eye Health Research EHR) - CST\" \/>\n<meta property=\"og:description\" content=\"GRUPOS DE INVESTIGACI\u00d3N Salud Ocular (Eye Health Research EHR) Miembros Mouafk AsaadLaura Guti\u00e9rrezB\u00e1rbara Del\u00e1sLorena Almud\u00edBeatriz Rodr\u00edguezYolanda PalominoSusana RedondoSuhel ElnayefImma Sol\u00e0Ana P\u00e9rez L\u00edneas de investigaci\u00f3n Retina CUBIDO: Estudio de vascularizaci\u00f3n retiniana. AM: agujero macular. ANGIO-OCT: en pacientes con Desprendimiento de Retina. Glaucoma CUBIDO: Cambios de densidad de perfusi\u00f3n vascular a nivel del Nervio Optico. Comparaci\u00f3n de [&hellip;]\" \/>\n<meta property=\"og:url\" content=\"https:\/\/cst.cat\/es\/investigacion-e-innovacion\/busqueda\/salud-ocular-eye-health-research-ehr\/\" \/>\n<meta property=\"og:site_name\" content=\"CST\" \/>\n<meta property=\"article:modified_time\" content=\"2024-06-06T09:27:01+00:00\" \/>\n<meta name=\"twitter:card\" content=\"summary_large_image\" \/>\n<meta name=\"twitter:label1\" content=\"Tiempo de lectura\" \/>\n\t<meta name=\"twitter:data1\" content=\"1 minuto\" \/>\n<script type=\"application\/ld+json\" class=\"yoast-schema-graph\">{\"@context\":\"https:\/\/schema.org\",\"@graph\":[{\"@type\":\"WebPage\",\"@id\":\"https:\/\/cst.cat\/es\/investigacion-e-innovacion\/busqueda\/salud-ocular-eye-health-research-ehr\/\",\"url\":\"https:\/\/cst.cat\/es\/investigacion-e-innovacion\/busqueda\/salud-ocular-eye-health-research-ehr\/\",\"name\":\"Salud Ocular (Eye Health Research EHR) - CST\",\"isPartOf\":{\"@id\":\"https:\/\/cst.cat\/es\/#website\"},\"datePublished\":\"2022-03-08T08:49:27+00:00\",\"dateModified\":\"2024-06-06T09:27:01+00:00\",\"breadcrumb\":{\"@id\":\"https:\/\/cst.cat\/es\/investigacion-e-innovacion\/busqueda\/salud-ocular-eye-health-research-ehr\/#breadcrumb\"},\"inLanguage\":\"es\",\"potentialAction\":[{\"@type\":\"ReadAction\",\"target\":[\"https:\/\/cst.cat\/es\/investigacion-e-innovacion\/busqueda\/salud-ocular-eye-health-research-ehr\/\"]}]},{\"@type\":\"BreadcrumbList\",\"@id\":\"https:\/\/cst.cat\/es\/investigacion-e-innovacion\/busqueda\/salud-ocular-eye-health-research-ehr\/#breadcrumb\",\"itemListElement\":[{\"@type\":\"ListItem\",\"position\":1,\"name\":\"Inici\",\"item\":\"https:\/\/cst.cat\/es\/\"},{\"@type\":\"ListItem\",\"position\":2,\"name\":\"Investigaci\u00f3n e Innovaci\u00f3n\",\"item\":\"https:\/\/cst.cat\/es\/investigacion-e-innovacion\/\"},{\"@type\":\"ListItem\",\"position\":3,\"name\":\"Investigaci\u00f3n\",\"item\":\"https:\/\/cst.cat\/es\/investigacion-e-innovacion\/busqueda\/\"},{\"@type\":\"ListItem\",\"position\":4,\"name\":\"Salud Ocular (Eye Health Research EHR)\"}]},{\"@type\":\"WebSite\",\"@id\":\"https:\/\/cst.cat\/es\/#website\",\"url\":\"https:\/\/cst.cat\/es\/\",\"name\":\"CST\",\"description\":\"\",\"publisher\":{\"@id\":\"https:\/\/cst.cat\/es\/#organization\"},\"potentialAction\":[{\"@type\":\"SearchAction\",\"target\":{\"@type\":\"EntryPoint\",\"urlTemplate\":\"https:\/\/cst.cat\/es\/?s={search_term_string}\"},\"query-input\":{\"@type\":\"PropertyValueSpecification\",\"valueRequired\":true,\"valueName\":\"search_term_string\"}}],\"inLanguage\":\"es\"},{\"@type\":\"Organization\",\"@id\":\"https:\/\/cst.cat\/es\/#organization\",\"name\":\"Consorci Sanitari de Terrassa\",\"url\":\"https:\/\/cst.cat\/es\/\",\"logo\":{\"@type\":\"ImageObject\",\"inLanguage\":\"es\",\"@id\":\"https:\/\/cst.cat\/es\/#\/schema\/logo\/image\/\",\"url\":\"https:\/\/cst.cat\/wp-content\/uploads\/2021\/09\/logo-header.svg\",\"contentUrl\":\"https:\/\/cst.cat\/wp-content\/uploads\/2021\/09\/logo-header.svg\",\"width\":90,\"height\":32,\"caption\":\"Consorci Sanitari de Terrassa\"},\"image\":{\"@id\":\"https:\/\/cst.cat\/es\/#\/schema\/logo\/image\/\"}}]}<\/script>\n<!-- \/ Yoast SEO plugin. -->","yoast_head_json":{"title":"Salud Ocular (Eye Health Research EHR) - CST","robots":{"index":"index","follow":"follow","max-snippet":"max-snippet:-1","max-image-preview":"max-image-preview:large","max-video-preview":"max-video-preview:-1"},"canonical":"https:\/\/cst.cat\/es\/investigacion-e-innovacion\/busqueda\/salud-ocular-eye-health-research-ehr\/","og_locale":"es_ES","og_type":"article","og_title":"Salud Ocular (Eye Health Research EHR) - CST","og_description":"GRUPOS DE INVESTIGACI\u00d3N Salud Ocular (Eye Health Research EHR) Miembros Mouafk AsaadLaura Guti\u00e9rrezB\u00e1rbara Del\u00e1sLorena Almud\u00edBeatriz Rodr\u00edguezYolanda PalominoSusana RedondoSuhel ElnayefImma Sol\u00e0Ana P\u00e9rez L\u00edneas de investigaci\u00f3n Retina CUBIDO: Estudio de vascularizaci\u00f3n retiniana. AM: agujero macular. ANGIO-OCT: en pacientes con Desprendimiento de Retina. Glaucoma CUBIDO: Cambios de densidad de perfusi\u00f3n vascular a nivel del Nervio Optico. Comparaci\u00f3n de [&hellip;]","og_url":"https:\/\/cst.cat\/es\/investigacion-e-innovacion\/busqueda\/salud-ocular-eye-health-research-ehr\/","og_site_name":"CST","article_modified_time":"2024-06-06T09:27:01+00:00","twitter_card":"summary_large_image","twitter_misc":{"Tiempo de lectura":"1 minuto"},"schema":{"@context":"https:\/\/schema.org","@graph":[{"@type":"WebPage","@id":"https:\/\/cst.cat\/es\/investigacion-e-innovacion\/busqueda\/salud-ocular-eye-health-research-ehr\/","url":"https:\/\/cst.cat\/es\/investigacion-e-innovacion\/busqueda\/salud-ocular-eye-health-research-ehr\/","name":"Salud Ocular (Eye Health Research EHR) - CST","isPartOf":{"@id":"https:\/\/cst.cat\/es\/#website"},"datePublished":"2022-03-08T08:49:27+00:00","dateModified":"2024-06-06T09:27:01+00:00","breadcrumb":{"@id":"https:\/\/cst.cat\/es\/investigacion-e-innovacion\/busqueda\/salud-ocular-eye-health-research-ehr\/#breadcrumb"},"inLanguage":"es","potentialAction":[{"@type":"ReadAction","target":["https:\/\/cst.cat\/es\/investigacion-e-innovacion\/busqueda\/salud-ocular-eye-health-research-ehr\/"]}]},{"@type":"BreadcrumbList","@id":"https:\/\/cst.cat\/es\/investigacion-e-innovacion\/busqueda\/salud-ocular-eye-health-research-ehr\/#breadcrumb","itemListElement":[{"@type":"ListItem","position":1,"name":"Inici","item":"https:\/\/cst.cat\/es\/"},{"@type":"ListItem","position":2,"name":"Investigaci\u00f3n e Innovaci\u00f3n","item":"https:\/\/cst.cat\/es\/investigacion-e-innovacion\/"},{"@type":"ListItem","position":3,"name":"Investigaci\u00f3n","item":"https:\/\/cst.cat\/es\/investigacion-e-innovacion\/busqueda\/"},{"@type":"ListItem","position":4,"name":"Salud Ocular (Eye Health Research EHR)"}]},{"@type":"WebSite","@id":"https:\/\/cst.cat\/es\/#website","url":"https:\/\/cst.cat\/es\/","name":"CST","description":"","publisher":{"@id":"https:\/\/cst.cat\/es\/#organization"},"potentialAction":[{"@type":"SearchAction","target":{"@type":"EntryPoint","urlTemplate":"https:\/\/cst.cat\/es\/?s={search_term_string}"},"query-input":{"@type":"PropertyValueSpecification","valueRequired":true,"valueName":"search_term_string"}}],"inLanguage":"es"},{"@type":"Organization","@id":"https:\/\/cst.cat\/es\/#organization","name":"Consorci Sanitari de Terrassa","url":"https:\/\/cst.cat\/es\/","logo":{"@type":"ImageObject","inLanguage":"es","@id":"https:\/\/cst.cat\/es\/#\/schema\/logo\/image\/","url":"https:\/\/cst.cat\/wp-content\/uploads\/2021\/09\/logo-header.svg","contentUrl":"https:\/\/cst.cat\/wp-content\/uploads\/2021\/09\/logo-header.svg","width":90,"height":32,"caption":"Consorci Sanitari de Terrassa"},"image":{"@id":"https:\/\/cst.cat\/es\/#\/schema\/logo\/image\/"}}]}},"_links":{"self":[{"href":"https:\/\/cst.cat\/es\/wp-json\/wp\/v2\/pages\/8829","targetHints":{"allow":["GET"]}}],"collection":[{"href":"https:\/\/cst.cat\/es\/wp-json\/wp\/v2\/pages"}],"about":[{"href":"https:\/\/cst.cat\/es\/wp-json\/wp\/v2\/types\/page"}],"author":[{"embeddable":true,"href":"https:\/\/cst.cat\/es\/wp-json\/wp\/v2\/users\/2"}],"replies":[{"embeddable":true,"href":"https:\/\/cst.cat\/es\/wp-json\/wp\/v2\/comments?post=8829"}],"version-history":[{"count":0,"href":"https:\/\/cst.cat\/es\/wp-json\/wp\/v2\/pages\/8829\/revisions"}],"up":[{"embeddable":true,"href":"https:\/\/cst.cat\/es\/wp-json\/wp\/v2\/pages\/8810"}],"wp:attachment":[{"href":"https:\/\/cst.cat\/es\/wp-json\/wp\/v2\/media?parent=8829"}],"curies":[{"name":"wp","href":"https:\/\/api.w.org\/{rel}","templated":true}]}}