{"id":8835,"date":"2022-03-08T09:49:27","date_gmt":"2022-03-08T08:49:27","guid":{"rendered":"https:\/\/cst.cat\/investigacion-e-innovacion\/redes-y-alianzas\/"},"modified":"2022-06-10T11:36:15","modified_gmt":"2022-06-10T09:36:15","slug":"redes-y-alianzas","status":"publish","type":"page","link":"https:\/\/cst.cat\/es\/investigacion-e-innovacion\/redes-y-alianzas\/","title":{"rendered":"Redes y alianzas"},"content":{"rendered":"\n<h1 class=\"wp-block-heading\"><meta charset=\"utf-8\"\/>Redes y alianzas<\/h1>\n\n<p><\/p>\n\n<p>El CST, as\u00ed como la FJCR, ha establecido alianzas y forma parte de redes con el objetivo de sumar capacidades, generar sinergias o complementarse con otras entidades del ecosistema de investigaci\u00f3n e innovaci\u00f3n con el fin de promover la generaci\u00f3n de actividades y proyectos de investigaci\u00f3n y\/o innovaci\u00f3n.<\/p>\n\n<p>En la actualidad, tiene convenios de colaboraci\u00f3n y\/o est\u00e1 adscrito a las siguientes redes y entidades:<\/p>\n\n<hr class=\"wp-block-separator has-css-opacity hr-projectes\"\/>\n\n<h2 class=\"has-text-color wp-block-heading\" style=\"color:#354060\"><strong>XisCat<\/strong><\/h2>\n\n<div style=\"height:20px\" aria-hidden=\"true\" class=\"wp-block-spacer\"><\/div>\n\n<div class=\"wp-block-columns is-style-default is-layout-flex wp-container-core-columns-is-layout-9d6595d7 wp-block-columns-is-layout-flex\">\n<div class=\"wp-block-column is-layout-flow wp-block-column-is-layout-flow\">\n<div class=\"wp-block-buttons is-layout-flex wp-block-buttons-is-layout-flex\">\n<div class=\"wp-block-button has-custom-font-size is-style-button-blau has-small-font-size\"><a class=\"wp-block-button__link\" href=\"https:\/\/www.xiscat.cat\/#xarxa\" target=\"_blank\" rel=\"noreferrer noopener\">Web Xiscat<\/a><\/div>\n<\/div>\n<\/div>\n\n\n\n<div class=\"wp-block-column is-layout-flow wp-block-column-is-layout-flow\">\n<p>La Fundaci\u00f3n Joan Costa i Roma es miembro fundacional y actual coordinador de la Red por la Innovaci\u00f3n en Salud por Catalu\u00f1a (XisCat), que fomenta la I+D+iy la protecci\u00f3n y transferencia de los resultados derivados, a trav\u00e9s de la cooperaci\u00f3n entre los centros miembros de la red y con instituciones y empresas dedicadas al sector salud.<\/p>\n\n\n\n<div style=\"height:10px\" aria-hidden=\"true\" class=\"wp-block-spacer\"><\/div>\n\n\n\n<figure class=\"wp-block-image size-full is-resized\"><img loading=\"lazy\" decoding=\"async\" src=\"https:\/\/cst.cat\/wp-content\/uploads\/2021\/11\/logo-xiscat.png\" alt=\"\" class=\"wp-image-2239\" width=\"160\" height=\"60\"\/><\/figure><\/div>\n<\/div>\n\n<hr class=\"wp-block-separator has-css-opacity hr-projectes\"\/>\n\n<h2 class=\"has-text-color wp-block-heading\" style=\"color:#354060\"><strong><strong>CIMTI<\/strong><\/strong><\/h2>\n\n<div style=\"height:20px\" aria-hidden=\"true\" class=\"wp-block-spacer\"><\/div>\n\n<div class=\"wp-block-columns is-style-default is-layout-flex wp-container-core-columns-is-layout-9d6595d7 wp-block-columns-is-layout-flex\">\n<div class=\"wp-block-column is-layout-flow wp-block-column-is-layout-flow\">\n<div class=\"wp-block-buttons is-layout-flex wp-block-buttons-is-layout-flex\">\n<div class=\"wp-block-button has-custom-font-size is-style-button-blau has-small-font-size\"><a class=\"wp-block-button__link\" href=\"http:\/\/cimti.cat\/es\/\" target=\"_blank\" rel=\"noreferrer noopener\">Web Cimti<\/a><\/div>\n<\/div>\n<\/div>\n\n\n\n<div class=\"wp-block-column is-layout-flow wp-block-column-is-layout-flow\">\n<p>El Consorcio Sanitario de Terrassa recibe apoyo en proyectos innovadores del Centro para la Integraci\u00f3n de la Medicina y las Tecnolog\u00edas Innovadoras, cuyo objetivo es que las innovaciones sanitarias y sociales de alto impacto lleguen a la ciudadan\u00eda.<\/p>\n\n\n\n<div style=\"height:10px\" aria-hidden=\"true\" class=\"wp-block-spacer\"><\/div>\n\n\n\n<figure class=\"wp-block-image size-full is-resized\"><img loading=\"lazy\" decoding=\"async\" src=\"https:\/\/cst.cat\/wp-content\/uploads\/2021\/11\/logo-cimti.png\" alt=\"\" class=\"wp-image-2231\" width=\"195\" height=\"53\"\/><\/figure><\/div>\n<\/div>\n\n<hr class=\"wp-block-separator has-css-opacity hr-projectes\"\/>\n\n<h2 class=\"has-text-color wp-block-heading\" style=\"color:#354060\"><strong><strong>Healthcare Living Lab Catalonia<\/strong><\/strong><\/h2>\n\n<div style=\"height:20px\" aria-hidden=\"true\" class=\"wp-block-spacer\"><\/div>\n\n<div class=\"wp-block-columns is-style-default is-layout-flex wp-container-core-columns-is-layout-9d6595d7 wp-block-columns-is-layout-flex\">\n<div class=\"wp-block-column is-layout-flow wp-block-column-is-layout-flow\">\n<div class=\"wp-block-buttons is-layout-flex wp-block-buttons-is-layout-flex\">\n<div class=\"wp-block-button has-custom-font-size is-style-button-blau has-small-font-size\"><a class=\"wp-block-button__link\" href=\"https:\/\/healthcarelivinglab.cat\/\" target=\"_blank\" rel=\"noreferrer noopener\">Web Healthcare Living Lab Catalonia<\/a><\/div>\n<\/div>\n<\/div>\n\n\n\n<div class=\"wp-block-column is-layout-flow wp-block-column-is-layout-flow\">\n<p>Living Lab especializado en \u00e1reas de salud y social dise\u00f1ado para testar soluciones innovadoras en entornos reales con usuarios finales. El CST es miembro.<\/p>\n\n\n\n<div style=\"height:10px\" aria-hidden=\"true\" class=\"wp-block-spacer\"><\/div>\n\n\n\n<figure class=\"wp-block-image size-full\"><img loading=\"lazy\" decoding=\"async\" width=\"127\" height=\"79\" src=\"https:\/\/cst.cat\/wp-content\/uploads\/2021\/11\/logo-healthcare.png\" alt=\"\" class=\"wp-image-2235\"\/><\/figure><\/div>\n<\/div>\n\n<hr class=\"wp-block-separator has-css-opacity hr-projectes is-style-default\"\/>\n\n<h2 class=\"has-text-color wp-block-heading\" style=\"color:#354060\"><strong>Nodo ITEMAS Tablino<\/strong><\/h2>\n\n<div style=\"height:20px\" aria-hidden=\"true\" class=\"wp-block-spacer\"><\/div>\n\n<div class=\"wp-block-columns is-style-default is-layout-flex wp-container-core-columns-is-layout-9d6595d7 wp-block-columns-is-layout-flex\">\n<div class=\"wp-block-column is-layout-flow wp-block-column-is-layout-flow\">\n<div class=\"wp-block-buttons is-layout-flex wp-block-buttons-is-layout-flex\">\n<div class=\"wp-block-button has-custom-font-size is-style-button-blau has-small-font-size\"><a class=\"wp-block-button__link\" href=\"https:\/\/www.tauli.cat\/institut\/innovacio\/incubadora-node-tauli\/\" target=\"_blank\" rel=\"noreferrer noopener\">Nodo ITEMAS Tablino<\/a><\/div>\n<\/div>\n<\/div>\n\n\n\n<div class=\"wp-block-column is-layout-flow wp-block-column-is-layout-flow\">\n<p>La FJCR forma parte del Nodo ITEMAS coordinado por el Parc Taul\u00ed adherido a ITEMAS, pudiendo acceder a programas de apoyo, convocatorias competitivas espec\u00edficas y servicios de valorizaci\u00f3n de ideas y proyectos.<\/p>\n<\/div>\n<\/div>\n\n<hr class=\"wp-block-separator has-alpha-channel-opacity\"\/>\n\n<h2 class=\"has-text-color wp-block-heading\" style=\"color:#354060\"><strong>Hub iNexes<\/strong><\/h2>\n\n<div style=\"height:20px\" aria-hidden=\"true\" class=\"wp-block-spacer\"><\/div>\n\n<div class=\"wp-block-columns is-style-default is-layout-flex wp-container-core-columns-is-layout-9d6595d7 wp-block-columns-is-layout-flex\">\n<div class=\"wp-block-column is-layout-flow wp-block-column-is-layout-flow\">\n<div class=\"wp-block-buttons is-layout-flex wp-block-buttons-is-layout-flex\"><\/div>\n<\/div>\n\n\n\n<div class=\"wp-block-column is-layout-flow wp-block-column-is-layout-flow\">\n<p>El CST forma parte del Hub iNexes, impulsado por el Consorcio de Salud y Social de Catalu\u00f1a con el objetivo de establecer una red de colaboraci\u00f3n para promover el desarrollo y la escalabilidad de proyectos innovadores que tiene las siguientes finalidades:<\/p>\n\n\n\n<ul class=\"wp-block-list\"><li>Promover una comunidad de pr\u00e1ctica sobre innovaci\u00f3n con las organizaciones participantes.<\/li><li>Identificar necesidades conjuntas, promover proyectos colaborativos y buscar recursos para su ejecuci\u00f3n.<\/li><li>Impulsar la adopci\u00f3n de la innovaci\u00f3n as\u00ed como su escalabilidad.<\/li><\/ul><\/div>\n<\/div>\n\n<hr class=\"wp-block-separator has-css-opacity hr-projectes\"\/>\n\n<h2 class=\"has-text-color wp-block-heading\" style=\"color:#354060\"><strong><strong><strong><strong>Cl\u00faster del deporte (INDESCAT)<\/strong><\/strong><\/strong><\/strong><\/h2>\n\n<div style=\"height:20px\" aria-hidden=\"true\" class=\"wp-block-spacer\"><\/div>\n\n<div class=\"wp-block-columns is-style-default is-layout-flex wp-container-core-columns-is-layout-9d6595d7 wp-block-columns-is-layout-flex\">\n<div class=\"wp-block-column is-layout-flow wp-block-column-is-layout-flow\">\n<div class=\"wp-block-buttons is-layout-flex wp-block-buttons-is-layout-flex\">\n<div class=\"wp-block-button has-custom-font-size is-style-button-blau has-small-font-size\"><a class=\"wp-block-button__link\" href=\"https:\/\/www.indescat.org\/\" target=\"_blank\" rel=\"noreferrer noopener\">Web Indescat<\/a><\/div>\n<\/div>\n<\/div>\n\n\n\n<div class=\"wp-block-column is-layout-flow wp-block-column-is-layout-flow\">\n<p>Indescat aglutina a las empresas y entidades de todos los sectores vinculadas al mundo del deporte, con el objetivo de desarrollar acciones que mejoren la competitividad de estas empresas y tambi\u00e9n de todo su entorno. La adhesi\u00f3n de la FJCR a este cluster facilita el acceso a informaci\u00f3n actualizada y contactos con empresas del sector para impulsar proyectos colaborativos. <\/p>\n\n\n\n<div style=\"height:10px\" aria-hidden=\"true\" class=\"wp-block-spacer\"><\/div>\n\n\n\n<figure class=\"wp-block-image size-full is-resized\"><img loading=\"lazy\" decoding=\"async\" src=\"https:\/\/cst.cat\/wp-content\/uploads\/2021\/11\/logo-indescat.png\" alt=\"\" class=\"wp-image-2237\" width=\"224\" height=\"45\"\/><\/figure><\/div>\n<\/div>\n\n<hr class=\"wp-block-separator has-css-opacity hr-projectes\"\/>\n\n<h2 class=\"has-text-color wp-block-heading\" style=\"color:#354060\"><strong><strong><strong><strong><strong>Cl\u00faster de Salud Mental<\/strong><\/strong><\/strong><\/strong><\/strong><\/h2>\n\n<div style=\"height:20px\" aria-hidden=\"true\" class=\"wp-block-spacer\"><\/div>\n\n<div class=\"wp-block-columns is-style-default is-layout-flex wp-container-core-columns-is-layout-9d6595d7 wp-block-columns-is-layout-flex\">\n<div class=\"wp-block-column is-layout-flow wp-block-column-is-layout-flow\">\n<div class=\"wp-block-buttons is-layout-flex wp-block-buttons-is-layout-flex\">\n<div class=\"wp-block-button has-custom-font-size is-style-button-blau has-small-font-size\"><a class=\"wp-block-button__link\" href=\"https:\/\/clustersalutmental.com\/\" target=\"_blank\" rel=\"noreferrer noopener\">Web Cl\u00faster de Salud Mental<\/a><\/div>\n<\/div>\n<\/div>\n\n\n\n<div class=\"wp-block-column is-layout-flow wp-block-column-is-layout-flow\">\n<p>El Cl\u00faster Salut Mental Catalunya est\u00e1 formado por organizaciones que forman parte de la cadena de valor de la salud mental y las neurociencias. Trabaja para generar un ecosistema que promueva la salud mental de las personas.<\/p>\n\n\n\n<div style=\"height:10px\" aria-hidden=\"true\" class=\"wp-block-spacer\"><\/div>\n\n\n\n<figure class=\"wp-block-image size-full\"><img loading=\"lazy\" decoding=\"async\" width=\"113\" height=\"101\" src=\"https:\/\/cst.cat\/wp-content\/uploads\/2021\/11\/logo-cluster.png\" alt=\"\" class=\"wp-image-2233\"\/><\/figure><\/div>\n<\/div>\n\n<hr class=\"wp-block-separator has-alpha-channel-opacity\"\/>\n\n<h2 class=\"has-text-color wp-block-heading\" style=\"color:#354060\"><strong>i4Kids: Pediatric Innovation Hub<\/strong><\/h2>\n\n<div style=\"height:20px\" aria-hidden=\"true\" class=\"wp-block-spacer\"><\/div>\n\n<div class=\"wp-block-columns is-style-default is-layout-flex wp-container-core-columns-is-layout-9d6595d7 wp-block-columns-is-layout-flex\">\n<div class=\"wp-block-column is-layout-flow wp-block-column-is-layout-flow\">\n<div class=\"wp-block-buttons is-layout-flex wp-block-buttons-is-layout-flex\"><\/div>\n<\/div>\n\n\n\n<div class=\"wp-block-column is-layout-flow wp-block-column-is-layout-flow\">\n<p>Hub especializado en Innovaci\u00f3n pedi\u00e1trica y materna. Est\u00e1 formado por grupos de investigaci\u00f3n de 25 instituciones con inter\u00e9s por potenciar la investigaci\u00f3n y la innovaci\u00f3n pedi\u00e1trica. Ofrece medios t\u00e9cnicos, an\u00e1lisis y asesoramiento en aquellos proyectos de innovaci\u00f3n que puedan generar un impacto y cambio social en el \u00e1mbito de la pediatr\u00eda y la maternidad. <\/p>\n\n\n\n<div style=\"height:10px\" aria-hidden=\"true\" class=\"wp-block-spacer\"><\/div>\n<\/div>\n<\/div>\n\n<hr class=\"wp-block-separator has-alpha-channel-opacity\"\/>\n\n<h2 class=\"has-text-color wp-block-heading\" style=\"color:#354060\"><strong>Red TECSAM: Red de Innovaci\u00f3n e Investigaci\u00f3n en Salud Mental y Tecnolog\u00edas <\/strong><\/h2>\n\n<div style=\"height:20px\" aria-hidden=\"true\" class=\"wp-block-spacer\"><\/div>\n\n<div class=\"wp-block-columns is-style-default is-layout-flex wp-container-core-columns-is-layout-9d6595d7 wp-block-columns-is-layout-flex\">\n<div class=\"wp-block-column is-layout-flow wp-block-column-is-layout-flow\">\n<div class=\"wp-block-buttons is-layout-flex wp-block-buttons-is-layout-flex\"><\/div>\n<\/div>\n\n\n\n<div class=\"wp-block-column is-layout-flow wp-block-column-is-layout-flow\">\n<p>Los objetivos de la red TECSAM son mejorar los tratamientos y la calidad de vida de las personas con trastornos mentales, facilitar la llegada de los resultados de investigaci\u00f3n a la sociedad y generar sinergias entre los grupos de investigaci\u00f3n que forman parte y con la sociedad. Engloba 29 grupos de investigaci\u00f3n de 18 instituciones en I+D+i en Catalu\u00f1a (centros de investigaci\u00f3n, fundaciones, hospitales y universidades). <\/p>\n\n\n\n<div style=\"height:10px\" aria-hidden=\"true\" class=\"wp-block-spacer\"><\/div>\n<\/div>\n<\/div>\n","protected":false},"excerpt":{"rendered":"<p>Redes y alianzas El CST, as\u00ed como la FJCR, ha establecido alianzas y forma parte de redes con el objetivo de sumar capacidades, generar sinergias o complementarse con otras entidades del ecosistema de investigaci\u00f3n e innovaci\u00f3n con el fin de promover la generaci\u00f3n de actividades y proyectos de investigaci\u00f3n y\/o innovaci\u00f3n. En la actualidad, tiene [&hellip;]<\/p>\n","protected":false},"author":2,"featured_media":0,"parent":8798,"menu_order":5,"comment_status":"closed","ping_status":"closed","template":"page-templates\/pagina-menu-lateral.php","meta":{"_acf_changed":false,"footnotes":""},"class_list":["post-8835","page","type-page","status-publish","hentry"],"acf":[],"yoast_head":"<!-- This site is optimized with the Yoast SEO plugin v27.2 - https:\/\/yoast.com\/product\/yoast-seo-wordpress\/ -->\n<title>Redes y alianzas - CST<\/title>\n<meta name=\"robots\" content=\"index, follow, max-snippet:-1, max-image-preview:large, max-video-preview:-1\" \/>\n<link rel=\"canonical\" href=\"https:\/\/cst.cat\/es\/investigacion-e-innovacion\/redes-y-alianzas\/\" \/>\n<meta property=\"og:locale\" content=\"es_ES\" \/>\n<meta property=\"og:type\" content=\"article\" \/>\n<meta property=\"og:title\" content=\"Redes y alianzas - CST\" \/>\n<meta property=\"og:description\" content=\"Redes y alianzas El CST, as\u00ed como la FJCR, ha establecido alianzas y forma parte de redes con el objetivo de sumar capacidades, generar sinergias o complementarse con otras entidades del ecosistema de investigaci\u00f3n e innovaci\u00f3n con el fin de promover la generaci\u00f3n de actividades y proyectos de investigaci\u00f3n y\/o innovaci\u00f3n. En la actualidad, tiene [&hellip;]\" \/>\n<meta property=\"og:url\" content=\"https:\/\/cst.cat\/es\/investigacion-e-innovacion\/redes-y-alianzas\/\" \/>\n<meta property=\"og:site_name\" content=\"CST\" \/>\n<meta property=\"article:modified_time\" content=\"2022-06-10T09:36:15+00:00\" \/>\n<meta property=\"og:image\" content=\"https:\/\/cst.cat\/wp-content\/uploads\/2021\/11\/logo-xiscat.png\" \/>\n<meta name=\"twitter:card\" content=\"summary_large_image\" \/>\n<meta name=\"twitter:label1\" content=\"Tiempo de lectura\" \/>\n\t<meta name=\"twitter:data1\" content=\"3 minutos\" \/>\n<script type=\"application\/ld+json\" class=\"yoast-schema-graph\">{\"@context\":\"https:\/\/schema.org\",\"@graph\":[{\"@type\":\"WebPage\",\"@id\":\"https:\/\/cst.cat\/es\/investigacion-e-innovacion\/redes-y-alianzas\/\",\"url\":\"https:\/\/cst.cat\/es\/investigacion-e-innovacion\/redes-y-alianzas\/\",\"name\":\"Redes y alianzas - CST\",\"isPartOf\":{\"@id\":\"https:\/\/cst.cat\/es\/#website\"},\"primaryImageOfPage\":{\"@id\":\"https:\/\/cst.cat\/es\/investigacion-e-innovacion\/redes-y-alianzas\/#primaryimage\"},\"image\":{\"@id\":\"https:\/\/cst.cat\/es\/investigacion-e-innovacion\/redes-y-alianzas\/#primaryimage\"},\"thumbnailUrl\":\"https:\/\/cst.cat\/wp-content\/uploads\/2021\/11\/logo-xiscat.png\",\"datePublished\":\"2022-03-08T08:49:27+00:00\",\"dateModified\":\"2022-06-10T09:36:15+00:00\",\"breadcrumb\":{\"@id\":\"https:\/\/cst.cat\/es\/investigacion-e-innovacion\/redes-y-alianzas\/#breadcrumb\"},\"inLanguage\":\"es\",\"potentialAction\":[{\"@type\":\"ReadAction\",\"target\":[\"https:\/\/cst.cat\/es\/investigacion-e-innovacion\/redes-y-alianzas\/\"]}]},{\"@type\":\"ImageObject\",\"inLanguage\":\"es\",\"@id\":\"https:\/\/cst.cat\/es\/investigacion-e-innovacion\/redes-y-alianzas\/#primaryimage\",\"url\":\"https:\/\/cst.cat\/wp-content\/uploads\/2021\/11\/logo-xiscat.png\",\"contentUrl\":\"https:\/\/cst.cat\/wp-content\/uploads\/2021\/11\/logo-xiscat.png\"},{\"@type\":\"BreadcrumbList\",\"@id\":\"https:\/\/cst.cat\/es\/investigacion-e-innovacion\/redes-y-alianzas\/#breadcrumb\",\"itemListElement\":[{\"@type\":\"ListItem\",\"position\":1,\"name\":\"Inici\",\"item\":\"https:\/\/cst.cat\/es\/\"},{\"@type\":\"ListItem\",\"position\":2,\"name\":\"Investigaci\u00f3n e Innovaci\u00f3n\",\"item\":\"https:\/\/cst.cat\/es\/investigacion-e-innovacion\/\"},{\"@type\":\"ListItem\",\"position\":3,\"name\":\"Redes y alianzas\"}]},{\"@type\":\"WebSite\",\"@id\":\"https:\/\/cst.cat\/es\/#website\",\"url\":\"https:\/\/cst.cat\/es\/\",\"name\":\"CST\",\"description\":\"\",\"publisher\":{\"@id\":\"https:\/\/cst.cat\/es\/#organization\"},\"potentialAction\":[{\"@type\":\"SearchAction\",\"target\":{\"@type\":\"EntryPoint\",\"urlTemplate\":\"https:\/\/cst.cat\/es\/?s={search_term_string}\"},\"query-input\":{\"@type\":\"PropertyValueSpecification\",\"valueRequired\":true,\"valueName\":\"search_term_string\"}}],\"inLanguage\":\"es\"},{\"@type\":\"Organization\",\"@id\":\"https:\/\/cst.cat\/es\/#organization\",\"name\":\"Consorci Sanitari de Terrassa\",\"url\":\"https:\/\/cst.cat\/es\/\",\"logo\":{\"@type\":\"ImageObject\",\"inLanguage\":\"es\",\"@id\":\"https:\/\/cst.cat\/es\/#\/schema\/logo\/image\/\",\"url\":\"https:\/\/cst.cat\/wp-content\/uploads\/2021\/09\/logo-header.svg\",\"contentUrl\":\"https:\/\/cst.cat\/wp-content\/uploads\/2021\/09\/logo-header.svg\",\"width\":90,\"height\":32,\"caption\":\"Consorci Sanitari de Terrassa\"},\"image\":{\"@id\":\"https:\/\/cst.cat\/es\/#\/schema\/logo\/image\/\"}}]}<\/script>\n<!-- \/ Yoast SEO plugin. -->","yoast_head_json":{"title":"Redes y alianzas - CST","robots":{"index":"index","follow":"follow","max-snippet":"max-snippet:-1","max-image-preview":"max-image-preview:large","max-video-preview":"max-video-preview:-1"},"canonical":"https:\/\/cst.cat\/es\/investigacion-e-innovacion\/redes-y-alianzas\/","og_locale":"es_ES","og_type":"article","og_title":"Redes y alianzas - CST","og_description":"Redes y alianzas El CST, as\u00ed como la FJCR, ha establecido alianzas y forma parte de redes con el objetivo de sumar capacidades, generar sinergias o complementarse con otras entidades del ecosistema de investigaci\u00f3n e innovaci\u00f3n con el fin de promover la generaci\u00f3n de actividades y proyectos de investigaci\u00f3n y\/o innovaci\u00f3n. En la actualidad, tiene [&hellip;]","og_url":"https:\/\/cst.cat\/es\/investigacion-e-innovacion\/redes-y-alianzas\/","og_site_name":"CST","article_modified_time":"2022-06-10T09:36:15+00:00","og_image":[{"url":"https:\/\/cst.cat\/wp-content\/uploads\/2021\/11\/logo-xiscat.png","type":"","width":"","height":""}],"twitter_card":"summary_large_image","twitter_misc":{"Tiempo de lectura":"3 minutos"},"schema":{"@context":"https:\/\/schema.org","@graph":[{"@type":"WebPage","@id":"https:\/\/cst.cat\/es\/investigacion-e-innovacion\/redes-y-alianzas\/","url":"https:\/\/cst.cat\/es\/investigacion-e-innovacion\/redes-y-alianzas\/","name":"Redes y alianzas - CST","isPartOf":{"@id":"https:\/\/cst.cat\/es\/#website"},"primaryImageOfPage":{"@id":"https:\/\/cst.cat\/es\/investigacion-e-innovacion\/redes-y-alianzas\/#primaryimage"},"image":{"@id":"https:\/\/cst.cat\/es\/investigacion-e-innovacion\/redes-y-alianzas\/#primaryimage"},"thumbnailUrl":"https:\/\/cst.cat\/wp-content\/uploads\/2021\/11\/logo-xiscat.png","datePublished":"2022-03-08T08:49:27+00:00","dateModified":"2022-06-10T09:36:15+00:00","breadcrumb":{"@id":"https:\/\/cst.cat\/es\/investigacion-e-innovacion\/redes-y-alianzas\/#breadcrumb"},"inLanguage":"es","potentialAction":[{"@type":"ReadAction","target":["https:\/\/cst.cat\/es\/investigacion-e-innovacion\/redes-y-alianzas\/"]}]},{"@type":"ImageObject","inLanguage":"es","@id":"https:\/\/cst.cat\/es\/investigacion-e-innovacion\/redes-y-alianzas\/#primaryimage","url":"https:\/\/cst.cat\/wp-content\/uploads\/2021\/11\/logo-xiscat.png","contentUrl":"https:\/\/cst.cat\/wp-content\/uploads\/2021\/11\/logo-xiscat.png"},{"@type":"BreadcrumbList","@id":"https:\/\/cst.cat\/es\/investigacion-e-innovacion\/redes-y-alianzas\/#breadcrumb","itemListElement":[{"@type":"ListItem","position":1,"name":"Inici","item":"https:\/\/cst.cat\/es\/"},{"@type":"ListItem","position":2,"name":"Investigaci\u00f3n e Innovaci\u00f3n","item":"https:\/\/cst.cat\/es\/investigacion-e-innovacion\/"},{"@type":"ListItem","position":3,"name":"Redes y alianzas"}]},{"@type":"WebSite","@id":"https:\/\/cst.cat\/es\/#website","url":"https:\/\/cst.cat\/es\/","name":"CST","description":"","publisher":{"@id":"https:\/\/cst.cat\/es\/#organization"},"potentialAction":[{"@type":"SearchAction","target":{"@type":"EntryPoint","urlTemplate":"https:\/\/cst.cat\/es\/?s={search_term_string}"},"query-input":{"@type":"PropertyValueSpecification","valueRequired":true,"valueName":"search_term_string"}}],"inLanguage":"es"},{"@type":"Organization","@id":"https:\/\/cst.cat\/es\/#organization","name":"Consorci Sanitari de Terrassa","url":"https:\/\/cst.cat\/es\/","logo":{"@type":"ImageObject","inLanguage":"es","@id":"https:\/\/cst.cat\/es\/#\/schema\/logo\/image\/","url":"https:\/\/cst.cat\/wp-content\/uploads\/2021\/09\/logo-header.svg","contentUrl":"https:\/\/cst.cat\/wp-content\/uploads\/2021\/09\/logo-header.svg","width":90,"height":32,"caption":"Consorci Sanitari de Terrassa"},"image":{"@id":"https:\/\/cst.cat\/es\/#\/schema\/logo\/image\/"}}]}},"_links":{"self":[{"href":"https:\/\/cst.cat\/es\/wp-json\/wp\/v2\/pages\/8835","targetHints":{"allow":["GET"]}}],"collection":[{"href":"https:\/\/cst.cat\/es\/wp-json\/wp\/v2\/pages"}],"about":[{"href":"https:\/\/cst.cat\/es\/wp-json\/wp\/v2\/types\/page"}],"author":[{"embeddable":true,"href":"https:\/\/cst.cat\/es\/wp-json\/wp\/v2\/users\/2"}],"replies":[{"embeddable":true,"href":"https:\/\/cst.cat\/es\/wp-json\/wp\/v2\/comments?post=8835"}],"version-history":[{"count":0,"href":"https:\/\/cst.cat\/es\/wp-json\/wp\/v2\/pages\/8835\/revisions"}],"up":[{"embeddable":true,"href":"https:\/\/cst.cat\/es\/wp-json\/wp\/v2\/pages\/8798"}],"wp:attachment":[{"href":"https:\/\/cst.cat\/es\/wp-json\/wp\/v2\/media?parent=8835"}],"curies":[{"name":"wp","href":"https:\/\/api.w.org\/{rel}","templated":true}]}}