{"id":8862,"date":"2022-03-08T09:49:33","date_gmt":"2022-03-08T08:49:33","guid":{"rendered":"https:\/\/cst.cat\/recomendaciones-y-consejos\/rhb-cervicales\/higiene-postural-cervicales\/"},"modified":"2022-03-15T13:49:37","modified_gmt":"2022-03-15T12:49:37","slug":"higiene-postural-cervicales","status":"publish","type":"page","link":"https:\/\/cst.cat\/es\/informacion-y-preguntas-frecuentes\/informacion\/rhb-cervicales\/higiene-postural-cervicales\/","title":{"rendered":"Higiene postural Cervicales"},"content":{"rendered":"\n<h1 class=\"wp-block-heading\"><strong><span style=\"color:#353f60\" class=\"has-inline-color\">Higiene postural<\/span><\/strong><\/h1>\n\n<div style=\"height:23px\" aria-hidden=\"true\" class=\"wp-block-spacer\"><\/div>\n\n<hr class=\"wp-block-separator\"\/>\n\n<h2 class=\"wp-block-heading\"><strong><span style=\"color:#353f60\" class=\"has-inline-color\">Normas aplicables en la columna<\/span><\/strong><\/h2>\n\n<div style=\"height:23px\" aria-hidden=\"true\" class=\"wp-block-spacer\"><\/div>\n\n<div class=\"wp-block-columns is-layout-flex wp-container-core-columns-is-layout-9d6595d7 wp-block-columns-is-layout-flex\">\n<div class=\"wp-block-column is-layout-flow wp-block-column-is-layout-flow\" style=\"flex-basis:100%\">\n<div class=\"wp-block-columns is-layout-flex wp-container-core-columns-is-layout-9d6595d7 wp-block-columns-is-layout-flex\">\n<div class=\"wp-block-column is-layout-flow wp-block-column-is-layout-flow\" style=\"flex-basis:100%\">\n<div class=\"wp-block-columns is-layout-flex wp-container-core-columns-is-layout-9d6595d7 wp-block-columns-is-layout-flex\">\n<div class=\"wp-block-column is-layout-flow wp-block-column-is-layout-flow\">\n<figure class=\"wp-block-image size-full\"><img loading=\"lazy\" decoding=\"async\" width=\"471\" height=\"253\" src=\"https:\/\/cst.cat\/wp-content\/uploads\/2021\/12\/higiene-postural-1.png\" alt=\"\" class=\"wp-image-4212\"\/><\/figure><\/div>\n\n\n\n<div class=\"wp-block-column is-layout-flow wp-block-column-is-layout-flow\">\n<p style=\"font-size:14px\">Dormir boca arriba, con una almohada bajo las rodillas o bajo la espalda, o bien de lado, con las rodillas flexionadas. Para levantarse de la cama p\u00f3ngase de lado, deje las piernas colgando y Ay\u00fadense con los brazos para impulsarse.<\/p>\n<\/div>\n<\/div>\n<\/div>\n<\/div>\n<\/div>\n<\/div>\n\n<div class=\"wp-block-group\"><div class=\"wp-block-group__inner-container is-layout-flow wp-block-group-is-layout-flow\">\n<div class=\"wp-block-columns is-layout-flex wp-container-core-columns-is-layout-9d6595d7 wp-block-columns-is-layout-flex\">\n<div class=\"wp-block-column is-layout-flow wp-block-column-is-layout-flow\">\n<figure class=\"wp-block-image size-full\"><img loading=\"lazy\" decoding=\"async\" width=\"471\" height=\"253\" src=\"https:\/\/cst.cat\/wp-content\/uploads\/2021\/12\/higiene-postural-2.png\" alt=\"\" class=\"wp-image-4214\"\/><\/figure><\/div>\n\n\n\n<div class=\"wp-block-column is-layout-flow wp-block-column-is-layout-flow\">\n<p style=\"font-size:14px\">Cuando conduzca, Utilice como firmemente contra el asiento. Mantenga la espalda recta y no descanse el peso del cuerpo sobre la columna. Para entrar en el veh\u00edculo, primero si\u00e9ntese y despu\u00e9s introduzca los pies.<\/p>\n<\/div>\n<\/div>\n<\/div><\/div>\n\n<div class=\"wp-block-group\"><div class=\"wp-block-group__inner-container is-layout-flow wp-block-group-is-layout-flow\">\n<div class=\"wp-block-columns is-layout-flex wp-container-core-columns-is-layout-9d6595d7 wp-block-columns-is-layout-flex\">\n<div class=\"wp-block-column is-layout-flow wp-block-column-is-layout-flow\">\n<figure class=\"wp-block-image size-full\"><img loading=\"lazy\" decoding=\"async\" width=\"471\" height=\"253\" src=\"https:\/\/cst.cat\/wp-content\/uploads\/2021\/12\/higiene-postural-3.png\" alt=\"\" class=\"wp-image-4216\"\/><\/figure><\/div>\n\n\n\n<div class=\"wp-block-column is-layout-flow wp-block-column-is-layout-flow\">\n<p style=\"font-size:14px\">Evite doblar la espalda hacia adelante. Debe sentarse en sillas de oficina para no tener que torcer la columna. La silla debe tener respaldo graduable. Adem\u00e1s deber\u00eda haber una barra de apoyo para los pies debajo de la mesa.<\/p>\n<\/div>\n<\/div>\n<\/div><\/div>\n\n<div class=\"wp-block-group\"><div class=\"wp-block-group__inner-container is-layout-flow wp-block-group-is-layout-flow\">\n<div class=\"wp-block-columns is-layout-flex wp-container-core-columns-is-layout-9d6595d7 wp-block-columns-is-layout-flex\">\n<div class=\"wp-block-column is-layout-flow wp-block-column-is-layout-flow\">\n<figure class=\"wp-block-image size-full\"><img loading=\"lazy\" decoding=\"async\" width=\"471\" height=\"253\" src=\"https:\/\/cst.cat\/wp-content\/uploads\/2021\/12\/higiene-postural-42.png\" alt=\"\" class=\"wp-image-4247\"\/><\/figure><\/div>\n\n\n\n<div class=\"wp-block-column is-layout-flow wp-block-column-is-layout-flow\">\n<p style=\"font-size:14px\">Intente no poner una pierna sobre la otra. El soporte del asentamiento debe estar bien acolchado y reclinado hacia atr\u00e1s facilitando la estabilidad del cuerpo. La espalda debe estar firmemente apoyada. Las rodillas deben estar m\u00e1s altas que las caderas. Los pies deben llegar del todo al suelo, en caso necesario, podr\u00e1 a\u00f1adir al asiento alg\u00fan accesorio para facilitarlo.<\/p>\n<\/div>\n<\/div>\n<\/div><\/div>\n\n<div class=\"wp-block-group\"><div class=\"wp-block-group__inner-container is-layout-flow wp-block-group-is-layout-flow\">\n<div class=\"wp-block-columns is-layout-flex wp-container-core-columns-is-layout-9d6595d7 wp-block-columns-is-layout-flex\">\n<div class=\"wp-block-column is-layout-flow wp-block-column-is-layout-flow\">\n<figure class=\"wp-block-image size-full\"><img loading=\"lazy\" decoding=\"async\" width=\"471\" height=\"253\" src=\"https:\/\/cst.cat\/wp-content\/uploads\/2021\/12\/higiene-postural-4.png\" alt=\"\" class=\"wp-image-4218\"\/><\/figure><\/div>\n\n\n\n<div class=\"wp-block-column is-layout-flow wp-block-column-is-layout-flow\">\n<p style=\"font-size:14px\">Vaya a la silla; sin girar el tronco, flexione las rodillas y con el cuerpo y la cabeza incline hacia adelante, si\u00e9ntese.<\/p>\n<\/div>\n<\/div>\n<\/div><\/div>\n\n<div class=\"wp-block-group\"><div class=\"wp-block-group__inner-container is-layout-flow wp-block-group-is-layout-flow\">\n<div class=\"wp-block-columns is-layout-flex wp-container-core-columns-is-layout-9d6595d7 wp-block-columns-is-layout-flex\">\n<div class=\"wp-block-column is-layout-flow wp-block-column-is-layout-flow\">\n<figure class=\"wp-block-image size-full\"><img loading=\"lazy\" decoding=\"async\" width=\"471\" height=\"253\" src=\"https:\/\/cst.cat\/wp-content\/uploads\/2021\/12\/higiene-postural-6.png\" alt=\"\" class=\"wp-image-4220\"\/><\/figure><\/div>\n\n\n\n<div class=\"wp-block-column is-layout-flow wp-block-column-is-layout-flow\">\n<p style=\"font-size:14px\">Para levantarse, se incline el cuerpo hacia adelante, apoye las manos en los muslos mientras extiende las rodillas.<\/p>\n<\/div>\n<\/div>\n<\/div><\/div>\n\n<div class=\"wp-block-group\"><div class=\"wp-block-group__inner-container is-layout-flow wp-block-group-is-layout-flow\">\n<div class=\"wp-block-columns is-layout-flex wp-container-core-columns-is-layout-9d6595d7 wp-block-columns-is-layout-flex\">\n<div class=\"wp-block-column is-layout-flow wp-block-column-is-layout-flow\">\n<figure class=\"wp-block-image size-full\"><img loading=\"lazy\" decoding=\"async\" width=\"471\" height=\"253\" src=\"https:\/\/cst.cat\/wp-content\/uploads\/2021\/12\/higiene-postural-7.png\" alt=\"\" class=\"wp-image-4222\"\/><\/figure><\/div>\n\n\n\n<div class=\"wp-block-column is-layout-flow wp-block-column-is-layout-flow\">\n<p style=\"font-size:14px\">Mantenga un pie alto mientras realiza tareas de pie; vaya altern\u00e1ndolos.<\/p>\n<\/div>\n<\/div>\n<\/div><\/div>\n\n<div class=\"wp-block-group\"><div class=\"wp-block-group__inner-container is-layout-flow wp-block-group-is-layout-flow\">\n<div class=\"wp-block-columns is-layout-flex wp-container-core-columns-is-layout-9d6595d7 wp-block-columns-is-layout-flex\">\n<div class=\"wp-block-column is-layout-flow wp-block-column-is-layout-flow\">\n<figure class=\"wp-block-image size-full\"><img loading=\"lazy\" decoding=\"async\" width=\"471\" height=\"253\" src=\"https:\/\/cst.cat\/wp-content\/uploads\/2021\/12\/higiene-postural-8.png\" alt=\"\" class=\"wp-image-4228\"\/><\/figure><\/div>\n\n\n\n<div class=\"wp-block-column is-layout-flow wp-block-column-is-layout-flow\">\n<p style=\"font-size:14px\">Llevar el peso repartido de forma equilibrada. Es mejor llevar dos objetos m\u00e1s peque\u00f1os que uno solo, grande y pesado.<\/p>\n<\/div>\n<\/div>\n<\/div><\/div>\n\n<div class=\"wp-block-group\"><div class=\"wp-block-group__inner-container is-layout-flow wp-block-group-is-layout-flow\">\n<div class=\"wp-block-columns is-layout-flex wp-container-core-columns-is-layout-9d6595d7 wp-block-columns-is-layout-flex\">\n<div class=\"wp-block-column is-layout-flow wp-block-column-is-layout-flow\">\n<figure class=\"wp-block-image size-full\"><img loading=\"lazy\" decoding=\"async\" width=\"471\" height=\"253\" src=\"https:\/\/cst.cat\/wp-content\/uploads\/2021\/12\/higiene-postural-9.png\" alt=\"\" class=\"wp-image-4230\"\/><\/figure><\/div>\n\n\n\n<div class=\"wp-block-column is-layout-flow wp-block-column-is-layout-flow\">\n<p style=\"font-size:14px\">Mantenga una postura correcta cuando est\u00e9 de pie y cuando camine.<\/p>\n<\/div>\n<\/div>\n<\/div><\/div>\n\n<div class=\"wp-block-group\"><div class=\"wp-block-group__inner-container is-layout-flow wp-block-group-is-layout-flow\">\n<div class=\"wp-block-columns is-layout-flex wp-container-core-columns-is-layout-9d6595d7 wp-block-columns-is-layout-flex\">\n<div class=\"wp-block-column is-layout-flow wp-block-column-is-layout-flow\">\n<figure class=\"wp-block-image size-full\"><img loading=\"lazy\" decoding=\"async\" width=\"471\" height=\"253\" src=\"https:\/\/cst.cat\/wp-content\/uploads\/2021\/12\/higiene-postural-10.png\" alt=\"\" class=\"wp-image-4233\"\/><\/figure><\/div>\n\n\n\n<div class=\"wp-block-column is-layout-flow wp-block-column-is-layout-flow\">\n<p style=\"font-size:14px\">Si tiene que coger un objeto, h\u00e1galo tomando lo mismo de cara, flexionando las rodillas en lugar de la cintura, y sin doblar o torcer la espalda.<\/p>\n<\/div>\n<\/div>\n<\/div><\/div>\n\n<div class=\"wp-block-group\"><div class=\"wp-block-group__inner-container is-layout-flow wp-block-group-is-layout-flow\">\n<div class=\"wp-block-columns is-layout-flex wp-container-core-columns-is-layout-9d6595d7 wp-block-columns-is-layout-flex\">\n<div class=\"wp-block-column is-layout-flow wp-block-column-is-layout-flow\">\n<figure class=\"wp-block-image size-full\"><img loading=\"lazy\" decoding=\"async\" width=\"471\" height=\"253\" src=\"https:\/\/cst.cat\/wp-content\/uploads\/2021\/12\/higiene-postural-11.png\" alt=\"\" class=\"wp-image-4235\"\/><\/figure><\/div>\n\n\n\n<div class=\"wp-block-column is-layout-flow wp-block-column-is-layout-flow\">\n<p style=\"font-size:14px\">Lleve los objetos manteni\u00e9ndolos tan cerca del cuerpo como sea posible y ll\u00e9velo a la altura del ombligo.<\/p>\n<\/div>\n<\/div>\n<\/div><\/div>\n\n<div class=\"wp-block-group\"><div class=\"wp-block-group__inner-container is-layout-flow wp-block-group-is-layout-flow\">\n<div class=\"wp-block-columns is-layout-flex wp-container-core-columns-is-layout-9d6595d7 wp-block-columns-is-layout-flex\">\n<div class=\"wp-block-column is-layout-flow wp-block-column-is-layout-flow\">\n<figure class=\"wp-block-image size-full\"><img loading=\"lazy\" decoding=\"async\" width=\"471\" height=\"253\" src=\"https:\/\/cst.cat\/wp-content\/uploads\/2021\/12\/higiene-postural-12.png\" alt=\"\" class=\"wp-image-4237\"\/><\/figure><\/div>\n\n\n\n<div class=\"wp-block-column is-layout-flow wp-block-column-is-layout-flow\">\n<p style=\"font-size:14px\">Para inclinarse hacia delante, es conveniente flexionar las rodillas.<\/p>\n<\/div>\n<\/div>\n<\/div><\/div>\n\n<div class=\"wp-block-group\"><div class=\"wp-block-group__inner-container is-layout-flow wp-block-group-is-layout-flow\">\n<div class=\"wp-block-columns is-layout-flex wp-container-core-columns-is-layout-9d6595d7 wp-block-columns-is-layout-flex\">\n<div class=\"wp-block-column is-layout-flow wp-block-column-is-layout-flow\">\n<figure class=\"wp-block-image size-full\"><img loading=\"lazy\" decoding=\"async\" width=\"471\" height=\"253\" src=\"https:\/\/cst.cat\/wp-content\/uploads\/2021\/12\/higiene-postural-13.png\" alt=\"\" class=\"wp-image-4239\"\/><\/figure><\/div>\n\n\n\n<div class=\"wp-block-column is-layout-flow wp-block-column-is-layout-flow\">\n<p style=\"font-size:14px\">Mant\u00e9ngase siempre de cara al objeto que est\u00e9 utilizando, en el trabajo, en la tarea que est\u00e9 realizando, etc. Evitar rotaciones.<\/p>\n<\/div>\n<\/div>\n<\/div><\/div>\n\n<div class=\"wp-block-group\"><div class=\"wp-block-group__inner-container is-layout-flow wp-block-group-is-layout-flow\">\n<div class=\"wp-block-columns is-layout-flex wp-container-core-columns-is-layout-9d6595d7 wp-block-columns-is-layout-flex\">\n<div class=\"wp-block-column is-layout-flow wp-block-column-is-layout-flow\">\n<figure class=\"wp-block-image size-full\"><img loading=\"lazy\" decoding=\"async\" width=\"471\" height=\"253\" src=\"https:\/\/cst.cat\/wp-content\/uploads\/2021\/12\/higiene-postural-14.png\" alt=\"\" class=\"wp-image-4241\"\/><\/figure><\/div>\n\n\n\n<div class=\"wp-block-column is-layout-flow wp-block-column-is-layout-flow\">\n<p style=\"font-size:14px\">Utilice, un taburete o escalera para llegar a objetos altos.<\/p>\n<\/div>\n<\/div>\n<\/div><\/div>\n\n<div class=\"wp-block-group\"><div class=\"wp-block-group__inner-container is-layout-flow wp-block-group-is-layout-flow\">\n<div class=\"wp-block-columns is-layout-flex wp-container-core-columns-is-layout-9d6595d7 wp-block-columns-is-layout-flex\">\n<div class=\"wp-block-column is-layout-flow wp-block-column-is-layout-flow\">\n<figure class=\"wp-block-image size-full\"><img loading=\"lazy\" decoding=\"async\" width=\"471\" height=\"253\" src=\"https:\/\/cst.cat\/wp-content\/uploads\/2021\/12\/higiene-postural-15.png\" alt=\"\" class=\"wp-image-4243\"\/><\/figure>\n\n\n<figure class=\"wp-block-image size-full\"><img loading=\"lazy\" decoding=\"async\" width=\"471\" height=\"253\" src=\"https:\/\/cst.cat\/wp-content\/uploads\/2021\/12\/higiene-postural-16.png\" alt=\"\" class=\"wp-image-4245\"\/><\/figure><\/div>\n\n\n\n<div class=\"wp-block-column is-layout-flow wp-block-column-is-layout-flow\">\n<p style=\"font-size:14px\">Para trasladar objetos es preferible empujar aprovechando el peso de su cuerpo o apoy\u00e1ndose con la espalda.<\/p>\n<\/div>\n<\/div>\n<\/div><\/div>\n\n<figure class=\"wp-block-image size-full is-resized\"><a href=\"https:\/\/www.salutimes.cat\/\" target=\"_blank\" rel=\"noopener\"><img loading=\"lazy\" decoding=\"async\" src=\"https:\/\/cst.cat\/wp-content\/uploads\/2021\/11\/LOGOCST-web.jpeg\" alt=\"\" class=\"wp-image-2672\" width=\"140\" height=\"56\"\/><\/a><\/figure>","protected":false},"excerpt":{"rendered":"<p>Higiene postural Normas aplicables en la columna Dormir boca arriba, con una almohada bajo las rodillas o bajo la espalda, o bien de lado, con las rodillas flexionadas. Para levantarse de la cama p\u00f3ngase de lado, deje las piernas colgando y Ay\u00fadense con los brazos para impulsarse. Cuando conduzca, Utilice como firmemente contra el asiento. [&hellip;]<\/p>\n","protected":false},"author":2,"featured_media":2594,"parent":8850,"menu_order":0,"comment_status":"closed","ping_status":"closed","template":"page-templates\/pagina-menu-lateral.php","meta":{"_acf_changed":false,"footnotes":""},"class_list":["post-8862","page","type-page","status-publish","has-post-thumbnail","hentry"],"acf":[],"yoast_head":"<!-- This site is optimized with the Yoast SEO plugin v27.2 - https:\/\/yoast.com\/product\/yoast-seo-wordpress\/ -->\n<title>Higiene postural Cervicales - CST<\/title>\n<meta name=\"robots\" content=\"index, follow, max-snippet:-1, max-image-preview:large, max-video-preview:-1\" \/>\n<link rel=\"canonical\" href=\"https:\/\/cst.cat\/es\/informacion-y-preguntas-frecuentes\/informacion\/rhb-cervicales\/higiene-postural-cervicales\/\" \/>\n<meta property=\"og:locale\" content=\"es_ES\" \/>\n<meta property=\"og:type\" content=\"article\" \/>\n<meta property=\"og:title\" content=\"Higiene postural Cervicales - CST\" \/>\n<meta property=\"og:description\" content=\"Higiene postural Normas aplicables en la columna Dormir boca arriba, con una almohada bajo las rodillas o bajo la espalda, o bien de lado, con las rodillas flexionadas. Para levantarse de la cama p\u00f3ngase de lado, deje las piernas colgando y Ay\u00fadense con los brazos para impulsarse. Cuando conduzca, Utilice como firmemente contra el asiento. [&hellip;]\" \/>\n<meta property=\"og:url\" content=\"https:\/\/cst.cat\/es\/informacion-y-preguntas-frecuentes\/informacion\/rhb-cervicales\/higiene-postural-cervicales\/\" \/>\n<meta property=\"og:site_name\" content=\"CST\" \/>\n<meta property=\"article:modified_time\" content=\"2022-03-15T12:49:37+00:00\" \/>\n<meta property=\"og:image\" content=\"https:\/\/cst.cat\/wp-content\/uploads\/2021\/11\/rehab-espatlla.jpg\" \/>\n\t<meta property=\"og:image:width\" content=\"1600\" \/>\n\t<meta property=\"og:image:height\" content=\"293\" \/>\n\t<meta property=\"og:image:type\" content=\"image\/jpeg\" \/>\n<meta name=\"twitter:card\" content=\"summary_large_image\" \/>\n<meta name=\"twitter:label1\" content=\"Tiempo de lectura\" \/>\n\t<meta name=\"twitter:data1\" content=\"2 minutos\" \/>\n<script type=\"application\/ld+json\" class=\"yoast-schema-graph\">{\"@context\":\"https:\/\/schema.org\",\"@graph\":[{\"@type\":\"WebPage\",\"@id\":\"https:\/\/cst.cat\/es\/informacion-y-preguntas-frecuentes\/informacion\/rhb-cervicales\/higiene-postural-cervicales\/\",\"url\":\"https:\/\/cst.cat\/es\/informacion-y-preguntas-frecuentes\/informacion\/rhb-cervicales\/higiene-postural-cervicales\/\",\"name\":\"Higiene postural Cervicales - CST\",\"isPartOf\":{\"@id\":\"https:\/\/cst.cat\/es\/#website\"},\"primaryImageOfPage\":{\"@id\":\"https:\/\/cst.cat\/es\/informacion-y-preguntas-frecuentes\/informacion\/rhb-cervicales\/higiene-postural-cervicales\/#primaryimage\"},\"image\":{\"@id\":\"https:\/\/cst.cat\/es\/informacion-y-preguntas-frecuentes\/informacion\/rhb-cervicales\/higiene-postural-cervicales\/#primaryimage\"},\"thumbnailUrl\":\"https:\/\/cst.cat\/wp-content\/uploads\/2021\/11\/rehab-espatlla.jpg\",\"datePublished\":\"2022-03-08T08:49:33+00:00\",\"dateModified\":\"2022-03-15T12:49:37+00:00\",\"breadcrumb\":{\"@id\":\"https:\/\/cst.cat\/es\/informacion-y-preguntas-frecuentes\/informacion\/rhb-cervicales\/higiene-postural-cervicales\/#breadcrumb\"},\"inLanguage\":\"es\",\"potentialAction\":[{\"@type\":\"ReadAction\",\"target\":[\"https:\/\/cst.cat\/es\/informacion-y-preguntas-frecuentes\/informacion\/rhb-cervicales\/higiene-postural-cervicales\/\"]}]},{\"@type\":\"ImageObject\",\"inLanguage\":\"es\",\"@id\":\"https:\/\/cst.cat\/es\/informacion-y-preguntas-frecuentes\/informacion\/rhb-cervicales\/higiene-postural-cervicales\/#primaryimage\",\"url\":\"https:\/\/cst.cat\/wp-content\/uploads\/2021\/11\/rehab-espatlla.jpg\",\"contentUrl\":\"https:\/\/cst.cat\/wp-content\/uploads\/2021\/11\/rehab-espatlla.jpg\",\"width\":1600,\"height\":293},{\"@type\":\"BreadcrumbList\",\"@id\":\"https:\/\/cst.cat\/es\/informacion-y-preguntas-frecuentes\/informacion\/rhb-cervicales\/higiene-postural-cervicales\/#breadcrumb\",\"itemListElement\":[{\"@type\":\"ListItem\",\"position\":1,\"name\":\"Inici\",\"item\":\"https:\/\/cst.cat\/es\/\"},{\"@type\":\"ListItem\",\"position\":2,\"name\":\"Informaci\u00f3n y preguntas frecuentes\",\"item\":\"https:\/\/cst.cat\/es\/informacion-y-preguntas-frecuentes\/\"},{\"@type\":\"ListItem\",\"position\":3,\"name\":\"Informaci\u00f3n\",\"item\":\"https:\/\/cst.cat\/es\/informacion-y-preguntas-frecuentes\/informacion\/\"},{\"@type\":\"ListItem\",\"position\":4,\"name\":\"RHB: Cervicales\",\"item\":\"https:\/\/cst.cat\/es\/informacion-y-preguntas-frecuentes\/informacion\/rhb-cervicales\/\"},{\"@type\":\"ListItem\",\"position\":5,\"name\":\"Higiene postural Cervicales\"}]},{\"@type\":\"WebSite\",\"@id\":\"https:\/\/cst.cat\/es\/#website\",\"url\":\"https:\/\/cst.cat\/es\/\",\"name\":\"CST\",\"description\":\"\",\"publisher\":{\"@id\":\"https:\/\/cst.cat\/es\/#organization\"},\"potentialAction\":[{\"@type\":\"SearchAction\",\"target\":{\"@type\":\"EntryPoint\",\"urlTemplate\":\"https:\/\/cst.cat\/es\/?s={search_term_string}\"},\"query-input\":{\"@type\":\"PropertyValueSpecification\",\"valueRequired\":true,\"valueName\":\"search_term_string\"}}],\"inLanguage\":\"es\"},{\"@type\":\"Organization\",\"@id\":\"https:\/\/cst.cat\/es\/#organization\",\"name\":\"Consorci Sanitari de Terrassa\",\"url\":\"https:\/\/cst.cat\/es\/\",\"logo\":{\"@type\":\"ImageObject\",\"inLanguage\":\"es\",\"@id\":\"https:\/\/cst.cat\/es\/#\/schema\/logo\/image\/\",\"url\":\"https:\/\/cst.cat\/wp-content\/uploads\/2021\/09\/logo-header.svg\",\"contentUrl\":\"https:\/\/cst.cat\/wp-content\/uploads\/2021\/09\/logo-header.svg\",\"width\":90,\"height\":32,\"caption\":\"Consorci Sanitari de Terrassa\"},\"image\":{\"@id\":\"https:\/\/cst.cat\/es\/#\/schema\/logo\/image\/\"}}]}<\/script>\n<!-- \/ Yoast SEO plugin. -->","yoast_head_json":{"title":"Higiene postural Cervicales - CST","robots":{"index":"index","follow":"follow","max-snippet":"max-snippet:-1","max-image-preview":"max-image-preview:large","max-video-preview":"max-video-preview:-1"},"canonical":"https:\/\/cst.cat\/es\/informacion-y-preguntas-frecuentes\/informacion\/rhb-cervicales\/higiene-postural-cervicales\/","og_locale":"es_ES","og_type":"article","og_title":"Higiene postural Cervicales - CST","og_description":"Higiene postural Normas aplicables en la columna Dormir boca arriba, con una almohada bajo las rodillas o bajo la espalda, o bien de lado, con las rodillas flexionadas. Para levantarse de la cama p\u00f3ngase de lado, deje las piernas colgando y Ay\u00fadense con los brazos para impulsarse. Cuando conduzca, Utilice como firmemente contra el asiento. [&hellip;]","og_url":"https:\/\/cst.cat\/es\/informacion-y-preguntas-frecuentes\/informacion\/rhb-cervicales\/higiene-postural-cervicales\/","og_site_name":"CST","article_modified_time":"2022-03-15T12:49:37+00:00","og_image":[{"width":1600,"height":293,"url":"https:\/\/cst.cat\/wp-content\/uploads\/2021\/11\/rehab-espatlla.jpg","type":"image\/jpeg"}],"twitter_card":"summary_large_image","twitter_misc":{"Tiempo de lectura":"2 minutos"},"schema":{"@context":"https:\/\/schema.org","@graph":[{"@type":"WebPage","@id":"https:\/\/cst.cat\/es\/informacion-y-preguntas-frecuentes\/informacion\/rhb-cervicales\/higiene-postural-cervicales\/","url":"https:\/\/cst.cat\/es\/informacion-y-preguntas-frecuentes\/informacion\/rhb-cervicales\/higiene-postural-cervicales\/","name":"Higiene postural Cervicales - CST","isPartOf":{"@id":"https:\/\/cst.cat\/es\/#website"},"primaryImageOfPage":{"@id":"https:\/\/cst.cat\/es\/informacion-y-preguntas-frecuentes\/informacion\/rhb-cervicales\/higiene-postural-cervicales\/#primaryimage"},"image":{"@id":"https:\/\/cst.cat\/es\/informacion-y-preguntas-frecuentes\/informacion\/rhb-cervicales\/higiene-postural-cervicales\/#primaryimage"},"thumbnailUrl":"https:\/\/cst.cat\/wp-content\/uploads\/2021\/11\/rehab-espatlla.jpg","datePublished":"2022-03-08T08:49:33+00:00","dateModified":"2022-03-15T12:49:37+00:00","breadcrumb":{"@id":"https:\/\/cst.cat\/es\/informacion-y-preguntas-frecuentes\/informacion\/rhb-cervicales\/higiene-postural-cervicales\/#breadcrumb"},"inLanguage":"es","potentialAction":[{"@type":"ReadAction","target":["https:\/\/cst.cat\/es\/informacion-y-preguntas-frecuentes\/informacion\/rhb-cervicales\/higiene-postural-cervicales\/"]}]},{"@type":"ImageObject","inLanguage":"es","@id":"https:\/\/cst.cat\/es\/informacion-y-preguntas-frecuentes\/informacion\/rhb-cervicales\/higiene-postural-cervicales\/#primaryimage","url":"https:\/\/cst.cat\/wp-content\/uploads\/2021\/11\/rehab-espatlla.jpg","contentUrl":"https:\/\/cst.cat\/wp-content\/uploads\/2021\/11\/rehab-espatlla.jpg","width":1600,"height":293},{"@type":"BreadcrumbList","@id":"https:\/\/cst.cat\/es\/informacion-y-preguntas-frecuentes\/informacion\/rhb-cervicales\/higiene-postural-cervicales\/#breadcrumb","itemListElement":[{"@type":"ListItem","position":1,"name":"Inici","item":"https:\/\/cst.cat\/es\/"},{"@type":"ListItem","position":2,"name":"Informaci\u00f3n y preguntas frecuentes","item":"https:\/\/cst.cat\/es\/informacion-y-preguntas-frecuentes\/"},{"@type":"ListItem","position":3,"name":"Informaci\u00f3n","item":"https:\/\/cst.cat\/es\/informacion-y-preguntas-frecuentes\/informacion\/"},{"@type":"ListItem","position":4,"name":"RHB: Cervicales","item":"https:\/\/cst.cat\/es\/informacion-y-preguntas-frecuentes\/informacion\/rhb-cervicales\/"},{"@type":"ListItem","position":5,"name":"Higiene postural Cervicales"}]},{"@type":"WebSite","@id":"https:\/\/cst.cat\/es\/#website","url":"https:\/\/cst.cat\/es\/","name":"CST","description":"","publisher":{"@id":"https:\/\/cst.cat\/es\/#organization"},"potentialAction":[{"@type":"SearchAction","target":{"@type":"EntryPoint","urlTemplate":"https:\/\/cst.cat\/es\/?s={search_term_string}"},"query-input":{"@type":"PropertyValueSpecification","valueRequired":true,"valueName":"search_term_string"}}],"inLanguage":"es"},{"@type":"Organization","@id":"https:\/\/cst.cat\/es\/#organization","name":"Consorci Sanitari de Terrassa","url":"https:\/\/cst.cat\/es\/","logo":{"@type":"ImageObject","inLanguage":"es","@id":"https:\/\/cst.cat\/es\/#\/schema\/logo\/image\/","url":"https:\/\/cst.cat\/wp-content\/uploads\/2021\/09\/logo-header.svg","contentUrl":"https:\/\/cst.cat\/wp-content\/uploads\/2021\/09\/logo-header.svg","width":90,"height":32,"caption":"Consorci Sanitari de Terrassa"},"image":{"@id":"https:\/\/cst.cat\/es\/#\/schema\/logo\/image\/"}}]}},"_links":{"self":[{"href":"https:\/\/cst.cat\/es\/wp-json\/wp\/v2\/pages\/8862","targetHints":{"allow":["GET"]}}],"collection":[{"href":"https:\/\/cst.cat\/es\/wp-json\/wp\/v2\/pages"}],"about":[{"href":"https:\/\/cst.cat\/es\/wp-json\/wp\/v2\/types\/page"}],"author":[{"embeddable":true,"href":"https:\/\/cst.cat\/es\/wp-json\/wp\/v2\/users\/2"}],"replies":[{"embeddable":true,"href":"https:\/\/cst.cat\/es\/wp-json\/wp\/v2\/comments?post=8862"}],"version-history":[{"count":0,"href":"https:\/\/cst.cat\/es\/wp-json\/wp\/v2\/pages\/8862\/revisions"}],"up":[{"embeddable":true,"href":"https:\/\/cst.cat\/es\/wp-json\/wp\/v2\/pages\/8850"}],"wp:featuredmedia":[{"embeddable":true,"href":"https:\/\/cst.cat\/es\/wp-json\/wp\/v2\/media\/2594"}],"wp:attachment":[{"href":"https:\/\/cst.cat\/es\/wp-json\/wp\/v2\/media?parent=8862"}],"curies":[{"name":"wp","href":"https:\/\/api.w.org\/{rel}","templated":true}]}}