{"id":8876,"date":"2022-03-08T09:49:36","date_gmt":"2022-03-08T08:49:36","guid":{"rendered":"https:\/\/cst.cat\/atencion-a-la-salud-mental\/"},"modified":"2023-03-15T11:02:49","modified_gmt":"2023-03-15T10:02:49","slug":"atencion-a-la-salud-mental","status":"publish","type":"page","link":"https:\/\/cst.cat\/es\/servicios\/atencion-a-la-salud-mental\/","title":{"rendered":"Atenci\u00f3n a la Salud Mental"},"content":{"rendered":"\r\n    <!-- block: breadcum header -->\r\n    <section class=\"block-breadcum-header  agenda-title-sec\">\r\n        <div class=\"row\">\r\n            <div class=\"bred-crum\">\r\n                <ul><li><a href='https:\/\/cst.cat\/es\/'>Inicio<\/a><\/li><li><a href='https:\/\/cst.cat\/es\/servicios\/'>Servicios<\/a><\/li><li><a href='https:\/\/cst.cat\/es\/servicios\/atencion-a-la-salud-mental\/'>Atenci\u00f3n a la Salud Mental<\/a><\/li><\/ul>            <\/div>\r\n            <div class=\"clear:both;\"><\/div>\r\n            \r\n        <\/div>\r\n    <\/section>\r\n    <!-- end block: breadcum header -->\r\n\n\n\r\n    \r\n    <!-- block: banner-header -->\r\n    <style>\r\n        @media screen and (max-width: 767px) {\r\n            .block-banner-header.inner-banner {\r\n                height: auto !important;\r\n            }\r\n        }\r\n    <\/style>\r\n    <section class=\"block-banner-header  left inner-banner\">\r\n        <div>\r\n            <img decoding=\"async\" width=\"100%\" height=\"100%\" loading=\"lazy\" src=\"https:\/\/cst.cat\/wp-content\/uploads\/2021\/11\/cap-ambits.jpg\" srcset=\"https:\/\/cst.cat\/wp-content\/uploads\/2021\/11\/cap-ambits.jpg 1600w, https:\/\/cst.cat\/wp-content\/uploads\/2021\/11\/cap-ambits-600x94.jpg 600w, https:\/\/cst.cat\/wp-content\/uploads\/2021\/11\/cap-ambits-1366x213.jpg 1366w, https:\/\/cst.cat\/wp-content\/uploads\/2021\/11\/cap-ambits-768x120.jpg 768w, https:\/\/cst.cat\/wp-content\/uploads\/2021\/11\/cap-ambits-1536x240.jpg 1536w\" alt=\"\">\r\n        <\/div>\r\n        <div class=\"inner-banner-cnt\">\r\n            <div class=\"row\">\r\n                <h2>\u00bfQu\u00e9 hacemos?<\/h2>\r\n                <p><\/p>\r\n                <div class=\"aero\">\r\n                    <a href=\"javascript:void(0);\">\r\n                        <img decoding=\"async\" src=\"https:\/\/cst.cat\/wp-content\/themes\/cst\/inc\/blocks\/cst\/banner-header\/images\/double-arrw-down.svg\">\r\n                    <\/a>\r\n                <\/div>\r\n            <\/div>\r\n        <\/div>\r\n    <\/section>\r\n    <!-- end block: banner-header -->\r\n\n\n\n<div style=\"height:50px\" aria-hidden=\"true\" class=\"wp-block-spacer\"><\/div>\n\n\n\n<div class=\"wp-block-columns is-style-columns-marge is-layout-flex wp-container-core-columns-is-layout-9d6595d7 wp-block-columns-is-layout-flex\">\n<div class=\"wp-block-column is-layout-flow wp-block-column-is-layout-flow\">\n<h2 class=\"wp-block-heading\" id=\"atencio-a-la-salut-mental\">Atenci\u00f3n a la Salud Mental<\/h2>\n\n\n\n<figure class=\"wp-block-image size-full\"><img loading=\"lazy\" decoding=\"async\" width=\"44\" height=\"24\" src=\"https:\/\/cst.cat\/wp-content\/uploads\/2021\/11\/linea-blava.png\" alt=\"\" class=\"wp-image-2829\"\/><\/figure>\n\n\n\n<div class=\"wp-block-columns is-layout-flex wp-container-core-columns-is-layout-9d6595d7 wp-block-columns-is-layout-flex\">\n<div class=\"wp-block-column is-layout-flow wp-block-column-is-layout-flow\">\n<p class=\"has-medium-font-size\"><strong>Atenci\u00f3n a la Salud Mental del Consorcio Sanitario de Terrassa agrupa todos los dispositivos destinados al tratamiento y prevenci\u00f3n de lo que se conoce como des\u00f3rdenes mentales.<\/strong><\/p>\n\n\n\n<div style=\"height:25px\" aria-hidden=\"true\" class=\"wp-block-spacer\"><\/div>\n\n\n\n<p class=\"has-medium-font-size\">Esta actividad se desarrolla desde distintos dispositivos tanto en el entorno hospitalario como en el ambulatorio. En el hospital lo hace desde el Servicio de Psiquiatr\u00eda que cuenta con una unidad de hospitalizaci\u00f3n, atenci\u00f3n urgente y atenci\u00f3n ambulatoria. Otros dispositivos se ubican en los centros urbanos. As\u00ed, dispone del Centro de Salud Mental en el centro de Terrassa y de los Centros de Salud Mental Ferran Salsas y Roig de Rub\u00ed. Paralelamente tambi\u00e9n se apoya a los centros de atenci\u00f3n primaria con diferentes programas.<\/p>\n<\/div>\n\n\n\n<div class=\"wp-block-column is-layout-flow wp-block-column-is-layout-flow\">\n<p class=\"has-medium-font-size\"><strong>Se han definido los siguientes objetivos:<\/strong><\/p>\n\n\n\n<div style=\"height:20px\" aria-hidden=\"true\" class=\"wp-block-spacer\"><\/div>\n\n\n\n<ul class=\"wp-block-list\">\n<li>Tratar a los pacientes con trastornos psiqui\u00e1tricos con equipos interdisciplinares de profesionales especialistas en Psiquiatr\u00eda, Psicolog\u00eda Cl\u00ednica, Trabajo Social, Terapia Ocupacional y personal de Enfermer\u00eda especializado en Salud Mental.<\/li>\n<\/ul>\n\n\n\n<ul class=\"wp-block-list\">\n<li>Tratar las consecuencias m\u00e9dicas (comorbilidades, recidivas e iatrogenias), sociales, laborales y familiares de las enfermedades psiqui\u00e1tricas, rehabilitando las capacidades alteradas, reinsertando a los pacientes en la sociedad y prestando apoyo tambi\u00e9n a sus cuidadores principales.<\/li>\n<\/ul>\n\n\n\n<ul class=\"wp-block-list\">\n<li>Tratar a los pacientes con trastornos psiqui\u00e1tricos con equipos interdisciplinares de profesionales especialistas en Psiquiatr\u00eda, Psicolog\u00eda Cl\u00ednica, Trabajo Social, Terapia Ocupacional y personal de Enfermer\u00eda especializado en Salud Mental.<\/li>\n<\/ul>\n\n\n\n<p><\/p>\n<\/div>\n<\/div>\n\n\n\n<hr class=\"wp-block-separator has-css-opacity\"\/>\n\n\n<!-- block: llistat-serveis -->\r\n    <section class=\"block-llistat-serveis  serveis-lst\">\r\n        <ul>\r\n                                <li>\r\n                        <a href=\"https:\/\/cst.cat\/es\/servei\/servicio-de-atencion-a-la-salud-mental\/\">\r\n                            <h3>Cartera de servicios<\/h3>\r\n                            <h4>Atenci\u00f3n M\u00e9dica<\/h4>\r\n                            <p><\/p>\r\n                        <\/a>\r\n                    <\/li>\r\n                    <\/ul>\r\n    <\/section>\r\n<!-- end block: llistat-serveis -->\n\n\n<div style=\"height:50px\" aria-hidden=\"true\" class=\"wp-block-spacer\"><\/div>\n<\/div>\n<\/div>\n","protected":false},"excerpt":{"rendered":"<p>Atenci\u00f3n a la Salud Mental Atenci\u00f3n a la Salud Mental del Consorcio Sanitario de Terrassa agrupa todos los dispositivos destinados al tratamiento y prevenci\u00f3n de lo que se conoce como des\u00f3rdenes mentales. Esta actividad se desarrolla desde distintos dispositivos tanto en el entorno hospitalario como en el ambulatorio. En el hospital lo hace desde el [&hellip;]<\/p>\n","protected":false},"author":2,"featured_media":0,"parent":8881,"menu_order":0,"comment_status":"closed","ping_status":"closed","template":"","meta":{"_acf_changed":false,"footnotes":""},"class_list":["post-8876","page","type-page","status-publish","hentry"],"acf":[],"yoast_head":"<!-- This site is optimized with the Yoast SEO plugin v27.2 - https:\/\/yoast.com\/product\/yoast-seo-wordpress\/ -->\n<title>Atenci\u00f3n a la Salud Mental - CST<\/title>\n<meta name=\"robots\" content=\"index, follow, max-snippet:-1, max-image-preview:large, max-video-preview:-1\" \/>\n<link rel=\"canonical\" href=\"https:\/\/cst.cat\/es\/servicios\/atencion-a-la-salud-mental\/\" \/>\n<meta property=\"og:locale\" content=\"es_ES\" \/>\n<meta property=\"og:type\" content=\"article\" \/>\n<meta property=\"og:title\" content=\"Atenci\u00f3n a la Salud Mental - CST\" \/>\n<meta property=\"og:description\" content=\"Atenci\u00f3n a la Salud Mental Atenci\u00f3n a la Salud Mental del Consorcio Sanitario de Terrassa agrupa todos los dispositivos destinados al tratamiento y prevenci\u00f3n de lo que se conoce como des\u00f3rdenes mentales. Esta actividad se desarrolla desde distintos dispositivos tanto en el entorno hospitalario como en el ambulatorio. En el hospital lo hace desde el [&hellip;]\" \/>\n<meta property=\"og:url\" content=\"https:\/\/cst.cat\/es\/servicios\/atencion-a-la-salud-mental\/\" \/>\n<meta property=\"og:site_name\" content=\"CST\" \/>\n<meta property=\"article:modified_time\" content=\"2023-03-15T10:02:49+00:00\" \/>\n<meta property=\"og:image\" content=\"https:\/\/cst.cat\/wp-content\/uploads\/2021\/11\/linea-blava.png\" \/>\n<meta name=\"twitter:card\" content=\"summary_large_image\" \/>\n<meta name=\"twitter:label1\" content=\"Tiempo de lectura\" \/>\n\t<meta name=\"twitter:data1\" content=\"2 minutos\" \/>\n<script type=\"application\/ld+json\" class=\"yoast-schema-graph\">{\"@context\":\"https:\/\/schema.org\",\"@graph\":[{\"@type\":\"WebPage\",\"@id\":\"https:\/\/cst.cat\/es\/servicios\/atencion-a-la-salud-mental\/\",\"url\":\"https:\/\/cst.cat\/es\/servicios\/atencion-a-la-salud-mental\/\",\"name\":\"Atenci\u00f3n a la Salud Mental - CST\",\"isPartOf\":{\"@id\":\"https:\/\/cst.cat\/es\/#website\"},\"primaryImageOfPage\":{\"@id\":\"https:\/\/cst.cat\/es\/servicios\/atencion-a-la-salud-mental\/#primaryimage\"},\"image\":{\"@id\":\"https:\/\/cst.cat\/es\/servicios\/atencion-a-la-salud-mental\/#primaryimage\"},\"thumbnailUrl\":\"https:\/\/cst.cat\/wp-content\/uploads\/2021\/11\/linea-blava.png\",\"datePublished\":\"2022-03-08T08:49:36+00:00\",\"dateModified\":\"2023-03-15T10:02:49+00:00\",\"breadcrumb\":{\"@id\":\"https:\/\/cst.cat\/es\/servicios\/atencion-a-la-salud-mental\/#breadcrumb\"},\"inLanguage\":\"es\",\"potentialAction\":[{\"@type\":\"ReadAction\",\"target\":[\"https:\/\/cst.cat\/es\/servicios\/atencion-a-la-salud-mental\/\"]}]},{\"@type\":\"ImageObject\",\"inLanguage\":\"es\",\"@id\":\"https:\/\/cst.cat\/es\/servicios\/atencion-a-la-salud-mental\/#primaryimage\",\"url\":\"https:\/\/cst.cat\/wp-content\/uploads\/2021\/11\/linea-blava.png\",\"contentUrl\":\"https:\/\/cst.cat\/wp-content\/uploads\/2021\/11\/linea-blava.png\"},{\"@type\":\"BreadcrumbList\",\"@id\":\"https:\/\/cst.cat\/es\/servicios\/atencion-a-la-salud-mental\/#breadcrumb\",\"itemListElement\":[{\"@type\":\"ListItem\",\"position\":1,\"name\":\"Inici\",\"item\":\"https:\/\/cst.cat\/es\/\"},{\"@type\":\"ListItem\",\"position\":2,\"name\":\"Servicios\",\"item\":\"https:\/\/cst.cat\/es\/servicios\/\"},{\"@type\":\"ListItem\",\"position\":3,\"name\":\"Atenci\u00f3n a la Salud Mental\"}]},{\"@type\":\"WebSite\",\"@id\":\"https:\/\/cst.cat\/es\/#website\",\"url\":\"https:\/\/cst.cat\/es\/\",\"name\":\"CST\",\"description\":\"\",\"publisher\":{\"@id\":\"https:\/\/cst.cat\/es\/#organization\"},\"potentialAction\":[{\"@type\":\"SearchAction\",\"target\":{\"@type\":\"EntryPoint\",\"urlTemplate\":\"https:\/\/cst.cat\/es\/?s={search_term_string}\"},\"query-input\":{\"@type\":\"PropertyValueSpecification\",\"valueRequired\":true,\"valueName\":\"search_term_string\"}}],\"inLanguage\":\"es\"},{\"@type\":\"Organization\",\"@id\":\"https:\/\/cst.cat\/es\/#organization\",\"name\":\"Consorci Sanitari de Terrassa\",\"url\":\"https:\/\/cst.cat\/es\/\",\"logo\":{\"@type\":\"ImageObject\",\"inLanguage\":\"es\",\"@id\":\"https:\/\/cst.cat\/es\/#\/schema\/logo\/image\/\",\"url\":\"https:\/\/cst.cat\/wp-content\/uploads\/2021\/09\/logo-header.svg\",\"contentUrl\":\"https:\/\/cst.cat\/wp-content\/uploads\/2021\/09\/logo-header.svg\",\"width\":90,\"height\":32,\"caption\":\"Consorci Sanitari de Terrassa\"},\"image\":{\"@id\":\"https:\/\/cst.cat\/es\/#\/schema\/logo\/image\/\"}}]}<\/script>\n<!-- \/ Yoast SEO plugin. -->","yoast_head_json":{"title":"Atenci\u00f3n a la Salud Mental - CST","robots":{"index":"index","follow":"follow","max-snippet":"max-snippet:-1","max-image-preview":"max-image-preview:large","max-video-preview":"max-video-preview:-1"},"canonical":"https:\/\/cst.cat\/es\/servicios\/atencion-a-la-salud-mental\/","og_locale":"es_ES","og_type":"article","og_title":"Atenci\u00f3n a la Salud Mental - CST","og_description":"Atenci\u00f3n a la Salud Mental Atenci\u00f3n a la Salud Mental del Consorcio Sanitario de Terrassa agrupa todos los dispositivos destinados al tratamiento y prevenci\u00f3n de lo que se conoce como des\u00f3rdenes mentales. Esta actividad se desarrolla desde distintos dispositivos tanto en el entorno hospitalario como en el ambulatorio. En el hospital lo hace desde el [&hellip;]","og_url":"https:\/\/cst.cat\/es\/servicios\/atencion-a-la-salud-mental\/","og_site_name":"CST","article_modified_time":"2023-03-15T10:02:49+00:00","og_image":[{"url":"https:\/\/cst.cat\/wp-content\/uploads\/2021\/11\/linea-blava.png","type":"","width":"","height":""}],"twitter_card":"summary_large_image","twitter_misc":{"Tiempo de lectura":"2 minutos"},"schema":{"@context":"https:\/\/schema.org","@graph":[{"@type":"WebPage","@id":"https:\/\/cst.cat\/es\/servicios\/atencion-a-la-salud-mental\/","url":"https:\/\/cst.cat\/es\/servicios\/atencion-a-la-salud-mental\/","name":"Atenci\u00f3n a la Salud Mental - CST","isPartOf":{"@id":"https:\/\/cst.cat\/es\/#website"},"primaryImageOfPage":{"@id":"https:\/\/cst.cat\/es\/servicios\/atencion-a-la-salud-mental\/#primaryimage"},"image":{"@id":"https:\/\/cst.cat\/es\/servicios\/atencion-a-la-salud-mental\/#primaryimage"},"thumbnailUrl":"https:\/\/cst.cat\/wp-content\/uploads\/2021\/11\/linea-blava.png","datePublished":"2022-03-08T08:49:36+00:00","dateModified":"2023-03-15T10:02:49+00:00","breadcrumb":{"@id":"https:\/\/cst.cat\/es\/servicios\/atencion-a-la-salud-mental\/#breadcrumb"},"inLanguage":"es","potentialAction":[{"@type":"ReadAction","target":["https:\/\/cst.cat\/es\/servicios\/atencion-a-la-salud-mental\/"]}]},{"@type":"ImageObject","inLanguage":"es","@id":"https:\/\/cst.cat\/es\/servicios\/atencion-a-la-salud-mental\/#primaryimage","url":"https:\/\/cst.cat\/wp-content\/uploads\/2021\/11\/linea-blava.png","contentUrl":"https:\/\/cst.cat\/wp-content\/uploads\/2021\/11\/linea-blava.png"},{"@type":"BreadcrumbList","@id":"https:\/\/cst.cat\/es\/servicios\/atencion-a-la-salud-mental\/#breadcrumb","itemListElement":[{"@type":"ListItem","position":1,"name":"Inici","item":"https:\/\/cst.cat\/es\/"},{"@type":"ListItem","position":2,"name":"Servicios","item":"https:\/\/cst.cat\/es\/servicios\/"},{"@type":"ListItem","position":3,"name":"Atenci\u00f3n a la Salud Mental"}]},{"@type":"WebSite","@id":"https:\/\/cst.cat\/es\/#website","url":"https:\/\/cst.cat\/es\/","name":"CST","description":"","publisher":{"@id":"https:\/\/cst.cat\/es\/#organization"},"potentialAction":[{"@type":"SearchAction","target":{"@type":"EntryPoint","urlTemplate":"https:\/\/cst.cat\/es\/?s={search_term_string}"},"query-input":{"@type":"PropertyValueSpecification","valueRequired":true,"valueName":"search_term_string"}}],"inLanguage":"es"},{"@type":"Organization","@id":"https:\/\/cst.cat\/es\/#organization","name":"Consorci Sanitari de Terrassa","url":"https:\/\/cst.cat\/es\/","logo":{"@type":"ImageObject","inLanguage":"es","@id":"https:\/\/cst.cat\/es\/#\/schema\/logo\/image\/","url":"https:\/\/cst.cat\/wp-content\/uploads\/2021\/09\/logo-header.svg","contentUrl":"https:\/\/cst.cat\/wp-content\/uploads\/2021\/09\/logo-header.svg","width":90,"height":32,"caption":"Consorci Sanitari de Terrassa"},"image":{"@id":"https:\/\/cst.cat\/es\/#\/schema\/logo\/image\/"}}]}},"_links":{"self":[{"href":"https:\/\/cst.cat\/es\/wp-json\/wp\/v2\/pages\/8876","targetHints":{"allow":["GET"]}}],"collection":[{"href":"https:\/\/cst.cat\/es\/wp-json\/wp\/v2\/pages"}],"about":[{"href":"https:\/\/cst.cat\/es\/wp-json\/wp\/v2\/types\/page"}],"author":[{"embeddable":true,"href":"https:\/\/cst.cat\/es\/wp-json\/wp\/v2\/users\/2"}],"replies":[{"embeddable":true,"href":"https:\/\/cst.cat\/es\/wp-json\/wp\/v2\/comments?post=8876"}],"version-history":[{"count":0,"href":"https:\/\/cst.cat\/es\/wp-json\/wp\/v2\/pages\/8876\/revisions"}],"up":[{"embeddable":true,"href":"https:\/\/cst.cat\/es\/wp-json\/wp\/v2\/pages\/8881"}],"wp:attachment":[{"href":"https:\/\/cst.cat\/es\/wp-json\/wp\/v2\/media?parent=8876"}],"curies":[{"name":"wp","href":"https:\/\/api.w.org\/{rel}","templated":true}]}}