{"id":8881,"date":"2022-03-08T09:49:36","date_gmt":"2022-03-08T08:49:36","guid":{"rendered":"https:\/\/cst.cat\/servicios\/"},"modified":"2024-07-17T14:12:39","modified_gmt":"2024-07-17T12:12:39","slug":"servicios","status":"publish","type":"page","link":"https:\/\/cst.cat\/es\/servicios\/","title":{"rendered":"Servicios"},"content":{"rendered":"\r\n    \r\n    <!-- block: banner-header -->\r\n    <style>\r\n        @media screen and (max-width: 767px) {\r\n            .block-banner-header.inner-banner {\r\n                height: auto !important;\r\n            }\r\n        }\r\n    <\/style>\r\n    <section class=\"block-banner-header  left inner-banner\">\r\n        <div>\r\n            <img decoding=\"async\" width=\"100%\" height=\"100%\" loading=\"lazy\" src=\"https:\/\/cst.cat\/wp-content\/uploads\/2021\/11\/cap-ambits.jpg\" srcset=\"https:\/\/cst.cat\/wp-content\/uploads\/2021\/11\/cap-ambits.jpg 1600w, https:\/\/cst.cat\/wp-content\/uploads\/2021\/11\/cap-ambits-600x94.jpg 600w, https:\/\/cst.cat\/wp-content\/uploads\/2021\/11\/cap-ambits-1366x213.jpg 1366w, https:\/\/cst.cat\/wp-content\/uploads\/2021\/11\/cap-ambits-768x120.jpg 768w, https:\/\/cst.cat\/wp-content\/uploads\/2021\/11\/cap-ambits-1536x240.jpg 1536w\" alt=\"\">\r\n        <\/div>\r\n        <div class=\"inner-banner-cnt\">\r\n            <div class=\"row\">\r\n                <h2>Servicios<\/h2>\r\n                <p>DEL CONSORCIO SANITARIO DE TERRASSA<\/p>\r\n                <div class=\"aero\">\r\n                    <a href=\"javascript:void(0);\">\r\n                        <img decoding=\"async\" src=\"https:\/\/cst.cat\/wp-content\/themes\/cst\/inc\/blocks\/cst\/banner-header\/images\/double-arrw-down.svg\">\r\n                    <\/a>\r\n                <\/div>\r\n            <\/div>\r\n        <\/div>\r\n    <\/section>\r\n    <!-- end block: banner-header -->\r\n\n\n\n<div class=\"wp-block-columns is-style-columns-marge is-layout-flex wp-container-core-columns-is-layout-9d6595d7 wp-block-columns-is-layout-flex\">\n<div class=\"wp-block-column is-layout-flow wp-block-column-is-layout-flow\">\n<div style=\"height:80px\" aria-hidden=\"true\" class=\"wp-block-spacer\"><\/div>\n\n\n\n<div class=\"wp-block-group distribuidora-serveis\"><div class=\"wp-block-group__inner-container is-layout-flow wp-block-group-is-layout-flow\">\n<div class=\"wp-block-columns is-style-columns-marge cards-arees-recerca is-layout-flex wp-container-core-columns-is-layout-9d6595d7 wp-block-columns-is-layout-flex\">\n<div class=\"wp-block-column is-layout-flow wp-block-column-is-layout-flow\">\n<p><a href=\"https:\/\/cst.cat\/es\/servicios\/atencion-medica\/\">Atenci\u00f3n M\u00e9dica<\/a><\/p>\n<\/div>\n\n\n\n<div class=\"wp-block-column is-layout-flow wp-block-column-is-layout-flow\">\n<p><a href=\"https:\/\/cst.cat\/es\/servicios\/atencion-a-la-salud-mental\/\">Atenci\u00f3n a la Salud Mental<\/a><\/p>\n<\/div>\n\n\n\n<div class=\"wp-block-column is-layout-flow wp-block-column-is-layout-flow\">\n<p><a href=\"https:\/\/cst.cat\/es\/servicios\/atencion-a-la-salud-materno-infantil\/\">Atenci\u00f3n a la Salud Materno-Infantil<\/a><\/p>\n<\/div>\n<\/div>\n\n\n\n<div class=\"wp-block-columns is-style-columns-marge cards-arees-recerca is-layout-flex wp-container-core-columns-is-layout-9d6595d7 wp-block-columns-is-layout-flex\">\n<div class=\"wp-block-column is-layout-flow wp-block-column-is-layout-flow\">\n<p><a href=\"https:\/\/cst.cat\/es\/servicios\/atencion-quirurgica\/\">Atenci\u00f3n Quir\u00fargica<\/a><\/p>\n<\/div>\n\n\n\n<div class=\"wp-block-column is-layout-flow wp-block-column-is-layout-flow\">\n<p><a href=\"https:\/\/cst.cat\/es\/servicios\/atencion-al-enfermo-critico-y-urgente\/\">Atenci\u00f3n al Enfermo Cr\u00edtico y Urgente<\/a><\/p>\n<\/div>\n\n\n\n<div class=\"wp-block-column is-layout-flow wp-block-column-is-layout-flow\">\n<p><a href=\"https:\/\/cst.cat\/es\/servicios\/atencion-primaria-y-salud-comunitaria\/\">Atenci\u00f3n Primaria y Salud Comunitaria<\/a><\/p>\n<\/div>\n<\/div>\n\n\n\n<div class=\"wp-block-columns is-style-columns-marge cards-arees-recerca is-layout-flex wp-container-core-columns-is-layout-9d6595d7 wp-block-columns-is-layout-flex\">\n<div class=\"wp-block-column is-layout-flow wp-block-column-is-layout-flow\">\n<p><a href=\"https:\/\/cst.cat\/es\/servicios\/geriatria-cuidados-paliativos-y-dependencias\/\">Atenci\u00f3n Intermedia y Dependencias<\/a><\/p>\n<\/div>\n\n\n\n<div class=\"wp-block-column is-layout-flow wp-block-column-is-layout-flow\">\n<p><a href=\"https:\/\/cst.cat\/es\/servicios\/servicios-de-apoyo-clinico\/\">Servicios de Apoyo Cl\u00ednico<\/a><\/p>\n<\/div>\n\n\n\n<div class=\"wp-block-column is-layout-flow wp-block-column-is-layout-flow\">\n<p><a href=\"https:\/\/cst.cat\/es\/servicios\/salud-penitenciaria\/\">Salud Penitenciaria<\/a><\/p>\n<\/div>\n<\/div>\n\n\n\n<div class=\"wp-block-columns is-style-columns-marge cards-arees-recerca is-layout-flex wp-container-core-columns-is-layout-9d6595d7 wp-block-columns-is-layout-flex\">\n<div class=\"wp-block-column is-layout-flow wp-block-column-is-layout-flow\">\n<p><a href=\"https:\/\/cst.cat\/es\/servicios\/medicina-del-deporte-rehabilitacion-y-fisioterapia\/\">Medicina del Deporte, Rehabilitaci\u00f3n y Fisioterapia<\/a><\/p>\n<\/div>\n\n\n\n<div class=\"wp-block-column is-layout-flow wp-block-column-is-layout-flow\">\n<p><a href=\"https:\/\/cst.cat\/es\/servicios\/farmacia-nutricion-y-uso-del-medicamento\/\">Farmacia, Nutrici\u00f3n y uso del medicamento<\/a><\/p>\n<\/div>\n\n\n\n<div class=\"wp-block-column is-layout-flow wp-block-column-is-layout-flow\"><\/div>\n<\/div>\n<\/div><\/div>\n<\/div>\n<\/div>\n\n\n\n<div style=\"height:70px\" aria-hidden=\"true\" class=\"wp-block-spacer\"><\/div>\n","protected":false},"excerpt":{"rendered":"<p>Atenci\u00f3n M\u00e9dica Atenci\u00f3n a la Salud Mental Atenci\u00f3n a la Salud Materno-Infantil Atenci\u00f3n Quir\u00fargica Atenci\u00f3n al Enfermo Cr\u00edtico y Urgente Atenci\u00f3n Primaria y Salud Comunitaria Atenci\u00f3n Intermedia y Dependencias Servicios de Apoyo Cl\u00ednico Salud Penitenciaria Medicina del Deporte, Rehabilitaci\u00f3n y Fisioterapia Farmacia, Nutrici\u00f3n y uso del medicamento<\/p>\n","protected":false},"author":2,"featured_media":0,"parent":0,"menu_order":0,"comment_status":"closed","ping_status":"closed","template":"","meta":{"_acf_changed":false,"footnotes":""},"class_list":["post-8881","page","type-page","status-publish","hentry"],"acf":[],"yoast_head":"<!-- This site is optimized with the Yoast SEO plugin v27.2 - https:\/\/yoast.com\/product\/yoast-seo-wordpress\/ -->\n<title>Servicios - CST<\/title>\n<meta name=\"robots\" content=\"index, follow, max-snippet:-1, max-image-preview:large, max-video-preview:-1\" \/>\n<link rel=\"canonical\" href=\"https:\/\/cst.cat\/es\/servicios\/\" \/>\n<meta property=\"og:locale\" content=\"es_ES\" \/>\n<meta property=\"og:type\" content=\"article\" \/>\n<meta property=\"og:title\" content=\"Servicios - CST\" \/>\n<meta property=\"og:description\" content=\"Atenci\u00f3n M\u00e9dica Atenci\u00f3n a la Salud Mental Atenci\u00f3n a la Salud Materno-Infantil Atenci\u00f3n Quir\u00fargica Atenci\u00f3n al Enfermo Cr\u00edtico y Urgente Atenci\u00f3n Primaria y Salud Comunitaria Atenci\u00f3n Intermedia y Dependencias Servicios de Apoyo Cl\u00ednico Salud Penitenciaria Medicina del Deporte, Rehabilitaci\u00f3n y Fisioterapia Farmacia, Nutrici\u00f3n y uso del medicamento\" \/>\n<meta property=\"og:url\" content=\"https:\/\/cst.cat\/es\/servicios\/\" \/>\n<meta property=\"og:site_name\" content=\"CST\" \/>\n<meta property=\"article:modified_time\" content=\"2024-07-17T12:12:39+00:00\" \/>\n<meta name=\"twitter:card\" content=\"summary_large_image\" \/>\n<meta name=\"twitter:label1\" content=\"Tiempo de lectura\" \/>\n\t<meta name=\"twitter:data1\" content=\"1 minuto\" \/>\n<script type=\"application\/ld+json\" class=\"yoast-schema-graph\">{\"@context\":\"https:\/\/schema.org\",\"@graph\":[{\"@type\":\"WebPage\",\"@id\":\"https:\/\/cst.cat\/es\/servicios\/\",\"url\":\"https:\/\/cst.cat\/es\/servicios\/\",\"name\":\"Servicios - CST\",\"isPartOf\":{\"@id\":\"https:\/\/cst.cat\/es\/#website\"},\"datePublished\":\"2022-03-08T08:49:36+00:00\",\"dateModified\":\"2024-07-17T12:12:39+00:00\",\"breadcrumb\":{\"@id\":\"https:\/\/cst.cat\/es\/servicios\/#breadcrumb\"},\"inLanguage\":\"es\",\"potentialAction\":[{\"@type\":\"ReadAction\",\"target\":[\"https:\/\/cst.cat\/es\/servicios\/\"]}]},{\"@type\":\"BreadcrumbList\",\"@id\":\"https:\/\/cst.cat\/es\/servicios\/#breadcrumb\",\"itemListElement\":[{\"@type\":\"ListItem\",\"position\":1,\"name\":\"Inici\",\"item\":\"https:\/\/cst.cat\/es\/\"},{\"@type\":\"ListItem\",\"position\":2,\"name\":\"Servicios\"}]},{\"@type\":\"WebSite\",\"@id\":\"https:\/\/cst.cat\/es\/#website\",\"url\":\"https:\/\/cst.cat\/es\/\",\"name\":\"CST\",\"description\":\"\",\"publisher\":{\"@id\":\"https:\/\/cst.cat\/es\/#organization\"},\"potentialAction\":[{\"@type\":\"SearchAction\",\"target\":{\"@type\":\"EntryPoint\",\"urlTemplate\":\"https:\/\/cst.cat\/es\/?s={search_term_string}\"},\"query-input\":{\"@type\":\"PropertyValueSpecification\",\"valueRequired\":true,\"valueName\":\"search_term_string\"}}],\"inLanguage\":\"es\"},{\"@type\":\"Organization\",\"@id\":\"https:\/\/cst.cat\/es\/#organization\",\"name\":\"Consorci Sanitari de Terrassa\",\"url\":\"https:\/\/cst.cat\/es\/\",\"logo\":{\"@type\":\"ImageObject\",\"inLanguage\":\"es\",\"@id\":\"https:\/\/cst.cat\/es\/#\/schema\/logo\/image\/\",\"url\":\"https:\/\/cst.cat\/wp-content\/uploads\/2021\/09\/logo-header.svg\",\"contentUrl\":\"https:\/\/cst.cat\/wp-content\/uploads\/2021\/09\/logo-header.svg\",\"width\":90,\"height\":32,\"caption\":\"Consorci Sanitari de Terrassa\"},\"image\":{\"@id\":\"https:\/\/cst.cat\/es\/#\/schema\/logo\/image\/\"}}]}<\/script>\n<!-- \/ Yoast SEO plugin. -->","yoast_head_json":{"title":"Servicios - CST","robots":{"index":"index","follow":"follow","max-snippet":"max-snippet:-1","max-image-preview":"max-image-preview:large","max-video-preview":"max-video-preview:-1"},"canonical":"https:\/\/cst.cat\/es\/servicios\/","og_locale":"es_ES","og_type":"article","og_title":"Servicios - CST","og_description":"Atenci\u00f3n M\u00e9dica Atenci\u00f3n a la Salud Mental Atenci\u00f3n a la Salud Materno-Infantil Atenci\u00f3n Quir\u00fargica Atenci\u00f3n al Enfermo Cr\u00edtico y Urgente Atenci\u00f3n Primaria y Salud Comunitaria Atenci\u00f3n Intermedia y Dependencias Servicios de Apoyo Cl\u00ednico Salud Penitenciaria Medicina del Deporte, Rehabilitaci\u00f3n y Fisioterapia Farmacia, Nutrici\u00f3n y uso del medicamento","og_url":"https:\/\/cst.cat\/es\/servicios\/","og_site_name":"CST","article_modified_time":"2024-07-17T12:12:39+00:00","twitter_card":"summary_large_image","twitter_misc":{"Tiempo de lectura":"1 minuto"},"schema":{"@context":"https:\/\/schema.org","@graph":[{"@type":"WebPage","@id":"https:\/\/cst.cat\/es\/servicios\/","url":"https:\/\/cst.cat\/es\/servicios\/","name":"Servicios - CST","isPartOf":{"@id":"https:\/\/cst.cat\/es\/#website"},"datePublished":"2022-03-08T08:49:36+00:00","dateModified":"2024-07-17T12:12:39+00:00","breadcrumb":{"@id":"https:\/\/cst.cat\/es\/servicios\/#breadcrumb"},"inLanguage":"es","potentialAction":[{"@type":"ReadAction","target":["https:\/\/cst.cat\/es\/servicios\/"]}]},{"@type":"BreadcrumbList","@id":"https:\/\/cst.cat\/es\/servicios\/#breadcrumb","itemListElement":[{"@type":"ListItem","position":1,"name":"Inici","item":"https:\/\/cst.cat\/es\/"},{"@type":"ListItem","position":2,"name":"Servicios"}]},{"@type":"WebSite","@id":"https:\/\/cst.cat\/es\/#website","url":"https:\/\/cst.cat\/es\/","name":"CST","description":"","publisher":{"@id":"https:\/\/cst.cat\/es\/#organization"},"potentialAction":[{"@type":"SearchAction","target":{"@type":"EntryPoint","urlTemplate":"https:\/\/cst.cat\/es\/?s={search_term_string}"},"query-input":{"@type":"PropertyValueSpecification","valueRequired":true,"valueName":"search_term_string"}}],"inLanguage":"es"},{"@type":"Organization","@id":"https:\/\/cst.cat\/es\/#organization","name":"Consorci Sanitari de Terrassa","url":"https:\/\/cst.cat\/es\/","logo":{"@type":"ImageObject","inLanguage":"es","@id":"https:\/\/cst.cat\/es\/#\/schema\/logo\/image\/","url":"https:\/\/cst.cat\/wp-content\/uploads\/2021\/09\/logo-header.svg","contentUrl":"https:\/\/cst.cat\/wp-content\/uploads\/2021\/09\/logo-header.svg","width":90,"height":32,"caption":"Consorci Sanitari de Terrassa"},"image":{"@id":"https:\/\/cst.cat\/es\/#\/schema\/logo\/image\/"}}]}},"_links":{"self":[{"href":"https:\/\/cst.cat\/es\/wp-json\/wp\/v2\/pages\/8881","targetHints":{"allow":["GET"]}}],"collection":[{"href":"https:\/\/cst.cat\/es\/wp-json\/wp\/v2\/pages"}],"about":[{"href":"https:\/\/cst.cat\/es\/wp-json\/wp\/v2\/types\/page"}],"author":[{"embeddable":true,"href":"https:\/\/cst.cat\/es\/wp-json\/wp\/v2\/users\/2"}],"replies":[{"embeddable":true,"href":"https:\/\/cst.cat\/es\/wp-json\/wp\/v2\/comments?post=8881"}],"version-history":[{"count":0,"href":"https:\/\/cst.cat\/es\/wp-json\/wp\/v2\/pages\/8881\/revisions"}],"wp:attachment":[{"href":"https:\/\/cst.cat\/es\/wp-json\/wp\/v2\/media?parent=8881"}],"curies":[{"name":"wp","href":"https:\/\/api.w.org\/{rel}","templated":true}]}}