{"id":8884,"date":"2022-03-08T09:49:38","date_gmt":"2022-03-08T08:49:38","guid":{"rendered":"https:\/\/cst.cat\/servicios\/atencion-al-enfermo-critico-y-urgente\/"},"modified":"2022-03-09T09:19:57","modified_gmt":"2022-03-09T08:19:57","slug":"atencion-al-enfermo-critico-y-urgente","status":"publish","type":"page","link":"https:\/\/cst.cat\/es\/servicios\/atencion-al-enfermo-critico-y-urgente\/","title":{"rendered":"Atenci\u00f3n al Enfermo Cr\u00edtico y Urgente"},"content":{"rendered":"\r\n    <!-- block: breadcum header -->\r\n    <section class=\"block-breadcum-header  agenda-title-sec\">\r\n        <div class=\"row\">\r\n            <div class=\"bred-crum\">\r\n                <ul><li><a href='https:\/\/cst.cat\/es\/'>Inicio<\/a><\/li><li><a href='https:\/\/cst.cat\/es\/servicios\/'>Servicios<\/a><\/li><li><a href='https:\/\/cst.cat\/es\/servicios\/atencion-al-enfermo-critico-y-urgente\/'>Atenci\u00f3n al Enfermo Cr\u00edtico y Urgente<\/a><\/li><\/ul>            <\/div>\r\n            <div class=\"clear:both;\"><\/div>\r\n            \r\n        <\/div>\r\n    <\/section>\r\n    <!-- end block: breadcum header -->\r\n\n\n\r\n    \r\n    <!-- block: banner-header -->\r\n    <style>\r\n        @media screen and (max-width: 767px) {\r\n            .block-banner-header.inner-banner {\r\n                height: auto !important;\r\n            }\r\n        }\r\n    <\/style>\r\n    <section class=\"block-banner-header  left inner-banner\">\r\n        <div>\r\n            <img decoding=\"async\" width=\"100%\" height=\"100%\" loading=\"lazy\" src=\"https:\/\/cst.cat\/wp-content\/uploads\/2021\/11\/cap-ambits.jpg\" srcset=\"https:\/\/cst.cat\/wp-content\/uploads\/2021\/11\/cap-ambits.jpg 1600w, https:\/\/cst.cat\/wp-content\/uploads\/2021\/11\/cap-ambits-600x94.jpg 600w, https:\/\/cst.cat\/wp-content\/uploads\/2021\/11\/cap-ambits-1366x213.jpg 1366w, https:\/\/cst.cat\/wp-content\/uploads\/2021\/11\/cap-ambits-768x120.jpg 768w, https:\/\/cst.cat\/wp-content\/uploads\/2021\/11\/cap-ambits-1536x240.jpg 1536w\" alt=\"\">\r\n        <\/div>\r\n        <div class=\"inner-banner-cnt\">\r\n            <div class=\"row\">\r\n                <h2>\u00bfQu\u00e9 hacemos?<\/h2>\r\n                <p><\/p>\r\n                <div class=\"aero\">\r\n                    <a href=\"javascript:void(0);\">\r\n                        <img decoding=\"async\" src=\"https:\/\/cst.cat\/wp-content\/themes\/cst\/inc\/blocks\/cst\/banner-header\/images\/double-arrw-down.svg\">\r\n                    <\/a>\r\n                <\/div>\r\n            <\/div>\r\n        <\/div>\r\n    <\/section>\r\n    <!-- end block: banner-header -->\r\n\n\n\n<div style=\"height:50px\" aria-hidden=\"true\" class=\"wp-block-spacer\"><\/div>\n\n\n\n<div class=\"wp-block-columns is-style-columns-marge is-layout-flex wp-container-core-columns-is-layout-9d6595d7 wp-block-columns-is-layout-flex\">\n<div class=\"wp-block-column is-layout-flow wp-block-column-is-layout-flow\">\n<h2 class=\"wp-block-heading\" id=\"atencio-al-malalt-critic-i-urgent\">Atenci\u00f3n al Enfermo Cr\u00edtico y Urgente<\/h2>\n\n\n\n<h3 class=\"wp-block-heading\" id=\"servei-d-urgencies\">Servicio de Urgencias<\/h3>\n\n\n\n<figure class=\"wp-block-image size-full\"><img loading=\"lazy\" decoding=\"async\" width=\"44\" height=\"24\" src=\"https:\/\/cst.cat\/wp-content\/uploads\/2021\/11\/linea-blava.png\" alt=\"\" class=\"wp-image-2829\"\/><\/figure>\n\n\n\n<div class=\"wp-block-columns is-layout-flex wp-container-core-columns-is-layout-9d6595d7 wp-block-columns-is-layout-flex\">\n<div class=\"wp-block-column is-layout-flow wp-block-column-is-layout-flow\">\n<p class=\"has-medium-font-size\"><strong>Seg\u00fan la definici\u00f3n de la OMS, urgencia es la aparici\u00f3n casual, en cualquier lugar o actividad, de un problema de origen diverso y gravedad variable que genere conciencia de necesidad inmediata de atenci\u00f3n por parte del individuo que lo padece o su familia y emergencia es aquella situaci\u00f3n urgente que pone en peligro inmediato la vida del paciente o la funci\u00f3n de un \u00f3rgano.<\/strong><\/p>\n\n\n\n<div style=\"height:25px\" aria-hidden=\"true\" class=\"wp-block-spacer\"><\/div>\n\n\n\n<p class=\"has-medium-font-size\">La Misi\u00f3n del Servicio es atender a las urgencias y emergencias en un tiempo adecuado a su nivel de gravedad con los recursos humanos y t\u00e9cnicos disponibles. Esto se realiza mediante la atenci\u00f3n permanente y continua todas las horas y d\u00edas del a\u00f1o.<\/p>\n<\/div>\n\n\n\n<div class=\"wp-block-column is-layout-flow wp-block-column-is-layout-flow\">\n<p>El Servicio de Atenci\u00f3n al Enfermo Cr\u00edtico y Urgente remodel\u00f3 por completo su estructura, en noviembre de 2010. Los nuevos espacios disponen de una superficie de 1660 m2 y un total de 63 puntos de atenci\u00f3n individuales. Tambi\u00e9n dispone de una sala de partos con 17 puntos de atenci\u00f3n. <\/p>\n\n\n\n<div style=\"height:20px\" aria-hidden=\"true\" class=\"wp-block-spacer\"><\/div>\n\n\n\n<p>El servicio est\u00e1 totalmente informatizado y dispone de monitorizaci\u00f3n centralizada por los pacientes m\u00e1s cr\u00edticos.<\/p>\n\n\n\n<div style=\"height:20px\" aria-hidden=\"true\" class=\"wp-block-spacer\"><\/div>\n\n\n\n<p>Todos los pacientes, una vez realizado el registro en el punto de admisiones, pasan por un triaje donde se clasifican seg\u00fan su gravedad y se dirigen al nivel de atenci\u00f3n m\u00e1s adecuado por su motivo de consulta: \u00e1rea de atenci\u00f3n r\u00e1pida polivalente por a pacientes con urgencias de baja complejidad, \u00e1rea de tratamientos y cr\u00edticos y \u00e1rea de observaci\u00f3n y corta estancia.<\/p>\n<\/div>\n<\/div>\n\n\n\n<div style=\"height:30px\" aria-hidden=\"true\" class=\"wp-block-spacer\"><\/div>\n\n\n\n<hr class=\"wp-block-separator\"\/>\n\n\n<!-- block: llistat-serveis -->\r\n    <section class=\"block-llistat-serveis  serveis-lst\">\r\n        <ul>\r\n                                <li>\r\n                        <a href=\"https:\/\/cst.cat\/es\/servei\/servicio-de-medicina-intensiva\/\">\r\n                            <h3>Servicio de Medicina Intensiva<\/h3>\r\n                            <h4>Atenci\u00f3n al Enfermo Cr\u00edtico y Urgente<\/h4>\r\n                            <p><\/p>\r\n                        <\/a>\r\n                    <\/li>\r\n                                <li>\r\n                        <a href=\"https:\/\/cst.cat\/es\/servei\/servicio-de-urgencias\/\">\r\n                            <h3>Servicio de Urgencias<\/h3>\r\n                            <h4>Atenci\u00f3n al Enfermo Cr\u00edtico y Urgente<\/h4>\r\n                            <p><\/p>\r\n                        <\/a>\r\n                    <\/li>\r\n                                <li>\r\n                        <a href=\"https:\/\/cst.cat\/es\/servei\/servicio-sem\/\">\r\n                            <h3>Servicio SEM<\/h3>\r\n                            <h4>Atenci\u00f3n al Enfermo Cr\u00edtico y Urgente<\/h4>\r\n                            <p><\/p>\r\n                        <\/a>\r\n                    <\/li>\r\n                    <\/ul>\r\n    <\/section>\r\n<!-- end block: llistat-serveis -->\n\n\n<div style=\"height:50px\" aria-hidden=\"true\" class=\"wp-block-spacer\"><\/div>\n<\/div>\n<\/div>\n","protected":false},"excerpt":{"rendered":"<p>Atenci\u00f3n al Enfermo Cr\u00edtico y Urgente Servicio de Urgencias Seg\u00fan la definici\u00f3n de la OMS, urgencia es la aparici\u00f3n casual, en cualquier lugar o actividad, de un problema de origen diverso y gravedad variable que genere conciencia de necesidad inmediata de atenci\u00f3n por parte del individuo que lo padece o su familia y emergencia es [&hellip;]<\/p>\n","protected":false},"author":2,"featured_media":0,"parent":8881,"menu_order":0,"comment_status":"closed","ping_status":"closed","template":"","meta":{"_acf_changed":false,"footnotes":""},"class_list":["post-8884","page","type-page","status-publish","hentry"],"acf":[],"yoast_head":"<!-- This site is optimized with the Yoast SEO plugin v27.2 - https:\/\/yoast.com\/product\/yoast-seo-wordpress\/ -->\n<title>Atenci\u00f3n al Enfermo Cr\u00edtico y Urgente - CST<\/title>\n<meta name=\"robots\" content=\"index, follow, max-snippet:-1, max-image-preview:large, max-video-preview:-1\" \/>\n<link rel=\"canonical\" href=\"https:\/\/cst.cat\/es\/servicios\/atencion-al-enfermo-critico-y-urgente\/\" \/>\n<meta property=\"og:locale\" content=\"es_ES\" \/>\n<meta property=\"og:type\" content=\"article\" \/>\n<meta property=\"og:title\" content=\"Atenci\u00f3n al Enfermo Cr\u00edtico y Urgente - CST\" \/>\n<meta property=\"og:description\" content=\"Atenci\u00f3n al Enfermo Cr\u00edtico y Urgente Servicio de Urgencias Seg\u00fan la definici\u00f3n de la OMS, urgencia es la aparici\u00f3n casual, en cualquier lugar o actividad, de un problema de origen diverso y gravedad variable que genere conciencia de necesidad inmediata de atenci\u00f3n por parte del individuo que lo padece o su familia y emergencia es [&hellip;]\" \/>\n<meta property=\"og:url\" content=\"https:\/\/cst.cat\/es\/servicios\/atencion-al-enfermo-critico-y-urgente\/\" \/>\n<meta property=\"og:site_name\" content=\"CST\" \/>\n<meta property=\"article:modified_time\" content=\"2022-03-09T08:19:57+00:00\" \/>\n<meta property=\"og:image\" content=\"https:\/\/cst.cat\/wp-content\/uploads\/2021\/11\/linea-blava.png\" \/>\n<meta name=\"twitter:card\" content=\"summary_large_image\" \/>\n<meta name=\"twitter:label1\" content=\"Tiempo de lectura\" \/>\n\t<meta name=\"twitter:data1\" content=\"2 minutos\" \/>\n<script type=\"application\/ld+json\" class=\"yoast-schema-graph\">{\"@context\":\"https:\/\/schema.org\",\"@graph\":[{\"@type\":\"WebPage\",\"@id\":\"https:\/\/cst.cat\/es\/servicios\/atencion-al-enfermo-critico-y-urgente\/\",\"url\":\"https:\/\/cst.cat\/es\/servicios\/atencion-al-enfermo-critico-y-urgente\/\",\"name\":\"Atenci\u00f3n al Enfermo Cr\u00edtico y Urgente - CST\",\"isPartOf\":{\"@id\":\"https:\/\/cst.cat\/es\/#website\"},\"primaryImageOfPage\":{\"@id\":\"https:\/\/cst.cat\/es\/servicios\/atencion-al-enfermo-critico-y-urgente\/#primaryimage\"},\"image\":{\"@id\":\"https:\/\/cst.cat\/es\/servicios\/atencion-al-enfermo-critico-y-urgente\/#primaryimage\"},\"thumbnailUrl\":\"https:\/\/cst.cat\/wp-content\/uploads\/2021\/11\/linea-blava.png\",\"datePublished\":\"2022-03-08T08:49:38+00:00\",\"dateModified\":\"2022-03-09T08:19:57+00:00\",\"breadcrumb\":{\"@id\":\"https:\/\/cst.cat\/es\/servicios\/atencion-al-enfermo-critico-y-urgente\/#breadcrumb\"},\"inLanguage\":\"es\",\"potentialAction\":[{\"@type\":\"ReadAction\",\"target\":[\"https:\/\/cst.cat\/es\/servicios\/atencion-al-enfermo-critico-y-urgente\/\"]}]},{\"@type\":\"ImageObject\",\"inLanguage\":\"es\",\"@id\":\"https:\/\/cst.cat\/es\/servicios\/atencion-al-enfermo-critico-y-urgente\/#primaryimage\",\"url\":\"https:\/\/cst.cat\/wp-content\/uploads\/2021\/11\/linea-blava.png\",\"contentUrl\":\"https:\/\/cst.cat\/wp-content\/uploads\/2021\/11\/linea-blava.png\"},{\"@type\":\"BreadcrumbList\",\"@id\":\"https:\/\/cst.cat\/es\/servicios\/atencion-al-enfermo-critico-y-urgente\/#breadcrumb\",\"itemListElement\":[{\"@type\":\"ListItem\",\"position\":1,\"name\":\"Inici\",\"item\":\"https:\/\/cst.cat\/es\/\"},{\"@type\":\"ListItem\",\"position\":2,\"name\":\"Servicios\",\"item\":\"https:\/\/cst.cat\/es\/servicios\/\"},{\"@type\":\"ListItem\",\"position\":3,\"name\":\"Atenci\u00f3n al Enfermo Cr\u00edtico y Urgente\"}]},{\"@type\":\"WebSite\",\"@id\":\"https:\/\/cst.cat\/es\/#website\",\"url\":\"https:\/\/cst.cat\/es\/\",\"name\":\"CST\",\"description\":\"\",\"publisher\":{\"@id\":\"https:\/\/cst.cat\/es\/#organization\"},\"potentialAction\":[{\"@type\":\"SearchAction\",\"target\":{\"@type\":\"EntryPoint\",\"urlTemplate\":\"https:\/\/cst.cat\/es\/?s={search_term_string}\"},\"query-input\":{\"@type\":\"PropertyValueSpecification\",\"valueRequired\":true,\"valueName\":\"search_term_string\"}}],\"inLanguage\":\"es\"},{\"@type\":\"Organization\",\"@id\":\"https:\/\/cst.cat\/es\/#organization\",\"name\":\"Consorci Sanitari de Terrassa\",\"url\":\"https:\/\/cst.cat\/es\/\",\"logo\":{\"@type\":\"ImageObject\",\"inLanguage\":\"es\",\"@id\":\"https:\/\/cst.cat\/es\/#\/schema\/logo\/image\/\",\"url\":\"https:\/\/cst.cat\/wp-content\/uploads\/2021\/09\/logo-header.svg\",\"contentUrl\":\"https:\/\/cst.cat\/wp-content\/uploads\/2021\/09\/logo-header.svg\",\"width\":90,\"height\":32,\"caption\":\"Consorci Sanitari de Terrassa\"},\"image\":{\"@id\":\"https:\/\/cst.cat\/es\/#\/schema\/logo\/image\/\"}}]}<\/script>\n<!-- \/ Yoast SEO plugin. -->","yoast_head_json":{"title":"Atenci\u00f3n al Enfermo Cr\u00edtico y Urgente - CST","robots":{"index":"index","follow":"follow","max-snippet":"max-snippet:-1","max-image-preview":"max-image-preview:large","max-video-preview":"max-video-preview:-1"},"canonical":"https:\/\/cst.cat\/es\/servicios\/atencion-al-enfermo-critico-y-urgente\/","og_locale":"es_ES","og_type":"article","og_title":"Atenci\u00f3n al Enfermo Cr\u00edtico y Urgente - CST","og_description":"Atenci\u00f3n al Enfermo Cr\u00edtico y Urgente Servicio de Urgencias Seg\u00fan la definici\u00f3n de la OMS, urgencia es la aparici\u00f3n casual, en cualquier lugar o actividad, de un problema de origen diverso y gravedad variable que genere conciencia de necesidad inmediata de atenci\u00f3n por parte del individuo que lo padece o su familia y emergencia es [&hellip;]","og_url":"https:\/\/cst.cat\/es\/servicios\/atencion-al-enfermo-critico-y-urgente\/","og_site_name":"CST","article_modified_time":"2022-03-09T08:19:57+00:00","og_image":[{"url":"https:\/\/cst.cat\/wp-content\/uploads\/2021\/11\/linea-blava.png","type":"","width":"","height":""}],"twitter_card":"summary_large_image","twitter_misc":{"Tiempo de lectura":"2 minutos"},"schema":{"@context":"https:\/\/schema.org","@graph":[{"@type":"WebPage","@id":"https:\/\/cst.cat\/es\/servicios\/atencion-al-enfermo-critico-y-urgente\/","url":"https:\/\/cst.cat\/es\/servicios\/atencion-al-enfermo-critico-y-urgente\/","name":"Atenci\u00f3n al Enfermo Cr\u00edtico y Urgente - CST","isPartOf":{"@id":"https:\/\/cst.cat\/es\/#website"},"primaryImageOfPage":{"@id":"https:\/\/cst.cat\/es\/servicios\/atencion-al-enfermo-critico-y-urgente\/#primaryimage"},"image":{"@id":"https:\/\/cst.cat\/es\/servicios\/atencion-al-enfermo-critico-y-urgente\/#primaryimage"},"thumbnailUrl":"https:\/\/cst.cat\/wp-content\/uploads\/2021\/11\/linea-blava.png","datePublished":"2022-03-08T08:49:38+00:00","dateModified":"2022-03-09T08:19:57+00:00","breadcrumb":{"@id":"https:\/\/cst.cat\/es\/servicios\/atencion-al-enfermo-critico-y-urgente\/#breadcrumb"},"inLanguage":"es","potentialAction":[{"@type":"ReadAction","target":["https:\/\/cst.cat\/es\/servicios\/atencion-al-enfermo-critico-y-urgente\/"]}]},{"@type":"ImageObject","inLanguage":"es","@id":"https:\/\/cst.cat\/es\/servicios\/atencion-al-enfermo-critico-y-urgente\/#primaryimage","url":"https:\/\/cst.cat\/wp-content\/uploads\/2021\/11\/linea-blava.png","contentUrl":"https:\/\/cst.cat\/wp-content\/uploads\/2021\/11\/linea-blava.png"},{"@type":"BreadcrumbList","@id":"https:\/\/cst.cat\/es\/servicios\/atencion-al-enfermo-critico-y-urgente\/#breadcrumb","itemListElement":[{"@type":"ListItem","position":1,"name":"Inici","item":"https:\/\/cst.cat\/es\/"},{"@type":"ListItem","position":2,"name":"Servicios","item":"https:\/\/cst.cat\/es\/servicios\/"},{"@type":"ListItem","position":3,"name":"Atenci\u00f3n al Enfermo Cr\u00edtico y Urgente"}]},{"@type":"WebSite","@id":"https:\/\/cst.cat\/es\/#website","url":"https:\/\/cst.cat\/es\/","name":"CST","description":"","publisher":{"@id":"https:\/\/cst.cat\/es\/#organization"},"potentialAction":[{"@type":"SearchAction","target":{"@type":"EntryPoint","urlTemplate":"https:\/\/cst.cat\/es\/?s={search_term_string}"},"query-input":{"@type":"PropertyValueSpecification","valueRequired":true,"valueName":"search_term_string"}}],"inLanguage":"es"},{"@type":"Organization","@id":"https:\/\/cst.cat\/es\/#organization","name":"Consorci Sanitari de Terrassa","url":"https:\/\/cst.cat\/es\/","logo":{"@type":"ImageObject","inLanguage":"es","@id":"https:\/\/cst.cat\/es\/#\/schema\/logo\/image\/","url":"https:\/\/cst.cat\/wp-content\/uploads\/2021\/09\/logo-header.svg","contentUrl":"https:\/\/cst.cat\/wp-content\/uploads\/2021\/09\/logo-header.svg","width":90,"height":32,"caption":"Consorci Sanitari de Terrassa"},"image":{"@id":"https:\/\/cst.cat\/es\/#\/schema\/logo\/image\/"}}]}},"_links":{"self":[{"href":"https:\/\/cst.cat\/es\/wp-json\/wp\/v2\/pages\/8884","targetHints":{"allow":["GET"]}}],"collection":[{"href":"https:\/\/cst.cat\/es\/wp-json\/wp\/v2\/pages"}],"about":[{"href":"https:\/\/cst.cat\/es\/wp-json\/wp\/v2\/types\/page"}],"author":[{"embeddable":true,"href":"https:\/\/cst.cat\/es\/wp-json\/wp\/v2\/users\/2"}],"replies":[{"embeddable":true,"href":"https:\/\/cst.cat\/es\/wp-json\/wp\/v2\/comments?post=8884"}],"version-history":[{"count":0,"href":"https:\/\/cst.cat\/es\/wp-json\/wp\/v2\/pages\/8884\/revisions"}],"up":[{"embeddable":true,"href":"https:\/\/cst.cat\/es\/wp-json\/wp\/v2\/pages\/8881"}],"wp:attachment":[{"href":"https:\/\/cst.cat\/es\/wp-json\/wp\/v2\/media?parent=8884"}],"curies":[{"name":"wp","href":"https:\/\/api.w.org\/{rel}","templated":true}]}}