{"id":8885,"date":"2022-03-08T09:49:38","date_gmt":"2022-03-08T08:49:38","guid":{"rendered":"https:\/\/cst.cat\/residentes\/"},"modified":"2026-04-09T10:55:39","modified_gmt":"2026-04-09T08:55:39","slug":"residentes","status":"publish","type":"page","link":"https:\/\/cst.cat\/es\/residentes\/","title":{"rendered":"Residentes"},"content":{"rendered":"\r\n    \r\n    <!-- block: banner-header -->\r\n    <style>\r\n        @media screen and (max-width: 767px) {\r\n            .block-banner-header.inner-banner {\r\n                height:  !important;\r\n            }\r\n        }\r\n    <\/style>\r\n    <section class=\"block-banner-header  inner-banner\">\r\n        <div>\r\n            <img decoding=\"async\" width=\"100%\" height=\"100%\" loading=\"lazy\" src=\"https:\/\/cst.cat\/wp-content\/uploads\/2021\/10\/residents.jpg\" srcset=\"https:\/\/cst.cat\/wp-content\/uploads\/2021\/10\/residents.jpg 1366w, https:\/\/cst.cat\/wp-content\/uploads\/2021\/10\/residents-600x154.jpg 600w, https:\/\/cst.cat\/wp-content\/uploads\/2021\/10\/residents-768x197.jpg 768w\" alt=\"\">\r\n        <\/div>\r\n        <div class=\"inner-banner-cnt\">\r\n            <div class=\"row\">\r\n                <h2>Residentes<\/h2>\r\n                <p>EN EL CST<\/p>\r\n                <div class=\"aero\">\r\n                    <a href=\"javascript:void(0);\">\r\n                        <img decoding=\"async\" src=\"https:\/\/cst.cat\/wp-content\/themes\/cst\/inc\/blocks\/cst\/banner-header\/images\/double-arrw-down.svg\">\r\n                    <\/a>\r\n                <\/div>\r\n            <\/div>\r\n        <\/div>\r\n    <\/section>\r\n    <!-- end block: banner-header -->\r\n\r\n    <!-- block: block-introduccio -->\r\n    <section class=\"block-introduccio  intro-box\">\r\n        <div class=\"row\">\r\n            <div class=\"lft-txt\">\r\n                <p>Al Consorci Sanitari de Terrassa fa m\u00e9s de 25 anys que s\u2019hi formen residents.<\/p>\n                \r\n            <\/div>\r\n            <div class=\"rgt-txt\">\r\n                <p>I tot el personal estar\u00e0 a la vostra disposici\u00f3 perqu\u00e8 trobeu l\u2019entorn m\u00e9s adequat per facilitar l&#8217;adquisici\u00f3 dels coneixements i habilitats que la vostra especialitat us demana. Intentarem que des del primer dia us trobeu com a casa.<\/p>\n            <\/div>\r\n        <\/div>\r\n    <\/section>\r\n    <!-- end block: block-introduccio -->\r\n\n<div class=\"wp-block-columns is-layout-flex wp-container-core-columns-is-layout-9d6595d7 wp-block-columns-is-layout-flex\">\n<div class=\"wp-block-column is-layout-flow wp-block-column-is-layout-flow\" style=\"flex-basis:100%\">\n<div style=\"height:34px\" aria-hidden=\"true\" class=\"wp-block-spacer\"><\/div>\n\n\n\n<div class=\"wp-block-columns is-style-columns-marge is-layout-flex wp-container-core-columns-is-layout-9d6595d7 wp-block-columns-is-layout-flex\">\n<div class=\"wp-block-column is-layout-flow wp-block-column-is-layout-flow\">\n<div class=\"wp-block-buttons is-content-justification-center is-layout-flex wp-container-core-buttons-is-layout-16018d1d wp-block-buttons-is-layout-flex\"><\/div>\n<\/div>\n\n\n\n<div class=\"wp-block-column is-layout-flow wp-block-column-is-layout-flow\">\n<div class=\"wp-block-buttons is-content-justification-center is-layout-flex wp-container-core-buttons-is-layout-16018d1d wp-block-buttons-is-layout-flex\"><\/div>\n<\/div>\n<\/div>\n\n\n\n<div style=\"height:80px\" aria-hidden=\"true\" class=\"wp-block-spacer\"><\/div>\n<\/div>\n<\/div>\n\r\n    <!-- block: block-docencia-2-cards -->\r\n            <section class=\"block-docencia-2-cards  docencia-lst \" style=\"background-color: #F3F3F3\">\r\n            <div class=\"row\">\r\n                <ul>\r\n                                            <li>\r\n                            <a href='https:\/\/cst.cat\/es\/docencia\/residentes\/quieres-hacer-la-residencia-en-el-cst\/' target='_self'>                            <h3>\u00bfQuieres hacer la residencia en el CST?<\/h3>\r\n                            <\/a>                                                            <div class=\"lst-img\">\r\n                                    <a href='https:\/\/cst.cat\/es\/docencia\/residentes\/quieres-hacer-la-residencia-en-el-cst\/' target='_self'>                                    <img decoding=\"async\" width=\"100%\" height=\"100%\" loading=\"lazy\" src=\"https:\/\/cst.cat\/wp-content\/uploads\/2021\/12\/cst-residencia-content.jpg\" srcset=\"\" alt=\"\">\r\n                                    <\/a>                                <\/div>\r\n                                                        <div class=\"lst-cnt\">\r\n                                <p><\/p>\r\n\r\n                                                                    <a href=\"https:\/\/cst.cat\/es\/docencia\/residentes\/quieres-hacer-la-residencia-en-el-cst\/\" target=\"_self\" class=\"btn\">\r\n                                        M\u00c1S INFORMACI\u00d3N                                    <\/a>\r\n                                                            <\/div>\r\n                        <\/li>\r\n                                            <li>\r\n                            <a href='https:\/\/cst.cat\/es\/docencia\/residentes\/has-elegido-plaza-en-el-cst\/' target='_self'>                            <h3>\u00bfHas elegido plaza en el CST?<\/h3>\r\n                            <\/a>                                                            <div class=\"lst-img\">\r\n                                    <a href='https:\/\/cst.cat\/es\/docencia\/residentes\/has-elegido-plaza-en-el-cst\/' target='_self'>                                    <img decoding=\"async\" width=\"100%\" height=\"100%\" loading=\"lazy\" src=\"https:\/\/cst.cat\/wp-content\/uploads\/2021\/12\/cst-placa-content.jpg\" srcset=\"\" alt=\"\">\r\n                                    <\/a>                                <\/div>\r\n                                                        <div class=\"lst-cnt\">\r\n                                <p><\/p>\r\n\r\n                                                                    <a href=\"https:\/\/cst.cat\/es\/docencia\/residentes\/has-elegido-plaza-en-el-cst\/\" target=\"_self\" class=\"btn\">\r\n                                        M\u00c1S INFORMACI\u00d3N                                    <\/a>\r\n                                                            <\/div>\r\n                        <\/li>\r\n                                    <\/ul>\r\n            <\/div>\r\n        <\/section>\r\n        <!-- end block: block-docencia-2-cards -->\r\n\r\n    <!-- block: contactar enlaces -->\r\n            <section class=\"block-contactar-enlaces  contact-sec \">\r\n            <div class=\"row\">\r\n                                    <div class=\"chead\">SECRETAR\u00cdA DOCENCIA<\/div>\r\n                                <ul class=\"contact-lst\">\r\n                                            <li class=\"phn \">\r\n                                                            <h2>Tel\u00e9fonos<\/h2>\r\n                                                        <p>Tel. <a href=\"tel:(+34)%2093%20731%2000%2007\">(+34) 93 731 00 07<\/a><br \/>\n Extensi\u00f3n 1874<\/p>\n                        <\/li>\r\n                                            <li class=\"mail \">\r\n                                                            <h2>Correo<\/h2>\r\n                                                        <p><a href=\"mailto:%20sdocencia@cst.cat\" target=\"blank\">sdocencia@cst.cat<\/a><\/p>\n                        <\/li>\r\n                                            <li class=\"map \">\r\n                                                            <h2>C\u00f3mo llegar<\/h2>\r\n                                                        <p class=\"addr\">Ctra. Torrebonica, S\/N, 08227 &#8211; Terrassa<\/p>\n<p><a href=\"https:\/\/goo.gl\/maps\/JtB5quoWqx7mtPvKA\" target=\"_blank\">Ver en Google Maps<\/a><\/p>\n                        <\/li>\r\n                                    <\/ul>\r\n            <\/div>\r\n        <\/section>\r\n        <!-- end block: contactar enlaces -->\r\n","protected":false},"excerpt":{"rendered":"","protected":false},"author":2,"featured_media":796,"parent":0,"menu_order":0,"comment_status":"closed","ping_status":"closed","template":"","meta":{"_acf_changed":false,"footnotes":""},"class_list":["post-8885","page","type-page","status-publish","has-post-thumbnail","hentry"],"acf":[],"yoast_head":"<!-- This site is optimized with the Yoast SEO plugin v27.2 - https:\/\/yoast.com\/product\/yoast-seo-wordpress\/ -->\n<title>Residentes - CST<\/title>\n<meta name=\"robots\" content=\"index, follow, max-snippet:-1, max-image-preview:large, max-video-preview:-1\" \/>\n<link rel=\"canonical\" href=\"https:\/\/cst.cat\/es\/residentes\/\" \/>\n<meta property=\"og:locale\" content=\"es_ES\" \/>\n<meta property=\"og:type\" content=\"article\" \/>\n<meta property=\"og:title\" content=\"Residentes - CST\" \/>\n<meta property=\"og:url\" content=\"https:\/\/cst.cat\/es\/residentes\/\" \/>\n<meta property=\"og:site_name\" content=\"CST\" \/>\n<meta property=\"article:modified_time\" content=\"2026-04-09T08:55:39+00:00\" \/>\n<meta property=\"og:image\" content=\"https:\/\/cst.cat\/wp-content\/uploads\/2021\/10\/residents.jpg\" \/>\n\t<meta property=\"og:image:width\" content=\"1366\" \/>\n\t<meta property=\"og:image:height\" content=\"350\" \/>\n\t<meta property=\"og:image:type\" content=\"image\/jpeg\" \/>\n<meta name=\"twitter:card\" content=\"summary_large_image\" \/>\n<script type=\"application\/ld+json\" class=\"yoast-schema-graph\">{\"@context\":\"https:\/\/schema.org\",\"@graph\":[{\"@type\":\"WebPage\",\"@id\":\"https:\/\/cst.cat\/es\/residentes\/\",\"url\":\"https:\/\/cst.cat\/es\/residentes\/\",\"name\":\"Residentes - CST\",\"isPartOf\":{\"@id\":\"https:\/\/cst.cat\/es\/#website\"},\"primaryImageOfPage\":{\"@id\":\"https:\/\/cst.cat\/es\/residentes\/#primaryimage\"},\"image\":{\"@id\":\"https:\/\/cst.cat\/es\/residentes\/#primaryimage\"},\"thumbnailUrl\":\"https:\/\/cst.cat\/wp-content\/uploads\/2021\/10\/residents.jpg\",\"datePublished\":\"2022-03-08T08:49:38+00:00\",\"dateModified\":\"2026-04-09T08:55:39+00:00\",\"breadcrumb\":{\"@id\":\"https:\/\/cst.cat\/es\/residentes\/#breadcrumb\"},\"inLanguage\":\"es\",\"potentialAction\":[{\"@type\":\"ReadAction\",\"target\":[\"https:\/\/cst.cat\/es\/residentes\/\"]}]},{\"@type\":\"ImageObject\",\"inLanguage\":\"es\",\"@id\":\"https:\/\/cst.cat\/es\/residentes\/#primaryimage\",\"url\":\"https:\/\/cst.cat\/wp-content\/uploads\/2021\/10\/residents.jpg\",\"contentUrl\":\"https:\/\/cst.cat\/wp-content\/uploads\/2021\/10\/residents.jpg\",\"width\":1366,\"height\":350},{\"@type\":\"BreadcrumbList\",\"@id\":\"https:\/\/cst.cat\/es\/residentes\/#breadcrumb\",\"itemListElement\":[{\"@type\":\"ListItem\",\"position\":1,\"name\":\"Inici\",\"item\":\"https:\/\/cst.cat\/es\/\"},{\"@type\":\"ListItem\",\"position\":2,\"name\":\"Residentes\"}]},{\"@type\":\"WebSite\",\"@id\":\"https:\/\/cst.cat\/es\/#website\",\"url\":\"https:\/\/cst.cat\/es\/\",\"name\":\"CST\",\"description\":\"\",\"publisher\":{\"@id\":\"https:\/\/cst.cat\/es\/#organization\"},\"potentialAction\":[{\"@type\":\"SearchAction\",\"target\":{\"@type\":\"EntryPoint\",\"urlTemplate\":\"https:\/\/cst.cat\/es\/?s={search_term_string}\"},\"query-input\":{\"@type\":\"PropertyValueSpecification\",\"valueRequired\":true,\"valueName\":\"search_term_string\"}}],\"inLanguage\":\"es\"},{\"@type\":\"Organization\",\"@id\":\"https:\/\/cst.cat\/es\/#organization\",\"name\":\"Consorci Sanitari de Terrassa\",\"url\":\"https:\/\/cst.cat\/es\/\",\"logo\":{\"@type\":\"ImageObject\",\"inLanguage\":\"es\",\"@id\":\"https:\/\/cst.cat\/es\/#\/schema\/logo\/image\/\",\"url\":\"https:\/\/cst.cat\/wp-content\/uploads\/2021\/09\/logo-header.svg\",\"contentUrl\":\"https:\/\/cst.cat\/wp-content\/uploads\/2021\/09\/logo-header.svg\",\"width\":90,\"height\":32,\"caption\":\"Consorci Sanitari de Terrassa\"},\"image\":{\"@id\":\"https:\/\/cst.cat\/es\/#\/schema\/logo\/image\/\"}}]}<\/script>\n<!-- \/ Yoast SEO plugin. -->","yoast_head_json":{"title":"Residentes - CST","robots":{"index":"index","follow":"follow","max-snippet":"max-snippet:-1","max-image-preview":"max-image-preview:large","max-video-preview":"max-video-preview:-1"},"canonical":"https:\/\/cst.cat\/es\/residentes\/","og_locale":"es_ES","og_type":"article","og_title":"Residentes - CST","og_url":"https:\/\/cst.cat\/es\/residentes\/","og_site_name":"CST","article_modified_time":"2026-04-09T08:55:39+00:00","og_image":[{"width":1366,"height":350,"url":"https:\/\/cst.cat\/wp-content\/uploads\/2021\/10\/residents.jpg","type":"image\/jpeg"}],"twitter_card":"summary_large_image","schema":{"@context":"https:\/\/schema.org","@graph":[{"@type":"WebPage","@id":"https:\/\/cst.cat\/es\/residentes\/","url":"https:\/\/cst.cat\/es\/residentes\/","name":"Residentes - CST","isPartOf":{"@id":"https:\/\/cst.cat\/es\/#website"},"primaryImageOfPage":{"@id":"https:\/\/cst.cat\/es\/residentes\/#primaryimage"},"image":{"@id":"https:\/\/cst.cat\/es\/residentes\/#primaryimage"},"thumbnailUrl":"https:\/\/cst.cat\/wp-content\/uploads\/2021\/10\/residents.jpg","datePublished":"2022-03-08T08:49:38+00:00","dateModified":"2026-04-09T08:55:39+00:00","breadcrumb":{"@id":"https:\/\/cst.cat\/es\/residentes\/#breadcrumb"},"inLanguage":"es","potentialAction":[{"@type":"ReadAction","target":["https:\/\/cst.cat\/es\/residentes\/"]}]},{"@type":"ImageObject","inLanguage":"es","@id":"https:\/\/cst.cat\/es\/residentes\/#primaryimage","url":"https:\/\/cst.cat\/wp-content\/uploads\/2021\/10\/residents.jpg","contentUrl":"https:\/\/cst.cat\/wp-content\/uploads\/2021\/10\/residents.jpg","width":1366,"height":350},{"@type":"BreadcrumbList","@id":"https:\/\/cst.cat\/es\/residentes\/#breadcrumb","itemListElement":[{"@type":"ListItem","position":1,"name":"Inici","item":"https:\/\/cst.cat\/es\/"},{"@type":"ListItem","position":2,"name":"Residentes"}]},{"@type":"WebSite","@id":"https:\/\/cst.cat\/es\/#website","url":"https:\/\/cst.cat\/es\/","name":"CST","description":"","publisher":{"@id":"https:\/\/cst.cat\/es\/#organization"},"potentialAction":[{"@type":"SearchAction","target":{"@type":"EntryPoint","urlTemplate":"https:\/\/cst.cat\/es\/?s={search_term_string}"},"query-input":{"@type":"PropertyValueSpecification","valueRequired":true,"valueName":"search_term_string"}}],"inLanguage":"es"},{"@type":"Organization","@id":"https:\/\/cst.cat\/es\/#organization","name":"Consorci Sanitari de Terrassa","url":"https:\/\/cst.cat\/es\/","logo":{"@type":"ImageObject","inLanguage":"es","@id":"https:\/\/cst.cat\/es\/#\/schema\/logo\/image\/","url":"https:\/\/cst.cat\/wp-content\/uploads\/2021\/09\/logo-header.svg","contentUrl":"https:\/\/cst.cat\/wp-content\/uploads\/2021\/09\/logo-header.svg","width":90,"height":32,"caption":"Consorci Sanitari de Terrassa"},"image":{"@id":"https:\/\/cst.cat\/es\/#\/schema\/logo\/image\/"}}]}},"_links":{"self":[{"href":"https:\/\/cst.cat\/es\/wp-json\/wp\/v2\/pages\/8885","targetHints":{"allow":["GET"]}}],"collection":[{"href":"https:\/\/cst.cat\/es\/wp-json\/wp\/v2\/pages"}],"about":[{"href":"https:\/\/cst.cat\/es\/wp-json\/wp\/v2\/types\/page"}],"author":[{"embeddable":true,"href":"https:\/\/cst.cat\/es\/wp-json\/wp\/v2\/users\/2"}],"replies":[{"embeddable":true,"href":"https:\/\/cst.cat\/es\/wp-json\/wp\/v2\/comments?post=8885"}],"version-history":[{"count":4,"href":"https:\/\/cst.cat\/es\/wp-json\/wp\/v2\/pages\/8885\/revisions"}],"predecessor-version":[{"id":34900,"href":"https:\/\/cst.cat\/es\/wp-json\/wp\/v2\/pages\/8885\/revisions\/34900"}],"wp:featuredmedia":[{"embeddable":true,"href":"https:\/\/cst.cat\/es\/wp-json\/wp\/v2\/media\/796"}],"wp:attachment":[{"href":"https:\/\/cst.cat\/es\/wp-json\/wp\/v2\/media?parent=8885"}],"curies":[{"name":"wp","href":"https:\/\/api.w.org\/{rel}","templated":true}]}}