{"id":8888,"date":"2022-03-08T09:49:39","date_gmt":"2022-03-08T08:49:39","guid":{"rendered":"https:\/\/cst.cat\/servicios\/atencion-medica\/"},"modified":"2022-03-09T09:31:14","modified_gmt":"2022-03-09T08:31:14","slug":"atencion-medica","status":"publish","type":"page","link":"https:\/\/cst.cat\/es\/servicios\/atencion-medica\/","title":{"rendered":"Atenci\u00f3n M\u00e9dica"},"content":{"rendered":"\r\n    <!-- block: breadcum header -->\r\n    <section class=\"block-breadcum-header  agenda-title-sec\">\r\n        <div class=\"row\">\r\n            <div class=\"bred-crum\">\r\n                <ul><li><a href='https:\/\/cst.cat\/es\/'>Inicio<\/a><\/li><li><a href='https:\/\/cst.cat\/es\/servicios\/'>Servicios<\/a><\/li><li><a href='https:\/\/cst.cat\/es\/servicios\/atencion-medica\/'>Atenci\u00f3n M\u00e9dica<\/a><\/li><\/ul>            <\/div>\r\n            <div class=\"clear:both;\"><\/div>\r\n            \r\n        <\/div>\r\n    <\/section>\r\n    <!-- end block: breadcum header -->\r\n\n\n\r\n    \r\n    <!-- block: banner-header -->\r\n    <style>\r\n        @media screen and (max-width: 767px) {\r\n            .block-banner-header.inner-banner {\r\n                height: auto !important;\r\n            }\r\n        }\r\n    <\/style>\r\n    <section class=\"block-banner-header  left inner-banner\">\r\n        <div>\r\n            <img decoding=\"async\" width=\"100%\" height=\"100%\" loading=\"lazy\" src=\"https:\/\/cst.cat\/wp-content\/uploads\/2021\/11\/cap-ambits.jpg\" srcset=\"https:\/\/cst.cat\/wp-content\/uploads\/2021\/11\/cap-ambits.jpg 1600w, https:\/\/cst.cat\/wp-content\/uploads\/2021\/11\/cap-ambits-600x94.jpg 600w, https:\/\/cst.cat\/wp-content\/uploads\/2021\/11\/cap-ambits-1366x213.jpg 1366w, https:\/\/cst.cat\/wp-content\/uploads\/2021\/11\/cap-ambits-768x120.jpg 768w, https:\/\/cst.cat\/wp-content\/uploads\/2021\/11\/cap-ambits-1536x240.jpg 1536w\" alt=\"\">\r\n        <\/div>\r\n        <div class=\"inner-banner-cnt\">\r\n            <div class=\"row\">\r\n                <h2>\u00bfQu\u00e9 hacemos?<\/h2>\r\n                <p><\/p>\r\n                <div class=\"aero\">\r\n                    <a href=\"javascript:void(0);\">\r\n                        <img decoding=\"async\" src=\"https:\/\/cst.cat\/wp-content\/themes\/cst\/inc\/blocks\/cst\/banner-header\/images\/double-arrw-down.svg\">\r\n                    <\/a>\r\n                <\/div>\r\n            <\/div>\r\n        <\/div>\r\n    <\/section>\r\n    <!-- end block: banner-header -->\r\n\n\n\n<div style=\"height:50px\" aria-hidden=\"true\" class=\"wp-block-spacer\"><\/div>\n\n\n\n<div class=\"wp-block-columns is-style-columns-marge is-layout-flex wp-container-core-columns-is-layout-9d6595d7 wp-block-columns-is-layout-flex\">\n<div class=\"wp-block-column is-layout-flow wp-block-column-is-layout-flow\">\n<h2 class=\"wp-block-heading\" id=\"atencio-medica\">Atenci\u00f3n M\u00e9dica<\/h2>\n\n\n\n<figure class=\"wp-block-image size-full\"><img loading=\"lazy\" decoding=\"async\" width=\"44\" height=\"24\" src=\"https:\/\/cst.cat\/wp-content\/uploads\/2021\/11\/linea-blava.png\" alt=\"\" class=\"wp-image-2829\"\/><\/figure>\n\n\n\n<div class=\"wp-block-columns is-layout-flex wp-container-core-columns-is-layout-9d6595d7 wp-block-columns-is-layout-flex\">\n<div class=\"wp-block-column is-layout-flow wp-block-column-is-layout-flow\">\n<p class=\"has-medium-font-size\"><strong>Atenci\u00f3n M\u00e9dica tiene como misi\u00f3n la atenci\u00f3n integral de las personas adultas con enfermedades m\u00e9dicas, incluyendo la prevenci\u00f3n, diagn\u00f3stico y tratamiento de enfermedades agudas y cr\u00f3nicas, recuperaci\u00f3n funcional, atenci\u00f3n al envejecimiento y atenci\u00f3n al final de la vida, en base a la evidencia cient\u00edfica y los principios de la bio\u00e9tica y el profesionalismo.<\/strong><\/p>\n<\/div>\n\n\n\n<div class=\"wp-block-column is-layout-flow wp-block-column-is-layout-flow\">\n<p>Promueve la colaboraci\u00f3n con los \u00e1mbitos de Atenci\u00f3n Primaria y Atenci\u00f3n a la Dependencia, a fin de garantizar la continuidad asistencial, as\u00ed como la actuaci\u00f3n de equipos multidisciplinares, integrando los esfuerzos de los distintos profesionales sanitarios.<\/p>\n\n\n\n<div style=\"height:20px\" aria-hidden=\"true\" class=\"wp-block-spacer\"><\/div>\n\n\n\n<p>Tambi\u00e9n asume la formaci\u00f3n de nuevos especialistas en diferentes disciplinas m\u00e9dicas y desarrolla la investigaci\u00f3n cl\u00ednica orientada a mejorar la atenci\u00f3n a las personas enfermas o en riesgo de enfermar.<\/p>\n<\/div>\n<\/div>\n\n\n\n<hr class=\"wp-block-separator\"\/>\n\n\n<!-- block: llistat-serveis -->\r\n    <section class=\"block-llistat-serveis  serveis-lst\">\r\n        <ul>\r\n                                <li>\r\n                        <a href=\"https:\/\/cst.cat\/es\/servei\/servicio-de-alergologia\/\">\r\n                            <h3>Servicio de Alergolog\u00eda<\/h3>\r\n                            <h4>Atenci\u00f3n M\u00e9dica<\/h4>\r\n                            <p><\/p>\r\n                        <\/a>\r\n                    <\/li>\r\n                                <li>\r\n                        <a href=\"https:\/\/cst.cat\/es\/servei\/servicio-de-digestologia\/\">\r\n                            <h3>Servicio de Digestolog\u00eda<\/h3>\r\n                            <h4>Atenci\u00f3n M\u00e9dica<\/h4>\r\n                            <p><\/p>\r\n                        <\/a>\r\n                    <\/li>\r\n                                <li>\r\n                        <a href=\"https:\/\/cst.cat\/es\/servei\/servicio-de-medicina-interna\/\">\r\n                            <h3>Servicio de Medicina Interna<\/h3>\r\n                            <h4>Atenci\u00f3n M\u00e9dica<\/h4>\r\n                            <p><\/p>\r\n                        <\/a>\r\n                    <\/li>\r\n                                <li>\r\n                        <a href=\"https:\/\/cst.cat\/es\/servei\/servicio-de-neumologia\/\">\r\n                            <h3>Servicio de Neumolog\u00eda<\/h3>\r\n                            <h4>Atenci\u00f3n M\u00e9dica<\/h4>\r\n                            <p><\/p>\r\n                        <\/a>\r\n                    <\/li>\r\n                                <li>\r\n                        <a href=\"https:\/\/cst.cat\/es\/servei\/servicio-de-cardiologia\/\">\r\n                            <h3>Servicio de Cardiolog\u00eda<\/h3>\r\n                            <h4>Atenci\u00f3n M\u00e9dica<\/h4>\r\n                            <p><\/p>\r\n                        <\/a>\r\n                    <\/li>\r\n                                <li>\r\n                        <a href=\"https:\/\/cst.cat\/es\/servei\/servicio-de-hematologia-y-hemoterapia\/\">\r\n                            <h3>Servicio de Hematolog\u00eda y Hemoterapia<\/h3>\r\n                            <h4>Atenci\u00f3n M\u00e9dica<\/h4>\r\n                            <p><\/p>\r\n                        <\/a>\r\n                    <\/li>\r\n                                <li>\r\n                        <a href=\"https:\/\/cst.cat\/es\/servei\/servicio-de-nefrologia\/\">\r\n                            <h3>Servicio de Nefrolog\u00eda<\/h3>\r\n                            <h4>Atenci\u00f3n M\u00e9dica<\/h4>\r\n                            <p><\/p>\r\n                        <\/a>\r\n                    <\/li>\r\n                                <li>\r\n                        <a href=\"https:\/\/cst.cat\/es\/servei\/servicio-de-reumatologia\/\">\r\n                            <h3>Servicio de Reumatolog\u00eda<\/h3>\r\n                            <h4>Atenci\u00f3n M\u00e9dica<\/h4>\r\n                            <p><\/p>\r\n                        <\/a>\r\n                    <\/li>\r\n                                <li>\r\n                        <a href=\"https:\/\/cst.cat\/es\/servei\/servicio-de-dermatologia\/\">\r\n                            <h3>Servicio de Dermatolog\u00eda<\/h3>\r\n                            <h4>Atenci\u00f3n M\u00e9dica<\/h4>\r\n                            <p><\/p>\r\n                        <\/a>\r\n                    <\/li>\r\n                                <li>\r\n                        <a href=\"https:\/\/cst.cat\/es\/servei\/servicio-de-hospitalizacion-de-atencion-domiciliaria\/\">\r\n                            <h3>Servicio de Hospitalizaci\u00f3n de Atenci\u00f3n Domiciliaria<\/h3>\r\n                            <h4>Atenci\u00f3n M\u00e9dica<\/h4>\r\n                            <p><\/p>\r\n                        <\/a>\r\n                    <\/li>\r\n                                <li>\r\n                        <a href=\"https:\/\/cst.cat\/es\/servei\/servicio-de-oncologia-medica\/\">\r\n                            <h3>Servicio de Oncolog\u00eda M\u00e9dica<\/h3>\r\n                            <h4>Atenci\u00f3n M\u00e9dica<\/h4>\r\n                            <p><\/p>\r\n                        <\/a>\r\n                    <\/li>\r\n                                <li>\r\n                        <a href=\"https:\/\/cst.cat\/es\/servei\/servicio-de-neurologia\/\">\r\n                            <h3>Servicio de Neurolog\u00eda<\/h3>\r\n                            <h4>Atenci\u00f3n M\u00e9dica<\/h4>\r\n                            <p><\/p>\r\n                        <\/a>\r\n                    <\/li>\r\n                    <\/ul>\r\n    <\/section>\r\n<!-- end block: llistat-serveis -->\n\n\n<div style=\"height:50px\" aria-hidden=\"true\" class=\"wp-block-spacer\"><\/div>\n<\/div>\n<\/div>\n","protected":false},"excerpt":{"rendered":"<p>Atenci\u00f3n M\u00e9dica Atenci\u00f3n M\u00e9dica tiene como misi\u00f3n la atenci\u00f3n integral de las personas adultas con enfermedades m\u00e9dicas, incluyendo la prevenci\u00f3n, diagn\u00f3stico y tratamiento de enfermedades agudas y cr\u00f3nicas, recuperaci\u00f3n funcional, atenci\u00f3n al envejecimiento y atenci\u00f3n al final de la vida, en base a la evidencia cient\u00edfica y los principios de la bio\u00e9tica y el profesionalismo. [&hellip;]<\/p>\n","protected":false},"author":2,"featured_media":0,"parent":8881,"menu_order":0,"comment_status":"closed","ping_status":"closed","template":"","meta":{"_acf_changed":false,"footnotes":""},"class_list":["post-8888","page","type-page","status-publish","hentry"],"acf":[],"yoast_head":"<!-- This site is optimized with the Yoast SEO plugin v27.2 - https:\/\/yoast.com\/product\/yoast-seo-wordpress\/ -->\n<title>Atenci\u00f3n M\u00e9dica - CST<\/title>\n<meta name=\"robots\" content=\"index, follow, max-snippet:-1, max-image-preview:large, max-video-preview:-1\" \/>\n<link rel=\"canonical\" href=\"https:\/\/cst.cat\/es\/servicios\/atencion-medica\/\" \/>\n<meta property=\"og:locale\" content=\"es_ES\" \/>\n<meta property=\"og:type\" content=\"article\" \/>\n<meta property=\"og:title\" content=\"Atenci\u00f3n M\u00e9dica - CST\" \/>\n<meta property=\"og:description\" content=\"Atenci\u00f3n M\u00e9dica Atenci\u00f3n M\u00e9dica tiene como misi\u00f3n la atenci\u00f3n integral de las personas adultas con enfermedades m\u00e9dicas, incluyendo la prevenci\u00f3n, diagn\u00f3stico y tratamiento de enfermedades agudas y cr\u00f3nicas, recuperaci\u00f3n funcional, atenci\u00f3n al envejecimiento y atenci\u00f3n al final de la vida, en base a la evidencia cient\u00edfica y los principios de la bio\u00e9tica y el profesionalismo. [&hellip;]\" \/>\n<meta property=\"og:url\" content=\"https:\/\/cst.cat\/es\/servicios\/atencion-medica\/\" \/>\n<meta property=\"og:site_name\" content=\"CST\" \/>\n<meta property=\"article:modified_time\" content=\"2022-03-09T08:31:14+00:00\" \/>\n<meta property=\"og:image\" content=\"https:\/\/cst.cat\/wp-content\/uploads\/2021\/11\/linea-blava.png\" \/>\n<meta name=\"twitter:card\" content=\"summary_large_image\" \/>\n<meta name=\"twitter:label1\" content=\"Tiempo de lectura\" \/>\n\t<meta name=\"twitter:data1\" content=\"1 minuto\" \/>\n<script type=\"application\/ld+json\" class=\"yoast-schema-graph\">{\"@context\":\"https:\/\/schema.org\",\"@graph\":[{\"@type\":\"WebPage\",\"@id\":\"https:\/\/cst.cat\/es\/servicios\/atencion-medica\/\",\"url\":\"https:\/\/cst.cat\/es\/servicios\/atencion-medica\/\",\"name\":\"Atenci\u00f3n M\u00e9dica - CST\",\"isPartOf\":{\"@id\":\"https:\/\/cst.cat\/es\/#website\"},\"primaryImageOfPage\":{\"@id\":\"https:\/\/cst.cat\/es\/servicios\/atencion-medica\/#primaryimage\"},\"image\":{\"@id\":\"https:\/\/cst.cat\/es\/servicios\/atencion-medica\/#primaryimage\"},\"thumbnailUrl\":\"https:\/\/cst.cat\/wp-content\/uploads\/2021\/11\/linea-blava.png\",\"datePublished\":\"2022-03-08T08:49:39+00:00\",\"dateModified\":\"2022-03-09T08:31:14+00:00\",\"breadcrumb\":{\"@id\":\"https:\/\/cst.cat\/es\/servicios\/atencion-medica\/#breadcrumb\"},\"inLanguage\":\"es\",\"potentialAction\":[{\"@type\":\"ReadAction\",\"target\":[\"https:\/\/cst.cat\/es\/servicios\/atencion-medica\/\"]}]},{\"@type\":\"ImageObject\",\"inLanguage\":\"es\",\"@id\":\"https:\/\/cst.cat\/es\/servicios\/atencion-medica\/#primaryimage\",\"url\":\"https:\/\/cst.cat\/wp-content\/uploads\/2021\/11\/linea-blava.png\",\"contentUrl\":\"https:\/\/cst.cat\/wp-content\/uploads\/2021\/11\/linea-blava.png\"},{\"@type\":\"BreadcrumbList\",\"@id\":\"https:\/\/cst.cat\/es\/servicios\/atencion-medica\/#breadcrumb\",\"itemListElement\":[{\"@type\":\"ListItem\",\"position\":1,\"name\":\"Inici\",\"item\":\"https:\/\/cst.cat\/es\/\"},{\"@type\":\"ListItem\",\"position\":2,\"name\":\"Servicios\",\"item\":\"https:\/\/cst.cat\/es\/servicios\/\"},{\"@type\":\"ListItem\",\"position\":3,\"name\":\"Atenci\u00f3n M\u00e9dica\"}]},{\"@type\":\"WebSite\",\"@id\":\"https:\/\/cst.cat\/es\/#website\",\"url\":\"https:\/\/cst.cat\/es\/\",\"name\":\"CST\",\"description\":\"\",\"publisher\":{\"@id\":\"https:\/\/cst.cat\/es\/#organization\"},\"potentialAction\":[{\"@type\":\"SearchAction\",\"target\":{\"@type\":\"EntryPoint\",\"urlTemplate\":\"https:\/\/cst.cat\/es\/?s={search_term_string}\"},\"query-input\":{\"@type\":\"PropertyValueSpecification\",\"valueRequired\":true,\"valueName\":\"search_term_string\"}}],\"inLanguage\":\"es\"},{\"@type\":\"Organization\",\"@id\":\"https:\/\/cst.cat\/es\/#organization\",\"name\":\"Consorci Sanitari de Terrassa\",\"url\":\"https:\/\/cst.cat\/es\/\",\"logo\":{\"@type\":\"ImageObject\",\"inLanguage\":\"es\",\"@id\":\"https:\/\/cst.cat\/es\/#\/schema\/logo\/image\/\",\"url\":\"https:\/\/cst.cat\/wp-content\/uploads\/2021\/09\/logo-header.svg\",\"contentUrl\":\"https:\/\/cst.cat\/wp-content\/uploads\/2021\/09\/logo-header.svg\",\"width\":90,\"height\":32,\"caption\":\"Consorci Sanitari de Terrassa\"},\"image\":{\"@id\":\"https:\/\/cst.cat\/es\/#\/schema\/logo\/image\/\"}}]}<\/script>\n<!-- \/ Yoast SEO plugin. -->","yoast_head_json":{"title":"Atenci\u00f3n M\u00e9dica - CST","robots":{"index":"index","follow":"follow","max-snippet":"max-snippet:-1","max-image-preview":"max-image-preview:large","max-video-preview":"max-video-preview:-1"},"canonical":"https:\/\/cst.cat\/es\/servicios\/atencion-medica\/","og_locale":"es_ES","og_type":"article","og_title":"Atenci\u00f3n M\u00e9dica - CST","og_description":"Atenci\u00f3n M\u00e9dica Atenci\u00f3n M\u00e9dica tiene como misi\u00f3n la atenci\u00f3n integral de las personas adultas con enfermedades m\u00e9dicas, incluyendo la prevenci\u00f3n, diagn\u00f3stico y tratamiento de enfermedades agudas y cr\u00f3nicas, recuperaci\u00f3n funcional, atenci\u00f3n al envejecimiento y atenci\u00f3n al final de la vida, en base a la evidencia cient\u00edfica y los principios de la bio\u00e9tica y el profesionalismo. [&hellip;]","og_url":"https:\/\/cst.cat\/es\/servicios\/atencion-medica\/","og_site_name":"CST","article_modified_time":"2022-03-09T08:31:14+00:00","og_image":[{"url":"https:\/\/cst.cat\/wp-content\/uploads\/2021\/11\/linea-blava.png","type":"","width":"","height":""}],"twitter_card":"summary_large_image","twitter_misc":{"Tiempo de lectura":"1 minuto"},"schema":{"@context":"https:\/\/schema.org","@graph":[{"@type":"WebPage","@id":"https:\/\/cst.cat\/es\/servicios\/atencion-medica\/","url":"https:\/\/cst.cat\/es\/servicios\/atencion-medica\/","name":"Atenci\u00f3n M\u00e9dica - CST","isPartOf":{"@id":"https:\/\/cst.cat\/es\/#website"},"primaryImageOfPage":{"@id":"https:\/\/cst.cat\/es\/servicios\/atencion-medica\/#primaryimage"},"image":{"@id":"https:\/\/cst.cat\/es\/servicios\/atencion-medica\/#primaryimage"},"thumbnailUrl":"https:\/\/cst.cat\/wp-content\/uploads\/2021\/11\/linea-blava.png","datePublished":"2022-03-08T08:49:39+00:00","dateModified":"2022-03-09T08:31:14+00:00","breadcrumb":{"@id":"https:\/\/cst.cat\/es\/servicios\/atencion-medica\/#breadcrumb"},"inLanguage":"es","potentialAction":[{"@type":"ReadAction","target":["https:\/\/cst.cat\/es\/servicios\/atencion-medica\/"]}]},{"@type":"ImageObject","inLanguage":"es","@id":"https:\/\/cst.cat\/es\/servicios\/atencion-medica\/#primaryimage","url":"https:\/\/cst.cat\/wp-content\/uploads\/2021\/11\/linea-blava.png","contentUrl":"https:\/\/cst.cat\/wp-content\/uploads\/2021\/11\/linea-blava.png"},{"@type":"BreadcrumbList","@id":"https:\/\/cst.cat\/es\/servicios\/atencion-medica\/#breadcrumb","itemListElement":[{"@type":"ListItem","position":1,"name":"Inici","item":"https:\/\/cst.cat\/es\/"},{"@type":"ListItem","position":2,"name":"Servicios","item":"https:\/\/cst.cat\/es\/servicios\/"},{"@type":"ListItem","position":3,"name":"Atenci\u00f3n M\u00e9dica"}]},{"@type":"WebSite","@id":"https:\/\/cst.cat\/es\/#website","url":"https:\/\/cst.cat\/es\/","name":"CST","description":"","publisher":{"@id":"https:\/\/cst.cat\/es\/#organization"},"potentialAction":[{"@type":"SearchAction","target":{"@type":"EntryPoint","urlTemplate":"https:\/\/cst.cat\/es\/?s={search_term_string}"},"query-input":{"@type":"PropertyValueSpecification","valueRequired":true,"valueName":"search_term_string"}}],"inLanguage":"es"},{"@type":"Organization","@id":"https:\/\/cst.cat\/es\/#organization","name":"Consorci Sanitari de Terrassa","url":"https:\/\/cst.cat\/es\/","logo":{"@type":"ImageObject","inLanguage":"es","@id":"https:\/\/cst.cat\/es\/#\/schema\/logo\/image\/","url":"https:\/\/cst.cat\/wp-content\/uploads\/2021\/09\/logo-header.svg","contentUrl":"https:\/\/cst.cat\/wp-content\/uploads\/2021\/09\/logo-header.svg","width":90,"height":32,"caption":"Consorci Sanitari de Terrassa"},"image":{"@id":"https:\/\/cst.cat\/es\/#\/schema\/logo\/image\/"}}]}},"_links":{"self":[{"href":"https:\/\/cst.cat\/es\/wp-json\/wp\/v2\/pages\/8888","targetHints":{"allow":["GET"]}}],"collection":[{"href":"https:\/\/cst.cat\/es\/wp-json\/wp\/v2\/pages"}],"about":[{"href":"https:\/\/cst.cat\/es\/wp-json\/wp\/v2\/types\/page"}],"author":[{"embeddable":true,"href":"https:\/\/cst.cat\/es\/wp-json\/wp\/v2\/users\/2"}],"replies":[{"embeddable":true,"href":"https:\/\/cst.cat\/es\/wp-json\/wp\/v2\/comments?post=8888"}],"version-history":[{"count":0,"href":"https:\/\/cst.cat\/es\/wp-json\/wp\/v2\/pages\/8888\/revisions"}],"up":[{"embeddable":true,"href":"https:\/\/cst.cat\/es\/wp-json\/wp\/v2\/pages\/8881"}],"wp:attachment":[{"href":"https:\/\/cst.cat\/es\/wp-json\/wp\/v2\/media?parent=8888"}],"curies":[{"name":"wp","href":"https:\/\/api.w.org\/{rel}","templated":true}]}}