{"id":8894,"date":"2022-03-08T09:49:39","date_gmt":"2022-03-08T08:49:39","guid":{"rendered":"https:\/\/cst.cat\/servicios\/atencion-quirurgica\/"},"modified":"2022-03-09T09:18:58","modified_gmt":"2022-03-09T08:18:58","slug":"atencion-quirurgica","status":"publish","type":"page","link":"https:\/\/cst.cat\/es\/servicios\/atencion-quirurgica\/","title":{"rendered":"Atenci\u00f3n Quir\u00fargica"},"content":{"rendered":"\r\n    <!-- block: breadcum header -->\r\n    <section class=\"block-breadcum-header  agenda-title-sec\">\r\n        <div class=\"row\">\r\n            <div class=\"bred-crum\">\r\n                <ul><li><a href='https:\/\/cst.cat\/es\/'>Inicio<\/a><\/li><li><a href='https:\/\/cst.cat\/es\/servicios\/'>Servicios<\/a><\/li><li><a href='https:\/\/cst.cat\/es\/servicios\/atencion-quirurgica\/'>Atenci\u00f3n Quir\u00fargica<\/a><\/li><\/ul>            <\/div>\r\n            <div class=\"clear:both;\"><\/div>\r\n            \r\n        <\/div>\r\n    <\/section>\r\n    <!-- end block: breadcum header -->\r\n\n\n\r\n    \r\n    <!-- block: banner-header -->\r\n    <style>\r\n        @media screen and (max-width: 767px) {\r\n            .block-banner-header.inner-banner {\r\n                height: auto !important;\r\n            }\r\n        }\r\n    <\/style>\r\n    <section class=\"block-banner-header  left inner-banner\">\r\n        <div>\r\n            <img decoding=\"async\" width=\"100%\" height=\"100%\" loading=\"lazy\" src=\"https:\/\/cst.cat\/wp-content\/uploads\/2021\/11\/cap-ambits.jpg\" srcset=\"https:\/\/cst.cat\/wp-content\/uploads\/2021\/11\/cap-ambits.jpg 1600w, https:\/\/cst.cat\/wp-content\/uploads\/2021\/11\/cap-ambits-600x94.jpg 600w, https:\/\/cst.cat\/wp-content\/uploads\/2021\/11\/cap-ambits-1366x213.jpg 1366w, https:\/\/cst.cat\/wp-content\/uploads\/2021\/11\/cap-ambits-768x120.jpg 768w, https:\/\/cst.cat\/wp-content\/uploads\/2021\/11\/cap-ambits-1536x240.jpg 1536w\" alt=\"\">\r\n        <\/div>\r\n        <div class=\"inner-banner-cnt\">\r\n            <div class=\"row\">\r\n                <h2>Qu\u00e8 fem<\/h2>\r\n                <p><\/p>\r\n                <div class=\"aero\">\r\n                    <a href=\"javascript:void(0);\">\r\n                        <img decoding=\"async\" src=\"https:\/\/cst.cat\/wp-content\/themes\/cst\/inc\/blocks\/cst\/banner-header\/images\/double-arrw-down.svg\">\r\n                    <\/a>\r\n                <\/div>\r\n            <\/div>\r\n        <\/div>\r\n    <\/section>\r\n    <!-- end block: banner-header -->\r\n\n\n\n<div style=\"height:50px\" aria-hidden=\"true\" class=\"wp-block-spacer\"><\/div>\n\n\n\n<div class=\"wp-block-columns is-style-columns-marge is-layout-flex wp-container-core-columns-is-layout-9d6595d7 wp-block-columns-is-layout-flex\">\n<div class=\"wp-block-column is-layout-flow wp-block-column-is-layout-flow\">\n<h2 class=\"wp-block-heading\" id=\"atencio-quirurgica\">Atenci\u00f3n Quir\u00fargica<\/h2>\n\n\n\n<figure class=\"wp-block-image size-full\"><img loading=\"lazy\" decoding=\"async\" width=\"44\" height=\"24\" src=\"https:\/\/cst.cat\/wp-content\/uploads\/2021\/11\/linea-blava.png\" alt=\"\" class=\"wp-image-2829\"\/><\/figure>\n\n\n\n<div class=\"wp-block-columns is-layout-flex wp-container-core-columns-is-layout-9d6595d7 wp-block-columns-is-layout-flex\">\n<div class=\"wp-block-column is-layout-flow wp-block-column-is-layout-flow\">\n<p class=\"has-medium-font-size\"><strong>Atenci\u00f3n Quir\u00fargica agrupa diversas especialidades quir\u00fargicas que dan soporte asistencial dentro de la Organizaci\u00f3n Sanitaria Integral que constituye el CST. Su actividad asistencial se desarrolla fundamentalmente en el Hospital de Terrassa, si bien parte de la actividad ambulatoria se realiza en algunos centros de atenci\u00f3n primaria y centros penitenciarios.<\/strong><\/p>\n\n\n\n<div style=\"height:25px\" aria-hidden=\"true\" class=\"wp-block-spacer\"><\/div>\n\n\n\n<p class=\"has-medium-font-size\">Las especialidades quir\u00fargicas que forman parte de este \u00c1mbito son Cirug\u00eda General, Oftalmolog\u00eda, Cirug\u00eda Vascular, Urolog\u00eda, Cirug\u00eda Pl\u00e1stica, Cirug\u00eda Ortop\u00e9dica y Traumatolog\u00eda, Otorrinolaringolog\u00eda y Cirug\u00eda Tor\u00e1cica.<\/p>\n<\/div>\n\n\n\n<div class=\"wp-block-column is-layout-flow wp-block-column-is-layout-flow\">\n<p>Los servicios de Cirug\u00eda General, Traumatolog\u00eda y Oftalmolog\u00eda cuentan con programas de formaci\u00f3n para m\u00e9dicos residentes dentro del programa MIR. El resto de especialidades participan en los programas formativos de m\u00e9dicos residentes de otras especialidades tanto m\u00e9dicas como quir\u00fargicas.<\/p>\n\n\n\n<div style=\"height:20px\" aria-hidden=\"true\" class=\"wp-block-spacer\"><\/div>\n\n\n\n<p>Dentro de la Direcci\u00f3n del \u00c1mbito Quir\u00fargico tambi\u00e9n se encuentra el Bloque Quir\u00fargico que integra toda el \u00e1rea de quir\u00f3fanos agrupados en dos plantas del hospital y que suman un total de once. En la planta 3\u00aa del Hospital de Terrassa se encuentra ubicada la unidad de cirug\u00eda sin ingreso (UCSI), con cuatro quir\u00f3fanos, y sus \u00e1reas de reanimaci\u00f3n espec\u00edficas que apoyan este dispositivo. El Servicio de Anestesiolog\u00eda, Reanimaci\u00f3n y Dolor est\u00e1 integrado en este blog. Aunque su actividad fundamental se desarrolla en el \u00c1rea Quir\u00fargica una parte importante se realiza fuera del \u00c1rea Quir\u00fargica apoyando actos asistenciales que se producen en \u00e1reas de diagn\u00f3stico como endoscopias, diagn\u00f3stico por la imagen, etc., y que experimentado un importante crecimiento en los \u00faltimos a\u00f1os. Adem\u00e1s, una parte de su actividad asistencial se dedica al tratamiento de pacientes con distintos tipos de dolor cr\u00f3nico.<\/p>\n<\/div>\n<\/div>\n\n\n\n<div style=\"height:60px\" aria-hidden=\"true\" class=\"wp-block-spacer\"><\/div>\n\n\n\n<hr class=\"wp-block-separator\"\/>\n\n\n<!-- block: llistat-serveis -->\r\n    <section class=\"block-llistat-serveis  serveis-lst\">\r\n        <ul>\r\n                                <li>\r\n                        <a href=\"https:\/\/cst.cat\/es\/servei\/servicio-de-angiologia-cirugia-vascular-y-endovascular\/\">\r\n                            <h3>Servicio de Angiolog\u00eda, Cirug\u00eda Vascular y Endovascular<\/h3>\r\n                            <h4>Atenci\u00f3n Quir\u00fargica<\/h4>\r\n                            <p><\/p>\r\n                        <\/a>\r\n                    <\/li>\r\n                                <li>\r\n                        <a href=\"https:\/\/cst.cat\/es\/servei\/servicio-de-blog-quirurgico\/\">\r\n                            <h3>Blog Quir\u00fargico<\/h3>\r\n                            <h4>Atenci\u00f3n Quir\u00fargica<\/h4>\r\n                            <p><\/p>\r\n                        <\/a>\r\n                    <\/li>\r\n                                <li>\r\n                        <a href=\"https:\/\/cst.cat\/es\/servei\/servicio-de-ginecologia\/\">\r\n                            <h3>Servicio de Ginecolog\u00eda<\/h3>\r\n                            <h4>Atenci\u00f3n Quir\u00fargica<\/h4>\r\n                            <p><\/p>\r\n                        <\/a>\r\n                    <\/li>\r\n                                <li>\r\n                        <a href=\"https:\/\/cst.cat\/es\/servei\/servicio-de-oftalmologia\/\">\r\n                            <h3>Servicio de Oftalmolog\u00eda<\/h3>\r\n                            <h4>Atenci\u00f3n Quir\u00fargica<\/h4>\r\n                            <p><\/p>\r\n                        <\/a>\r\n                    <\/li>\r\n                                <li>\r\n                        <a href=\"https:\/\/cst.cat\/es\/servei\/servicio-de-cirugia-general-y-del-aparato-digestivo\/\">\r\n                            <h3>Servicio de Cirug\u00eda General y del Aparato Digestivo<\/h3>\r\n                            <h4>Atenci\u00f3n Quir\u00fargica<\/h4>\r\n                            <p><\/p>\r\n                        <\/a>\r\n                    <\/li>\r\n                                <li>\r\n                        <a href=\"https:\/\/cst.cat\/es\/servei\/servicio-de-cirugia-ortopedica-y-traumatologia\/\">\r\n                            <h3>Servicio de Cirug\u00eda Ortop\u00e9dica y Traumatolog\u00eda<\/h3>\r\n                            <h4>Atenci\u00f3n Quir\u00fargica<\/h4>\r\n                            <p><\/p>\r\n                        <\/a>\r\n                    <\/li>\r\n                                <li>\r\n                        <a href=\"https:\/\/cst.cat\/es\/servei\/unidad-del-dolor\/\">\r\n                            <h3>Unidad del Dolor<\/h3>\r\n                            <h4>Atenci\u00f3n Quir\u00fargica<\/h4>\r\n                            <p><\/p>\r\n                        <\/a>\r\n                    <\/li>\r\n                                <li>\r\n                        <a href=\"https:\/\/cst.cat\/es\/servei\/servicio-de-otorrinolaringologia\/\">\r\n                            <h3>Servicio de Otorrinolaringolog\u00eda<\/h3>\r\n                            <h4>Atenci\u00f3n Quir\u00fargica<\/h4>\r\n                            <p><\/p>\r\n                        <\/a>\r\n                    <\/li>\r\n                                <li>\r\n                        <a href=\"https:\/\/cst.cat\/es\/servei\/servicio-de-anestesiologia-reanimacion-y-terapia-del-dolor\/\">\r\n                            <h3>Servicio de Anestesiolog\u00eda, Reanimaci\u00f3n y Terapia del Dolor<\/h3>\r\n                            <h4>Atenci\u00f3n Quir\u00fargica<\/h4>\r\n                            <p><\/p>\r\n                        <\/a>\r\n                    <\/li>\r\n                                <li>\r\n                        <a href=\"https:\/\/cst.cat\/es\/servei\/servicio-de-cirugia-plastica-y-reparadora\/\">\r\n                            <h3>Servicio de Cirug\u00eda Plastica y Reparadora<\/h3>\r\n                            <h4>Atenci\u00f3n Quir\u00fargica<\/h4>\r\n                            <p><\/p>\r\n                        <\/a>\r\n                    <\/li>\r\n                                <li>\r\n                        <a href=\"https:\/\/cst.cat\/es\/servei\/servicio-de-urologia\/\">\r\n                            <h3>Servicio de Urolog\u00eda<\/h3>\r\n                            <h4>Atenci\u00f3n Quir\u00fargica<\/h4>\r\n                            <p><\/p>\r\n                        <\/a>\r\n                    <\/li>\r\n                    <\/ul>\r\n    <\/section>\r\n<!-- end block: llistat-serveis -->\n\n\n<div style=\"height:50px\" aria-hidden=\"true\" class=\"wp-block-spacer\"><\/div>\n<\/div>\n<\/div>\n","protected":false},"excerpt":{"rendered":"<p>Atenci\u00f3n Quir\u00fargica Atenci\u00f3n Quir\u00fargica agrupa diversas especialidades quir\u00fargicas que dan soporte asistencial dentro de la Organizaci\u00f3n Sanitaria Integral que constituye el CST. Su actividad asistencial se desarrolla fundamentalmente en el Hospital de Terrassa, si bien parte de la actividad ambulatoria se realiza en algunos centros de atenci\u00f3n primaria y centros penitenciarios. Las especialidades quir\u00fargicas que [&hellip;]<\/p>\n","protected":false},"author":2,"featured_media":0,"parent":8881,"menu_order":0,"comment_status":"closed","ping_status":"closed","template":"","meta":{"_acf_changed":false,"footnotes":""},"class_list":["post-8894","page","type-page","status-publish","hentry"],"acf":[],"yoast_head":"<!-- This site is optimized with the Yoast SEO plugin v27.2 - https:\/\/yoast.com\/product\/yoast-seo-wordpress\/ -->\n<title>Atenci\u00f3n Quir\u00fargica - CST<\/title>\n<meta name=\"robots\" content=\"index, follow, max-snippet:-1, max-image-preview:large, max-video-preview:-1\" \/>\n<link rel=\"canonical\" href=\"https:\/\/cst.cat\/es\/servicios\/atencion-quirurgica\/\" \/>\n<meta property=\"og:locale\" content=\"es_ES\" \/>\n<meta property=\"og:type\" content=\"article\" \/>\n<meta property=\"og:title\" content=\"Atenci\u00f3n Quir\u00fargica - CST\" \/>\n<meta property=\"og:description\" content=\"Atenci\u00f3n Quir\u00fargica Atenci\u00f3n Quir\u00fargica agrupa diversas especialidades quir\u00fargicas que dan soporte asistencial dentro de la Organizaci\u00f3n Sanitaria Integral que constituye el CST. Su actividad asistencial se desarrolla fundamentalmente en el Hospital de Terrassa, si bien parte de la actividad ambulatoria se realiza en algunos centros de atenci\u00f3n primaria y centros penitenciarios. Las especialidades quir\u00fargicas que [&hellip;]\" \/>\n<meta property=\"og:url\" content=\"https:\/\/cst.cat\/es\/servicios\/atencion-quirurgica\/\" \/>\n<meta property=\"og:site_name\" content=\"CST\" \/>\n<meta property=\"article:modified_time\" content=\"2022-03-09T08:18:58+00:00\" \/>\n<meta property=\"og:image\" content=\"https:\/\/cst.cat\/wp-content\/uploads\/2021\/11\/linea-blava.png\" \/>\n<meta name=\"twitter:card\" content=\"summary_large_image\" \/>\n<meta name=\"twitter:label1\" content=\"Tiempo de lectura\" \/>\n\t<meta name=\"twitter:data1\" content=\"2 minutos\" \/>\n<script type=\"application\/ld+json\" class=\"yoast-schema-graph\">{\"@context\":\"https:\/\/schema.org\",\"@graph\":[{\"@type\":\"WebPage\",\"@id\":\"https:\/\/cst.cat\/es\/servicios\/atencion-quirurgica\/\",\"url\":\"https:\/\/cst.cat\/es\/servicios\/atencion-quirurgica\/\",\"name\":\"Atenci\u00f3n Quir\u00fargica - CST\",\"isPartOf\":{\"@id\":\"https:\/\/cst.cat\/es\/#website\"},\"primaryImageOfPage\":{\"@id\":\"https:\/\/cst.cat\/es\/servicios\/atencion-quirurgica\/#primaryimage\"},\"image\":{\"@id\":\"https:\/\/cst.cat\/es\/servicios\/atencion-quirurgica\/#primaryimage\"},\"thumbnailUrl\":\"https:\/\/cst.cat\/wp-content\/uploads\/2021\/11\/linea-blava.png\",\"datePublished\":\"2022-03-08T08:49:39+00:00\",\"dateModified\":\"2022-03-09T08:18:58+00:00\",\"breadcrumb\":{\"@id\":\"https:\/\/cst.cat\/es\/servicios\/atencion-quirurgica\/#breadcrumb\"},\"inLanguage\":\"es\",\"potentialAction\":[{\"@type\":\"ReadAction\",\"target\":[\"https:\/\/cst.cat\/es\/servicios\/atencion-quirurgica\/\"]}]},{\"@type\":\"ImageObject\",\"inLanguage\":\"es\",\"@id\":\"https:\/\/cst.cat\/es\/servicios\/atencion-quirurgica\/#primaryimage\",\"url\":\"https:\/\/cst.cat\/wp-content\/uploads\/2021\/11\/linea-blava.png\",\"contentUrl\":\"https:\/\/cst.cat\/wp-content\/uploads\/2021\/11\/linea-blava.png\"},{\"@type\":\"BreadcrumbList\",\"@id\":\"https:\/\/cst.cat\/es\/servicios\/atencion-quirurgica\/#breadcrumb\",\"itemListElement\":[{\"@type\":\"ListItem\",\"position\":1,\"name\":\"Inici\",\"item\":\"https:\/\/cst.cat\/es\/\"},{\"@type\":\"ListItem\",\"position\":2,\"name\":\"Servicios\",\"item\":\"https:\/\/cst.cat\/es\/servicios\/\"},{\"@type\":\"ListItem\",\"position\":3,\"name\":\"Atenci\u00f3n Quir\u00fargica\"}]},{\"@type\":\"WebSite\",\"@id\":\"https:\/\/cst.cat\/es\/#website\",\"url\":\"https:\/\/cst.cat\/es\/\",\"name\":\"CST\",\"description\":\"\",\"publisher\":{\"@id\":\"https:\/\/cst.cat\/es\/#organization\"},\"potentialAction\":[{\"@type\":\"SearchAction\",\"target\":{\"@type\":\"EntryPoint\",\"urlTemplate\":\"https:\/\/cst.cat\/es\/?s={search_term_string}\"},\"query-input\":{\"@type\":\"PropertyValueSpecification\",\"valueRequired\":true,\"valueName\":\"search_term_string\"}}],\"inLanguage\":\"es\"},{\"@type\":\"Organization\",\"@id\":\"https:\/\/cst.cat\/es\/#organization\",\"name\":\"Consorci Sanitari de Terrassa\",\"url\":\"https:\/\/cst.cat\/es\/\",\"logo\":{\"@type\":\"ImageObject\",\"inLanguage\":\"es\",\"@id\":\"https:\/\/cst.cat\/es\/#\/schema\/logo\/image\/\",\"url\":\"https:\/\/cst.cat\/wp-content\/uploads\/2021\/09\/logo-header.svg\",\"contentUrl\":\"https:\/\/cst.cat\/wp-content\/uploads\/2021\/09\/logo-header.svg\",\"width\":90,\"height\":32,\"caption\":\"Consorci Sanitari de Terrassa\"},\"image\":{\"@id\":\"https:\/\/cst.cat\/es\/#\/schema\/logo\/image\/\"}}]}<\/script>\n<!-- \/ Yoast SEO plugin. -->","yoast_head_json":{"title":"Atenci\u00f3n Quir\u00fargica - CST","robots":{"index":"index","follow":"follow","max-snippet":"max-snippet:-1","max-image-preview":"max-image-preview:large","max-video-preview":"max-video-preview:-1"},"canonical":"https:\/\/cst.cat\/es\/servicios\/atencion-quirurgica\/","og_locale":"es_ES","og_type":"article","og_title":"Atenci\u00f3n Quir\u00fargica - CST","og_description":"Atenci\u00f3n Quir\u00fargica Atenci\u00f3n Quir\u00fargica agrupa diversas especialidades quir\u00fargicas que dan soporte asistencial dentro de la Organizaci\u00f3n Sanitaria Integral que constituye el CST. Su actividad asistencial se desarrolla fundamentalmente en el Hospital de Terrassa, si bien parte de la actividad ambulatoria se realiza en algunos centros de atenci\u00f3n primaria y centros penitenciarios. Las especialidades quir\u00fargicas que [&hellip;]","og_url":"https:\/\/cst.cat\/es\/servicios\/atencion-quirurgica\/","og_site_name":"CST","article_modified_time":"2022-03-09T08:18:58+00:00","og_image":[{"url":"https:\/\/cst.cat\/wp-content\/uploads\/2021\/11\/linea-blava.png","type":"","width":"","height":""}],"twitter_card":"summary_large_image","twitter_misc":{"Tiempo de lectura":"2 minutos"},"schema":{"@context":"https:\/\/schema.org","@graph":[{"@type":"WebPage","@id":"https:\/\/cst.cat\/es\/servicios\/atencion-quirurgica\/","url":"https:\/\/cst.cat\/es\/servicios\/atencion-quirurgica\/","name":"Atenci\u00f3n Quir\u00fargica - CST","isPartOf":{"@id":"https:\/\/cst.cat\/es\/#website"},"primaryImageOfPage":{"@id":"https:\/\/cst.cat\/es\/servicios\/atencion-quirurgica\/#primaryimage"},"image":{"@id":"https:\/\/cst.cat\/es\/servicios\/atencion-quirurgica\/#primaryimage"},"thumbnailUrl":"https:\/\/cst.cat\/wp-content\/uploads\/2021\/11\/linea-blava.png","datePublished":"2022-03-08T08:49:39+00:00","dateModified":"2022-03-09T08:18:58+00:00","breadcrumb":{"@id":"https:\/\/cst.cat\/es\/servicios\/atencion-quirurgica\/#breadcrumb"},"inLanguage":"es","potentialAction":[{"@type":"ReadAction","target":["https:\/\/cst.cat\/es\/servicios\/atencion-quirurgica\/"]}]},{"@type":"ImageObject","inLanguage":"es","@id":"https:\/\/cst.cat\/es\/servicios\/atencion-quirurgica\/#primaryimage","url":"https:\/\/cst.cat\/wp-content\/uploads\/2021\/11\/linea-blava.png","contentUrl":"https:\/\/cst.cat\/wp-content\/uploads\/2021\/11\/linea-blava.png"},{"@type":"BreadcrumbList","@id":"https:\/\/cst.cat\/es\/servicios\/atencion-quirurgica\/#breadcrumb","itemListElement":[{"@type":"ListItem","position":1,"name":"Inici","item":"https:\/\/cst.cat\/es\/"},{"@type":"ListItem","position":2,"name":"Servicios","item":"https:\/\/cst.cat\/es\/servicios\/"},{"@type":"ListItem","position":3,"name":"Atenci\u00f3n Quir\u00fargica"}]},{"@type":"WebSite","@id":"https:\/\/cst.cat\/es\/#website","url":"https:\/\/cst.cat\/es\/","name":"CST","description":"","publisher":{"@id":"https:\/\/cst.cat\/es\/#organization"},"potentialAction":[{"@type":"SearchAction","target":{"@type":"EntryPoint","urlTemplate":"https:\/\/cst.cat\/es\/?s={search_term_string}"},"query-input":{"@type":"PropertyValueSpecification","valueRequired":true,"valueName":"search_term_string"}}],"inLanguage":"es"},{"@type":"Organization","@id":"https:\/\/cst.cat\/es\/#organization","name":"Consorci Sanitari de Terrassa","url":"https:\/\/cst.cat\/es\/","logo":{"@type":"ImageObject","inLanguage":"es","@id":"https:\/\/cst.cat\/es\/#\/schema\/logo\/image\/","url":"https:\/\/cst.cat\/wp-content\/uploads\/2021\/09\/logo-header.svg","contentUrl":"https:\/\/cst.cat\/wp-content\/uploads\/2021\/09\/logo-header.svg","width":90,"height":32,"caption":"Consorci Sanitari de Terrassa"},"image":{"@id":"https:\/\/cst.cat\/es\/#\/schema\/logo\/image\/"}}]}},"_links":{"self":[{"href":"https:\/\/cst.cat\/es\/wp-json\/wp\/v2\/pages\/8894","targetHints":{"allow":["GET"]}}],"collection":[{"href":"https:\/\/cst.cat\/es\/wp-json\/wp\/v2\/pages"}],"about":[{"href":"https:\/\/cst.cat\/es\/wp-json\/wp\/v2\/types\/page"}],"author":[{"embeddable":true,"href":"https:\/\/cst.cat\/es\/wp-json\/wp\/v2\/users\/2"}],"replies":[{"embeddable":true,"href":"https:\/\/cst.cat\/es\/wp-json\/wp\/v2\/comments?post=8894"}],"version-history":[{"count":0,"href":"https:\/\/cst.cat\/es\/wp-json\/wp\/v2\/pages\/8894\/revisions"}],"up":[{"embeddable":true,"href":"https:\/\/cst.cat\/es\/wp-json\/wp\/v2\/pages\/8881"}],"wp:attachment":[{"href":"https:\/\/cst.cat\/es\/wp-json\/wp\/v2\/media?parent=8894"}],"curies":[{"name":"wp","href":"https:\/\/api.w.org\/{rel}","templated":true}]}}