{"id":8911,"date":"2022-03-08T09:49:42","date_gmt":"2022-03-08T08:49:42","guid":{"rendered":"https:\/\/cst.cat\/unidad-de-trabajo-social\/"},"modified":"2022-03-09T09:33:24","modified_gmt":"2022-03-09T08:33:24","slug":"unidad-de-trabajo-social","status":"publish","type":"page","link":"https:\/\/cst.cat\/es\/unidad-de-trabajo-social\/","title":{"rendered":"Unidad de Trabajo Social"},"content":{"rendered":"\r\n    <!-- block: breadcum header -->\r\n    <section class=\"block-breadcum-header  agenda-title-sec\">\r\n        <div class=\"row\">\r\n            <div class=\"bred-crum\">\r\n                <ul><li><a href='https:\/\/cst.cat\/es\/'>Inicio<\/a><\/li><li><a href='https:\/\/cst.cat\/es\/unidad-de-trabajo-social\/'>Unidad de Trabajo Social<\/a><\/li><\/ul>            <\/div>\r\n            <div class=\"clear:both;\"><\/div>\r\n            \n\n<h1 class=\"wp-block-heading\" id=\"unitat-de-treball-social\">Unidad de Trabajo Social<\/h1>\n\n\r\n        <\/div>\r\n    <\/section>\r\n    <!-- end block: breadcum header -->\r\n\n\n\n<div style=\"height:40px\" aria-hidden=\"true\" class=\"wp-block-spacer\"><\/div>\n\n\n\n<p class=\"is-style-paragraf-gran text-unitat-atencio-ciutada\">La UTS forma parte de los equipos multidisciplinares de todos los Dispositivos y Servicios del CST (atenci\u00f3n primaria, intermedia, especializada y salud mental). <\/p>\n\n\n\n<p class=\"is-style-paragraf-gran text-unitat-atencio-ciutada\">Tiene como misi\u00f3n principal la atenci\u00f3n social a toda persona, su familia y entorno cercano, atendida en cualquiera de los dispositivos, que precise de orientaci\u00f3n y soporte a ra\u00edz de la problem\u00e1tica social derivada de un proceso de salud agudo y\/o cr\u00f3nico de enfermedad. <\/p>\n\n\n\n<p class=\"is-style-paragraf-gran text-unitat-atencio-ciutada\">Se realiza un abordaje integral, mediante el trabajo interdisciplinar que garantice la continuidad asistencial y teniendo presente los valores, deseos y creencias de la persona. <\/p>\n\n\n\r\n    <!-- block: cst-tabs -->\r\n            <section class=\"block-cst-tabs  is-style-cst-tabs-blanc qui-som\">\r\n            <div class=\"row\">\r\n                <div class=\"cst-list-menu\">\r\n                    <ul class=\"\">\r\n                                                    <li>\r\n                                                                <a href=\"javascript:void(0);\" data-anchor=\"cartera-de-serveis\" class=\"active\">\r\n                                    CARTERA DE SERVICIOS                                <\/a>\r\n                            <\/li>\r\n                                                    <li>\r\n                                                                <a href=\"javascript:void(0);\" data-anchor=\"dades-contacte\" class=\"\">\r\n                                    CONTACTO                                <\/a>\r\n                            <\/li>\r\n                                            <\/ul>\r\n                <\/div>\r\n            <\/div>\r\n        <\/section>\r\n        <!-- end block: cst-tabs -->\r\n\n\n\r\n    <!-- block: cst-tab-content -->\r\n    <section data-tab-anchor=\"cartera-de-serveis\" class=\"block-cst-tab-content  atencio\">\r\n                <div class=\"row\">\r\n            <div class=\"atencio-cont\">\r\n                \n\n<div style=\"height:20px\" aria-hidden=\"true\" class=\"wp-block-spacer\"><\/div>\n\n\n\n<ul class=\"is-style-punts-blaus wp-block-list\"><li>Prevenci\u00f3n. Intervenci\u00f3n proactiva individual y comunitaria para promover los activos de salud. <\/li><li>Valoraci\u00f3n social en el equipo multidisciplinar. <\/li><li>Apoyo y Acompa\u00f1amiento. Relaci\u00f3n de ayuda y acompa\u00f1amiento en un momento de especial fragilidad de la persona, activando sus capacidades y recursos del entorno para mejorar su bienestar. <\/li><li>Atenci\u00f3n a pacientes, familias y entorno cercano que lo soliciten<\/li><li>Coordinaci\u00f3n con Servicios sociales y del tercer sector<\/li><li>Gesti\u00f3n de recursos internos y externos<\/li><li>Formaci\u00f3n y sensibilizaci\u00f3n de los profesionales sanitarios sobre la incidencia de aspectos sociales en la salud. <\/li><\/ul>\n\n\r\n            <\/div>\r\n        <\/div>\r\n    <\/section>\r\n    <!-- end block: cst-tab-content -->\r\n\n\n\r\n    <!-- block: cst-tab-content -->\r\n    <section data-tab-anchor=\"dades-contacte\" class=\"block-cst-tab-content  atencio\">\r\n                <div class=\"row\">\r\n            <div class=\"atencio-cont\">\r\n                \n\r\n    <!-- block: contactar form -->\r\n    <section class=\"block-contactar-form  is-style-contactar-form-blanc contact-form-sec\">\r\n        <div class=\"row\">\r\n            <div class=\"form-sec\">\r\n                \n\n<div class=\"wp-block-columns is-style-default is-layout-flex wp-container-core-columns-is-layout-9d6595d7 wp-block-columns-is-layout-flex\">\n<div class=\"wp-block-column is-layout-flow wp-block-column-is-layout-flow\">\n<p class=\"blau-fosc has-text-color\" style=\"color:#353f60\"><strong>JEFE DE UNIDAD<\/strong><\/p>\n\n\n\n<p class=\"blau-fosc\"><strong>TEL\u00c9FONO DE CONTACTO<\/strong><\/p>\n\n\n\n<p class=\"blau-fosc\"><strong>EMAIL<\/strong><\/p>\n<\/div>\n\n\n\n<div class=\"wp-block-column is-layout-flow wp-block-column-is-layout-flow\">\n<p>Lydia Gonz\u00e1lez D\u00edez<\/p>\n\n\n\n<p>93 731 00 07 extensi\u00f3n 2104<\/p>\n\n\n\n<p><a href=\"mailto:treballsocial@cst.cat\" target=\"_blank\" rel=\"noreferrer noopener\">treballsocial@cst.cat<\/a><\/p>\n<\/div>\n<\/div>\n\n\r\n            <\/div>\r\n        <\/div>\r\n    <\/section>\r\n    <!-- end block: contactar form -->\r\n\n\r\n            <\/div>\r\n        <\/div>\r\n    <\/section>\r\n    <!-- end block: cst-tab-content -->\r\n\n\n\r\n    <!-- block: cst-tab-content -->\r\n    <section data-tab-anchor=\"contacte\" class=\"block-cst-tab-content  atencio\">\r\n                <div class=\"row\">\r\n            <div class=\"atencio-cont\">\r\n                \n\r\n    <!-- block: contactar form -->\r\n    <section class=\"block-contactar-form  is-style-contactar-form-blanc contact-form-sec\">\r\n        <div class=\"row\">\r\n            <div class=\"form-sec\">\r\n                \n\n<h2 class=\"wp-block-heading\" id=\"en-que-et-podem-ajudar\">\u00bfEn qu\u00e9 podemos ayudarte?<\/h2>\n\n\n\n<div class=\"wpcf7 no-js\" id=\"wpcf7-f9041-o1\" lang=\"es-ES\" dir=\"ltr\" data-wpcf7-id=\"9041\">\n<div class=\"screen-reader-response\"><p role=\"status\" aria-live=\"polite\" aria-atomic=\"true\"><\/p> <ul><\/ul><\/div>\n<form action=\"\/es\/wp-json\/wp\/v2\/pages\/8911#wpcf7-f9041-o1\" method=\"post\" class=\"wpcf7-form init\" aria-label=\"Formulario de contacto\" novalidate=\"novalidate\" data-status=\"init\">\n<fieldset class=\"hidden-fields-container\"><input type=\"hidden\" name=\"_wpcf7\" value=\"9041\" \/><input type=\"hidden\" name=\"_wpcf7_version\" value=\"6.1.5\" \/><input type=\"hidden\" name=\"_wpcf7_locale\" value=\"es_ES\" \/><input type=\"hidden\" name=\"_wpcf7_unit_tag\" value=\"wpcf7-f9041-o1\" \/><input type=\"hidden\" name=\"_wpcf7_container_post\" value=\"0\" \/><input type=\"hidden\" name=\"_wpcf7_posted_data_hash\" value=\"\" \/><input type=\"hidden\" name=\"_wpcf7_recaptcha_response\" value=\"\" \/>\n<\/fieldset>\n<ul>\n\t<li class=\"full-width\">\n\t\t<div class=\"frm-input\">\n\t\t\t<p><span class=\"wpcf7-form-control-wrap\" data-name=\"nom\"><input size=\"40\" maxlength=\"400\" class=\"wpcf7-form-control wpcf7-text wpcf7-validates-as-required form-control\" aria-required=\"true\" aria-invalid=\"false\" placeholder=\"Nombre y apellidos\" value=\"\" type=\"text\" name=\"nom\" \/><\/span>\n\t\t\t<\/p>\n\t\t<\/div>\n\t<\/li>\n\t<li class=\"full-width\">\n\t\t<div class=\"frm-input\">\n\t\t\t<p><span class=\"wpcf7-form-control-wrap\" data-name=\"mail\"><input size=\"40\" maxlength=\"400\" class=\"wpcf7-form-control wpcf7-email wpcf7-validates-as-required wpcf7-text wpcf7-validates-as-email form-control\" aria-required=\"true\" aria-invalid=\"false\" placeholder=\"Email\" value=\"\" type=\"email\" name=\"mail\" \/><\/span>\n\t\t\t<\/p>\n\t\t<\/div>\n\t<\/li>\n\t<li class=\"full-width\">\n\t\t<div class=\"frm-input\">\n\t\t\t<p><span class=\"wpcf7-form-control-wrap\" data-name=\"telefon\"><input size=\"40\" maxlength=\"400\" class=\"wpcf7-form-control wpcf7-tel wpcf7-validates-as-required wpcf7-text wpcf7-validates-as-tel form-control\" aria-required=\"true\" aria-invalid=\"false\" placeholder=\"Tel\u00e9fono de contacto\" value=\"\" type=\"tel\" name=\"telefon\" \/><\/span>\n\t\t\t<\/p>\n\t\t<\/div>\n\t<\/li>\n\t<li class=\"full-width\">\n\t\t<div class=\"frm-input\">\n\t\t\t<p><span class=\"wpcf7-form-control-wrap\" data-name=\"comentaris\"><textarea cols=\"40\" rows=\"10\" maxlength=\"2000\" class=\"wpcf7-form-control wpcf7-textarea wpcf7-validates-as-required form-control\" aria-required=\"true\" aria-invalid=\"false\" placeholder=\"Comentarios\" name=\"comentaris\"><\/textarea><\/span>\n\t\t\t<\/p>\n\t\t<\/div>\n\t<\/li>\n<\/ul>\n<div class=\"ckbx\">\n\t<div class=\"frm-input checkbox\">\n\t\t<p><input type=\"checkbox\" name=\"lopd\" id=\"check3\" required=\"\" \/><label for=\"check3\">He le\u00eddo y acepto la <a href=\"https:\/\/cst.cat\/es\/politica-de-privacidad\/\"><strong style=\"color:#FFF;\">Pol\u00edtica de Protecci\u00f3n de Datos<\/strong><\/a><\/label>\n\t\t<\/p>\n\t<\/div>\n<\/div>\n<div class=\"btn-ctr\">\n\t<p><input class=\"wpcf7-form-control wpcf7-submit has-spinner\" type=\"submit\" value=\"Envia\" \/>\n\t<\/p>\n<\/div><div class=\"wpcf7-response-output\" aria-hidden=\"true\"><\/div>\n<\/form>\n<\/div>\n\n\n\r\n            <\/div>\r\n        <\/div>\r\n    <\/section>\r\n    <!-- end block: contactar form -->\r\n\n\r\n            <\/div>\r\n        <\/div>\r\n    <\/section>\r\n    <!-- end block: cst-tab-content -->\r\n\n\n\n<div style=\"height:40px\" aria-hidden=\"true\" class=\"wp-block-spacer\"><\/div>\n","protected":false},"excerpt":{"rendered":"<p>La UTS forma parte de los equipos multidisciplinares de todos los Dispositivos y Servicios del CST (atenci\u00f3n primaria, intermedia, especializada y salud mental). Tiene como misi\u00f3n principal la atenci\u00f3n social a toda persona, su familia y entorno cercano, atendida en cualquiera de los dispositivos, que precise de orientaci\u00f3n y soporte a ra\u00edz de la problem\u00e1tica [&hellip;]<\/p>\n","protected":false},"author":2,"featured_media":0,"parent":0,"menu_order":0,"comment_status":"closed","ping_status":"closed","template":"","meta":{"_acf_changed":false,"footnotes":""},"class_list":["post-8911","page","type-page","status-publish","hentry"],"acf":[],"yoast_head":"<!-- This site is optimized with the Yoast SEO plugin v27.2 - https:\/\/yoast.com\/product\/yoast-seo-wordpress\/ -->\n<title>Unidad de Trabajo Social - CST<\/title>\n<meta name=\"robots\" content=\"index, follow, max-snippet:-1, max-image-preview:large, max-video-preview:-1\" \/>\n<link rel=\"canonical\" href=\"https:\/\/cst.cat\/es\/unidad-de-trabajo-social\/\" \/>\n<meta property=\"og:locale\" content=\"es_ES\" \/>\n<meta property=\"og:type\" content=\"article\" \/>\n<meta property=\"og:title\" content=\"Unidad de Trabajo Social - CST\" \/>\n<meta property=\"og:description\" content=\"La UTS forma parte de los equipos multidisciplinares de todos los Dispositivos y Servicios del CST (atenci\u00f3n primaria, intermedia, especializada y salud mental). Tiene como misi\u00f3n principal la atenci\u00f3n social a toda persona, su familia y entorno cercano, atendida en cualquiera de los dispositivos, que precise de orientaci\u00f3n y soporte a ra\u00edz de la problem\u00e1tica [&hellip;]\" \/>\n<meta property=\"og:url\" content=\"https:\/\/cst.cat\/es\/unidad-de-trabajo-social\/\" \/>\n<meta property=\"og:site_name\" content=\"CST\" \/>\n<meta property=\"article:modified_time\" content=\"2022-03-09T08:33:24+00:00\" \/>\n<meta name=\"twitter:card\" content=\"summary_large_image\" \/>\n<meta name=\"twitter:label1\" content=\"Tiempo de lectura\" \/>\n\t<meta name=\"twitter:data1\" content=\"1 minuto\" \/>\n<script type=\"application\/ld+json\" class=\"yoast-schema-graph\">{\"@context\":\"https:\/\/schema.org\",\"@graph\":[{\"@type\":\"WebPage\",\"@id\":\"https:\/\/cst.cat\/es\/unidad-de-trabajo-social\/\",\"url\":\"https:\/\/cst.cat\/es\/unidad-de-trabajo-social\/\",\"name\":\"Unidad de Trabajo Social - CST\",\"isPartOf\":{\"@id\":\"https:\/\/cst.cat\/es\/#website\"},\"datePublished\":\"2022-03-08T08:49:42+00:00\",\"dateModified\":\"2022-03-09T08:33:24+00:00\",\"breadcrumb\":{\"@id\":\"https:\/\/cst.cat\/es\/unidad-de-trabajo-social\/#breadcrumb\"},\"inLanguage\":\"es\",\"potentialAction\":[{\"@type\":\"ReadAction\",\"target\":[\"https:\/\/cst.cat\/es\/unidad-de-trabajo-social\/\"]}]},{\"@type\":\"BreadcrumbList\",\"@id\":\"https:\/\/cst.cat\/es\/unidad-de-trabajo-social\/#breadcrumb\",\"itemListElement\":[{\"@type\":\"ListItem\",\"position\":1,\"name\":\"Inici\",\"item\":\"https:\/\/cst.cat\/es\/\"},{\"@type\":\"ListItem\",\"position\":2,\"name\":\"Unidad de Trabajo Social\"}]},{\"@type\":\"WebSite\",\"@id\":\"https:\/\/cst.cat\/es\/#website\",\"url\":\"https:\/\/cst.cat\/es\/\",\"name\":\"CST\",\"description\":\"\",\"publisher\":{\"@id\":\"https:\/\/cst.cat\/es\/#organization\"},\"potentialAction\":[{\"@type\":\"SearchAction\",\"target\":{\"@type\":\"EntryPoint\",\"urlTemplate\":\"https:\/\/cst.cat\/es\/?s={search_term_string}\"},\"query-input\":{\"@type\":\"PropertyValueSpecification\",\"valueRequired\":true,\"valueName\":\"search_term_string\"}}],\"inLanguage\":\"es\"},{\"@type\":\"Organization\",\"@id\":\"https:\/\/cst.cat\/es\/#organization\",\"name\":\"Consorci Sanitari de Terrassa\",\"url\":\"https:\/\/cst.cat\/es\/\",\"logo\":{\"@type\":\"ImageObject\",\"inLanguage\":\"es\",\"@id\":\"https:\/\/cst.cat\/es\/#\/schema\/logo\/image\/\",\"url\":\"https:\/\/cst.cat\/wp-content\/uploads\/2021\/09\/logo-header.svg\",\"contentUrl\":\"https:\/\/cst.cat\/wp-content\/uploads\/2021\/09\/logo-header.svg\",\"width\":90,\"height\":32,\"caption\":\"Consorci Sanitari de Terrassa\"},\"image\":{\"@id\":\"https:\/\/cst.cat\/es\/#\/schema\/logo\/image\/\"}}]}<\/script>\n<!-- \/ Yoast SEO plugin. -->","yoast_head_json":{"title":"Unidad de Trabajo Social - CST","robots":{"index":"index","follow":"follow","max-snippet":"max-snippet:-1","max-image-preview":"max-image-preview:large","max-video-preview":"max-video-preview:-1"},"canonical":"https:\/\/cst.cat\/es\/unidad-de-trabajo-social\/","og_locale":"es_ES","og_type":"article","og_title":"Unidad de Trabajo Social - CST","og_description":"La UTS forma parte de los equipos multidisciplinares de todos los Dispositivos y Servicios del CST (atenci\u00f3n primaria, intermedia, especializada y salud mental). Tiene como misi\u00f3n principal la atenci\u00f3n social a toda persona, su familia y entorno cercano, atendida en cualquiera de los dispositivos, que precise de orientaci\u00f3n y soporte a ra\u00edz de la problem\u00e1tica [&hellip;]","og_url":"https:\/\/cst.cat\/es\/unidad-de-trabajo-social\/","og_site_name":"CST","article_modified_time":"2022-03-09T08:33:24+00:00","twitter_card":"summary_large_image","twitter_misc":{"Tiempo de lectura":"1 minuto"},"schema":{"@context":"https:\/\/schema.org","@graph":[{"@type":"WebPage","@id":"https:\/\/cst.cat\/es\/unidad-de-trabajo-social\/","url":"https:\/\/cst.cat\/es\/unidad-de-trabajo-social\/","name":"Unidad de Trabajo Social - CST","isPartOf":{"@id":"https:\/\/cst.cat\/es\/#website"},"datePublished":"2022-03-08T08:49:42+00:00","dateModified":"2022-03-09T08:33:24+00:00","breadcrumb":{"@id":"https:\/\/cst.cat\/es\/unidad-de-trabajo-social\/#breadcrumb"},"inLanguage":"es","potentialAction":[{"@type":"ReadAction","target":["https:\/\/cst.cat\/es\/unidad-de-trabajo-social\/"]}]},{"@type":"BreadcrumbList","@id":"https:\/\/cst.cat\/es\/unidad-de-trabajo-social\/#breadcrumb","itemListElement":[{"@type":"ListItem","position":1,"name":"Inici","item":"https:\/\/cst.cat\/es\/"},{"@type":"ListItem","position":2,"name":"Unidad de Trabajo Social"}]},{"@type":"WebSite","@id":"https:\/\/cst.cat\/es\/#website","url":"https:\/\/cst.cat\/es\/","name":"CST","description":"","publisher":{"@id":"https:\/\/cst.cat\/es\/#organization"},"potentialAction":[{"@type":"SearchAction","target":{"@type":"EntryPoint","urlTemplate":"https:\/\/cst.cat\/es\/?s={search_term_string}"},"query-input":{"@type":"PropertyValueSpecification","valueRequired":true,"valueName":"search_term_string"}}],"inLanguage":"es"},{"@type":"Organization","@id":"https:\/\/cst.cat\/es\/#organization","name":"Consorci Sanitari de Terrassa","url":"https:\/\/cst.cat\/es\/","logo":{"@type":"ImageObject","inLanguage":"es","@id":"https:\/\/cst.cat\/es\/#\/schema\/logo\/image\/","url":"https:\/\/cst.cat\/wp-content\/uploads\/2021\/09\/logo-header.svg","contentUrl":"https:\/\/cst.cat\/wp-content\/uploads\/2021\/09\/logo-header.svg","width":90,"height":32,"caption":"Consorci Sanitari de Terrassa"},"image":{"@id":"https:\/\/cst.cat\/es\/#\/schema\/logo\/image\/"}}]}},"_links":{"self":[{"href":"https:\/\/cst.cat\/es\/wp-json\/wp\/v2\/pages\/8911","targetHints":{"allow":["GET"]}}],"collection":[{"href":"https:\/\/cst.cat\/es\/wp-json\/wp\/v2\/pages"}],"about":[{"href":"https:\/\/cst.cat\/es\/wp-json\/wp\/v2\/types\/page"}],"author":[{"embeddable":true,"href":"https:\/\/cst.cat\/es\/wp-json\/wp\/v2\/users\/2"}],"replies":[{"embeddable":true,"href":"https:\/\/cst.cat\/es\/wp-json\/wp\/v2\/comments?post=8911"}],"version-history":[{"count":0,"href":"https:\/\/cst.cat\/es\/wp-json\/wp\/v2\/pages\/8911\/revisions"}],"wp:attachment":[{"href":"https:\/\/cst.cat\/es\/wp-json\/wp\/v2\/media?parent=8911"}],"curies":[{"name":"wp","href":"https:\/\/api.w.org\/{rel}","templated":true}]}}